{"id":492,"date":"2023-10-31T12:52:08","date_gmt":"2023-10-31T12:52:08","guid":{"rendered":"https:\/\/cooperativetoudarte.com\/?post_type=product&#038;p=492"},"modified":"2026-04-20T14:16:55","modified_gmt":"2026-04-20T14:16:55","slug":"euphorbia-honey","status":"publish","type":"product","link":"https:\/\/cooperativetoudarte.com\/fr\/produit\/euphorbia-honey\/","title":{"rendered":"MIEL EUPHORBE"},"content":{"rendered":"<div id=\"product-description-short-46\">\n<div><strong>Le miel d\u2019euphorbe est un bon rem\u00e8de pour\u00a0:<\/strong><\/div>\n<div><\/div>\n<ul>\n<li>Asthme allergique chez les personnes sensibles au pollen ou \u00e0 la propolis.<\/li>\n<li>hypertension art\u00e9rielle.<\/li>\n<li>maladies cardiovasculaires.<\/li>\n<li>l'asthme allergique.<\/li>\n<li>favoriser la fertilit\u00e9 f\u00e9minine.<\/li>\n<\/ul>\n<div><\/div>\n<div><strong>pr\u00e9cautions<\/strong> Le miel est mieux consomm\u00e9 en petites quantit\u00e9s et seulement par ceux qui ne sont pas allergiques.<\/div>\n<\/div>","protected":false},"excerpt":{"rendered":"<div><strong>Miel d'euphorbe<\/strong>Il est connu pour son action m\u00e9dicinale tonique et apaisante contre les maux de gorge. C'est \u00e9galement l'un des rares miels utilis\u00e9s pour traiter l'asthme allergique chez les personnes sensibles au pollen ou \u00e0 la propolis. En m\u00e9decine traditionnelle marocaine, il est utilis\u00e9 pour traiter l'hypertension, les maladies cardiovasculaires et l'asthme allergique, ainsi que pour favoriser la fertilit\u00e9 f\u00e9minine.<\/p>\n<\/div>","protected":false},"featured_media":496,"comment_status":"open","ping_status":"closed","template":"","meta":{"inline_featured_image":false},"product_brand":[],"product_cat":[33],"product_tag":[],"class_list":{"0":"post-492","1":"product","2":"type-product","3":"status-publish","4":"has-post-thumbnail","6":"product_cat-honey","8":"first","9":"instock","10":"shipping-taxable","11":"purchasable","12":"product-type-variable"},"yoast_head":"<!-- This site is optimized with the Yoast SEO Premium plugin v21.5 (Yoast SEO v27.4) - https:\/\/yoast.com\/product\/yoast-seo-premium-wordpress\/ -->\n<title>Euphorbia-honey-Toudarte<\/title>\n<meta name=\"description\" content=\"Euphorbia honey is a unique and rare type of honey produced by bees that collect nectar from the Euphorbia plant, which belongs to the Euphorbiaceae family. Known for its distinct taste and slightly bitter flavor, Euphorbia honey is often golden or amber in color. It is prized for its potential health benefits, including its anti-inflammatory, antimicrobial, and antioxidant properties. This honey is less commonly found than other varieties, making it highly sought after. Due to the specific flowers the bees pollinate, Euphorbia honey often has a strong, rich flavor profile that can vary depending on the region where it\u2019s harvested. However, it should be consumed in moderation\" \/>\n<meta name=\"robots\" content=\"index, follow, max-snippet:-1, max-image-preview:large, max-video-preview:-1\" \/>\n<link rel=\"canonical\" href=\"https:\/\/cooperativetoudarte.com\/fr\/produit\/euphorbia-honey\/\" \/>\n<meta property=\"og:locale\" content=\"fr_FR\" \/>\n<meta property=\"og:type\" content=\"article\" \/>\n<meta property=\"og:title\" content=\"MOROCCAIN EUPHORBIA HONEY\" \/>\n<meta property=\"og:description\" content=\"Euphorbia honey is a unique and rare type of honey produced by bees that collect nectar from the Euphorbia plant, which belongs to the Euphorbiaceae family. Known for its distinct taste and slightly bitter flavor, Euphorbia honey is often golden or amber in color. It is prized for its potential health benefits, including its anti-inflammatory, antimicrobial, and antioxidant properties. This honey is less commonly found than other varieties, making it highly sought after. Due to the specific flowers the bees pollinate, Euphorbia honey often has a strong, rich flavor profile that can vary depending on the region where it\u2019s harvested. However, it should be consumed in moderation\" \/>\n<meta property=\"og:url\" content=\"https:\/\/cooperativetoudarte.com\/fr\/produit\/euphorbia-honey\/\" \/>\n<meta property=\"og:site_name\" content=\"Toudarte\" \/>\n<meta property=\"article:publisher\" content=\"https:\/\/www.facebook.com\/cooperative.toudarte\/\" \/>\n<meta property=\"article:modified_time\" content=\"2026-04-20T14:16:55+00:00\" \/>\n<meta property=\"og:image\" content=\"https:\/\/cooperativetoudarte.com\/wp-content\/uploads\/2023\/10\/P.-Miel-EUPHORBE-1kg.jpg\" \/>\n\t<meta property=\"og:image:width\" content=\"800\" \/>\n\t<meta property=\"og:image:height\" content=\"800\" \/>\n\t<meta property=\"og:image:type\" content=\"image\/jpeg\" \/>\n<meta name=\"twitter:card\" content=\"summary_large_image\" \/>\n<meta name=\"twitter:site\" content=\"@cooprativetouda\" \/>\n<meta name=\"twitter:label1\" content=\"Availability\" \/>\n\t<meta name=\"twitter:data1\" content=\"In stock\" \/>\n<script type=\"application\/ld+json\" class=\"yoast-schema-graph\">{\"@context\":\"https:\\\/\\\/schema.org\",\"@graph\":[{\"@type\":\"WebPage\",\"@id\":\"https:\\\/\\\/cooperativetoudarte.com\\\/product\\\/euphorbia-honey\\\/\",\"url\":\"https:\\\/\\\/cooperativetoudarte.com\\\/product\\\/euphorbia-honey\\\/\",\"name\":\"Euphorbia-honey-Toudarte\",\"isPartOf\":{\"@id\":\"https:\\\/\\\/cooperativetoudarte.com\\\/fr\\\/#website\"},\"primaryImageOfPage\":{\"@id\":\"https:\\\/\\\/cooperativetoudarte.com\\\/product\\\/euphorbia-honey\\\/#primaryimage\"},\"image\":{\"@id\":\"https:\\\/\\\/cooperativetoudarte.com\\\/product\\\/euphorbia-honey\\\/#primaryimage\"},\"thumbnailUrl\":\"https:\\\/\\\/cooperativetoudarte.com\\\/wp-content\\\/uploads\\\/2023\\\/10\\\/P.-Miel-EUPHORBE-1kg.jpg\",\"datePublished\":\"2023-10-31T12:52:08+00:00\",\"dateModified\":\"2026-04-20T14:16:55+00:00\",\"description\":\"Euphorbia honey is a unique and rare type of honey produced by bees that collect nectar from the Euphorbia plant, which belongs to the Euphorbiaceae family. Known for its distinct taste and slightly bitter flavor, Euphorbia honey is often golden or amber in color. It is prized for its potential health benefits, including its anti-inflammatory, antimicrobial, and antioxidant properties. This honey is less commonly found than other varieties, making it highly sought after. Due to the specific flowers the bees pollinate, Euphorbia honey often has a strong, rich flavor profile that can vary depending on the region where it\u2019s harvested. However, it should be consumed in moderation\",\"breadcrumb\":{\"@id\":\"https:\\\/\\\/cooperativetoudarte.com\\\/product\\\/euphorbia-honey\\\/#breadcrumb\"},\"inLanguage\":\"fr-FR\",\"potentialAction\":[{\"@type\":\"ReadAction\",\"target\":[\"https:\\\/\\\/cooperativetoudarte.com\\\/product\\\/euphorbia-honey\\\/\"]}]},{\"@type\":\"ImageObject\",\"inLanguage\":\"fr-FR\",\"@id\":\"https:\\\/\\\/cooperativetoudarte.com\\\/product\\\/euphorbia-honey\\\/#primaryimage\",\"url\":\"https:\\\/\\\/cooperativetoudarte.com\\\/wp-content\\\/uploads\\\/2023\\\/10\\\/P.-Miel-EUPHORBE-1kg.jpg\",\"contentUrl\":\"https:\\\/\\\/cooperativetoudarte.com\\\/wp-content\\\/uploads\\\/2023\\\/10\\\/P.-Miel-EUPHORBE-1kg.jpg\",\"width\":800,\"height\":800,\"caption\":\"MOROCCAIN EUPHORBIA HONEY\"},{\"@type\":\"BreadcrumbList\",\"@id\":\"https:\\\/\\\/cooperativetoudarte.com\\\/product\\\/euphorbia-honey\\\/#breadcrumb\",\"itemListElement\":[{\"@type\":\"ListItem\",\"position\":1,\"name\":\"Home\",\"item\":\"https:\\\/\\\/cooperativetoudarte.com\\\/\"},{\"@type\":\"ListItem\",\"position\":2,\"name\":\"Shop\",\"item\":\"https:\\\/\\\/cooperativetoudarte.com\\\/fr\\\/shop\\\/\"},{\"@type\":\"ListItem\",\"position\":3,\"name\":\"MOROCCAIN EUPHORBIA HONEY\"}]},{\"@type\":\"WebSite\",\"@id\":\"https:\\\/\\\/cooperativetoudarte.com\\\/fr\\\/#website\",\"url\":\"https:\\\/\\\/cooperativetoudarte.com\\\/fr\\\/\",\"name\":\"Toudarte Cooperative\",\"description\":\"High Quality Bio Products\",\"publisher\":{\"@id\":\"https:\\\/\\\/cooperativetoudarte.com\\\/fr\\\/#organization\"},\"alternateName\":\"Cooperative Toudarte\",\"potentialAction\":[{\"@type\":\"SearchAction\",\"target\":{\"@type\":\"EntryPoint\",\"urlTemplate\":\"https:\\\/\\\/cooperativetoudarte.com\\\/fr\\\/?s={search_term_string}\"},\"query-input\":{\"@type\":\"PropertyValueSpecification\",\"valueRequired\":true,\"valueName\":\"search_term_string\"}}],\"inLanguage\":\"fr-FR\"},{\"@type\":[\"Organization\",\"Place\"],\"@id\":\"https:\\\/\\\/cooperativetoudarte.com\\\/fr\\\/#organization\",\"name\":\"Toudarte Cooperative\",\"alternateName\":\"Cooperative Toudarte\",\"url\":\"https:\\\/\\\/cooperativetoudarte.com\\\/fr\\\/\",\"logo\":{\"@id\":\"https:\\\/\\\/cooperativetoudarte.com\\\/product\\\/euphorbia-honey\\\/#local-main-organization-logo\"},\"image\":{\"@id\":\"https:\\\/\\\/cooperativetoudarte.com\\\/product\\\/euphorbia-honey\\\/#local-main-organization-logo\"},\"sameAs\":[\"https:\\\/\\\/www.facebook.com\\\/cooperative.toudarte\\\/\",\"https:\\\/\\\/x.com\\\/cooprativetouda\",\"https:\\\/\\\/www.instagram.com\\\/cooperativetoudarte\",\"https:\\\/\\\/www.youtube.com\\\/c\\\/COOPERATIVETOUDARTE\"],\"openingHoursSpecification\":[{\"@type\":\"OpeningHoursSpecification\",\"dayOfWeek\":[\"Monday\",\"Tuesday\",\"Wednesday\",\"Thursday\",\"Friday\",\"Saturday\",\"Sunday\"],\"opens\":\"09:00\",\"closes\":\"17:00\"}]},{\"@type\":\"ImageObject\",\"inLanguage\":\"fr-FR\",\"@id\":\"https:\\\/\\\/cooperativetoudarte.com\\\/product\\\/euphorbia-honey\\\/#local-main-organization-logo\",\"url\":\"https:\\\/\\\/cooperativetoudarte.com\\\/wp-content\\\/uploads\\\/2023\\\/11\\\/PngLogo-1.png\",\"contentUrl\":\"https:\\\/\\\/cooperativetoudarte.com\\\/wp-content\\\/uploads\\\/2023\\\/11\\\/PngLogo-1.png\",\"width\":512,\"height\":512,\"caption\":\"Toudarte Cooperative\"}]}<\/script>\n<meta property=\"og:availability\" content=\"instock\" \/>\n<meta property=\"product:availability\" content=\"instock\" \/>\n<meta property=\"product:condition\" content=\"new\" \/>\n<!-- \/ Yoast SEO Premium plugin. -->","yoast_head_json":{"title":"Euphorbia-honey-Toudarte","description":"Euphorbia honey is a unique and rare type of honey produced by bees that collect nectar from the Euphorbia plant, which belongs to the Euphorbiaceae family. Known for its distinct taste and slightly bitter flavor, Euphorbia honey is often golden or amber in color. It is prized for its potential health benefits, including its anti-inflammatory, antimicrobial, and antioxidant properties. This honey is less commonly found than other varieties, making it highly sought after. Due to the specific flowers the bees pollinate, Euphorbia honey often has a strong, rich flavor profile that can vary depending on the region where it\u2019s harvested. However, it should be consumed in moderation","robots":{"index":"index","follow":"follow","max-snippet":"max-snippet:-1","max-image-preview":"max-image-preview:large","max-video-preview":"max-video-preview:-1"},"canonical":"https:\/\/cooperativetoudarte.com\/fr\/produit\/euphorbia-honey\/","og_locale":"fr_FR","og_type":"article","og_title":"MOROCCAIN EUPHORBIA HONEY","og_description":"Euphorbia honey is a unique and rare type of honey produced by bees that collect nectar from the Euphorbia plant, which belongs to the Euphorbiaceae family. Known for its distinct taste and slightly bitter flavor, Euphorbia honey is often golden or amber in color. It is prized for its potential health benefits, including its anti-inflammatory, antimicrobial, and antioxidant properties. This honey is less commonly found than other varieties, making it highly sought after. Due to the specific flowers the bees pollinate, Euphorbia honey often has a strong, rich flavor profile that can vary depending on the region where it\u2019s harvested. However, it should be consumed in moderation","og_url":"https:\/\/cooperativetoudarte.com\/fr\/produit\/euphorbia-honey\/","og_site_name":"Toudarte","article_publisher":"https:\/\/www.facebook.com\/cooperative.toudarte\/","article_modified_time":"2026-04-20T14:16:55+00:00","og_image":[{"width":800,"height":800,"url":"https:\/\/cooperativetoudarte.com\/wp-content\/uploads\/2023\/10\/P.-Miel-EUPHORBE-1kg.jpg","type":"image\/jpeg"}],"twitter_card":"summary_large_image","twitter_site":"@cooprativetouda","twitter_misc":{"Availability":"In stock"},"schema":{"@context":"https:\/\/schema.org","@graph":[{"@type":"WebPage","@id":"https:\/\/cooperativetoudarte.com\/product\/euphorbia-honey\/","url":"https:\/\/cooperativetoudarte.com\/product\/euphorbia-honey\/","name":"Euphorbia-honey-Toudarte","isPartOf":{"@id":"https:\/\/cooperativetoudarte.com\/fr\/#website"},"primaryImageOfPage":{"@id":"https:\/\/cooperativetoudarte.com\/product\/euphorbia-honey\/#primaryimage"},"image":{"@id":"https:\/\/cooperativetoudarte.com\/product\/euphorbia-honey\/#primaryimage"},"thumbnailUrl":"https:\/\/cooperativetoudarte.com\/wp-content\/uploads\/2023\/10\/P.-Miel-EUPHORBE-1kg.jpg","datePublished":"2023-10-31T12:52:08+00:00","dateModified":"2026-04-20T14:16:55+00:00","description":"Euphorbia honey is a unique and rare type of honey produced by bees that collect nectar from the Euphorbia plant, which belongs to the Euphorbiaceae family. Known for its distinct taste and slightly bitter flavor, Euphorbia honey is often golden or amber in color. It is prized for its potential health benefits, including its anti-inflammatory, antimicrobial, and antioxidant properties. This honey is less commonly found than other varieties, making it highly sought after. Due to the specific flowers the bees pollinate, Euphorbia honey often has a strong, rich flavor profile that can vary depending on the region where it\u2019s harvested. However, it should be consumed in moderation","breadcrumb":{"@id":"https:\/\/cooperativetoudarte.com\/product\/euphorbia-honey\/#breadcrumb"},"inLanguage":"fr-FR","potentialAction":[{"@type":"ReadAction","target":["https:\/\/cooperativetoudarte.com\/product\/euphorbia-honey\/"]}]},{"@type":"ImageObject","inLanguage":"fr-FR","@id":"https:\/\/cooperativetoudarte.com\/product\/euphorbia-honey\/#primaryimage","url":"https:\/\/cooperativetoudarte.com\/wp-content\/uploads\/2023\/10\/P.-Miel-EUPHORBE-1kg.jpg","contentUrl":"https:\/\/cooperativetoudarte.com\/wp-content\/uploads\/2023\/10\/P.-Miel-EUPHORBE-1kg.jpg","width":800,"height":800,"caption":"MOROCCAIN EUPHORBIA HONEY"},{"@type":"BreadcrumbList","@id":"https:\/\/cooperativetoudarte.com\/product\/euphorbia-honey\/#breadcrumb","itemListElement":[{"@type":"ListItem","position":1,"name":"Home","item":"https:\/\/cooperativetoudarte.com\/"},{"@type":"ListItem","position":2,"name":"Shop","item":"https:\/\/cooperativetoudarte.com\/fr\/shop\/"},{"@type":"ListItem","position":3,"name":"MOROCCAIN EUPHORBIA HONEY"}]},{"@type":"WebSite","@id":"https:\/\/cooperativetoudarte.com\/fr\/#website","url":"https:\/\/cooperativetoudarte.com\/fr\/","name":"Coop\u00e9rative Toudarte","description":"High Quality Bio Products","publisher":{"@id":"https:\/\/cooperativetoudarte.com\/fr\/#organization"},"alternateName":"Cooperative Toudarte","potentialAction":[{"@type":"SearchAction","target":{"@type":"EntryPoint","urlTemplate":"https:\/\/cooperativetoudarte.com\/fr\/?s={search_term_string}"},"query-input":{"@type":"PropertyValueSpecification","valueRequired":true,"valueName":"search_term_string"}}],"inLanguage":"fr-FR"},{"@type":["Organization","Place"],"@id":"https:\/\/cooperativetoudarte.com\/fr\/#organization","name":"Coop\u00e9rative Toudarte","alternateName":"Cooperative Toudarte","url":"https:\/\/cooperativetoudarte.com\/fr\/","logo":{"@id":"https:\/\/cooperativetoudarte.com\/product\/euphorbia-honey\/#local-main-organization-logo"},"image":{"@id":"https:\/\/cooperativetoudarte.com\/product\/euphorbia-honey\/#local-main-organization-logo"},"sameAs":["https:\/\/www.facebook.com\/cooperative.toudarte\/","https:\/\/x.com\/cooprativetouda","https:\/\/www.instagram.com\/cooperativetoudarte","https:\/\/www.youtube.com\/c\/COOPERATIVETOUDARTE"],"openingHoursSpecification":[{"@type":"OpeningHoursSpecification","dayOfWeek":["Monday","Tuesday","Wednesday","Thursday","Friday","Saturday","Sunday"],"opens":"09:00","closes":"17:00"}]},{"@type":"ImageObject","inLanguage":"fr-FR","@id":"https:\/\/cooperativetoudarte.com\/product\/euphorbia-honey\/#local-main-organization-logo","url":"https:\/\/cooperativetoudarte.com\/wp-content\/uploads\/2023\/11\/PngLogo-1.png","contentUrl":"https:\/\/cooperativetoudarte.com\/wp-content\/uploads\/2023\/11\/PngLogo-1.png","width":512,"height":512,"caption":"Toudarte Cooperative"}]},"og_availability":"instock","product_availability":"instock","product_condition":"new"},"jetpack_sharing_enabled":true,"_links":{"self":[{"href":"https:\/\/cooperativetoudarte.com\/fr\/wp-json\/wp\/v2\/product\/492","targetHints":{"allow":["GET"]}}],"collection":[{"href":"https:\/\/cooperativetoudarte.com\/fr\/wp-json\/wp\/v2\/product"}],"about":[{"href":"https:\/\/cooperativetoudarte.com\/fr\/wp-json\/wp\/v2\/types\/product"}],"replies":[{"embeddable":true,"href":"https:\/\/cooperativetoudarte.com\/fr\/wp-json\/wp\/v2\/comments?post=492"}],"wp:featuredmedia":[{"embeddable":true,"href":"https:\/\/cooperativetoudarte.com\/fr\/wp-json\/wp\/v2\/media\/496"}],"wp:attachment":[{"href":"https:\/\/cooperativetoudarte.com\/fr\/wp-json\/wp\/v2\/media?parent=492"}],"wp:term":[{"taxonomy":"product_brand","embeddable":true,"href":"https:\/\/cooperativetoudarte.com\/fr\/wp-json\/wp\/v2\/product_brand?post=492"},{"taxonomy":"product_cat","embeddable":true,"href":"https:\/\/cooperativetoudarte.com\/fr\/wp-json\/wp\/v2\/product_cat?post=492"},{"taxonomy":"product_tag","embeddable":true,"href":"https:\/\/cooperativetoudarte.com\/fr\/wp-json\/wp\/v2\/product_tag?post=492"}],"curies":[{"name":"wp","href":"https:\/\/api.w.org\/{rel}","templated":true}]}}