{"id":446,"date":"2023-10-30T10:50:26","date_gmt":"2023-10-30T10:50:26","guid":{"rendered":"https:\/\/cooperativetoudarte.com\/?post_type=product&#038;p=446"},"modified":"2026-04-15T06:29:12","modified_gmt":"2026-04-15T06:29:12","slug":"wild-flower-honey","status":"publish","type":"product","link":"https:\/\/cooperativetoudarte.com\/fr\/produit\/wild-flower-honey\/","title":{"rendered":"MIEL FLEURS-SAUVAGES"},"content":{"rendered":"<div><strong>Le miel de fleurs sauvages est un bon rem\u00e8de pour\u00a0:<\/strong><\/div>\n<ul>\n<li>Contre les infections qui causent le rhume.<\/li>\n<li>Apaisez le mal de gorge.<\/li>\n<li>faciliter la digestion.<\/li>\n<li>Combattez les dommages caus\u00e9s par les radicaux libres.<\/li>\n<li>antioxydants naturels.<\/li>\n<li>anti-inflammatoire.<\/li>\n<\/ul>\n<div><strong>Pr\u00e9cautions\u00a0: Le miel est mieux consomm\u00e9 en petites quantit\u00e9s et seulement par ceux qui ne sont pas allergiques.<\/strong><\/div>","protected":false},"excerpt":{"rendered":"<div><strong>Miel de fleurs sauvages :<\/strong>C'est un miel naturel, doux et aromatique, r\u00e9colt\u00e9 \u00e0 partir du nectar de diverses fleurs sauvages. Sa saveur, sa couleur et sa texture varient selon les types de fleurs butin\u00e9es par les abeilles, dans une r\u00e9gion ou une saison donn\u00e9e. Le miel de fleurs sauvages a g\u00e9n\u00e9ralement un go\u00fbt riche et floral, avec des notes fruit\u00e9es, herbac\u00e9es et \u00e9pic\u00e9es. Il est r\u00e9put\u00e9 pour sa consistance onctueuse et sa couleur, allant de l'ambre clair au dor\u00e9 fonc\u00e9. Ce miel est souvent appr\u00e9ci\u00e9 pour ses bienfaits potentiels pour la sant\u00e9, notamment ses propri\u00e9t\u00e9s antioxydantes et ses vertus apaisantes pour les maux de gorge et les allergies.<\/p>","protected":false},"featured_media":451,"comment_status":"open","ping_status":"closed","template":"","meta":{"inline_featured_image":false},"product_brand":[],"product_cat":[33],"product_tag":[],"class_list":{"0":"post-446","1":"product","2":"type-product","3":"status-publish","4":"has-post-thumbnail","6":"product_cat-honey","8":"first","9":"instock","10":"shipping-taxable","11":"purchasable","12":"product-type-variable","13":"has-default-attributes"},"yoast_head":"<!-- This site is optimized with the Yoast SEO Premium plugin v21.5 (Yoast SEO v27.4) - https:\/\/yoast.com\/product\/yoast-seo-premium-wordpress\/ -->\n<title>Wild-Flower-Honey<\/title>\n<meta name=\"description\" content=\"Wildflower honey is a natural, sweet, and aromatic honey collected from the nectar of various wildflowers. It varies in flavor, color, and texture depending on the types of flowers the bees visit in a particular region or season. Typically, wildflower honey has a rich, floral taste with hints of fruitiness, herbs, and spice. It is known for its smooth consistency and light amber to darker golden color. This honey is often prized for its potential health benefits, including antioxidant properties and soothing qualities for sore throats and allergies.\" \/>\n<meta name=\"robots\" content=\"index, follow, max-snippet:-1, max-image-preview:large, max-video-preview:-1\" \/>\n<link rel=\"canonical\" href=\"https:\/\/cooperativetoudarte.com\/fr\/produit\/wild-flower-honey\/\" \/>\n<meta property=\"og:locale\" content=\"fr_FR\" \/>\n<meta property=\"og:type\" content=\"article\" \/>\n<meta property=\"og:title\" content=\"WILD FLOWER HONEY\" \/>\n<meta property=\"og:description\" content=\"Wildflower honey is a natural, sweet, and aromatic honey collected from the nectar of various wildflowers. It varies in flavor, color, and texture depending on the types of flowers the bees visit in a particular region or season. Typically, wildflower honey has a rich, floral taste with hints of fruitiness, herbs, and spice. It is known for its smooth consistency and light amber to darker golden color. This honey is often prized for its potential health benefits, including antioxidant properties and soothing qualities for sore throats and allergies.\" \/>\n<meta property=\"og:url\" content=\"https:\/\/cooperativetoudarte.com\/fr\/produit\/wild-flower-honey\/\" \/>\n<meta property=\"og:site_name\" content=\"Toudarte\" \/>\n<meta property=\"article:publisher\" content=\"https:\/\/www.facebook.com\/cooperative.toudarte\/\" \/>\n<meta property=\"article:modified_time\" content=\"2026-04-15T06:29:12+00:00\" \/>\n<meta property=\"og:image\" content=\"https:\/\/cooperativetoudarte.com\/wp-content\/uploads\/2023\/10\/wild-flower-honey.jpg\" \/>\n\t<meta property=\"og:image:width\" content=\"800\" \/>\n\t<meta property=\"og:image:height\" content=\"800\" \/>\n\t<meta property=\"og:image:type\" content=\"image\/jpeg\" \/>\n<meta name=\"twitter:card\" content=\"summary_large_image\" \/>\n<meta name=\"twitter:site\" content=\"@cooprativetouda\" \/>\n<meta name=\"twitter:label1\" content=\"Availability\" \/>\n\t<meta name=\"twitter:data1\" content=\"In stock\" \/>\n<script type=\"application\/ld+json\" class=\"yoast-schema-graph\">{\"@context\":\"https:\\\/\\\/schema.org\",\"@graph\":[{\"@type\":\"WebPage\",\"@id\":\"https:\\\/\\\/cooperativetoudarte.com\\\/product\\\/wild-flower-honey\\\/\",\"url\":\"https:\\\/\\\/cooperativetoudarte.com\\\/product\\\/wild-flower-honey\\\/\",\"name\":\"Wild-Flower-Honey\",\"isPartOf\":{\"@id\":\"https:\\\/\\\/cooperativetoudarte.com\\\/fr\\\/#website\"},\"primaryImageOfPage\":{\"@id\":\"https:\\\/\\\/cooperativetoudarte.com\\\/product\\\/wild-flower-honey\\\/#primaryimage\"},\"image\":{\"@id\":\"https:\\\/\\\/cooperativetoudarte.com\\\/product\\\/wild-flower-honey\\\/#primaryimage\"},\"thumbnailUrl\":\"https:\\\/\\\/cooperativetoudarte.com\\\/wp-content\\\/uploads\\\/2023\\\/10\\\/wild-flower-honey.jpg\",\"datePublished\":\"2023-10-30T10:50:26+00:00\",\"dateModified\":\"2026-04-15T06:29:12+00:00\",\"description\":\"Wildflower honey is a natural, sweet, and aromatic honey collected from the nectar of various wildflowers. It varies in flavor, color, and texture depending on the types of flowers the bees visit in a particular region or season. Typically, wildflower honey has a rich, floral taste with hints of fruitiness, herbs, and spice. It is known for its smooth consistency and light amber to darker golden color. This honey is often prized for its potential health benefits, including antioxidant properties and soothing qualities for sore throats and allergies.\",\"breadcrumb\":{\"@id\":\"https:\\\/\\\/cooperativetoudarte.com\\\/product\\\/wild-flower-honey\\\/#breadcrumb\"},\"inLanguage\":\"fr-FR\",\"potentialAction\":[{\"@type\":\"ReadAction\",\"target\":[\"https:\\\/\\\/cooperativetoudarte.com\\\/product\\\/wild-flower-honey\\\/\"]}]},{\"@type\":\"ImageObject\",\"inLanguage\":\"fr-FR\",\"@id\":\"https:\\\/\\\/cooperativetoudarte.com\\\/product\\\/wild-flower-honey\\\/#primaryimage\",\"url\":\"https:\\\/\\\/cooperativetoudarte.com\\\/wp-content\\\/uploads\\\/2023\\\/10\\\/wild-flower-honey.jpg\",\"contentUrl\":\"https:\\\/\\\/cooperativetoudarte.com\\\/wp-content\\\/uploads\\\/2023\\\/10\\\/wild-flower-honey.jpg\",\"width\":800,\"height\":800},{\"@type\":\"BreadcrumbList\",\"@id\":\"https:\\\/\\\/cooperativetoudarte.com\\\/product\\\/wild-flower-honey\\\/#breadcrumb\",\"itemListElement\":[{\"@type\":\"ListItem\",\"position\":1,\"name\":\"Home\",\"item\":\"https:\\\/\\\/cooperativetoudarte.com\\\/\"},{\"@type\":\"ListItem\",\"position\":2,\"name\":\"Shop\",\"item\":\"https:\\\/\\\/cooperativetoudarte.com\\\/fr\\\/shop\\\/\"},{\"@type\":\"ListItem\",\"position\":3,\"name\":\"WILD FLOWER HONEY\"}]},{\"@type\":\"WebSite\",\"@id\":\"https:\\\/\\\/cooperativetoudarte.com\\\/fr\\\/#website\",\"url\":\"https:\\\/\\\/cooperativetoudarte.com\\\/fr\\\/\",\"name\":\"Toudarte Cooperative\",\"description\":\"High Quality Bio Products\",\"publisher\":{\"@id\":\"https:\\\/\\\/cooperativetoudarte.com\\\/fr\\\/#organization\"},\"alternateName\":\"Cooperative Toudarte\",\"potentialAction\":[{\"@type\":\"SearchAction\",\"target\":{\"@type\":\"EntryPoint\",\"urlTemplate\":\"https:\\\/\\\/cooperativetoudarte.com\\\/fr\\\/?s={search_term_string}\"},\"query-input\":{\"@type\":\"PropertyValueSpecification\",\"valueRequired\":true,\"valueName\":\"search_term_string\"}}],\"inLanguage\":\"fr-FR\"},{\"@type\":[\"Organization\",\"Place\"],\"@id\":\"https:\\\/\\\/cooperativetoudarte.com\\\/fr\\\/#organization\",\"name\":\"Toudarte Cooperative\",\"alternateName\":\"Cooperative Toudarte\",\"url\":\"https:\\\/\\\/cooperativetoudarte.com\\\/fr\\\/\",\"logo\":{\"@id\":\"https:\\\/\\\/cooperativetoudarte.com\\\/product\\\/wild-flower-honey\\\/#local-main-organization-logo\"},\"image\":{\"@id\":\"https:\\\/\\\/cooperativetoudarte.com\\\/product\\\/wild-flower-honey\\\/#local-main-organization-logo\"},\"sameAs\":[\"https:\\\/\\\/www.facebook.com\\\/cooperative.toudarte\\\/\",\"https:\\\/\\\/x.com\\\/cooprativetouda\",\"https:\\\/\\\/www.instagram.com\\\/cooperativetoudarte\",\"https:\\\/\\\/www.youtube.com\\\/c\\\/COOPERATIVETOUDARTE\"],\"openingHoursSpecification\":[{\"@type\":\"OpeningHoursSpecification\",\"dayOfWeek\":[\"Monday\",\"Tuesday\",\"Wednesday\",\"Thursday\",\"Friday\",\"Saturday\",\"Sunday\"],\"opens\":\"09:00\",\"closes\":\"17:00\"}]},{\"@type\":\"ImageObject\",\"inLanguage\":\"fr-FR\",\"@id\":\"https:\\\/\\\/cooperativetoudarte.com\\\/product\\\/wild-flower-honey\\\/#local-main-organization-logo\",\"url\":\"https:\\\/\\\/cooperativetoudarte.com\\\/wp-content\\\/uploads\\\/2023\\\/11\\\/PngLogo-1.png\",\"contentUrl\":\"https:\\\/\\\/cooperativetoudarte.com\\\/wp-content\\\/uploads\\\/2023\\\/11\\\/PngLogo-1.png\",\"width\":512,\"height\":512,\"caption\":\"Toudarte Cooperative\"}]}<\/script>\n<meta property=\"og:availability\" content=\"instock\" \/>\n<meta property=\"product:availability\" content=\"instock\" \/>\n<meta property=\"product:condition\" content=\"new\" \/>\n<!-- \/ Yoast SEO Premium plugin. -->","yoast_head_json":{"title":"Wild-Flower-Honey","description":"Wildflower honey is a natural, sweet, and aromatic honey collected from the nectar of various wildflowers. It varies in flavor, color, and texture depending on the types of flowers the bees visit in a particular region or season. Typically, wildflower honey has a rich, floral taste with hints of fruitiness, herbs, and spice. It is known for its smooth consistency and light amber to darker golden color. This honey is often prized for its potential health benefits, including antioxidant properties and soothing qualities for sore throats and allergies.","robots":{"index":"index","follow":"follow","max-snippet":"max-snippet:-1","max-image-preview":"max-image-preview:large","max-video-preview":"max-video-preview:-1"},"canonical":"https:\/\/cooperativetoudarte.com\/fr\/produit\/wild-flower-honey\/","og_locale":"fr_FR","og_type":"article","og_title":"WILD FLOWER HONEY","og_description":"Wildflower honey is a natural, sweet, and aromatic honey collected from the nectar of various wildflowers. It varies in flavor, color, and texture depending on the types of flowers the bees visit in a particular region or season. Typically, wildflower honey has a rich, floral taste with hints of fruitiness, herbs, and spice. It is known for its smooth consistency and light amber to darker golden color. This honey is often prized for its potential health benefits, including antioxidant properties and soothing qualities for sore throats and allergies.","og_url":"https:\/\/cooperativetoudarte.com\/fr\/produit\/wild-flower-honey\/","og_site_name":"Toudarte","article_publisher":"https:\/\/www.facebook.com\/cooperative.toudarte\/","article_modified_time":"2026-04-15T06:29:12+00:00","og_image":[{"width":800,"height":800,"url":"https:\/\/cooperativetoudarte.com\/wp-content\/uploads\/2023\/10\/wild-flower-honey.jpg","type":"image\/jpeg"}],"twitter_card":"summary_large_image","twitter_site":"@cooprativetouda","twitter_misc":{"Availability":"In stock"},"schema":{"@context":"https:\/\/schema.org","@graph":[{"@type":"WebPage","@id":"https:\/\/cooperativetoudarte.com\/product\/wild-flower-honey\/","url":"https:\/\/cooperativetoudarte.com\/product\/wild-flower-honey\/","name":"Wild-Flower-Honey","isPartOf":{"@id":"https:\/\/cooperativetoudarte.com\/fr\/#website"},"primaryImageOfPage":{"@id":"https:\/\/cooperativetoudarte.com\/product\/wild-flower-honey\/#primaryimage"},"image":{"@id":"https:\/\/cooperativetoudarte.com\/product\/wild-flower-honey\/#primaryimage"},"thumbnailUrl":"https:\/\/cooperativetoudarte.com\/wp-content\/uploads\/2023\/10\/wild-flower-honey.jpg","datePublished":"2023-10-30T10:50:26+00:00","dateModified":"2026-04-15T06:29:12+00:00","description":"Wildflower honey is a natural, sweet, and aromatic honey collected from the nectar of various wildflowers. It varies in flavor, color, and texture depending on the types of flowers the bees visit in a particular region or season. Typically, wildflower honey has a rich, floral taste with hints of fruitiness, herbs, and spice. It is known for its smooth consistency and light amber to darker golden color. This honey is often prized for its potential health benefits, including antioxidant properties and soothing qualities for sore throats and allergies.","breadcrumb":{"@id":"https:\/\/cooperativetoudarte.com\/product\/wild-flower-honey\/#breadcrumb"},"inLanguage":"fr-FR","potentialAction":[{"@type":"ReadAction","target":["https:\/\/cooperativetoudarte.com\/product\/wild-flower-honey\/"]}]},{"@type":"ImageObject","inLanguage":"fr-FR","@id":"https:\/\/cooperativetoudarte.com\/product\/wild-flower-honey\/#primaryimage","url":"https:\/\/cooperativetoudarte.com\/wp-content\/uploads\/2023\/10\/wild-flower-honey.jpg","contentUrl":"https:\/\/cooperativetoudarte.com\/wp-content\/uploads\/2023\/10\/wild-flower-honey.jpg","width":800,"height":800},{"@type":"BreadcrumbList","@id":"https:\/\/cooperativetoudarte.com\/product\/wild-flower-honey\/#breadcrumb","itemListElement":[{"@type":"ListItem","position":1,"name":"Home","item":"https:\/\/cooperativetoudarte.com\/"},{"@type":"ListItem","position":2,"name":"Shop","item":"https:\/\/cooperativetoudarte.com\/fr\/shop\/"},{"@type":"ListItem","position":3,"name":"WILD FLOWER HONEY"}]},{"@type":"WebSite","@id":"https:\/\/cooperativetoudarte.com\/fr\/#website","url":"https:\/\/cooperativetoudarte.com\/fr\/","name":"Coop\u00e9rative Toudarte","description":"High Quality Bio Products","publisher":{"@id":"https:\/\/cooperativetoudarte.com\/fr\/#organization"},"alternateName":"Cooperative Toudarte","potentialAction":[{"@type":"SearchAction","target":{"@type":"EntryPoint","urlTemplate":"https:\/\/cooperativetoudarte.com\/fr\/?s={search_term_string}"},"query-input":{"@type":"PropertyValueSpecification","valueRequired":true,"valueName":"search_term_string"}}],"inLanguage":"fr-FR"},{"@type":["Organization","Place"],"@id":"https:\/\/cooperativetoudarte.com\/fr\/#organization","name":"Coop\u00e9rative Toudarte","alternateName":"Cooperative Toudarte","url":"https:\/\/cooperativetoudarte.com\/fr\/","logo":{"@id":"https:\/\/cooperativetoudarte.com\/product\/wild-flower-honey\/#local-main-organization-logo"},"image":{"@id":"https:\/\/cooperativetoudarte.com\/product\/wild-flower-honey\/#local-main-organization-logo"},"sameAs":["https:\/\/www.facebook.com\/cooperative.toudarte\/","https:\/\/x.com\/cooprativetouda","https:\/\/www.instagram.com\/cooperativetoudarte","https:\/\/www.youtube.com\/c\/COOPERATIVETOUDARTE"],"openingHoursSpecification":[{"@type":"OpeningHoursSpecification","dayOfWeek":["Monday","Tuesday","Wednesday","Thursday","Friday","Saturday","Sunday"],"opens":"09:00","closes":"17:00"}]},{"@type":"ImageObject","inLanguage":"fr-FR","@id":"https:\/\/cooperativetoudarte.com\/product\/wild-flower-honey\/#local-main-organization-logo","url":"https:\/\/cooperativetoudarte.com\/wp-content\/uploads\/2023\/11\/PngLogo-1.png","contentUrl":"https:\/\/cooperativetoudarte.com\/wp-content\/uploads\/2023\/11\/PngLogo-1.png","width":512,"height":512,"caption":"Toudarte Cooperative"}]},"og_availability":"instock","product_availability":"instock","product_condition":"new"},"jetpack_sharing_enabled":true,"_links":{"self":[{"href":"https:\/\/cooperativetoudarte.com\/fr\/wp-json\/wp\/v2\/product\/446","targetHints":{"allow":["GET"]}}],"collection":[{"href":"https:\/\/cooperativetoudarte.com\/fr\/wp-json\/wp\/v2\/product"}],"about":[{"href":"https:\/\/cooperativetoudarte.com\/fr\/wp-json\/wp\/v2\/types\/product"}],"replies":[{"embeddable":true,"href":"https:\/\/cooperativetoudarte.com\/fr\/wp-json\/wp\/v2\/comments?post=446"}],"wp:featuredmedia":[{"embeddable":true,"href":"https:\/\/cooperativetoudarte.com\/fr\/wp-json\/wp\/v2\/media\/451"}],"wp:attachment":[{"href":"https:\/\/cooperativetoudarte.com\/fr\/wp-json\/wp\/v2\/media?parent=446"}],"wp:term":[{"taxonomy":"product_brand","embeddable":true,"href":"https:\/\/cooperativetoudarte.com\/fr\/wp-json\/wp\/v2\/product_brand?post=446"},{"taxonomy":"product_cat","embeddable":true,"href":"https:\/\/cooperativetoudarte.com\/fr\/wp-json\/wp\/v2\/product_cat?post=446"},{"taxonomy":"product_tag","embeddable":true,"href":"https:\/\/cooperativetoudarte.com\/fr\/wp-json\/wp\/v2\/product_tag?post=446"}],"curies":[{"name":"wp","href":"https:\/\/api.w.org\/{rel}","templated":true}]}}