{"id":430,"date":"2023-10-30T10:22:53","date_gmt":"2023-10-30T10:22:53","guid":{"rendered":"https:\/\/cooperativetoudarte.com\/?post_type=product&#038;p=430"},"modified":"2026-04-03T00:46:28","modified_gmt":"2026-04-03T00:46:28","slug":"amlou-beldi-with-honey","status":"publish","type":"product","link":"https:\/\/cooperativetoudarte.com\/fr\/produit\/amlou-beldi-with-honey\/","title":{"rendered":"AMLOU BELDI AVEC MIEL"},"content":{"rendered":"<div><strong>B\u00e9n\u00e9fices:<\/strong><br \/>\nest un aliment traditionnel marocain b\u00e9n\u00e9fique pour la sant\u00e9 gr\u00e2ce \u00e0 ses ingr\u00e9dients naturels\u00a0: amandes, huile d'argan et miel. Il contient des graisses saines et des acides gras insatur\u00e9s qui am\u00e9liorent le taux de cholest\u00e9rol et r\u00e9duisent le risque de maladies cardiaques. Les antioxydants, comme la vitamine E, contenus dans l'amlou combattent les radicaux libres et r\u00e9duisent l'inflammation, diminuant ainsi le risque de maladies chroniques.<\/p>","protected":false},"excerpt":{"rendered":"<div id=\"product-description-short-94\">\n<p><strong>Amlou avec miel<\/strong>\u00a0L'amlou est une p\u00e2te \u00e0 tartiner traditionnelle marocaine, \u00e9labor\u00e9e \u00e0 partir d'un riche m\u00e9lange de trois ingr\u00e9dients principaux\u00a0: l'huile d'argan, les amandes grill\u00e9es et le miel. Ce d\u00e9licieux m\u00e9lange cr\u00e9meux pr\u00e9sente une texture onctueuse et un doux go\u00fbt de noisette, le miel apportant une touche de douceur naturelle. L'alliance du go\u00fbt riche et terreux de l'huile d'argan et des amandes grill\u00e9es, sublim\u00e9e par la douceur du miel, fait de l'amlou une gourmandise d\u00e9licieuse et nutritive. Souvent d\u00e9gust\u00e9 sur du pain ou en sauce pour accompagner des fruits, il est \u00e9galement appr\u00e9ci\u00e9 pour ses bienfaits potentiels pour la sant\u00e9, car il est une bonne source de bonnes graisses, d'antioxydants et de vitamines. <\/p>\n<\/div>","protected":false},"featured_media":431,"comment_status":"open","ping_status":"closed","template":"","meta":{"inline_featured_image":false},"product_brand":[],"product_cat":[31],"product_tag":[],"class_list":{"0":"post-430","1":"product","2":"type-product","3":"status-publish","4":"has-post-thumbnail","6":"product_cat-amlou","8":"first","9":"instock","10":"shipping-taxable","11":"purchasable","12":"product-type-variable","13":"has-default-attributes"},"yoast_head":"<!-- This site is optimized with the Yoast SEO Premium plugin v21.5 (Yoast SEO v27.3) - https:\/\/yoast.com\/product\/yoast-seo-premium-wordpress\/ -->\n<title>Amlou-Beldi-with-Honey<\/title>\n<meta name=\"description\" content=\"Amlou avec miel is a traditional Moroccan spread made from a rich blend of three main ingredients: argan oil, roasted almonds, and honey. This delightful, creamy mixture has a smooth texture and a sweet, nutty flavor, with the honey adding an extra touch of natural sweetness. The combination of the earthy, rich taste of argan oil and the roasted almonds, enhanced by the sweetness of honey, makes amlou a delicious and nutritious treat. Often enjoyed as a spread on bread or as a dip for fruit, it is also used for its potential health benefits, providing a good source of healthy fats, antioxidants, and vitamins. %\" \/>\n<meta name=\"robots\" content=\"index, follow, max-snippet:-1, max-image-preview:large, max-video-preview:-1\" \/>\n<link rel=\"canonical\" href=\"https:\/\/cooperativetoudarte.com\/fr\/produit\/amlou-beldi-with-honey\/\" \/>\n<meta property=\"og:locale\" content=\"fr_FR\" \/>\n<meta property=\"og:type\" content=\"article\" \/>\n<meta property=\"og:title\" content=\"AMLOU BELDI WITH HONEY\" \/>\n<meta property=\"og:description\" content=\"Amlou avec miel is a traditional Moroccan spread made from a rich blend of three main ingredients: argan oil, roasted almonds, and honey. This delightful, creamy mixture has a smooth texture and a sweet, nutty flavor, with the honey adding an extra touch of natural sweetness. The combination of the earthy, rich taste of argan oil and the roasted almonds, enhanced by the sweetness of honey, makes amlou a delicious and nutritious treat. Often enjoyed as a spread on bread or as a dip for fruit, it is also used for its potential health benefits, providing a good source of healthy fats, antioxidants, and vitamins. %\" \/>\n<meta property=\"og:url\" content=\"https:\/\/cooperativetoudarte.com\/fr\/produit\/amlou-beldi-with-honey\/\" \/>\n<meta property=\"og:site_name\" content=\"Toudarte\" \/>\n<meta property=\"article:publisher\" content=\"https:\/\/www.facebook.com\/cooperative.toudarte\/\" \/>\n<meta property=\"article:modified_time\" content=\"2026-04-03T00:46:28+00:00\" \/>\n<meta property=\"og:image\" content=\"https:\/\/cooperativetoudarte.com\/wp-content\/uploads\/2023\/10\/xamlou-beldi-with-honey-700g.jpg.pagespeed.ic_.Gcdk8dw8qD.webp\" \/>\n\t<meta property=\"og:image:width\" content=\"800\" \/>\n\t<meta property=\"og:image:height\" content=\"800\" \/>\n\t<meta property=\"og:image:type\" content=\"image\/webp\" \/>\n<meta name=\"twitter:card\" content=\"summary_large_image\" \/>\n<meta name=\"twitter:site\" content=\"@cooprativetouda\" \/>\n<meta name=\"twitter:label1\" content=\"Availability\" \/>\n\t<meta name=\"twitter:data1\" content=\"In stock\" \/>\n<script type=\"application\/ld+json\" class=\"yoast-schema-graph\">{\"@context\":\"https:\\\/\\\/schema.org\",\"@graph\":[{\"@type\":\"WebPage\",\"@id\":\"https:\\\/\\\/cooperativetoudarte.com\\\/product\\\/amlou-beldi-with-honey\\\/\",\"url\":\"https:\\\/\\\/cooperativetoudarte.com\\\/product\\\/amlou-beldi-with-honey\\\/\",\"name\":\"Amlou-Beldi-with-Honey\",\"isPartOf\":{\"@id\":\"https:\\\/\\\/cooperativetoudarte.com\\\/fr\\\/#website\"},\"primaryImageOfPage\":{\"@id\":\"https:\\\/\\\/cooperativetoudarte.com\\\/product\\\/amlou-beldi-with-honey\\\/#primaryimage\"},\"image\":{\"@id\":\"https:\\\/\\\/cooperativetoudarte.com\\\/product\\\/amlou-beldi-with-honey\\\/#primaryimage\"},\"thumbnailUrl\":\"https:\\\/\\\/cooperativetoudarte.com\\\/wp-content\\\/uploads\\\/2023\\\/10\\\/xamlou-beldi-with-honey-700g.jpg.pagespeed.ic_.Gcdk8dw8qD.webp\",\"datePublished\":\"2023-10-30T10:22:53+00:00\",\"dateModified\":\"2026-04-03T00:46:28+00:00\",\"description\":\"Amlou avec miel is a traditional Moroccan spread made from a rich blend of three main ingredients: argan oil, roasted almonds, and honey. This delightful, creamy mixture has a smooth texture and a sweet, nutty flavor, with the honey adding an extra touch of natural sweetness. The combination of the earthy, rich taste of argan oil and the roasted almonds, enhanced by the sweetness of honey, makes amlou a delicious and nutritious treat. Often enjoyed as a spread on bread or as a dip for fruit, it is also used for its potential health benefits, providing a good source of healthy fats, antioxidants, and vitamins. %\",\"breadcrumb\":{\"@id\":\"https:\\\/\\\/cooperativetoudarte.com\\\/product\\\/amlou-beldi-with-honey\\\/#breadcrumb\"},\"inLanguage\":\"fr-FR\",\"potentialAction\":[{\"@type\":\"ReadAction\",\"target\":[\"https:\\\/\\\/cooperativetoudarte.com\\\/product\\\/amlou-beldi-with-honey\\\/\"]}]},{\"@type\":\"ImageObject\",\"inLanguage\":\"fr-FR\",\"@id\":\"https:\\\/\\\/cooperativetoudarte.com\\\/product\\\/amlou-beldi-with-honey\\\/#primaryimage\",\"url\":\"https:\\\/\\\/cooperativetoudarte.com\\\/wp-content\\\/uploads\\\/2023\\\/10\\\/xamlou-beldi-with-honey-700g.jpg.pagespeed.ic_.Gcdk8dw8qD.webp\",\"contentUrl\":\"https:\\\/\\\/cooperativetoudarte.com\\\/wp-content\\\/uploads\\\/2023\\\/10\\\/xamlou-beldi-with-honey-700g.jpg.pagespeed.ic_.Gcdk8dw8qD.webp\",\"width\":800,\"height\":800},{\"@type\":\"BreadcrumbList\",\"@id\":\"https:\\\/\\\/cooperativetoudarte.com\\\/product\\\/amlou-beldi-with-honey\\\/#breadcrumb\",\"itemListElement\":[{\"@type\":\"ListItem\",\"position\":1,\"name\":\"Home\",\"item\":\"https:\\\/\\\/cooperativetoudarte.com\\\/\"},{\"@type\":\"ListItem\",\"position\":2,\"name\":\"Shop\",\"item\":\"https:\\\/\\\/cooperativetoudarte.com\\\/fr\\\/shop\\\/\"},{\"@type\":\"ListItem\",\"position\":3,\"name\":\"AMLOU BELDI WITH HONEY\"}]},{\"@type\":\"WebSite\",\"@id\":\"https:\\\/\\\/cooperativetoudarte.com\\\/fr\\\/#website\",\"url\":\"https:\\\/\\\/cooperativetoudarte.com\\\/fr\\\/\",\"name\":\"Toudarte Cooperative\",\"description\":\"High Quality Bio Products\",\"publisher\":{\"@id\":\"https:\\\/\\\/cooperativetoudarte.com\\\/fr\\\/#organization\"},\"alternateName\":\"Cooperative Toudarte\",\"potentialAction\":[{\"@type\":\"SearchAction\",\"target\":{\"@type\":\"EntryPoint\",\"urlTemplate\":\"https:\\\/\\\/cooperativetoudarte.com\\\/fr\\\/?s={search_term_string}\"},\"query-input\":{\"@type\":\"PropertyValueSpecification\",\"valueRequired\":true,\"valueName\":\"search_term_string\"}}],\"inLanguage\":\"fr-FR\"},{\"@type\":[\"Organization\",\"Place\"],\"@id\":\"https:\\\/\\\/cooperativetoudarte.com\\\/fr\\\/#organization\",\"name\":\"Toudarte Cooperative\",\"alternateName\":\"Cooperative Toudarte\",\"url\":\"https:\\\/\\\/cooperativetoudarte.com\\\/fr\\\/\",\"logo\":{\"@id\":\"https:\\\/\\\/cooperativetoudarte.com\\\/product\\\/amlou-beldi-with-honey\\\/#local-main-organization-logo\"},\"image\":{\"@id\":\"https:\\\/\\\/cooperativetoudarte.com\\\/product\\\/amlou-beldi-with-honey\\\/#local-main-organization-logo\"},\"sameAs\":[\"https:\\\/\\\/www.facebook.com\\\/cooperative.toudarte\\\/\",\"https:\\\/\\\/x.com\\\/cooprativetouda\",\"https:\\\/\\\/www.instagram.com\\\/cooperativetoudarte\",\"https:\\\/\\\/www.youtube.com\\\/c\\\/COOPERATIVETOUDARTE\"],\"openingHoursSpecification\":[{\"@type\":\"OpeningHoursSpecification\",\"dayOfWeek\":[\"Monday\",\"Tuesday\",\"Wednesday\",\"Thursday\",\"Friday\",\"Saturday\",\"Sunday\"],\"opens\":\"09:00\",\"closes\":\"17:00\"}]},{\"@type\":\"ImageObject\",\"inLanguage\":\"fr-FR\",\"@id\":\"https:\\\/\\\/cooperativetoudarte.com\\\/product\\\/amlou-beldi-with-honey\\\/#local-main-organization-logo\",\"url\":\"https:\\\/\\\/cooperativetoudarte.com\\\/wp-content\\\/uploads\\\/2023\\\/11\\\/PngLogo-1.png\",\"contentUrl\":\"https:\\\/\\\/cooperativetoudarte.com\\\/wp-content\\\/uploads\\\/2023\\\/11\\\/PngLogo-1.png\",\"width\":512,\"height\":512,\"caption\":\"Toudarte Cooperative\"}]}<\/script>\n<meta property=\"og:availability\" content=\"instock\" \/>\n<meta property=\"product:availability\" content=\"instock\" \/>\n<meta property=\"product:condition\" content=\"new\" \/>\n<!-- \/ Yoast SEO Premium plugin. -->","yoast_head_json":{"title":"Amlou-Beldi-with-Honey","description":"Amlou avec miel is a traditional Moroccan spread made from a rich blend of three main ingredients: argan oil, roasted almonds, and honey. This delightful, creamy mixture has a smooth texture and a sweet, nutty flavor, with the honey adding an extra touch of natural sweetness. The combination of the earthy, rich taste of argan oil and the roasted almonds, enhanced by the sweetness of honey, makes amlou a delicious and nutritious treat. Often enjoyed as a spread on bread or as a dip for fruit, it is also used for its potential health benefits, providing a good source of healthy fats, antioxidants, and vitamins. %","robots":{"index":"index","follow":"follow","max-snippet":"max-snippet:-1","max-image-preview":"max-image-preview:large","max-video-preview":"max-video-preview:-1"},"canonical":"https:\/\/cooperativetoudarte.com\/fr\/produit\/amlou-beldi-with-honey\/","og_locale":"fr_FR","og_type":"article","og_title":"AMLOU BELDI WITH HONEY","og_description":"Amlou avec miel is a traditional Moroccan spread made from a rich blend of three main ingredients: argan oil, roasted almonds, and honey. This delightful, creamy mixture has a smooth texture and a sweet, nutty flavor, with the honey adding an extra touch of natural sweetness. The combination of the earthy, rich taste of argan oil and the roasted almonds, enhanced by the sweetness of honey, makes amlou a delicious and nutritious treat. Often enjoyed as a spread on bread or as a dip for fruit, it is also used for its potential health benefits, providing a good source of healthy fats, antioxidants, and vitamins. %","og_url":"https:\/\/cooperativetoudarte.com\/fr\/produit\/amlou-beldi-with-honey\/","og_site_name":"Toudarte","article_publisher":"https:\/\/www.facebook.com\/cooperative.toudarte\/","article_modified_time":"2026-04-03T00:46:28+00:00","og_image":[{"width":800,"height":800,"url":"https:\/\/cooperativetoudarte.com\/wp-content\/uploads\/2023\/10\/xamlou-beldi-with-honey-700g.jpg.pagespeed.ic_.Gcdk8dw8qD.webp","type":"image\/webp"}],"twitter_card":"summary_large_image","twitter_site":"@cooprativetouda","twitter_misc":{"Availability":"In stock"},"schema":{"@context":"https:\/\/schema.org","@graph":[{"@type":"WebPage","@id":"https:\/\/cooperativetoudarte.com\/product\/amlou-beldi-with-honey\/","url":"https:\/\/cooperativetoudarte.com\/product\/amlou-beldi-with-honey\/","name":"Amlou-Beldi-with-Honey","isPartOf":{"@id":"https:\/\/cooperativetoudarte.com\/fr\/#website"},"primaryImageOfPage":{"@id":"https:\/\/cooperativetoudarte.com\/product\/amlou-beldi-with-honey\/#primaryimage"},"image":{"@id":"https:\/\/cooperativetoudarte.com\/product\/amlou-beldi-with-honey\/#primaryimage"},"thumbnailUrl":"https:\/\/cooperativetoudarte.com\/wp-content\/uploads\/2023\/10\/xamlou-beldi-with-honey-700g.jpg.pagespeed.ic_.Gcdk8dw8qD.webp","datePublished":"2023-10-30T10:22:53+00:00","dateModified":"2026-04-03T00:46:28+00:00","description":"Amlou avec miel is a traditional Moroccan spread made from a rich blend of three main ingredients: argan oil, roasted almonds, and honey. This delightful, creamy mixture has a smooth texture and a sweet, nutty flavor, with the honey adding an extra touch of natural sweetness. The combination of the earthy, rich taste of argan oil and the roasted almonds, enhanced by the sweetness of honey, makes amlou a delicious and nutritious treat. Often enjoyed as a spread on bread or as a dip for fruit, it is also used for its potential health benefits, providing a good source of healthy fats, antioxidants, and vitamins. %","breadcrumb":{"@id":"https:\/\/cooperativetoudarte.com\/product\/amlou-beldi-with-honey\/#breadcrumb"},"inLanguage":"fr-FR","potentialAction":[{"@type":"ReadAction","target":["https:\/\/cooperativetoudarte.com\/product\/amlou-beldi-with-honey\/"]}]},{"@type":"ImageObject","inLanguage":"fr-FR","@id":"https:\/\/cooperativetoudarte.com\/product\/amlou-beldi-with-honey\/#primaryimage","url":"https:\/\/cooperativetoudarte.com\/wp-content\/uploads\/2023\/10\/xamlou-beldi-with-honey-700g.jpg.pagespeed.ic_.Gcdk8dw8qD.webp","contentUrl":"https:\/\/cooperativetoudarte.com\/wp-content\/uploads\/2023\/10\/xamlou-beldi-with-honey-700g.jpg.pagespeed.ic_.Gcdk8dw8qD.webp","width":800,"height":800},{"@type":"BreadcrumbList","@id":"https:\/\/cooperativetoudarte.com\/product\/amlou-beldi-with-honey\/#breadcrumb","itemListElement":[{"@type":"ListItem","position":1,"name":"Home","item":"https:\/\/cooperativetoudarte.com\/"},{"@type":"ListItem","position":2,"name":"Shop","item":"https:\/\/cooperativetoudarte.com\/fr\/shop\/"},{"@type":"ListItem","position":3,"name":"AMLOU BELDI WITH HONEY"}]},{"@type":"WebSite","@id":"https:\/\/cooperativetoudarte.com\/fr\/#website","url":"https:\/\/cooperativetoudarte.com\/fr\/","name":"Coop\u00e9rative Toudarte","description":"High Quality Bio Products","publisher":{"@id":"https:\/\/cooperativetoudarte.com\/fr\/#organization"},"alternateName":"Cooperative Toudarte","potentialAction":[{"@type":"SearchAction","target":{"@type":"EntryPoint","urlTemplate":"https:\/\/cooperativetoudarte.com\/fr\/?s={search_term_string}"},"query-input":{"@type":"PropertyValueSpecification","valueRequired":true,"valueName":"search_term_string"}}],"inLanguage":"fr-FR"},{"@type":["Organization","Place"],"@id":"https:\/\/cooperativetoudarte.com\/fr\/#organization","name":"Coop\u00e9rative Toudarte","alternateName":"Cooperative Toudarte","url":"https:\/\/cooperativetoudarte.com\/fr\/","logo":{"@id":"https:\/\/cooperativetoudarte.com\/product\/amlou-beldi-with-honey\/#local-main-organization-logo"},"image":{"@id":"https:\/\/cooperativetoudarte.com\/product\/amlou-beldi-with-honey\/#local-main-organization-logo"},"sameAs":["https:\/\/www.facebook.com\/cooperative.toudarte\/","https:\/\/x.com\/cooprativetouda","https:\/\/www.instagram.com\/cooperativetoudarte","https:\/\/www.youtube.com\/c\/COOPERATIVETOUDARTE"],"openingHoursSpecification":[{"@type":"OpeningHoursSpecification","dayOfWeek":["Monday","Tuesday","Wednesday","Thursday","Friday","Saturday","Sunday"],"opens":"09:00","closes":"17:00"}]},{"@type":"ImageObject","inLanguage":"fr-FR","@id":"https:\/\/cooperativetoudarte.com\/product\/amlou-beldi-with-honey\/#local-main-organization-logo","url":"https:\/\/cooperativetoudarte.com\/wp-content\/uploads\/2023\/11\/PngLogo-1.png","contentUrl":"https:\/\/cooperativetoudarte.com\/wp-content\/uploads\/2023\/11\/PngLogo-1.png","width":512,"height":512,"caption":"Toudarte Cooperative"}]},"og_availability":"instock","product_availability":"instock","product_condition":"new"},"jetpack_sharing_enabled":true,"_links":{"self":[{"href":"https:\/\/cooperativetoudarte.com\/fr\/wp-json\/wp\/v2\/product\/430","targetHints":{"allow":["GET"]}}],"collection":[{"href":"https:\/\/cooperativetoudarte.com\/fr\/wp-json\/wp\/v2\/product"}],"about":[{"href":"https:\/\/cooperativetoudarte.com\/fr\/wp-json\/wp\/v2\/types\/product"}],"replies":[{"embeddable":true,"href":"https:\/\/cooperativetoudarte.com\/fr\/wp-json\/wp\/v2\/comments?post=430"}],"wp:featuredmedia":[{"embeddable":true,"href":"https:\/\/cooperativetoudarte.com\/fr\/wp-json\/wp\/v2\/media\/431"}],"wp:attachment":[{"href":"https:\/\/cooperativetoudarte.com\/fr\/wp-json\/wp\/v2\/media?parent=430"}],"wp:term":[{"taxonomy":"product_brand","embeddable":true,"href":"https:\/\/cooperativetoudarte.com\/fr\/wp-json\/wp\/v2\/product_brand?post=430"},{"taxonomy":"product_cat","embeddable":true,"href":"https:\/\/cooperativetoudarte.com\/fr\/wp-json\/wp\/v2\/product_cat?post=430"},{"taxonomy":"product_tag","embeddable":true,"href":"https:\/\/cooperativetoudarte.com\/fr\/wp-json\/wp\/v2\/product_tag?post=430"}],"curies":[{"name":"wp","href":"https:\/\/api.w.org\/{rel}","templated":true}]}}