{"id":386,"date":"2023-10-30T09:10:31","date_gmt":"2023-10-30T09:10:31","guid":{"rendered":"https:\/\/cooperativetoudarte.com\/?post_type=product&#038;p=386"},"modified":"2025-11-01T19:20:41","modified_gmt":"2025-11-01T19:20:41","slug":"culinary-argan-oil-500ml-artisanal-production","status":"publish","type":"product","link":"https:\/\/cooperativetoudarte.com\/fr\/produit\/culinary-argan-oil-500ml-artisanal-production\/","title":{"rendered":"HUILE D'ARGAN TRADITIONNELLE, 500ML"},"content":{"rendered":"<div><strong>usage<\/strong>\u00a0: salade, viande, poisson, sandwichs, etc.<\/div>\n<div><\/div>\n<div><strong>Composition:<\/strong>Riche en vitamine E et en graisses ol\u00e9olinol\u00e9iques, l\u2019huile d\u2019argan contient 80% d\u2019acides gras insatur\u00e9s.<\/div>\n<div><\/div>\n<div><strong>B\u00e9n\u00e9fices:<\/strong><\/p>\n<div>\u00a0: L\u2019huile d\u2019argan r\u00e9put\u00e9e pour ses qualit\u00e9s di\u00e9t\u00e9tiques poss\u00e8de \u00e9galement d\u2019importantes vertus di\u00e9t\u00e9tiques et b\u00e9n\u00e9fiques pour le c\u0153ur.<\/div>\n<div>Sa consommation prot\u00e8ge du mauvais cholest\u00e9rol, de l\u2019art\u00e9rioscl\u00e9rose et de l\u2019infarctus du myocarde.<\/div>","protected":false},"excerpt":{"rendered":"<div><strong>Argan Traditionnelle :<\/strong> pure, press\u00e9e \u00e0 froid et \u00e9labor\u00e9e selon des m\u00e9thodes marocaines ancestrales. Riche en saveurs et en nutriments, cette huile dor\u00e9e offre un go\u00fbt prononc\u00e9 de noisette, id\u00e9al pour napper vos plats, tremper votre pain ou rehausser vos recettes traditionnelles. V\u00e9ritable incontournable du patrimoine marocain, elle est \u00e9labor\u00e9e \u00e0 partir d'amandes d'argan torr\u00e9fi\u00e9es \u00e0 100 %.<\/p>","protected":false},"featured_media":387,"comment_status":"open","ping_status":"closed","template":"","meta":{"inline_featured_image":false},"product_brand":[],"product_cat":[32],"product_tag":[],"class_list":{"0":"post-386","1":"product","2":"type-product","3":"status-publish","4":"has-post-thumbnail","6":"product_cat-argan","8":"first","9":"instock","10":"shipping-taxable","11":"purchasable","12":"product-type-simple"},"yoast_head":"<!-- This site is optimized with the Yoast SEO Premium plugin v21.5 (Yoast SEO v27.4) - https:\/\/yoast.com\/product\/yoast-seo-premium-wordpress\/ -->\n<title>Argan traditionnelle Toudarte<\/title>\n<meta name=\"description\" content=\"Argan Traditionnelle* is pure, cold-pressed culinary argan oil crafted using time-honored Moroccan methods. Rich in flavor and nutrients, this golden oil offers a deep, nutty taste perfect for drizzling over dishes, dipping bread, or enhancing traditional recipes. A true staple of Moroccan heritage, made with 100% roasted argan kernels.\" \/>\n<meta name=\"robots\" content=\"index, follow, max-snippet:-1, max-image-preview:large, max-video-preview:-1\" \/>\n<link rel=\"canonical\" href=\"https:\/\/cooperativetoudarte.com\/fr\/produit\/culinary-argan-oil-500ml-artisanal-production\/\" \/>\n<meta property=\"og:locale\" content=\"fr_FR\" \/>\n<meta property=\"og:type\" content=\"article\" \/>\n<meta property=\"og:title\" content=\"CULINARY ARGAN OIL 500ML &quot;ARTISANAL PRODUCTION&quot;\" \/>\n<meta property=\"og:description\" content=\"Argan Traditionnelle* is pure, cold-pressed culinary argan oil crafted using time-honored Moroccan methods. Rich in flavor and nutrients, this golden oil offers a deep, nutty taste perfect for drizzling over dishes, dipping bread, or enhancing traditional recipes. A true staple of Moroccan heritage, made with 100% roasted argan kernels.\" \/>\n<meta property=\"og:url\" content=\"https:\/\/cooperativetoudarte.com\/fr\/produit\/culinary-argan-oil-500ml-artisanal-production\/\" \/>\n<meta property=\"og:site_name\" content=\"Toudarte\" \/>\n<meta property=\"article:publisher\" content=\"https:\/\/www.facebook.com\/cooperative.toudarte\/\" \/>\n<meta property=\"article:modified_time\" content=\"2025-11-01T19:20:41+00:00\" \/>\n<meta property=\"og:image\" content=\"https:\/\/cooperativetoudarte.com\/wp-content\/uploads\/2023\/10\/huile-dargan-non-torrifiee-1.jpg\" \/>\n\t<meta property=\"og:image:width\" content=\"800\" \/>\n\t<meta property=\"og:image:height\" content=\"800\" \/>\n\t<meta property=\"og:image:type\" content=\"image\/jpeg\" \/>\n<meta name=\"twitter:card\" content=\"summary_large_image\" \/>\n<meta name=\"twitter:site\" content=\"@cooprativetouda\" \/>\n<meta name=\"twitter:label1\" content=\"Prix\" \/>\n\t<meta name=\"twitter:data1\" content=\"&#x62f;.&#x645;.345,00\" \/>\n\t<meta name=\"twitter:label2\" content=\"Availability\" \/>\n\t<meta name=\"twitter:data2\" content=\"In stock\" \/>\n<script type=\"application\/ld+json\" class=\"yoast-schema-graph\">{\"@context\":\"https:\\\/\\\/schema.org\",\"@graph\":[{\"@type\":\"WebPage\",\"@id\":\"https:\\\/\\\/cooperativetoudarte.com\\\/product\\\/culinary-argan-oil-500ml-artisanal-production\\\/\",\"url\":\"https:\\\/\\\/cooperativetoudarte.com\\\/product\\\/culinary-argan-oil-500ml-artisanal-production\\\/\",\"name\":\"Argan traditionnelle Toudarte\",\"isPartOf\":{\"@id\":\"https:\\\/\\\/cooperativetoudarte.com\\\/fr\\\/#website\"},\"primaryImageOfPage\":{\"@id\":\"https:\\\/\\\/cooperativetoudarte.com\\\/product\\\/culinary-argan-oil-500ml-artisanal-production\\\/#primaryimage\"},\"image\":{\"@id\":\"https:\\\/\\\/cooperativetoudarte.com\\\/product\\\/culinary-argan-oil-500ml-artisanal-production\\\/#primaryimage\"},\"thumbnailUrl\":\"https:\\\/\\\/cooperativetoudarte.com\\\/wp-content\\\/uploads\\\/2023\\\/10\\\/huile-dargan-non-torrifiee-1.jpg\",\"datePublished\":\"2023-10-30T09:10:31+00:00\",\"dateModified\":\"2025-11-01T19:20:41+00:00\",\"description\":\"Argan Traditionnelle* is pure, cold-pressed culinary argan oil crafted using time-honored Moroccan methods. Rich in flavor and nutrients, this golden oil offers a deep, nutty taste perfect for drizzling over dishes, dipping bread, or enhancing traditional recipes. A true staple of Moroccan heritage, made with 100% roasted argan kernels.\",\"breadcrumb\":{\"@id\":\"https:\\\/\\\/cooperativetoudarte.com\\\/product\\\/culinary-argan-oil-500ml-artisanal-production\\\/#breadcrumb\"},\"inLanguage\":\"fr-FR\",\"potentialAction\":[{\"@type\":\"ReadAction\",\"target\":[\"https:\\\/\\\/cooperativetoudarte.com\\\/product\\\/culinary-argan-oil-500ml-artisanal-production\\\/\"]}]},{\"@type\":\"ImageObject\",\"inLanguage\":\"fr-FR\",\"@id\":\"https:\\\/\\\/cooperativetoudarte.com\\\/product\\\/culinary-argan-oil-500ml-artisanal-production\\\/#primaryimage\",\"url\":\"https:\\\/\\\/cooperativetoudarte.com\\\/wp-content\\\/uploads\\\/2023\\\/10\\\/huile-dargan-non-torrifiee-1.jpg\",\"contentUrl\":\"https:\\\/\\\/cooperativetoudarte.com\\\/wp-content\\\/uploads\\\/2023\\\/10\\\/huile-dargan-non-torrifiee-1.jpg\",\"width\":800,\"height\":800},{\"@type\":\"BreadcrumbList\",\"@id\":\"https:\\\/\\\/cooperativetoudarte.com\\\/product\\\/culinary-argan-oil-500ml-artisanal-production\\\/#breadcrumb\",\"itemListElement\":[{\"@type\":\"ListItem\",\"position\":1,\"name\":\"Home\",\"item\":\"https:\\\/\\\/cooperativetoudarte.com\\\/\"},{\"@type\":\"ListItem\",\"position\":2,\"name\":\"Shop\",\"item\":\"https:\\\/\\\/cooperativetoudarte.com\\\/fr\\\/shop\\\/\"},{\"@type\":\"ListItem\",\"position\":3,\"name\":\"CULINARY ARGAN OIL 500ML &#8220;ARTISANAL PRODUCTION&#8221;\"}]},{\"@type\":\"WebSite\",\"@id\":\"https:\\\/\\\/cooperativetoudarte.com\\\/fr\\\/#website\",\"url\":\"https:\\\/\\\/cooperativetoudarte.com\\\/fr\\\/\",\"name\":\"Toudarte Cooperative\",\"description\":\"High Quality Bio Products\",\"publisher\":{\"@id\":\"https:\\\/\\\/cooperativetoudarte.com\\\/fr\\\/#organization\"},\"alternateName\":\"Cooperative Toudarte\",\"potentialAction\":[{\"@type\":\"SearchAction\",\"target\":{\"@type\":\"EntryPoint\",\"urlTemplate\":\"https:\\\/\\\/cooperativetoudarte.com\\\/fr\\\/?s={search_term_string}\"},\"query-input\":{\"@type\":\"PropertyValueSpecification\",\"valueRequired\":true,\"valueName\":\"search_term_string\"}}],\"inLanguage\":\"fr-FR\"},{\"@type\":[\"Organization\",\"Place\"],\"@id\":\"https:\\\/\\\/cooperativetoudarte.com\\\/fr\\\/#organization\",\"name\":\"Toudarte Cooperative\",\"alternateName\":\"Cooperative Toudarte\",\"url\":\"https:\\\/\\\/cooperativetoudarte.com\\\/fr\\\/\",\"logo\":{\"@id\":\"https:\\\/\\\/cooperativetoudarte.com\\\/product\\\/culinary-argan-oil-500ml-artisanal-production\\\/#local-main-organization-logo\"},\"image\":{\"@id\":\"https:\\\/\\\/cooperativetoudarte.com\\\/product\\\/culinary-argan-oil-500ml-artisanal-production\\\/#local-main-organization-logo\"},\"sameAs\":[\"https:\\\/\\\/www.facebook.com\\\/cooperative.toudarte\\\/\",\"https:\\\/\\\/x.com\\\/cooprativetouda\",\"https:\\\/\\\/www.instagram.com\\\/cooperativetoudarte\",\"https:\\\/\\\/www.youtube.com\\\/c\\\/COOPERATIVETOUDARTE\"],\"openingHoursSpecification\":[{\"@type\":\"OpeningHoursSpecification\",\"dayOfWeek\":[\"Monday\",\"Tuesday\",\"Wednesday\",\"Thursday\",\"Friday\",\"Saturday\",\"Sunday\"],\"opens\":\"09:00\",\"closes\":\"17:00\"}]},{\"@type\":\"ImageObject\",\"inLanguage\":\"fr-FR\",\"@id\":\"https:\\\/\\\/cooperativetoudarte.com\\\/product\\\/culinary-argan-oil-500ml-artisanal-production\\\/#local-main-organization-logo\",\"url\":\"https:\\\/\\\/cooperativetoudarte.com\\\/wp-content\\\/uploads\\\/2023\\\/11\\\/PngLogo-1.png\",\"contentUrl\":\"https:\\\/\\\/cooperativetoudarte.com\\\/wp-content\\\/uploads\\\/2023\\\/11\\\/PngLogo-1.png\",\"width\":512,\"height\":512,\"caption\":\"Toudarte Cooperative\"}]}<\/script>\n<meta property=\"product:price:amount\" content=\"345.00\" \/>\n<meta property=\"product:price:currency\" content=\"MAD\" \/>\n<meta property=\"og:availability\" content=\"instock\" \/>\n<meta property=\"product:availability\" content=\"instock\" \/>\n<meta property=\"product:condition\" content=\"new\" \/>\n<!-- \/ Yoast SEO Premium plugin. -->","yoast_head_json":{"title":"Argan traditionnelle Toudarte","description":"Argan Traditionnelle* is pure, cold-pressed culinary argan oil crafted using time-honored Moroccan methods. Rich in flavor and nutrients, this golden oil offers a deep, nutty taste perfect for drizzling over dishes, dipping bread, or enhancing traditional recipes. A true staple of Moroccan heritage, made with 100% roasted argan kernels.","robots":{"index":"index","follow":"follow","max-snippet":"max-snippet:-1","max-image-preview":"max-image-preview:large","max-video-preview":"max-video-preview:-1"},"canonical":"https:\/\/cooperativetoudarte.com\/fr\/produit\/culinary-argan-oil-500ml-artisanal-production\/","og_locale":"fr_FR","og_type":"article","og_title":"CULINARY ARGAN OIL 500ML \"ARTISANAL PRODUCTION\"","og_description":"Argan Traditionnelle* is pure, cold-pressed culinary argan oil crafted using time-honored Moroccan methods. Rich in flavor and nutrients, this golden oil offers a deep, nutty taste perfect for drizzling over dishes, dipping bread, or enhancing traditional recipes. A true staple of Moroccan heritage, made with 100% roasted argan kernels.","og_url":"https:\/\/cooperativetoudarte.com\/fr\/produit\/culinary-argan-oil-500ml-artisanal-production\/","og_site_name":"Toudarte","article_publisher":"https:\/\/www.facebook.com\/cooperative.toudarte\/","article_modified_time":"2025-11-01T19:20:41+00:00","og_image":[{"width":800,"height":800,"url":"https:\/\/cooperativetoudarte.com\/wp-content\/uploads\/2023\/10\/huile-dargan-non-torrifiee-1.jpg","type":"image\/jpeg"}],"twitter_card":"summary_large_image","twitter_site":"@cooprativetouda","twitter_misc":{"Prix":"&#x62f;.&#x645;.345,00","Availability":"In stock"},"schema":{"@context":"https:\/\/schema.org","@graph":[{"@type":"WebPage","@id":"https:\/\/cooperativetoudarte.com\/product\/culinary-argan-oil-500ml-artisanal-production\/","url":"https:\/\/cooperativetoudarte.com\/product\/culinary-argan-oil-500ml-artisanal-production\/","name":"Argan traditionnelle Toudarte","isPartOf":{"@id":"https:\/\/cooperativetoudarte.com\/fr\/#website"},"primaryImageOfPage":{"@id":"https:\/\/cooperativetoudarte.com\/product\/culinary-argan-oil-500ml-artisanal-production\/#primaryimage"},"image":{"@id":"https:\/\/cooperativetoudarte.com\/product\/culinary-argan-oil-500ml-artisanal-production\/#primaryimage"},"thumbnailUrl":"https:\/\/cooperativetoudarte.com\/wp-content\/uploads\/2023\/10\/huile-dargan-non-torrifiee-1.jpg","datePublished":"2023-10-30T09:10:31+00:00","dateModified":"2025-11-01T19:20:41+00:00","description":"Argan Traditionnelle* is pure, cold-pressed culinary argan oil crafted using time-honored Moroccan methods. Rich in flavor and nutrients, this golden oil offers a deep, nutty taste perfect for drizzling over dishes, dipping bread, or enhancing traditional recipes. A true staple of Moroccan heritage, made with 100% roasted argan kernels.","breadcrumb":{"@id":"https:\/\/cooperativetoudarte.com\/product\/culinary-argan-oil-500ml-artisanal-production\/#breadcrumb"},"inLanguage":"fr-FR","potentialAction":[{"@type":"ReadAction","target":["https:\/\/cooperativetoudarte.com\/product\/culinary-argan-oil-500ml-artisanal-production\/"]}]},{"@type":"ImageObject","inLanguage":"fr-FR","@id":"https:\/\/cooperativetoudarte.com\/product\/culinary-argan-oil-500ml-artisanal-production\/#primaryimage","url":"https:\/\/cooperativetoudarte.com\/wp-content\/uploads\/2023\/10\/huile-dargan-non-torrifiee-1.jpg","contentUrl":"https:\/\/cooperativetoudarte.com\/wp-content\/uploads\/2023\/10\/huile-dargan-non-torrifiee-1.jpg","width":800,"height":800},{"@type":"BreadcrumbList","@id":"https:\/\/cooperativetoudarte.com\/product\/culinary-argan-oil-500ml-artisanal-production\/#breadcrumb","itemListElement":[{"@type":"ListItem","position":1,"name":"Home","item":"https:\/\/cooperativetoudarte.com\/"},{"@type":"ListItem","position":2,"name":"Shop","item":"https:\/\/cooperativetoudarte.com\/fr\/shop\/"},{"@type":"ListItem","position":3,"name":"CULINARY ARGAN OIL 500ML &#8220;ARTISANAL PRODUCTION&#8221;"}]},{"@type":"WebSite","@id":"https:\/\/cooperativetoudarte.com\/fr\/#website","url":"https:\/\/cooperativetoudarte.com\/fr\/","name":"Coop\u00e9rative Toudarte","description":"High Quality Bio Products","publisher":{"@id":"https:\/\/cooperativetoudarte.com\/fr\/#organization"},"alternateName":"Cooperative Toudarte","potentialAction":[{"@type":"SearchAction","target":{"@type":"EntryPoint","urlTemplate":"https:\/\/cooperativetoudarte.com\/fr\/?s={search_term_string}"},"query-input":{"@type":"PropertyValueSpecification","valueRequired":true,"valueName":"search_term_string"}}],"inLanguage":"fr-FR"},{"@type":["Organization","Place"],"@id":"https:\/\/cooperativetoudarte.com\/fr\/#organization","name":"Coop\u00e9rative Toudarte","alternateName":"Cooperative Toudarte","url":"https:\/\/cooperativetoudarte.com\/fr\/","logo":{"@id":"https:\/\/cooperativetoudarte.com\/product\/culinary-argan-oil-500ml-artisanal-production\/#local-main-organization-logo"},"image":{"@id":"https:\/\/cooperativetoudarte.com\/product\/culinary-argan-oil-500ml-artisanal-production\/#local-main-organization-logo"},"sameAs":["https:\/\/www.facebook.com\/cooperative.toudarte\/","https:\/\/x.com\/cooprativetouda","https:\/\/www.instagram.com\/cooperativetoudarte","https:\/\/www.youtube.com\/c\/COOPERATIVETOUDARTE"],"openingHoursSpecification":[{"@type":"OpeningHoursSpecification","dayOfWeek":["Monday","Tuesday","Wednesday","Thursday","Friday","Saturday","Sunday"],"opens":"09:00","closes":"17:00"}]},{"@type":"ImageObject","inLanguage":"fr-FR","@id":"https:\/\/cooperativetoudarte.com\/product\/culinary-argan-oil-500ml-artisanal-production\/#local-main-organization-logo","url":"https:\/\/cooperativetoudarte.com\/wp-content\/uploads\/2023\/11\/PngLogo-1.png","contentUrl":"https:\/\/cooperativetoudarte.com\/wp-content\/uploads\/2023\/11\/PngLogo-1.png","width":512,"height":512,"caption":"Toudarte Cooperative"}]},"product_price_amount":"345.00","product_price_currency":"MAD","og_availability":"instock","product_availability":"instock","product_condition":"new"},"jetpack_sharing_enabled":true,"_links":{"self":[{"href":"https:\/\/cooperativetoudarte.com\/fr\/wp-json\/wp\/v2\/product\/386","targetHints":{"allow":["GET"]}}],"collection":[{"href":"https:\/\/cooperativetoudarte.com\/fr\/wp-json\/wp\/v2\/product"}],"about":[{"href":"https:\/\/cooperativetoudarte.com\/fr\/wp-json\/wp\/v2\/types\/product"}],"replies":[{"embeddable":true,"href":"https:\/\/cooperativetoudarte.com\/fr\/wp-json\/wp\/v2\/comments?post=386"}],"wp:featuredmedia":[{"embeddable":true,"href":"https:\/\/cooperativetoudarte.com\/fr\/wp-json\/wp\/v2\/media\/387"}],"wp:attachment":[{"href":"https:\/\/cooperativetoudarte.com\/fr\/wp-json\/wp\/v2\/media?parent=386"}],"wp:term":[{"taxonomy":"product_brand","embeddable":true,"href":"https:\/\/cooperativetoudarte.com\/fr\/wp-json\/wp\/v2\/product_brand?post=386"},{"taxonomy":"product_cat","embeddable":true,"href":"https:\/\/cooperativetoudarte.com\/fr\/wp-json\/wp\/v2\/product_cat?post=386"},{"taxonomy":"product_tag","embeddable":true,"href":"https:\/\/cooperativetoudarte.com\/fr\/wp-json\/wp\/v2\/product_tag?post=386"}],"curies":[{"name":"wp","href":"https:\/\/api.w.org\/{rel}","templated":true}]}}