{"id":369,"date":"2023-10-29T19:55:51","date_gmt":"2023-10-29T19:55:51","guid":{"rendered":"https:\/\/cooperativetoudarte.com\/?post_type=product&#038;p=369"},"modified":"2025-11-01T17:33:01","modified_gmt":"2025-11-01T17:33:01","slug":"organic-argan-oil-for-use-cosmetics-250ml-glass-bottle","status":"publish","type":"product","link":"https:\/\/cooperativetoudarte.com\/fr\/produit\/organic-argan-oil-for-use-cosmetics-250ml-glass-bottle\/","title":{"rendered":"HUILE D\u2019ARGAN BIO POUR USAGE COSM\u00c9TIQUES BOUTEILLE EN VERRE 250ML"},"content":{"rendered":"<ul>\n<li><strong>Traitements visage et corps<\/strong><br \/>\nIl pr\u00e9serve l\u2019hydratation de la peau et poss\u00e8de des propri\u00e9t\u00e9s adoucissantes. Sa teneur \u00e9lev\u00e9e en vitamine E et en divers acides gras en font le produit de soin parfait pour la peau. Il est rapidement absorb\u00e9 et peut donc \u00e9galement \u00eatre utilis\u00e9 dans les soins du visage.<\/li>\n<li><strong>conditionneur<\/strong><br \/>\nL\u2019huile d\u2019argan rend les cheveux plus doux et plus brillants. Elle est id\u00e9ale comme revitalisant, en particulier pour pr\u00e9venir les pointes fourchues.<\/li>\n<li><strong>produit coiffant<\/strong><br \/>\nL\u2019huile d\u2019argan est souvent utilis\u00e9e pour les coiffures car elle apprivoise et lisse les cheveux, tout en leur donnant une brillance saine. Il suffit de verser quelques gouttes d\u2019huile dans vos paumes, de les frotter ensemble et de passer votre main \u00e0 travers les cheveux, de mani\u00e8re \u00e0 les \u00ab\u00a0peigner\u00a0\u00bb avec vos doigts.<\/li>\n<li><strong>traitement anti-\u00e2ge<\/strong><br \/>\nAppliqu\u00e9e r\u00e9guli\u00e8rement, l\u2019huile d\u2019argan r\u00e9duit les rides car elle hydrate la peau. Ses antioxydants en font un traitement anti-\u00e2ge parfait. Il am\u00e9liore \u00e9galement l\u2019\u00e9lasticit\u00e9 de la peau. Il suffit de masser quelques gouttes d\u2019huile le soir sur tout le visage.<\/li>\n<li><strong>pour les peaux s\u00e8ches<\/strong><br \/>\nLes personnes ayant la peau s\u00e8che et sujettes aux probl\u00e8mes associ\u00e9s \u2013 comme les d\u00e9mangeaisons \u2013 peuvent profiter des bienfaits de l\u2019huile d\u2019argan. La vitamine E et les acides gras r\u00e9parent et nourrissent la peau endommag\u00e9e, emp\u00eachant la s\u00e9cheresse.<\/li>\n<li><strong>en cas d'acn\u00e9<\/strong><br \/>\nL\u2019huile d\u2019argan apaise la peau et l\u2019aide \u00e0 gu\u00e9rir. L\u2019acn\u00e9 est souvent le r\u00e9sultat d\u2019une peau grasse. L\u2019huile d\u2019argan n\u2019ayant aucune action lubrifiante, elle aide la peau \u00e0 retrouver son \u00e9quilibre naturel, tout en l\u2019hydratant naturellement. Ses ingr\u00e9dients antioxydants aident \u00e0 r\u00e9parer les cellules endommag\u00e9es de la peau. Il suffit d\u2019appliquer un peu d\u2019huile sur une peau propre et s\u00e8che le matin au r\u00e9veil et le soir avant de se coucher.<\/li>\n<li><strong>Soins des mains, des pieds et des ongles<\/strong><br \/>\nLes propri\u00e9t\u00e9s adoucissantes de l\u2019huile sont id\u00e9ales pour les ongles cassants, les mains s\u00e8ches et la peau rugueuse sur vos pieds. L\u2019huile nourrit, hydrate et adoucit la peau, tout en tonifiant les ongles. Quelques gouttes d\u2019huile pour masser sur ces zones avant d\u2019aller au lit suffisent.<\/li>\n<li><strong>baume \u00e0 l\u00e8vres<\/strong><br \/>\nL\u2019huile d\u2019argan est \u00e9galement un soin merveilleux pour les l\u00e8vres. Une ou deux gouttes suffisent pour un massage des l\u00e8vres \u2013 essuyez l\u2019exc\u00e8s si n\u00e9cessaire. Il adoucit et gu\u00e9rit parfaitement les l\u00e8vres gerc\u00e9es, surtout en hiver!<\/li>\n<\/ul>","protected":false},"excerpt":{"rendered":"<div><strong>Organic argan oil for use cosmetics<\/strong>:Rich in essential fatty acids, antioxidants, and vitamin E, our 100% pure organic argan oil is a natural elixir for radiant skin, silky hair, and strong nails. Cold-pressed from the kernels of the Moroccan argan tree, this golden oil deeply hydrates, restores elasticity, and helps reduce the appearance of fine lines, scars, and split ends. Free from additives, preservatives, and fragrances\u2014just pure, nutrient-rich nourishment straight from nature.\n<\/div>","protected":false},"featured_media":370,"comment_status":"open","ping_status":"closed","template":"","meta":{"inline_featured_image":false},"product_brand":[],"product_cat":[35],"product_tag":[57],"class_list":{"0":"post-369","1":"product","2":"type-product","3":"status-publish","4":"has-post-thumbnail","6":"product_cat-cosmetic-argan-oil","7":"product_tag-beauty-argan","9":"first","10":"instock","11":"shipping-taxable","12":"purchasable","13":"product-type-simple"},"yoast_head":"<!-- This site is optimized with the Yoast SEO Premium plugin v21.5 (Yoast SEO v27.3) - https:\/\/yoast.com\/product\/yoast-seo-premium-wordpress\/ -->\n<title>Organic-argan-oil- Toudarte<\/title>\n<meta name=\"description\" content=\"Rich in essential fatty acids, antioxidants, and vitamin E, our 100% pure organic argan oil is a natural elixir for radiant skin, silky hair, and strong nails. Cold-pressed from the kernels of the Moroccan argan tree, this golden oil deeply hydrates, restores elasticity, and helps reduce the appearance of fine lines, scars, and split ends. Free from additives, preservatives, and fragrances\u2014just pure, nutrient-rich nourishment straight from nature.\" \/>\n<meta name=\"robots\" content=\"index, follow, max-snippet:-1, max-image-preview:large, max-video-preview:-1\" \/>\n<link rel=\"canonical\" href=\"https:\/\/cooperativetoudarte.com\/fr\/produit\/organic-argan-oil-for-use-cosmetics-250ml-glass-bottle\/\" \/>\n<meta property=\"og:locale\" content=\"fr_FR\" \/>\n<meta property=\"og:type\" content=\"article\" \/>\n<meta property=\"og:title\" content=\"ORGANIC ARGAN OIL FOR USE COSM\u00c9TICS 250ML GLASS BOTTLE\" \/>\n<meta property=\"og:description\" content=\"Rich in essential fatty acids, antioxidants, and vitamin E, our 100% pure organic argan oil is a natural elixir for radiant skin, silky hair, and strong nails. Cold-pressed from the kernels of the Moroccan argan tree, this golden oil deeply hydrates, restores elasticity, and helps reduce the appearance of fine lines, scars, and split ends. Free from additives, preservatives, and fragrances\u2014just pure, nutrient-rich nourishment straight from nature.\" \/>\n<meta property=\"og:url\" content=\"https:\/\/cooperativetoudarte.com\/fr\/produit\/organic-argan-oil-for-use-cosmetics-250ml-glass-bottle\/\" \/>\n<meta property=\"og:site_name\" content=\"Toudarte\" \/>\n<meta property=\"article:publisher\" content=\"https:\/\/www.facebook.com\/cooperative.toudarte\/\" \/>\n<meta property=\"article:modified_time\" content=\"2025-11-01T17:33:01+00:00\" \/>\n<meta property=\"og:image\" content=\"https:\/\/cooperativetoudarte.com\/wp-content\/uploads\/2023\/10\/unroasted-argan-oil-in-glass-v1.jpg\" \/>\n\t<meta property=\"og:image:width\" content=\"800\" \/>\n\t<meta property=\"og:image:height\" content=\"800\" \/>\n\t<meta property=\"og:image:type\" content=\"image\/jpeg\" \/>\n<meta name=\"twitter:card\" content=\"summary_large_image\" \/>\n<meta name=\"twitter:site\" content=\"@cooprativetouda\" \/>\n<meta name=\"twitter:label1\" content=\"Prix\" \/>\n\t<meta name=\"twitter:data1\" content=\"&#x62f;.&#x645;.180,00\" \/>\n\t<meta name=\"twitter:label2\" content=\"Availability\" \/>\n\t<meta name=\"twitter:data2\" content=\"In stock\" \/>\n<script type=\"application\/ld+json\" class=\"yoast-schema-graph\">{\"@context\":\"https:\\\/\\\/schema.org\",\"@graph\":[{\"@type\":\"WebPage\",\"@id\":\"https:\\\/\\\/cooperativetoudarte.com\\\/product\\\/organic-argan-oil-for-use-cosmetics-250ml-glass-bottle\\\/\",\"url\":\"https:\\\/\\\/cooperativetoudarte.com\\\/product\\\/organic-argan-oil-for-use-cosmetics-250ml-glass-bottle\\\/\",\"name\":\"Organic-argan-oil- Toudarte\",\"isPartOf\":{\"@id\":\"https:\\\/\\\/cooperativetoudarte.com\\\/fr\\\/#website\"},\"primaryImageOfPage\":{\"@id\":\"https:\\\/\\\/cooperativetoudarte.com\\\/product\\\/organic-argan-oil-for-use-cosmetics-250ml-glass-bottle\\\/#primaryimage\"},\"image\":{\"@id\":\"https:\\\/\\\/cooperativetoudarte.com\\\/product\\\/organic-argan-oil-for-use-cosmetics-250ml-glass-bottle\\\/#primaryimage\"},\"thumbnailUrl\":\"https:\\\/\\\/cooperativetoudarte.com\\\/wp-content\\\/uploads\\\/2023\\\/10\\\/unroasted-argan-oil-in-glass-v1.jpg\",\"datePublished\":\"2023-10-29T19:55:51+00:00\",\"dateModified\":\"2025-11-01T17:33:01+00:00\",\"description\":\"Rich in essential fatty acids, antioxidants, and vitamin E, our 100% pure organic argan oil is a natural elixir for radiant skin, silky hair, and strong nails. Cold-pressed from the kernels of the Moroccan argan tree, this golden oil deeply hydrates, restores elasticity, and helps reduce the appearance of fine lines, scars, and split ends. Free from additives, preservatives, and fragrances\u2014just pure, nutrient-rich nourishment straight from nature.\",\"breadcrumb\":{\"@id\":\"https:\\\/\\\/cooperativetoudarte.com\\\/product\\\/organic-argan-oil-for-use-cosmetics-250ml-glass-bottle\\\/#breadcrumb\"},\"inLanguage\":\"fr-FR\",\"potentialAction\":[{\"@type\":\"ReadAction\",\"target\":[\"https:\\\/\\\/cooperativetoudarte.com\\\/product\\\/organic-argan-oil-for-use-cosmetics-250ml-glass-bottle\\\/\"]}]},{\"@type\":\"ImageObject\",\"inLanguage\":\"fr-FR\",\"@id\":\"https:\\\/\\\/cooperativetoudarte.com\\\/product\\\/organic-argan-oil-for-use-cosmetics-250ml-glass-bottle\\\/#primaryimage\",\"url\":\"https:\\\/\\\/cooperativetoudarte.com\\\/wp-content\\\/uploads\\\/2023\\\/10\\\/unroasted-argan-oil-in-glass-v1.jpg\",\"contentUrl\":\"https:\\\/\\\/cooperativetoudarte.com\\\/wp-content\\\/uploads\\\/2023\\\/10\\\/unroasted-argan-oil-in-glass-v1.jpg\",\"width\":800,\"height\":800},{\"@type\":\"BreadcrumbList\",\"@id\":\"https:\\\/\\\/cooperativetoudarte.com\\\/product\\\/organic-argan-oil-for-use-cosmetics-250ml-glass-bottle\\\/#breadcrumb\",\"itemListElement\":[{\"@type\":\"ListItem\",\"position\":1,\"name\":\"Home\",\"item\":\"https:\\\/\\\/cooperativetoudarte.com\\\/\"},{\"@type\":\"ListItem\",\"position\":2,\"name\":\"Shop\",\"item\":\"https:\\\/\\\/cooperativetoudarte.com\\\/fr\\\/shop\\\/\"},{\"@type\":\"ListItem\",\"position\":3,\"name\":\"ORGANIC ARGAN OIL FOR USE COSM\u00c9TICS 250ML GLASS BOTTLE\"}]},{\"@type\":\"WebSite\",\"@id\":\"https:\\\/\\\/cooperativetoudarte.com\\\/fr\\\/#website\",\"url\":\"https:\\\/\\\/cooperativetoudarte.com\\\/fr\\\/\",\"name\":\"Toudarte Cooperative\",\"description\":\"High Quality Bio Products\",\"publisher\":{\"@id\":\"https:\\\/\\\/cooperativetoudarte.com\\\/fr\\\/#organization\"},\"alternateName\":\"Cooperative Toudarte\",\"potentialAction\":[{\"@type\":\"SearchAction\",\"target\":{\"@type\":\"EntryPoint\",\"urlTemplate\":\"https:\\\/\\\/cooperativetoudarte.com\\\/fr\\\/?s={search_term_string}\"},\"query-input\":{\"@type\":\"PropertyValueSpecification\",\"valueRequired\":true,\"valueName\":\"search_term_string\"}}],\"inLanguage\":\"fr-FR\"},{\"@type\":[\"Organization\",\"Place\"],\"@id\":\"https:\\\/\\\/cooperativetoudarte.com\\\/fr\\\/#organization\",\"name\":\"Toudarte Cooperative\",\"alternateName\":\"Cooperative Toudarte\",\"url\":\"https:\\\/\\\/cooperativetoudarte.com\\\/fr\\\/\",\"logo\":{\"@id\":\"https:\\\/\\\/cooperativetoudarte.com\\\/product\\\/organic-argan-oil-for-use-cosmetics-250ml-glass-bottle\\\/#local-main-organization-logo\"},\"image\":{\"@id\":\"https:\\\/\\\/cooperativetoudarte.com\\\/product\\\/organic-argan-oil-for-use-cosmetics-250ml-glass-bottle\\\/#local-main-organization-logo\"},\"sameAs\":[\"https:\\\/\\\/www.facebook.com\\\/cooperative.toudarte\\\/\",\"https:\\\/\\\/x.com\\\/cooprativetouda\",\"https:\\\/\\\/www.instagram.com\\\/cooperativetoudarte\",\"https:\\\/\\\/www.youtube.com\\\/c\\\/COOPERATIVETOUDARTE\"],\"openingHoursSpecification\":[{\"@type\":\"OpeningHoursSpecification\",\"dayOfWeek\":[\"Monday\",\"Tuesday\",\"Wednesday\",\"Thursday\",\"Friday\",\"Saturday\",\"Sunday\"],\"opens\":\"09:00\",\"closes\":\"17:00\"}]},{\"@type\":\"ImageObject\",\"inLanguage\":\"fr-FR\",\"@id\":\"https:\\\/\\\/cooperativetoudarte.com\\\/product\\\/organic-argan-oil-for-use-cosmetics-250ml-glass-bottle\\\/#local-main-organization-logo\",\"url\":\"https:\\\/\\\/cooperativetoudarte.com\\\/wp-content\\\/uploads\\\/2023\\\/11\\\/PngLogo-1.png\",\"contentUrl\":\"https:\\\/\\\/cooperativetoudarte.com\\\/wp-content\\\/uploads\\\/2023\\\/11\\\/PngLogo-1.png\",\"width\":512,\"height\":512,\"caption\":\"Toudarte Cooperative\"}]}<\/script>\n<meta property=\"product:price:amount\" content=\"180.00\" \/>\n<meta property=\"product:price:currency\" content=\"MAD\" \/>\n<meta property=\"og:availability\" content=\"instock\" \/>\n<meta property=\"product:availability\" content=\"instock\" \/>\n<meta property=\"product:condition\" content=\"new\" \/>\n<!-- \/ Yoast SEO Premium plugin. -->","yoast_head_json":{"title":"Organic-argan-oil- Toudarte","description":"Rich in essential fatty acids, antioxidants, and vitamin E, our 100% pure organic argan oil is a natural elixir for radiant skin, silky hair, and strong nails. Cold-pressed from the kernels of the Moroccan argan tree, this golden oil deeply hydrates, restores elasticity, and helps reduce the appearance of fine lines, scars, and split ends. Free from additives, preservatives, and fragrances\u2014just pure, nutrient-rich nourishment straight from nature.","robots":{"index":"index","follow":"follow","max-snippet":"max-snippet:-1","max-image-preview":"max-image-preview:large","max-video-preview":"max-video-preview:-1"},"canonical":"https:\/\/cooperativetoudarte.com\/fr\/produit\/organic-argan-oil-for-use-cosmetics-250ml-glass-bottle\/","og_locale":"fr_FR","og_type":"article","og_title":"ORGANIC ARGAN OIL FOR USE COSM\u00c9TICS 250ML GLASS BOTTLE","og_description":"Rich in essential fatty acids, antioxidants, and vitamin E, our 100% pure organic argan oil is a natural elixir for radiant skin, silky hair, and strong nails. Cold-pressed from the kernels of the Moroccan argan tree, this golden oil deeply hydrates, restores elasticity, and helps reduce the appearance of fine lines, scars, and split ends. Free from additives, preservatives, and fragrances\u2014just pure, nutrient-rich nourishment straight from nature.","og_url":"https:\/\/cooperativetoudarte.com\/fr\/produit\/organic-argan-oil-for-use-cosmetics-250ml-glass-bottle\/","og_site_name":"Toudarte","article_publisher":"https:\/\/www.facebook.com\/cooperative.toudarte\/","article_modified_time":"2025-11-01T17:33:01+00:00","og_image":[{"width":800,"height":800,"url":"https:\/\/cooperativetoudarte.com\/wp-content\/uploads\/2023\/10\/unroasted-argan-oil-in-glass-v1.jpg","type":"image\/jpeg"}],"twitter_card":"summary_large_image","twitter_site":"@cooprativetouda","twitter_misc":{"Prix":"&#x62f;.&#x645;.180,00","Availability":"In stock"},"schema":{"@context":"https:\/\/schema.org","@graph":[{"@type":"WebPage","@id":"https:\/\/cooperativetoudarte.com\/product\/organic-argan-oil-for-use-cosmetics-250ml-glass-bottle\/","url":"https:\/\/cooperativetoudarte.com\/product\/organic-argan-oil-for-use-cosmetics-250ml-glass-bottle\/","name":"Organic-argan-oil- Toudarte","isPartOf":{"@id":"https:\/\/cooperativetoudarte.com\/fr\/#website"},"primaryImageOfPage":{"@id":"https:\/\/cooperativetoudarte.com\/product\/organic-argan-oil-for-use-cosmetics-250ml-glass-bottle\/#primaryimage"},"image":{"@id":"https:\/\/cooperativetoudarte.com\/product\/organic-argan-oil-for-use-cosmetics-250ml-glass-bottle\/#primaryimage"},"thumbnailUrl":"https:\/\/cooperativetoudarte.com\/wp-content\/uploads\/2023\/10\/unroasted-argan-oil-in-glass-v1.jpg","datePublished":"2023-10-29T19:55:51+00:00","dateModified":"2025-11-01T17:33:01+00:00","description":"Rich in essential fatty acids, antioxidants, and vitamin E, our 100% pure organic argan oil is a natural elixir for radiant skin, silky hair, and strong nails. Cold-pressed from the kernels of the Moroccan argan tree, this golden oil deeply hydrates, restores elasticity, and helps reduce the appearance of fine lines, scars, and split ends. Free from additives, preservatives, and fragrances\u2014just pure, nutrient-rich nourishment straight from nature.","breadcrumb":{"@id":"https:\/\/cooperativetoudarte.com\/product\/organic-argan-oil-for-use-cosmetics-250ml-glass-bottle\/#breadcrumb"},"inLanguage":"fr-FR","potentialAction":[{"@type":"ReadAction","target":["https:\/\/cooperativetoudarte.com\/product\/organic-argan-oil-for-use-cosmetics-250ml-glass-bottle\/"]}]},{"@type":"ImageObject","inLanguage":"fr-FR","@id":"https:\/\/cooperativetoudarte.com\/product\/organic-argan-oil-for-use-cosmetics-250ml-glass-bottle\/#primaryimage","url":"https:\/\/cooperativetoudarte.com\/wp-content\/uploads\/2023\/10\/unroasted-argan-oil-in-glass-v1.jpg","contentUrl":"https:\/\/cooperativetoudarte.com\/wp-content\/uploads\/2023\/10\/unroasted-argan-oil-in-glass-v1.jpg","width":800,"height":800},{"@type":"BreadcrumbList","@id":"https:\/\/cooperativetoudarte.com\/product\/organic-argan-oil-for-use-cosmetics-250ml-glass-bottle\/#breadcrumb","itemListElement":[{"@type":"ListItem","position":1,"name":"Home","item":"https:\/\/cooperativetoudarte.com\/"},{"@type":"ListItem","position":2,"name":"Shop","item":"https:\/\/cooperativetoudarte.com\/fr\/shop\/"},{"@type":"ListItem","position":3,"name":"ORGANIC ARGAN OIL FOR USE COSM\u00c9TICS 250ML GLASS BOTTLE"}]},{"@type":"WebSite","@id":"https:\/\/cooperativetoudarte.com\/fr\/#website","url":"https:\/\/cooperativetoudarte.com\/fr\/","name":"Coop\u00e9rative Toudarte","description":"High Quality Bio Products","publisher":{"@id":"https:\/\/cooperativetoudarte.com\/fr\/#organization"},"alternateName":"Cooperative Toudarte","potentialAction":[{"@type":"SearchAction","target":{"@type":"EntryPoint","urlTemplate":"https:\/\/cooperativetoudarte.com\/fr\/?s={search_term_string}"},"query-input":{"@type":"PropertyValueSpecification","valueRequired":true,"valueName":"search_term_string"}}],"inLanguage":"fr-FR"},{"@type":["Organization","Place"],"@id":"https:\/\/cooperativetoudarte.com\/fr\/#organization","name":"Coop\u00e9rative Toudarte","alternateName":"Cooperative Toudarte","url":"https:\/\/cooperativetoudarte.com\/fr\/","logo":{"@id":"https:\/\/cooperativetoudarte.com\/product\/organic-argan-oil-for-use-cosmetics-250ml-glass-bottle\/#local-main-organization-logo"},"image":{"@id":"https:\/\/cooperativetoudarte.com\/product\/organic-argan-oil-for-use-cosmetics-250ml-glass-bottle\/#local-main-organization-logo"},"sameAs":["https:\/\/www.facebook.com\/cooperative.toudarte\/","https:\/\/x.com\/cooprativetouda","https:\/\/www.instagram.com\/cooperativetoudarte","https:\/\/www.youtube.com\/c\/COOPERATIVETOUDARTE"],"openingHoursSpecification":[{"@type":"OpeningHoursSpecification","dayOfWeek":["Monday","Tuesday","Wednesday","Thursday","Friday","Saturday","Sunday"],"opens":"09:00","closes":"17:00"}]},{"@type":"ImageObject","inLanguage":"fr-FR","@id":"https:\/\/cooperativetoudarte.com\/product\/organic-argan-oil-for-use-cosmetics-250ml-glass-bottle\/#local-main-organization-logo","url":"https:\/\/cooperativetoudarte.com\/wp-content\/uploads\/2023\/11\/PngLogo-1.png","contentUrl":"https:\/\/cooperativetoudarte.com\/wp-content\/uploads\/2023\/11\/PngLogo-1.png","width":512,"height":512,"caption":"Toudarte Cooperative"}]},"product_price_amount":"180.00","product_price_currency":"MAD","og_availability":"instock","product_availability":"instock","product_condition":"new"},"jetpack_sharing_enabled":true,"_links":{"self":[{"href":"https:\/\/cooperativetoudarte.com\/fr\/wp-json\/wp\/v2\/product\/369","targetHints":{"allow":["GET"]}}],"collection":[{"href":"https:\/\/cooperativetoudarte.com\/fr\/wp-json\/wp\/v2\/product"}],"about":[{"href":"https:\/\/cooperativetoudarte.com\/fr\/wp-json\/wp\/v2\/types\/product"}],"replies":[{"embeddable":true,"href":"https:\/\/cooperativetoudarte.com\/fr\/wp-json\/wp\/v2\/comments?post=369"}],"wp:featuredmedia":[{"embeddable":true,"href":"https:\/\/cooperativetoudarte.com\/fr\/wp-json\/wp\/v2\/media\/370"}],"wp:attachment":[{"href":"https:\/\/cooperativetoudarte.com\/fr\/wp-json\/wp\/v2\/media?parent=369"}],"wp:term":[{"taxonomy":"product_brand","embeddable":true,"href":"https:\/\/cooperativetoudarte.com\/fr\/wp-json\/wp\/v2\/product_brand?post=369"},{"taxonomy":"product_cat","embeddable":true,"href":"https:\/\/cooperativetoudarte.com\/fr\/wp-json\/wp\/v2\/product_cat?post=369"},{"taxonomy":"product_tag","embeddable":true,"href":"https:\/\/cooperativetoudarte.com\/fr\/wp-json\/wp\/v2\/product_tag?post=369"}],"curies":[{"name":"wp","href":"https:\/\/api.w.org\/{rel}","templated":true}]}}