{"id":330,"date":"2023-10-29T13:06:48","date_gmt":"2023-10-29T13:06:48","guid":{"rendered":"https:\/\/cooperativetoudarte.com\/?post_type=product&#038;p=330"},"modified":"2025-09-15T19:35:01","modified_gmt":"2025-09-15T19:35:01","slug":"anti-hair-loss-shampoo-with-orange-blossom-220ml","status":"publish","type":"product","link":"https:\/\/cooperativetoudarte.com\/fr\/produit\/anti-hair-loss-shampoo-with-orange-blossom-220ml\/","title":{"rendered":"SHAMPOOING ANTI-CHUTE AVEC FLEUR D\u2019ORANGER 220ML"},"content":{"rendered":"<p><strong>B\u00e9n\u00e9fices:<\/strong> <\/p>\n<p>1. Stimule la croissance des cheveux<\/p>\n<p>L'eau de fleur d'oranger est r\u00e9put\u00e9e pour ses propri\u00e9t\u00e9s revitalisantes. Elle stimule les follicules pileux, favorisant ainsi la croissance des cheveux et leur apportant de l'\u00e9nergie tout au long de l'ann\u00e9e.<\/p>\n<p>2. Renforce les racines des cheveux<\/p>\n<p>Les shampoings comme le shampoing \u00e0 la fleur d'oranger de Kairali sont enrichis en ingr\u00e9dients qui renforcent les racines capillaires et r\u00e9duisent consid\u00e9rablement leur chute. Ils apportent les nutriments essentiels pour une croissance capillaire plus saine.<\/p>\n<p>3. Nettoie et purifie le cuir chevelu<\/p>\n<p>L'eau de fleur d'oranger poss\u00e8de des propri\u00e9t\u00e9s hydratantes, adoucissantes et purifiantes. Elle apaise le cuir chevelu, \u00e9limine les polluants et les impuret\u00e9s, et maintient l'\u00e9quilibre lipidique, cr\u00e9ant ainsi un environnement propice \u00e0 la croissance des cheveux.<\/p>\n<p>4. Riche en vitamine C<\/p>\n<p>La fleur d'oranger est riche en vitamine C, un antioxydant qui r\u00e9duit les dommages cellulaires caus\u00e9s par les radicaux libres et les facteurs de stress environnementaux. Elle stimule la production de collag\u00e8ne du cuir chevelu, favorisant une croissance capillaire plus saine et une brillance accrue.<\/p>\n<p>5. Fournit un parfum agr\u00e9able<\/p>\n<p>Au-del\u00e0 de ses bienfaits fonctionnels, la fleur d'oranger conf\u00e8re un d\u00e9licieux parfum floral aux cheveux, rehaussant l'exp\u00e9rience globale de soins capillaires.<\/p>\n<p>L'int\u00e9gration d'un shampooing anti-chute \u00e0 la fleur d'oranger dans votre routine de soins capillaires peut offrir des avantages \u00e0 la fois esth\u00e9tiques et fonctionnels, contribuant \u00e0 des cheveux plus sains et plus \u00e9clatants.<\/p>","protected":false},"excerpt":{"rendered":"<div id=\"product-description-short-78\">\n<p><strong>Shampooing \u00e0 la fleur d\u2019oranger\u00a0:\u00a0<\/strong> Revitalisez vos cheveux et luttez contre la chute gr\u00e2ce \u00e0 notre shampoing nourrissant anti-chute, infus\u00e9 \u00e0 l'essence apaisante de fleur d'oranger. Sa formule douce et efficace est con\u00e7ue pour stimuler le cuir chevelu, renforcer les follicules pileux et favoriser une croissance capillaire plus saine. Riche en ingr\u00e9dients naturels, ce shampoing nettoie et r\u00e9pare, tandis que l'extrait de fleur d'oranger offre un ar\u00f4me rafra\u00eechissant et apaisant pour sublimer votre routine capillaire. Son m\u00e9lange de vitamines et d'antioxydants am\u00e9liore la texture des cheveux, r\u00e9duit leur affinement et pr\u00e9vient leur casse, pour des cheveux plus volumineux, plus \u00e9pais et plus \u00e9clatants \u00e0 chaque lavage.<\/p>\n<\/div>","protected":false},"featured_media":331,"comment_status":"open","ping_status":"closed","template":"","meta":{"inline_featured_image":false},"product_brand":[],"product_cat":[42],"product_tag":[52],"class_list":{"0":"post-330","1":"product","2":"type-product","3":"status-publish","4":"has-post-thumbnail","6":"product_cat-shampoo","7":"product_tag-beauty-hair","9":"first","10":"instock","11":"shipping-taxable","12":"purchasable","13":"product-type-simple"},"yoast_head":"<!-- This site is optimized with the Yoast SEO Premium plugin v21.5 (Yoast SEO v27.4) - https:\/\/yoast.com\/product\/yoast-seo-premium-wordpress\/ -->\n<title>Anti-hair-loss-shampoo-Toudarte<\/title>\n<meta name=\"description\" content=\"Revitalize your hair and combat hair loss with our nourishing Anti-Hair Loss Shampoo infused with the soothing essence of Orange Blossom. This gentle, yet effective formula is designed to stimulate the scalp, strengthen hair follicles, and promote healthier hair growth. Packed with natural ingredients, this shampoo works to cleanse and restore, while the Orange Blossom extract delivers a refreshing, calming aroma to enhance your hair care routine. The blend of vitamins and antioxidants helps to improve hair texture, reduce thinning, and prevent further breakage, leaving your hair feeling fuller, thicker, and more vibrant with each wash.\" \/>\n<meta name=\"robots\" content=\"index, follow, max-snippet:-1, max-image-preview:large, max-video-preview:-1\" \/>\n<link rel=\"canonical\" href=\"https:\/\/cooperativetoudarte.com\/fr\/produit\/anti-hair-loss-shampoo-with-orange-blossom-220ml\/\" \/>\n<meta property=\"og:locale\" content=\"fr_FR\" \/>\n<meta property=\"og:type\" content=\"article\" \/>\n<meta property=\"og:title\" content=\"ANTI-HAIR LOSS SHAMPOO WITH ORANGE BLOSSOM 220ML\" \/>\n<meta property=\"og:description\" content=\"Revitalize your hair and combat hair loss with our nourishing Anti-Hair Loss Shampoo infused with the soothing essence of Orange Blossom. This gentle, yet effective formula is designed to stimulate the scalp, strengthen hair follicles, and promote healthier hair growth. Packed with natural ingredients, this shampoo works to cleanse and restore, while the Orange Blossom extract delivers a refreshing, calming aroma to enhance your hair care routine. The blend of vitamins and antioxidants helps to improve hair texture, reduce thinning, and prevent further breakage, leaving your hair feeling fuller, thicker, and more vibrant with each wash.\" \/>\n<meta property=\"og:url\" content=\"https:\/\/cooperativetoudarte.com\/fr\/produit\/anti-hair-loss-shampoo-with-orange-blossom-220ml\/\" \/>\n<meta property=\"og:site_name\" content=\"Toudarte\" \/>\n<meta property=\"article:publisher\" content=\"https:\/\/www.facebook.com\/cooperative.toudarte\/\" \/>\n<meta property=\"article:modified_time\" content=\"2025-09-15T19:35:01+00:00\" \/>\n<meta property=\"og:image\" content=\"https:\/\/cooperativetoudarte.com\/wp-content\/uploads\/2023\/10\/oriental-body-milk-220ml-1-2.jpg\" \/>\n\t<meta property=\"og:image:width\" content=\"800\" \/>\n\t<meta property=\"og:image:height\" content=\"800\" \/>\n\t<meta property=\"og:image:type\" content=\"image\/jpeg\" \/>\n<meta name=\"twitter:card\" content=\"summary_large_image\" \/>\n<meta name=\"twitter:site\" content=\"@cooprativetouda\" \/>\n<meta name=\"twitter:label1\" content=\"Prix\" \/>\n\t<meta name=\"twitter:data1\" content=\"&#x62f;.&#x645;.40,00\" \/>\n\t<meta name=\"twitter:label2\" content=\"Availability\" \/>\n\t<meta name=\"twitter:data2\" content=\"In stock\" \/>\n<script type=\"application\/ld+json\" class=\"yoast-schema-graph\">{\"@context\":\"https:\\\/\\\/schema.org\",\"@graph\":[{\"@type\":\"WebPage\",\"@id\":\"https:\\\/\\\/cooperativetoudarte.com\\\/product\\\/anti-hair-loss-shampoo-with-orange-blossom-220ml\\\/\",\"url\":\"https:\\\/\\\/cooperativetoudarte.com\\\/product\\\/anti-hair-loss-shampoo-with-orange-blossom-220ml\\\/\",\"name\":\"Anti-hair-loss-shampoo-Toudarte\",\"isPartOf\":{\"@id\":\"https:\\\/\\\/cooperativetoudarte.com\\\/fr\\\/#website\"},\"primaryImageOfPage\":{\"@id\":\"https:\\\/\\\/cooperativetoudarte.com\\\/product\\\/anti-hair-loss-shampoo-with-orange-blossom-220ml\\\/#primaryimage\"},\"image\":{\"@id\":\"https:\\\/\\\/cooperativetoudarte.com\\\/product\\\/anti-hair-loss-shampoo-with-orange-blossom-220ml\\\/#primaryimage\"},\"thumbnailUrl\":\"https:\\\/\\\/cooperativetoudarte.com\\\/wp-content\\\/uploads\\\/2023\\\/10\\\/oriental-body-milk-220ml-1-2.jpg\",\"datePublished\":\"2023-10-29T13:06:48+00:00\",\"dateModified\":\"2025-09-15T19:35:01+00:00\",\"description\":\"Revitalize your hair and combat hair loss with our nourishing Anti-Hair Loss Shampoo infused with the soothing essence of Orange Blossom. This gentle, yet effective formula is designed to stimulate the scalp, strengthen hair follicles, and promote healthier hair growth. Packed with natural ingredients, this shampoo works to cleanse and restore, while the Orange Blossom extract delivers a refreshing, calming aroma to enhance your hair care routine. The blend of vitamins and antioxidants helps to improve hair texture, reduce thinning, and prevent further breakage, leaving your hair feeling fuller, thicker, and more vibrant with each wash.\",\"breadcrumb\":{\"@id\":\"https:\\\/\\\/cooperativetoudarte.com\\\/product\\\/anti-hair-loss-shampoo-with-orange-blossom-220ml\\\/#breadcrumb\"},\"inLanguage\":\"fr-FR\",\"potentialAction\":[{\"@type\":\"ReadAction\",\"target\":[\"https:\\\/\\\/cooperativetoudarte.com\\\/product\\\/anti-hair-loss-shampoo-with-orange-blossom-220ml\\\/\"]}]},{\"@type\":\"ImageObject\",\"inLanguage\":\"fr-FR\",\"@id\":\"https:\\\/\\\/cooperativetoudarte.com\\\/product\\\/anti-hair-loss-shampoo-with-orange-blossom-220ml\\\/#primaryimage\",\"url\":\"https:\\\/\\\/cooperativetoudarte.com\\\/wp-content\\\/uploads\\\/2023\\\/10\\\/oriental-body-milk-220ml-1-2.jpg\",\"contentUrl\":\"https:\\\/\\\/cooperativetoudarte.com\\\/wp-content\\\/uploads\\\/2023\\\/10\\\/oriental-body-milk-220ml-1-2.jpg\",\"width\":800,\"height\":800},{\"@type\":\"BreadcrumbList\",\"@id\":\"https:\\\/\\\/cooperativetoudarte.com\\\/product\\\/anti-hair-loss-shampoo-with-orange-blossom-220ml\\\/#breadcrumb\",\"itemListElement\":[{\"@type\":\"ListItem\",\"position\":1,\"name\":\"Home\",\"item\":\"https:\\\/\\\/cooperativetoudarte.com\\\/\"},{\"@type\":\"ListItem\",\"position\":2,\"name\":\"Shop\",\"item\":\"https:\\\/\\\/cooperativetoudarte.com\\\/fr\\\/shop\\\/\"},{\"@type\":\"ListItem\",\"position\":3,\"name\":\"ANTI-HAIR LOSS SHAMPOO WITH ORANGE BLOSSOM 220ML\"}]},{\"@type\":\"WebSite\",\"@id\":\"https:\\\/\\\/cooperativetoudarte.com\\\/fr\\\/#website\",\"url\":\"https:\\\/\\\/cooperativetoudarte.com\\\/fr\\\/\",\"name\":\"Toudarte Cooperative\",\"description\":\"High Quality Bio Products\",\"publisher\":{\"@id\":\"https:\\\/\\\/cooperativetoudarte.com\\\/fr\\\/#organization\"},\"alternateName\":\"Cooperative Toudarte\",\"potentialAction\":[{\"@type\":\"SearchAction\",\"target\":{\"@type\":\"EntryPoint\",\"urlTemplate\":\"https:\\\/\\\/cooperativetoudarte.com\\\/fr\\\/?s={search_term_string}\"},\"query-input\":{\"@type\":\"PropertyValueSpecification\",\"valueRequired\":true,\"valueName\":\"search_term_string\"}}],\"inLanguage\":\"fr-FR\"},{\"@type\":[\"Organization\",\"Place\"],\"@id\":\"https:\\\/\\\/cooperativetoudarte.com\\\/fr\\\/#organization\",\"name\":\"Toudarte Cooperative\",\"alternateName\":\"Cooperative Toudarte\",\"url\":\"https:\\\/\\\/cooperativetoudarte.com\\\/fr\\\/\",\"logo\":{\"@id\":\"https:\\\/\\\/cooperativetoudarte.com\\\/product\\\/anti-hair-loss-shampoo-with-orange-blossom-220ml\\\/#local-main-organization-logo\"},\"image\":{\"@id\":\"https:\\\/\\\/cooperativetoudarte.com\\\/product\\\/anti-hair-loss-shampoo-with-orange-blossom-220ml\\\/#local-main-organization-logo\"},\"sameAs\":[\"https:\\\/\\\/www.facebook.com\\\/cooperative.toudarte\\\/\",\"https:\\\/\\\/x.com\\\/cooprativetouda\",\"https:\\\/\\\/www.instagram.com\\\/cooperativetoudarte\",\"https:\\\/\\\/www.youtube.com\\\/c\\\/COOPERATIVETOUDARTE\"],\"openingHoursSpecification\":[{\"@type\":\"OpeningHoursSpecification\",\"dayOfWeek\":[\"Monday\",\"Tuesday\",\"Wednesday\",\"Thursday\",\"Friday\",\"Saturday\",\"Sunday\"],\"opens\":\"09:00\",\"closes\":\"17:00\"}]},{\"@type\":\"ImageObject\",\"inLanguage\":\"fr-FR\",\"@id\":\"https:\\\/\\\/cooperativetoudarte.com\\\/product\\\/anti-hair-loss-shampoo-with-orange-blossom-220ml\\\/#local-main-organization-logo\",\"url\":\"https:\\\/\\\/cooperativetoudarte.com\\\/wp-content\\\/uploads\\\/2023\\\/11\\\/PngLogo-1.png\",\"contentUrl\":\"https:\\\/\\\/cooperativetoudarte.com\\\/wp-content\\\/uploads\\\/2023\\\/11\\\/PngLogo-1.png\",\"width\":512,\"height\":512,\"caption\":\"Toudarte Cooperative\"}]}<\/script>\n<meta property=\"product:price:amount\" content=\"40.00\" \/>\n<meta property=\"product:price:currency\" content=\"MAD\" \/>\n<meta property=\"og:availability\" content=\"instock\" \/>\n<meta property=\"product:availability\" content=\"instock\" \/>\n<meta property=\"product:condition\" content=\"new\" \/>\n<!-- \/ Yoast SEO Premium plugin. -->","yoast_head_json":{"title":"Anti-hair-loss-shampoo-Toudarte","description":"Revitalize your hair and combat hair loss with our nourishing Anti-Hair Loss Shampoo infused with the soothing essence of Orange Blossom. This gentle, yet effective formula is designed to stimulate the scalp, strengthen hair follicles, and promote healthier hair growth. Packed with natural ingredients, this shampoo works to cleanse and restore, while the Orange Blossom extract delivers a refreshing, calming aroma to enhance your hair care routine. The blend of vitamins and antioxidants helps to improve hair texture, reduce thinning, and prevent further breakage, leaving your hair feeling fuller, thicker, and more vibrant with each wash.","robots":{"index":"index","follow":"follow","max-snippet":"max-snippet:-1","max-image-preview":"max-image-preview:large","max-video-preview":"max-video-preview:-1"},"canonical":"https:\/\/cooperativetoudarte.com\/fr\/produit\/anti-hair-loss-shampoo-with-orange-blossom-220ml\/","og_locale":"fr_FR","og_type":"article","og_title":"ANTI-HAIR LOSS SHAMPOO WITH ORANGE BLOSSOM 220ML","og_description":"Revitalize your hair and combat hair loss with our nourishing Anti-Hair Loss Shampoo infused with the soothing essence of Orange Blossom. This gentle, yet effective formula is designed to stimulate the scalp, strengthen hair follicles, and promote healthier hair growth. Packed with natural ingredients, this shampoo works to cleanse and restore, while the Orange Blossom extract delivers a refreshing, calming aroma to enhance your hair care routine. The blend of vitamins and antioxidants helps to improve hair texture, reduce thinning, and prevent further breakage, leaving your hair feeling fuller, thicker, and more vibrant with each wash.","og_url":"https:\/\/cooperativetoudarte.com\/fr\/produit\/anti-hair-loss-shampoo-with-orange-blossom-220ml\/","og_site_name":"Toudarte","article_publisher":"https:\/\/www.facebook.com\/cooperative.toudarte\/","article_modified_time":"2025-09-15T19:35:01+00:00","og_image":[{"width":800,"height":800,"url":"https:\/\/cooperativetoudarte.com\/wp-content\/uploads\/2023\/10\/oriental-body-milk-220ml-1-2.jpg","type":"image\/jpeg"}],"twitter_card":"summary_large_image","twitter_site":"@cooprativetouda","twitter_misc":{"Prix":"&#x62f;.&#x645;.40,00","Availability":"In stock"},"schema":{"@context":"https:\/\/schema.org","@graph":[{"@type":"WebPage","@id":"https:\/\/cooperativetoudarte.com\/product\/anti-hair-loss-shampoo-with-orange-blossom-220ml\/","url":"https:\/\/cooperativetoudarte.com\/product\/anti-hair-loss-shampoo-with-orange-blossom-220ml\/","name":"Anti-hair-loss-shampoo-Toudarte","isPartOf":{"@id":"https:\/\/cooperativetoudarte.com\/fr\/#website"},"primaryImageOfPage":{"@id":"https:\/\/cooperativetoudarte.com\/product\/anti-hair-loss-shampoo-with-orange-blossom-220ml\/#primaryimage"},"image":{"@id":"https:\/\/cooperativetoudarte.com\/product\/anti-hair-loss-shampoo-with-orange-blossom-220ml\/#primaryimage"},"thumbnailUrl":"https:\/\/cooperativetoudarte.com\/wp-content\/uploads\/2023\/10\/oriental-body-milk-220ml-1-2.jpg","datePublished":"2023-10-29T13:06:48+00:00","dateModified":"2025-09-15T19:35:01+00:00","description":"Revitalize your hair and combat hair loss with our nourishing Anti-Hair Loss Shampoo infused with the soothing essence of Orange Blossom. This gentle, yet effective formula is designed to stimulate the scalp, strengthen hair follicles, and promote healthier hair growth. Packed with natural ingredients, this shampoo works to cleanse and restore, while the Orange Blossom extract delivers a refreshing, calming aroma to enhance your hair care routine. The blend of vitamins and antioxidants helps to improve hair texture, reduce thinning, and prevent further breakage, leaving your hair feeling fuller, thicker, and more vibrant with each wash.","breadcrumb":{"@id":"https:\/\/cooperativetoudarte.com\/product\/anti-hair-loss-shampoo-with-orange-blossom-220ml\/#breadcrumb"},"inLanguage":"fr-FR","potentialAction":[{"@type":"ReadAction","target":["https:\/\/cooperativetoudarte.com\/product\/anti-hair-loss-shampoo-with-orange-blossom-220ml\/"]}]},{"@type":"ImageObject","inLanguage":"fr-FR","@id":"https:\/\/cooperativetoudarte.com\/product\/anti-hair-loss-shampoo-with-orange-blossom-220ml\/#primaryimage","url":"https:\/\/cooperativetoudarte.com\/wp-content\/uploads\/2023\/10\/oriental-body-milk-220ml-1-2.jpg","contentUrl":"https:\/\/cooperativetoudarte.com\/wp-content\/uploads\/2023\/10\/oriental-body-milk-220ml-1-2.jpg","width":800,"height":800},{"@type":"BreadcrumbList","@id":"https:\/\/cooperativetoudarte.com\/product\/anti-hair-loss-shampoo-with-orange-blossom-220ml\/#breadcrumb","itemListElement":[{"@type":"ListItem","position":1,"name":"Home","item":"https:\/\/cooperativetoudarte.com\/"},{"@type":"ListItem","position":2,"name":"Shop","item":"https:\/\/cooperativetoudarte.com\/fr\/shop\/"},{"@type":"ListItem","position":3,"name":"ANTI-HAIR LOSS SHAMPOO WITH ORANGE BLOSSOM 220ML"}]},{"@type":"WebSite","@id":"https:\/\/cooperativetoudarte.com\/fr\/#website","url":"https:\/\/cooperativetoudarte.com\/fr\/","name":"Coop\u00e9rative Toudarte","description":"High Quality Bio Products","publisher":{"@id":"https:\/\/cooperativetoudarte.com\/fr\/#organization"},"alternateName":"Cooperative Toudarte","potentialAction":[{"@type":"SearchAction","target":{"@type":"EntryPoint","urlTemplate":"https:\/\/cooperativetoudarte.com\/fr\/?s={search_term_string}"},"query-input":{"@type":"PropertyValueSpecification","valueRequired":true,"valueName":"search_term_string"}}],"inLanguage":"fr-FR"},{"@type":["Organization","Place"],"@id":"https:\/\/cooperativetoudarte.com\/fr\/#organization","name":"Coop\u00e9rative Toudarte","alternateName":"Cooperative Toudarte","url":"https:\/\/cooperativetoudarte.com\/fr\/","logo":{"@id":"https:\/\/cooperativetoudarte.com\/product\/anti-hair-loss-shampoo-with-orange-blossom-220ml\/#local-main-organization-logo"},"image":{"@id":"https:\/\/cooperativetoudarte.com\/product\/anti-hair-loss-shampoo-with-orange-blossom-220ml\/#local-main-organization-logo"},"sameAs":["https:\/\/www.facebook.com\/cooperative.toudarte\/","https:\/\/x.com\/cooprativetouda","https:\/\/www.instagram.com\/cooperativetoudarte","https:\/\/www.youtube.com\/c\/COOPERATIVETOUDARTE"],"openingHoursSpecification":[{"@type":"OpeningHoursSpecification","dayOfWeek":["Monday","Tuesday","Wednesday","Thursday","Friday","Saturday","Sunday"],"opens":"09:00","closes":"17:00"}]},{"@type":"ImageObject","inLanguage":"fr-FR","@id":"https:\/\/cooperativetoudarte.com\/product\/anti-hair-loss-shampoo-with-orange-blossom-220ml\/#local-main-organization-logo","url":"https:\/\/cooperativetoudarte.com\/wp-content\/uploads\/2023\/11\/PngLogo-1.png","contentUrl":"https:\/\/cooperativetoudarte.com\/wp-content\/uploads\/2023\/11\/PngLogo-1.png","width":512,"height":512,"caption":"Toudarte Cooperative"}]},"product_price_amount":"40.00","product_price_currency":"MAD","og_availability":"instock","product_availability":"instock","product_condition":"new"},"jetpack_sharing_enabled":true,"_links":{"self":[{"href":"https:\/\/cooperativetoudarte.com\/fr\/wp-json\/wp\/v2\/product\/330","targetHints":{"allow":["GET"]}}],"collection":[{"href":"https:\/\/cooperativetoudarte.com\/fr\/wp-json\/wp\/v2\/product"}],"about":[{"href":"https:\/\/cooperativetoudarte.com\/fr\/wp-json\/wp\/v2\/types\/product"}],"replies":[{"embeddable":true,"href":"https:\/\/cooperativetoudarte.com\/fr\/wp-json\/wp\/v2\/comments?post=330"}],"wp:featuredmedia":[{"embeddable":true,"href":"https:\/\/cooperativetoudarte.com\/fr\/wp-json\/wp\/v2\/media\/331"}],"wp:attachment":[{"href":"https:\/\/cooperativetoudarte.com\/fr\/wp-json\/wp\/v2\/media?parent=330"}],"wp:term":[{"taxonomy":"product_brand","embeddable":true,"href":"https:\/\/cooperativetoudarte.com\/fr\/wp-json\/wp\/v2\/product_brand?post=330"},{"taxonomy":"product_cat","embeddable":true,"href":"https:\/\/cooperativetoudarte.com\/fr\/wp-json\/wp\/v2\/product_cat?post=330"},{"taxonomy":"product_tag","embeddable":true,"href":"https:\/\/cooperativetoudarte.com\/fr\/wp-json\/wp\/v2\/product_tag?post=330"}],"curies":[{"name":"wp","href":"https:\/\/api.w.org\/{rel}","templated":true}]}}