{"id":326,"date":"2023-10-29T12:59:05","date_gmt":"2023-10-29T12:59:05","guid":{"rendered":"https:\/\/cooperativetoudarte.com\/?post_type=product&#038;p=326"},"modified":"2025-09-15T19:59:04","modified_gmt":"2025-09-15T19:59:04","slug":"body-milk-with-orange-blossom-220ml","status":"publish","type":"product","link":"https:\/\/cooperativetoudarte.com\/fr\/produit\/body-milk-with-orange-blossom-220ml\/","title":{"rendered":"LAIT CORPOREL \u00c0 LA FLEUR D\u2019ORANGER 220ML"},"content":{"rendered":"<div id=\"content-wrapper\" class=\"right-column col-xs-12 col-sm-8 col-md-9\">\n<section id=\"main\">\n<div class=\"tabs\">\n<div id=\"tab-content\" class=\"tab-content\">\n<div id=\"description\" class=\"tab-pane fade in active\">\n<div class=\"product-description\">\n<p><strong>Ingr\u00e9dients:<\/strong>\u00a0<\/p>\n<\/div>\n<\/div>\n<\/div>\n<\/div>\n<footer class=\"page-footer\"><\/footer>\n<\/section>\n<\/div>\n<div id=\"right-column\" class=\"col-xs-12 col-sm-4 col-md-3\">\n<div class=\"special_block_right horizontal_mode clearfix\"><\/div>\n<\/div>","protected":false},"excerpt":{"rendered":"<div id=\"product-description-short-77\">\n<p><strong>Lait corporel \u00e0 la fleur d\u2019oranger et \u00e0 l\u2019huile d\u2019argan\u00a0:<\/strong>Ce lait corporel hydrate et adoucit votre peau, et l\u2019odeur de fleur d\u2019oranger donne un parfum frais et agr\u00e9able \u00e0 votre corps. Appliquer sur tout le corps apr\u00e8s la douche ou le bain.<\/p>\n<\/div>","protected":false},"featured_media":327,"comment_status":"open","ping_status":"closed","template":"","meta":{"inline_featured_image":false},"product_brand":[],"product_cat":[41],"product_tag":[54],"class_list":{"0":"post-326","1":"product","2":"type-product","3":"status-publish","4":"has-post-thumbnail","6":"product_cat-body-milk","7":"product_tag-beauty-body","9":"first","10":"instock","11":"shipping-taxable","12":"purchasable","13":"product-type-simple"},"yoast_head":"<!-- This site is optimized with the Yoast SEO Premium plugin v21.5 (Yoast SEO v27.3) - https:\/\/yoast.com\/product\/yoast-seo-premium-wordpress\/ -->\n<title>Body-milk-with-orange-blossom<\/title>\n<meta name=\"description\" content=\"Indulge your skin in a moment of pure softness with this luxuriously lightweight body milk, delicately infused with the uplifting scent of orange blossom. Enriched with hydrating ingredients like shea butter and vitamin E, it absorbs quickly to leave your skin silky-smooth, radiant, and subtly perfumed. Ideal for daily use, this nourishing formula soothes and revitalizes all skin types, offering a gentle touch of nature\u2019s calm with every application.\" \/>\n<meta name=\"robots\" content=\"index, follow, max-snippet:-1, max-image-preview:large, max-video-preview:-1\" \/>\n<link rel=\"canonical\" href=\"https:\/\/cooperativetoudarte.com\/fr\/produit\/body-milk-with-orange-blossom-220ml\/\" \/>\n<meta property=\"og:locale\" content=\"fr_FR\" \/>\n<meta property=\"og:type\" content=\"article\" \/>\n<meta property=\"og:title\" content=\"BODY MILK WITH ORANGE BLOSSOM 220ML\" \/>\n<meta property=\"og:description\" content=\"Indulge your skin in a moment of pure softness with this luxuriously lightweight body milk, delicately infused with the uplifting scent of orange blossom. Enriched with hydrating ingredients like shea butter and vitamin E, it absorbs quickly to leave your skin silky-smooth, radiant, and subtly perfumed. Ideal for daily use, this nourishing formula soothes and revitalizes all skin types, offering a gentle touch of nature\u2019s calm with every application.\" \/>\n<meta property=\"og:url\" content=\"https:\/\/cooperativetoudarte.com\/fr\/produit\/body-milk-with-orange-blossom-220ml\/\" \/>\n<meta property=\"og:site_name\" content=\"Toudarte\" \/>\n<meta property=\"article:publisher\" content=\"https:\/\/www.facebook.com\/cooperative.toudarte\/\" \/>\n<meta property=\"article:modified_time\" content=\"2025-09-15T19:59:04+00:00\" \/>\n<meta property=\"og:image\" content=\"https:\/\/cooperativetoudarte.com\/wp-content\/uploads\/2023\/10\/oriental-body-milk-220ml-1-1.jpg\" \/>\n\t<meta property=\"og:image:width\" content=\"800\" \/>\n\t<meta property=\"og:image:height\" content=\"800\" \/>\n\t<meta property=\"og:image:type\" content=\"image\/jpeg\" \/>\n<meta name=\"twitter:card\" content=\"summary_large_image\" \/>\n<meta name=\"twitter:site\" content=\"@cooprativetouda\" \/>\n<meta name=\"twitter:label1\" content=\"Prix\" \/>\n\t<meta name=\"twitter:data1\" content=\"&#x62f;.&#x645;.40,00\" \/>\n\t<meta name=\"twitter:label2\" content=\"Availability\" \/>\n\t<meta name=\"twitter:data2\" content=\"In stock\" \/>\n<script type=\"application\/ld+json\" class=\"yoast-schema-graph\">{\"@context\":\"https:\\\/\\\/schema.org\",\"@graph\":[{\"@type\":\"WebPage\",\"@id\":\"https:\\\/\\\/cooperativetoudarte.com\\\/product\\\/body-milk-with-orange-blossom-220ml\\\/\",\"url\":\"https:\\\/\\\/cooperativetoudarte.com\\\/product\\\/body-milk-with-orange-blossom-220ml\\\/\",\"name\":\"Body-milk-with-orange-blossom\",\"isPartOf\":{\"@id\":\"https:\\\/\\\/cooperativetoudarte.com\\\/fr\\\/#website\"},\"primaryImageOfPage\":{\"@id\":\"https:\\\/\\\/cooperativetoudarte.com\\\/product\\\/body-milk-with-orange-blossom-220ml\\\/#primaryimage\"},\"image\":{\"@id\":\"https:\\\/\\\/cooperativetoudarte.com\\\/product\\\/body-milk-with-orange-blossom-220ml\\\/#primaryimage\"},\"thumbnailUrl\":\"https:\\\/\\\/cooperativetoudarte.com\\\/wp-content\\\/uploads\\\/2023\\\/10\\\/oriental-body-milk-220ml-1-1.jpg\",\"datePublished\":\"2023-10-29T12:59:05+00:00\",\"dateModified\":\"2025-09-15T19:59:04+00:00\",\"description\":\"Indulge your skin in a moment of pure softness with this luxuriously lightweight body milk, delicately infused with the uplifting scent of orange blossom. Enriched with hydrating ingredients like shea butter and vitamin E, it absorbs quickly to leave your skin silky-smooth, radiant, and subtly perfumed. Ideal for daily use, this nourishing formula soothes and revitalizes all skin types, offering a gentle touch of nature\u2019s calm with every application.\",\"breadcrumb\":{\"@id\":\"https:\\\/\\\/cooperativetoudarte.com\\\/product\\\/body-milk-with-orange-blossom-220ml\\\/#breadcrumb\"},\"inLanguage\":\"fr-FR\",\"potentialAction\":[{\"@type\":\"ReadAction\",\"target\":[\"https:\\\/\\\/cooperativetoudarte.com\\\/product\\\/body-milk-with-orange-blossom-220ml\\\/\"]}]},{\"@type\":\"ImageObject\",\"inLanguage\":\"fr-FR\",\"@id\":\"https:\\\/\\\/cooperativetoudarte.com\\\/product\\\/body-milk-with-orange-blossom-220ml\\\/#primaryimage\",\"url\":\"https:\\\/\\\/cooperativetoudarte.com\\\/wp-content\\\/uploads\\\/2023\\\/10\\\/oriental-body-milk-220ml-1-1.jpg\",\"contentUrl\":\"https:\\\/\\\/cooperativetoudarte.com\\\/wp-content\\\/uploads\\\/2023\\\/10\\\/oriental-body-milk-220ml-1-1.jpg\",\"width\":800,\"height\":800},{\"@type\":\"BreadcrumbList\",\"@id\":\"https:\\\/\\\/cooperativetoudarte.com\\\/product\\\/body-milk-with-orange-blossom-220ml\\\/#breadcrumb\",\"itemListElement\":[{\"@type\":\"ListItem\",\"position\":1,\"name\":\"Home\",\"item\":\"https:\\\/\\\/cooperativetoudarte.com\\\/\"},{\"@type\":\"ListItem\",\"position\":2,\"name\":\"Shop\",\"item\":\"https:\\\/\\\/cooperativetoudarte.com\\\/fr\\\/shop\\\/\"},{\"@type\":\"ListItem\",\"position\":3,\"name\":\"BODY MILK WITH ORANGE BLOSSOM 220ML\"}]},{\"@type\":\"WebSite\",\"@id\":\"https:\\\/\\\/cooperativetoudarte.com\\\/fr\\\/#website\",\"url\":\"https:\\\/\\\/cooperativetoudarte.com\\\/fr\\\/\",\"name\":\"Toudarte Cooperative\",\"description\":\"High Quality Bio Products\",\"publisher\":{\"@id\":\"https:\\\/\\\/cooperativetoudarte.com\\\/fr\\\/#organization\"},\"alternateName\":\"Cooperative Toudarte\",\"potentialAction\":[{\"@type\":\"SearchAction\",\"target\":{\"@type\":\"EntryPoint\",\"urlTemplate\":\"https:\\\/\\\/cooperativetoudarte.com\\\/fr\\\/?s={search_term_string}\"},\"query-input\":{\"@type\":\"PropertyValueSpecification\",\"valueRequired\":true,\"valueName\":\"search_term_string\"}}],\"inLanguage\":\"fr-FR\"},{\"@type\":[\"Organization\",\"Place\"],\"@id\":\"https:\\\/\\\/cooperativetoudarte.com\\\/fr\\\/#organization\",\"name\":\"Toudarte Cooperative\",\"alternateName\":\"Cooperative Toudarte\",\"url\":\"https:\\\/\\\/cooperativetoudarte.com\\\/fr\\\/\",\"logo\":{\"@id\":\"https:\\\/\\\/cooperativetoudarte.com\\\/product\\\/body-milk-with-orange-blossom-220ml\\\/#local-main-organization-logo\"},\"image\":{\"@id\":\"https:\\\/\\\/cooperativetoudarte.com\\\/product\\\/body-milk-with-orange-blossom-220ml\\\/#local-main-organization-logo\"},\"sameAs\":[\"https:\\\/\\\/www.facebook.com\\\/cooperative.toudarte\\\/\",\"https:\\\/\\\/x.com\\\/cooprativetouda\",\"https:\\\/\\\/www.instagram.com\\\/cooperativetoudarte\",\"https:\\\/\\\/www.youtube.com\\\/c\\\/COOPERATIVETOUDARTE\"],\"openingHoursSpecification\":[{\"@type\":\"OpeningHoursSpecification\",\"dayOfWeek\":[\"Monday\",\"Tuesday\",\"Wednesday\",\"Thursday\",\"Friday\",\"Saturday\",\"Sunday\"],\"opens\":\"09:00\",\"closes\":\"17:00\"}]},{\"@type\":\"ImageObject\",\"inLanguage\":\"fr-FR\",\"@id\":\"https:\\\/\\\/cooperativetoudarte.com\\\/product\\\/body-milk-with-orange-blossom-220ml\\\/#local-main-organization-logo\",\"url\":\"https:\\\/\\\/cooperativetoudarte.com\\\/wp-content\\\/uploads\\\/2023\\\/11\\\/PngLogo-1.png\",\"contentUrl\":\"https:\\\/\\\/cooperativetoudarte.com\\\/wp-content\\\/uploads\\\/2023\\\/11\\\/PngLogo-1.png\",\"width\":512,\"height\":512,\"caption\":\"Toudarte Cooperative\"}]}<\/script>\n<meta property=\"product:price:amount\" content=\"40.00\" \/>\n<meta property=\"product:price:currency\" content=\"MAD\" \/>\n<meta property=\"og:availability\" content=\"instock\" \/>\n<meta property=\"product:availability\" content=\"instock\" \/>\n<meta property=\"product:condition\" content=\"new\" \/>\n<!-- \/ Yoast SEO Premium plugin. -->","yoast_head_json":{"title":"Body-milk-with-orange-blossom","description":"Indulge your skin in a moment of pure softness with this luxuriously lightweight body milk, delicately infused with the uplifting scent of orange blossom. Enriched with hydrating ingredients like shea butter and vitamin E, it absorbs quickly to leave your skin silky-smooth, radiant, and subtly perfumed. Ideal for daily use, this nourishing formula soothes and revitalizes all skin types, offering a gentle touch of nature\u2019s calm with every application.","robots":{"index":"index","follow":"follow","max-snippet":"max-snippet:-1","max-image-preview":"max-image-preview:large","max-video-preview":"max-video-preview:-1"},"canonical":"https:\/\/cooperativetoudarte.com\/fr\/produit\/body-milk-with-orange-blossom-220ml\/","og_locale":"fr_FR","og_type":"article","og_title":"BODY MILK WITH ORANGE BLOSSOM 220ML","og_description":"Indulge your skin in a moment of pure softness with this luxuriously lightweight body milk, delicately infused with the uplifting scent of orange blossom. Enriched with hydrating ingredients like shea butter and vitamin E, it absorbs quickly to leave your skin silky-smooth, radiant, and subtly perfumed. Ideal for daily use, this nourishing formula soothes and revitalizes all skin types, offering a gentle touch of nature\u2019s calm with every application.","og_url":"https:\/\/cooperativetoudarte.com\/fr\/produit\/body-milk-with-orange-blossom-220ml\/","og_site_name":"Toudarte","article_publisher":"https:\/\/www.facebook.com\/cooperative.toudarte\/","article_modified_time":"2025-09-15T19:59:04+00:00","og_image":[{"width":800,"height":800,"url":"https:\/\/cooperativetoudarte.com\/wp-content\/uploads\/2023\/10\/oriental-body-milk-220ml-1-1.jpg","type":"image\/jpeg"}],"twitter_card":"summary_large_image","twitter_site":"@cooprativetouda","twitter_misc":{"Prix":"&#x62f;.&#x645;.40,00","Availability":"In stock"},"schema":{"@context":"https:\/\/schema.org","@graph":[{"@type":"WebPage","@id":"https:\/\/cooperativetoudarte.com\/product\/body-milk-with-orange-blossom-220ml\/","url":"https:\/\/cooperativetoudarte.com\/product\/body-milk-with-orange-blossom-220ml\/","name":"Body-milk-with-orange-blossom","isPartOf":{"@id":"https:\/\/cooperativetoudarte.com\/fr\/#website"},"primaryImageOfPage":{"@id":"https:\/\/cooperativetoudarte.com\/product\/body-milk-with-orange-blossom-220ml\/#primaryimage"},"image":{"@id":"https:\/\/cooperativetoudarte.com\/product\/body-milk-with-orange-blossom-220ml\/#primaryimage"},"thumbnailUrl":"https:\/\/cooperativetoudarte.com\/wp-content\/uploads\/2023\/10\/oriental-body-milk-220ml-1-1.jpg","datePublished":"2023-10-29T12:59:05+00:00","dateModified":"2025-09-15T19:59:04+00:00","description":"Indulge your skin in a moment of pure softness with this luxuriously lightweight body milk, delicately infused with the uplifting scent of orange blossom. Enriched with hydrating ingredients like shea butter and vitamin E, it absorbs quickly to leave your skin silky-smooth, radiant, and subtly perfumed. Ideal for daily use, this nourishing formula soothes and revitalizes all skin types, offering a gentle touch of nature\u2019s calm with every application.","breadcrumb":{"@id":"https:\/\/cooperativetoudarte.com\/product\/body-milk-with-orange-blossom-220ml\/#breadcrumb"},"inLanguage":"fr-FR","potentialAction":[{"@type":"ReadAction","target":["https:\/\/cooperativetoudarte.com\/product\/body-milk-with-orange-blossom-220ml\/"]}]},{"@type":"ImageObject","inLanguage":"fr-FR","@id":"https:\/\/cooperativetoudarte.com\/product\/body-milk-with-orange-blossom-220ml\/#primaryimage","url":"https:\/\/cooperativetoudarte.com\/wp-content\/uploads\/2023\/10\/oriental-body-milk-220ml-1-1.jpg","contentUrl":"https:\/\/cooperativetoudarte.com\/wp-content\/uploads\/2023\/10\/oriental-body-milk-220ml-1-1.jpg","width":800,"height":800},{"@type":"BreadcrumbList","@id":"https:\/\/cooperativetoudarte.com\/product\/body-milk-with-orange-blossom-220ml\/#breadcrumb","itemListElement":[{"@type":"ListItem","position":1,"name":"Home","item":"https:\/\/cooperativetoudarte.com\/"},{"@type":"ListItem","position":2,"name":"Shop","item":"https:\/\/cooperativetoudarte.com\/fr\/shop\/"},{"@type":"ListItem","position":3,"name":"BODY MILK WITH ORANGE BLOSSOM 220ML"}]},{"@type":"WebSite","@id":"https:\/\/cooperativetoudarte.com\/fr\/#website","url":"https:\/\/cooperativetoudarte.com\/fr\/","name":"Coop\u00e9rative Toudarte","description":"High Quality Bio Products","publisher":{"@id":"https:\/\/cooperativetoudarte.com\/fr\/#organization"},"alternateName":"Cooperative Toudarte","potentialAction":[{"@type":"SearchAction","target":{"@type":"EntryPoint","urlTemplate":"https:\/\/cooperativetoudarte.com\/fr\/?s={search_term_string}"},"query-input":{"@type":"PropertyValueSpecification","valueRequired":true,"valueName":"search_term_string"}}],"inLanguage":"fr-FR"},{"@type":["Organization","Place"],"@id":"https:\/\/cooperativetoudarte.com\/fr\/#organization","name":"Coop\u00e9rative Toudarte","alternateName":"Cooperative Toudarte","url":"https:\/\/cooperativetoudarte.com\/fr\/","logo":{"@id":"https:\/\/cooperativetoudarte.com\/product\/body-milk-with-orange-blossom-220ml\/#local-main-organization-logo"},"image":{"@id":"https:\/\/cooperativetoudarte.com\/product\/body-milk-with-orange-blossom-220ml\/#local-main-organization-logo"},"sameAs":["https:\/\/www.facebook.com\/cooperative.toudarte\/","https:\/\/x.com\/cooprativetouda","https:\/\/www.instagram.com\/cooperativetoudarte","https:\/\/www.youtube.com\/c\/COOPERATIVETOUDARTE"],"openingHoursSpecification":[{"@type":"OpeningHoursSpecification","dayOfWeek":["Monday","Tuesday","Wednesday","Thursday","Friday","Saturday","Sunday"],"opens":"09:00","closes":"17:00"}]},{"@type":"ImageObject","inLanguage":"fr-FR","@id":"https:\/\/cooperativetoudarte.com\/product\/body-milk-with-orange-blossom-220ml\/#local-main-organization-logo","url":"https:\/\/cooperativetoudarte.com\/wp-content\/uploads\/2023\/11\/PngLogo-1.png","contentUrl":"https:\/\/cooperativetoudarte.com\/wp-content\/uploads\/2023\/11\/PngLogo-1.png","width":512,"height":512,"caption":"Toudarte Cooperative"}]},"product_price_amount":"40.00","product_price_currency":"MAD","og_availability":"instock","product_availability":"instock","product_condition":"new"},"jetpack_sharing_enabled":true,"_links":{"self":[{"href":"https:\/\/cooperativetoudarte.com\/fr\/wp-json\/wp\/v2\/product\/326","targetHints":{"allow":["GET"]}}],"collection":[{"href":"https:\/\/cooperativetoudarte.com\/fr\/wp-json\/wp\/v2\/product"}],"about":[{"href":"https:\/\/cooperativetoudarte.com\/fr\/wp-json\/wp\/v2\/types\/product"}],"replies":[{"embeddable":true,"href":"https:\/\/cooperativetoudarte.com\/fr\/wp-json\/wp\/v2\/comments?post=326"}],"wp:featuredmedia":[{"embeddable":true,"href":"https:\/\/cooperativetoudarte.com\/fr\/wp-json\/wp\/v2\/media\/327"}],"wp:attachment":[{"href":"https:\/\/cooperativetoudarte.com\/fr\/wp-json\/wp\/v2\/media?parent=326"}],"wp:term":[{"taxonomy":"product_brand","embeddable":true,"href":"https:\/\/cooperativetoudarte.com\/fr\/wp-json\/wp\/v2\/product_brand?post=326"},{"taxonomy":"product_cat","embeddable":true,"href":"https:\/\/cooperativetoudarte.com\/fr\/wp-json\/wp\/v2\/product_cat?post=326"},{"taxonomy":"product_tag","embeddable":true,"href":"https:\/\/cooperativetoudarte.com\/fr\/wp-json\/wp\/v2\/product_tag?post=326"}],"curies":[{"name":"wp","href":"https:\/\/api.w.org\/{rel}","templated":true}]}}