{"id":304,"date":"2023-10-29T12:29:45","date_gmt":"2023-10-29T12:29:45","guid":{"rendered":"https:\/\/cooperativetoudarte.com\/?post_type=product&#038;p=304"},"modified":"2025-09-15T22:03:11","modified_gmt":"2025-09-15T22:03:11","slug":"anti-cellulite-scrub-with-coffee-and-orange-150gr","status":"publish","type":"product","link":"https:\/\/cooperativetoudarte.com\/fr\/produit\/anti-cellulite-scrub-with-coffee-and-orange-150gr\/","title":{"rendered":"GOMMAGE ANTI-CELLULITE AU CAF\u00c9 ET ORANGE 150GR"},"content":{"rendered":"<div><strong>Ingr\u00e9dients:<\/strong>: <\/div>\n<div><\/div>\n<div><\/div>\n<div><strong>usage<\/strong>: <\/div>\n<div><\/div>\n<div><strong>stockage<\/strong>\u00a0: Garder au sec, \u00e0 l\u2019abri de la chaleur et des lumi\u00e8res, le temps d\u2019utilisation recommand\u00e9 est de 3 mois apr\u00e8s ouverture.<\/div>\n<div><\/div>\n<div><strong>pr\u00e9cautions<\/strong>:<\/div>\n<div>-\u00c9viter tout contact avec les yeux.<\/div>\n<div>-Tenir hors de port\u00e9e des enfants.<\/div>","protected":false},"excerpt":{"rendered":"<p>Revitalisez votre peau et ciblez la cellulite tenace avec notre luxueux gommage anti-cellulite. Infus\u00e9 aux vertus naturelles du caf\u00e9 et de l'orange, ce gommage exfoliant lisse, tonifie et rajeunit votre peau. La riche caf\u00e9ine du caf\u00e9 stimule la circulation, favorisant la d\u00e9gradation des cellules graisseuses et r\u00e9duisant l'apparence de la cellulite. Associ\u00e9 \u00e0 l'essence d'orange rafra\u00eechissante et vitamin\u00e9e, ce gommage laisse votre peau douce, rafra\u00eechie et visiblement plus ferme.<\/p>","protected":false},"featured_media":305,"comment_status":"open","ping_status":"closed","template":"","meta":{"inline_featured_image":false},"product_brand":[],"product_cat":[40],"product_tag":[54],"class_list":{"0":"post-304","1":"product","2":"type-product","3":"status-publish","4":"has-post-thumbnail","6":"product_cat-scrubs","7":"product_tag-beauty-body","9":"first","10":"instock","11":"shipping-taxable","12":"purchasable","13":"product-type-simple"},"yoast_head":"<!-- This site is optimized with the Yoast SEO Premium plugin v21.5 (Yoast SEO v27.3) - https:\/\/yoast.com\/product\/yoast-seo-premium-wordpress\/ -->\n<title>Anti-cellulite-scrub-with-coffee<\/title>\n<meta name=\"description\" content=\"Revitalize your skin and target stubborn cellulite with our luxurious Anti-Cellulite Scrub. Infused with the natural power of coffee and orange, this exfoliating scrub works to smooth, tone, and rejuvenate your skin. The rich caffeine in coffee helps stimulate circulation, promoting the breakdown of fat cells and reducing the appearance of cellulite. Paired with the refreshing, vitamin-packed essence of orange, this scrub leaves your skin feeling soft, refreshed, and visibly firmer.\" \/>\n<meta name=\"robots\" content=\"index, follow, max-snippet:-1, max-image-preview:large, max-video-preview:-1\" \/>\n<link rel=\"canonical\" href=\"https:\/\/cooperativetoudarte.com\/fr\/produit\/anti-cellulite-scrub-with-coffee-and-orange-150gr\/\" \/>\n<meta property=\"og:locale\" content=\"fr_FR\" \/>\n<meta property=\"og:type\" content=\"article\" \/>\n<meta property=\"og:title\" content=\"ANTI-CELLULITE SCRUB WITH COFFEE AND ORANGE 150GR\" \/>\n<meta property=\"og:description\" content=\"Revitalize your skin and target stubborn cellulite with our luxurious Anti-Cellulite Scrub. Infused with the natural power of coffee and orange, this exfoliating scrub works to smooth, tone, and rejuvenate your skin. The rich caffeine in coffee helps stimulate circulation, promoting the breakdown of fat cells and reducing the appearance of cellulite. Paired with the refreshing, vitamin-packed essence of orange, this scrub leaves your skin feeling soft, refreshed, and visibly firmer.\" \/>\n<meta property=\"og:url\" content=\"https:\/\/cooperativetoudarte.com\/fr\/produit\/anti-cellulite-scrub-with-coffee-and-orange-150gr\/\" \/>\n<meta property=\"og:site_name\" content=\"Toudarte\" \/>\n<meta property=\"article:publisher\" content=\"https:\/\/www.facebook.com\/cooperative.toudarte\/\" \/>\n<meta property=\"article:modified_time\" content=\"2025-09-15T22:03:11+00:00\" \/>\n<meta property=\"og:image\" content=\"https:\/\/cooperativetoudarte.com\/wp-content\/uploads\/2023\/10\/anti-cellulite-scrub-with-coffee-and-orange-150gr-1.jpg\" \/>\n\t<meta property=\"og:image:width\" content=\"800\" \/>\n\t<meta property=\"og:image:height\" content=\"800\" \/>\n\t<meta property=\"og:image:type\" content=\"image\/jpeg\" \/>\n<meta name=\"twitter:card\" content=\"summary_large_image\" \/>\n<meta name=\"twitter:site\" content=\"@cooprativetouda\" \/>\n<meta name=\"twitter:label1\" content=\"Prix\" \/>\n\t<meta name=\"twitter:data1\" content=\"&#x62f;.&#x645;.60,00\" \/>\n\t<meta name=\"twitter:label2\" content=\"Availability\" \/>\n\t<meta name=\"twitter:data2\" content=\"In stock\" \/>\n<script type=\"application\/ld+json\" class=\"yoast-schema-graph\">{\"@context\":\"https:\\\/\\\/schema.org\",\"@graph\":[{\"@type\":\"WebPage\",\"@id\":\"https:\\\/\\\/cooperativetoudarte.com\\\/product\\\/anti-cellulite-scrub-with-coffee-and-orange-150gr\\\/\",\"url\":\"https:\\\/\\\/cooperativetoudarte.com\\\/product\\\/anti-cellulite-scrub-with-coffee-and-orange-150gr\\\/\",\"name\":\"Anti-cellulite-scrub-with-coffee\",\"isPartOf\":{\"@id\":\"https:\\\/\\\/cooperativetoudarte.com\\\/fr\\\/#website\"},\"primaryImageOfPage\":{\"@id\":\"https:\\\/\\\/cooperativetoudarte.com\\\/product\\\/anti-cellulite-scrub-with-coffee-and-orange-150gr\\\/#primaryimage\"},\"image\":{\"@id\":\"https:\\\/\\\/cooperativetoudarte.com\\\/product\\\/anti-cellulite-scrub-with-coffee-and-orange-150gr\\\/#primaryimage\"},\"thumbnailUrl\":\"https:\\\/\\\/cooperativetoudarte.com\\\/wp-content\\\/uploads\\\/2023\\\/10\\\/anti-cellulite-scrub-with-coffee-and-orange-150gr-1.jpg\",\"datePublished\":\"2023-10-29T12:29:45+00:00\",\"dateModified\":\"2025-09-15T22:03:11+00:00\",\"description\":\"Revitalize your skin and target stubborn cellulite with our luxurious Anti-Cellulite Scrub. Infused with the natural power of coffee and orange, this exfoliating scrub works to smooth, tone, and rejuvenate your skin. The rich caffeine in coffee helps stimulate circulation, promoting the breakdown of fat cells and reducing the appearance of cellulite. Paired with the refreshing, vitamin-packed essence of orange, this scrub leaves your skin feeling soft, refreshed, and visibly firmer.\",\"breadcrumb\":{\"@id\":\"https:\\\/\\\/cooperativetoudarte.com\\\/product\\\/anti-cellulite-scrub-with-coffee-and-orange-150gr\\\/#breadcrumb\"},\"inLanguage\":\"fr-FR\",\"potentialAction\":[{\"@type\":\"ReadAction\",\"target\":[\"https:\\\/\\\/cooperativetoudarte.com\\\/product\\\/anti-cellulite-scrub-with-coffee-and-orange-150gr\\\/\"]}]},{\"@type\":\"ImageObject\",\"inLanguage\":\"fr-FR\",\"@id\":\"https:\\\/\\\/cooperativetoudarte.com\\\/product\\\/anti-cellulite-scrub-with-coffee-and-orange-150gr\\\/#primaryimage\",\"url\":\"https:\\\/\\\/cooperativetoudarte.com\\\/wp-content\\\/uploads\\\/2023\\\/10\\\/anti-cellulite-scrub-with-coffee-and-orange-150gr-1.jpg\",\"contentUrl\":\"https:\\\/\\\/cooperativetoudarte.com\\\/wp-content\\\/uploads\\\/2023\\\/10\\\/anti-cellulite-scrub-with-coffee-and-orange-150gr-1.jpg\",\"width\":800,\"height\":800},{\"@type\":\"BreadcrumbList\",\"@id\":\"https:\\\/\\\/cooperativetoudarte.com\\\/product\\\/anti-cellulite-scrub-with-coffee-and-orange-150gr\\\/#breadcrumb\",\"itemListElement\":[{\"@type\":\"ListItem\",\"position\":1,\"name\":\"Home\",\"item\":\"https:\\\/\\\/cooperativetoudarte.com\\\/\"},{\"@type\":\"ListItem\",\"position\":2,\"name\":\"Shop\",\"item\":\"https:\\\/\\\/cooperativetoudarte.com\\\/fr\\\/shop\\\/\"},{\"@type\":\"ListItem\",\"position\":3,\"name\":\"ANTI-CELLULITE SCRUB WITH COFFEE AND ORANGE 150GR\"}]},{\"@type\":\"WebSite\",\"@id\":\"https:\\\/\\\/cooperativetoudarte.com\\\/fr\\\/#website\",\"url\":\"https:\\\/\\\/cooperativetoudarte.com\\\/fr\\\/\",\"name\":\"Toudarte Cooperative\",\"description\":\"High Quality Bio Products\",\"publisher\":{\"@id\":\"https:\\\/\\\/cooperativetoudarte.com\\\/fr\\\/#organization\"},\"alternateName\":\"Cooperative Toudarte\",\"potentialAction\":[{\"@type\":\"SearchAction\",\"target\":{\"@type\":\"EntryPoint\",\"urlTemplate\":\"https:\\\/\\\/cooperativetoudarte.com\\\/fr\\\/?s={search_term_string}\"},\"query-input\":{\"@type\":\"PropertyValueSpecification\",\"valueRequired\":true,\"valueName\":\"search_term_string\"}}],\"inLanguage\":\"fr-FR\"},{\"@type\":[\"Organization\",\"Place\"],\"@id\":\"https:\\\/\\\/cooperativetoudarte.com\\\/fr\\\/#organization\",\"name\":\"Toudarte Cooperative\",\"alternateName\":\"Cooperative Toudarte\",\"url\":\"https:\\\/\\\/cooperativetoudarte.com\\\/fr\\\/\",\"logo\":{\"@id\":\"https:\\\/\\\/cooperativetoudarte.com\\\/product\\\/anti-cellulite-scrub-with-coffee-and-orange-150gr\\\/#local-main-organization-logo\"},\"image\":{\"@id\":\"https:\\\/\\\/cooperativetoudarte.com\\\/product\\\/anti-cellulite-scrub-with-coffee-and-orange-150gr\\\/#local-main-organization-logo\"},\"sameAs\":[\"https:\\\/\\\/www.facebook.com\\\/cooperative.toudarte\\\/\",\"https:\\\/\\\/x.com\\\/cooprativetouda\",\"https:\\\/\\\/www.instagram.com\\\/cooperativetoudarte\",\"https:\\\/\\\/www.youtube.com\\\/c\\\/COOPERATIVETOUDARTE\"],\"openingHoursSpecification\":[{\"@type\":\"OpeningHoursSpecification\",\"dayOfWeek\":[\"Monday\",\"Tuesday\",\"Wednesday\",\"Thursday\",\"Friday\",\"Saturday\",\"Sunday\"],\"opens\":\"09:00\",\"closes\":\"17:00\"}]},{\"@type\":\"ImageObject\",\"inLanguage\":\"fr-FR\",\"@id\":\"https:\\\/\\\/cooperativetoudarte.com\\\/product\\\/anti-cellulite-scrub-with-coffee-and-orange-150gr\\\/#local-main-organization-logo\",\"url\":\"https:\\\/\\\/cooperativetoudarte.com\\\/wp-content\\\/uploads\\\/2023\\\/11\\\/PngLogo-1.png\",\"contentUrl\":\"https:\\\/\\\/cooperativetoudarte.com\\\/wp-content\\\/uploads\\\/2023\\\/11\\\/PngLogo-1.png\",\"width\":512,\"height\":512,\"caption\":\"Toudarte Cooperative\"}]}<\/script>\n<meta property=\"product:price:amount\" content=\"60.00\" \/>\n<meta property=\"product:price:currency\" content=\"MAD\" \/>\n<meta property=\"og:availability\" content=\"instock\" \/>\n<meta property=\"product:availability\" content=\"instock\" \/>\n<meta property=\"product:condition\" content=\"new\" \/>\n<!-- \/ Yoast SEO Premium plugin. -->","yoast_head_json":{"title":"Anti-cellulite-scrub-with-coffee","description":"Revitalisez votre peau et ciblez la cellulite tenace avec notre luxueux gommage anti-cellulite. Infus\u00e9 aux vertus naturelles du caf\u00e9 et de l'orange, ce gommage exfoliant lisse, tonifie et rajeunit votre peau. La riche caf\u00e9ine du caf\u00e9 stimule la circulation, favorisant la d\u00e9gradation des cellules graisseuses et r\u00e9duisant l'apparence de la cellulite. Associ\u00e9 \u00e0 l'essence d'orange rafra\u00eechissante et vitamin\u00e9e, ce gommage laisse votre peau douce, rafra\u00eechie et visiblement plus ferme.","robots":{"index":"index","follow":"follow","max-snippet":"max-snippet:-1","max-image-preview":"max-image-preview:large","max-video-preview":"max-video-preview:-1"},"canonical":"https:\/\/cooperativetoudarte.com\/fr\/produit\/anti-cellulite-scrub-with-coffee-and-orange-150gr\/","og_locale":"fr_FR","og_type":"article","og_title":"ANTI-CELLULITE SCRUB WITH COFFEE AND ORANGE 150GR","og_description":"Revitalize your skin and target stubborn cellulite with our luxurious Anti-Cellulite Scrub. Infused with the natural power of coffee and orange, this exfoliating scrub works to smooth, tone, and rejuvenate your skin. The rich caffeine in coffee helps stimulate circulation, promoting the breakdown of fat cells and reducing the appearance of cellulite. Paired with the refreshing, vitamin-packed essence of orange, this scrub leaves your skin feeling soft, refreshed, and visibly firmer.","og_url":"https:\/\/cooperativetoudarte.com\/fr\/produit\/anti-cellulite-scrub-with-coffee-and-orange-150gr\/","og_site_name":"Toudarte","article_publisher":"https:\/\/www.facebook.com\/cooperative.toudarte\/","article_modified_time":"2025-09-15T22:03:11+00:00","og_image":[{"width":800,"height":800,"url":"https:\/\/cooperativetoudarte.com\/wp-content\/uploads\/2023\/10\/anti-cellulite-scrub-with-coffee-and-orange-150gr-1.jpg","type":"image\/jpeg"}],"twitter_card":"summary_large_image","twitter_site":"@cooprativetouda","twitter_misc":{"Prix":"&#x62f;.&#x645;.60,00","Availability":"In stock"},"schema":{"@context":"https:\/\/schema.org","@graph":[{"@type":"WebPage","@id":"https:\/\/cooperativetoudarte.com\/product\/anti-cellulite-scrub-with-coffee-and-orange-150gr\/","url":"https:\/\/cooperativetoudarte.com\/product\/anti-cellulite-scrub-with-coffee-and-orange-150gr\/","name":"Anti-cellulite-scrub-with-coffee","isPartOf":{"@id":"https:\/\/cooperativetoudarte.com\/fr\/#website"},"primaryImageOfPage":{"@id":"https:\/\/cooperativetoudarte.com\/product\/anti-cellulite-scrub-with-coffee-and-orange-150gr\/#primaryimage"},"image":{"@id":"https:\/\/cooperativetoudarte.com\/product\/anti-cellulite-scrub-with-coffee-and-orange-150gr\/#primaryimage"},"thumbnailUrl":"https:\/\/cooperativetoudarte.com\/wp-content\/uploads\/2023\/10\/anti-cellulite-scrub-with-coffee-and-orange-150gr-1.jpg","datePublished":"2023-10-29T12:29:45+00:00","dateModified":"2025-09-15T22:03:11+00:00","description":"Revitalisez votre peau et ciblez la cellulite tenace avec notre luxueux gommage anti-cellulite. Infus\u00e9 aux vertus naturelles du caf\u00e9 et de l'orange, ce gommage exfoliant lisse, tonifie et rajeunit votre peau. La riche caf\u00e9ine du caf\u00e9 stimule la circulation, favorisant la d\u00e9gradation des cellules graisseuses et r\u00e9duisant l'apparence de la cellulite. Associ\u00e9 \u00e0 l'essence d'orange rafra\u00eechissante et vitamin\u00e9e, ce gommage laisse votre peau douce, rafra\u00eechie et visiblement plus ferme.","breadcrumb":{"@id":"https:\/\/cooperativetoudarte.com\/product\/anti-cellulite-scrub-with-coffee-and-orange-150gr\/#breadcrumb"},"inLanguage":"fr-FR","potentialAction":[{"@type":"ReadAction","target":["https:\/\/cooperativetoudarte.com\/product\/anti-cellulite-scrub-with-coffee-and-orange-150gr\/"]}]},{"@type":"ImageObject","inLanguage":"fr-FR","@id":"https:\/\/cooperativetoudarte.com\/product\/anti-cellulite-scrub-with-coffee-and-orange-150gr\/#primaryimage","url":"https:\/\/cooperativetoudarte.com\/wp-content\/uploads\/2023\/10\/anti-cellulite-scrub-with-coffee-and-orange-150gr-1.jpg","contentUrl":"https:\/\/cooperativetoudarte.com\/wp-content\/uploads\/2023\/10\/anti-cellulite-scrub-with-coffee-and-orange-150gr-1.jpg","width":800,"height":800},{"@type":"BreadcrumbList","@id":"https:\/\/cooperativetoudarte.com\/product\/anti-cellulite-scrub-with-coffee-and-orange-150gr\/#breadcrumb","itemListElement":[{"@type":"ListItem","position":1,"name":"Home","item":"https:\/\/cooperativetoudarte.com\/"},{"@type":"ListItem","position":2,"name":"Shop","item":"https:\/\/cooperativetoudarte.com\/fr\/shop\/"},{"@type":"ListItem","position":3,"name":"ANTI-CELLULITE SCRUB WITH COFFEE AND ORANGE 150GR"}]},{"@type":"WebSite","@id":"https:\/\/cooperativetoudarte.com\/fr\/#website","url":"https:\/\/cooperativetoudarte.com\/fr\/","name":"Coop\u00e9rative Toudarte","description":"High Quality Bio Products","publisher":{"@id":"https:\/\/cooperativetoudarte.com\/fr\/#organization"},"alternateName":"Cooperative Toudarte","potentialAction":[{"@type":"SearchAction","target":{"@type":"EntryPoint","urlTemplate":"https:\/\/cooperativetoudarte.com\/fr\/?s={search_term_string}"},"query-input":{"@type":"PropertyValueSpecification","valueRequired":true,"valueName":"search_term_string"}}],"inLanguage":"fr-FR"},{"@type":["Organization","Place"],"@id":"https:\/\/cooperativetoudarte.com\/fr\/#organization","name":"Coop\u00e9rative Toudarte","alternateName":"Cooperative Toudarte","url":"https:\/\/cooperativetoudarte.com\/fr\/","logo":{"@id":"https:\/\/cooperativetoudarte.com\/product\/anti-cellulite-scrub-with-coffee-and-orange-150gr\/#local-main-organization-logo"},"image":{"@id":"https:\/\/cooperativetoudarte.com\/product\/anti-cellulite-scrub-with-coffee-and-orange-150gr\/#local-main-organization-logo"},"sameAs":["https:\/\/www.facebook.com\/cooperative.toudarte\/","https:\/\/x.com\/cooprativetouda","https:\/\/www.instagram.com\/cooperativetoudarte","https:\/\/www.youtube.com\/c\/COOPERATIVETOUDARTE"],"openingHoursSpecification":[{"@type":"OpeningHoursSpecification","dayOfWeek":["Monday","Tuesday","Wednesday","Thursday","Friday","Saturday","Sunday"],"opens":"09:00","closes":"17:00"}]},{"@type":"ImageObject","inLanguage":"fr-FR","@id":"https:\/\/cooperativetoudarte.com\/product\/anti-cellulite-scrub-with-coffee-and-orange-150gr\/#local-main-organization-logo","url":"https:\/\/cooperativetoudarte.com\/wp-content\/uploads\/2023\/11\/PngLogo-1.png","contentUrl":"https:\/\/cooperativetoudarte.com\/wp-content\/uploads\/2023\/11\/PngLogo-1.png","width":512,"height":512,"caption":"Toudarte Cooperative"}]},"product_price_amount":"60.00","product_price_currency":"MAD","og_availability":"instock","product_availability":"instock","product_condition":"new"},"jetpack_sharing_enabled":true,"_links":{"self":[{"href":"https:\/\/cooperativetoudarte.com\/fr\/wp-json\/wp\/v2\/product\/304","targetHints":{"allow":["GET"]}}],"collection":[{"href":"https:\/\/cooperativetoudarte.com\/fr\/wp-json\/wp\/v2\/product"}],"about":[{"href":"https:\/\/cooperativetoudarte.com\/fr\/wp-json\/wp\/v2\/types\/product"}],"replies":[{"embeddable":true,"href":"https:\/\/cooperativetoudarte.com\/fr\/wp-json\/wp\/v2\/comments?post=304"}],"wp:featuredmedia":[{"embeddable":true,"href":"https:\/\/cooperativetoudarte.com\/fr\/wp-json\/wp\/v2\/media\/305"}],"wp:attachment":[{"href":"https:\/\/cooperativetoudarte.com\/fr\/wp-json\/wp\/v2\/media?parent=304"}],"wp:term":[{"taxonomy":"product_brand","embeddable":true,"href":"https:\/\/cooperativetoudarte.com\/fr\/wp-json\/wp\/v2\/product_brand?post=304"},{"taxonomy":"product_cat","embeddable":true,"href":"https:\/\/cooperativetoudarte.com\/fr\/wp-json\/wp\/v2\/product_cat?post=304"},{"taxonomy":"product_tag","embeddable":true,"href":"https:\/\/cooperativetoudarte.com\/fr\/wp-json\/wp\/v2\/product_tag?post=304"}],"curies":[{"name":"wp","href":"https:\/\/api.w.org\/{rel}","templated":true}]}}