{"id":298,"date":"2023-10-29T12:25:31","date_gmt":"2023-10-29T12:25:31","guid":{"rendered":"https:\/\/cooperativetoudarte.com\/?post_type=product&#038;p=298"},"modified":"2025-09-15T21:54:45","modified_gmt":"2025-09-15T21:54:45","slug":"foot-scrub-with-marine-salts-and-lavender-150gr","status":"publish","type":"product","link":"https:\/\/cooperativetoudarte.com\/fr\/produit\/foot-scrub-with-marine-salts-and-lavender-150gr\/","title":{"rendered":"GOMMAGE DES PIEDS AUX SELS MARINS ET LAVANDE 150GR"},"content":{"rendered":"<div><strong>Ingr\u00e9dients:<\/strong>: <\/div>\n<div><\/div>\n<div><strong>usage<\/strong>: <\/div>\n<div><\/div>\n<div><strong>stockage<\/strong>\u00a0: Garder au sec, \u00e0 l\u2019abri de la chaleur et de la lumi\u00e8re. Le temps d\u2019utilisation recommand\u00e9 est de trois mois apr\u00e8s ouverture.<\/div>\n<div><\/div>\n<div><strong>pr\u00e9cautions<\/strong>: \u00c9vitez le contact visuel. Tenir hors de port\u00e9e des enfants. Conserver \u00e0 temp\u00e9rature ambiante entre 10\u00b0C et 30\u00b0C.<\/div>","protected":false},"excerpt":{"rendered":"<p>Revitalize tired feet with our luxurious Foot Scrub, infused with mineral-rich marine salts and calming lavender. This exfoliating blend gently sloughs away rough, dry skin, leaving your feet feeling silky smooth and refreshed. The soothing scent of lavender promotes relaxation, making it perfect for your evening self-care ritual. Ideal for all skin types, this scrub restores softness and helps maintain healthy, happy feet.<\/p>","protected":false},"featured_media":299,"comment_status":"open","ping_status":"closed","template":"","meta":{"inline_featured_image":false},"product_brand":[],"product_cat":[40],"product_tag":[56],"class_list":{"0":"post-298","1":"product","2":"type-product","3":"status-publish","4":"has-post-thumbnail","6":"product_cat-scrubs","7":"product_tag-beauty-feet","9":"first","10":"instock","11":"shipping-taxable","12":"purchasable","13":"product-type-simple"},"yoast_head":"<!-- This site is optimized with the Yoast SEO Premium plugin v21.5 (Yoast SEO v27.4) - https:\/\/yoast.com\/product\/yoast-seo-premium-wordpress\/ -->\n<title>Foot-scrub-with-marine -lavender<\/title>\n<meta name=\"description\" content=\"Revitalize tired feet with our luxurious Foot Scrub, infused with mineral-rich marine salts and calming lavender. This exfoliating blend gently sloughs away rough, dry skin, leaving your feet feeling silky smooth and refreshed. The soothing scent of lavender promotes relaxation, making it perfect for your evening self-care ritual. Ideal for all skin types, this scrub restores softness and helps maintain healthy, happy feet.\" \/>\n<meta name=\"robots\" content=\"index, follow, max-snippet:-1, max-image-preview:large, max-video-preview:-1\" \/>\n<link rel=\"canonical\" href=\"https:\/\/cooperativetoudarte.com\/fr\/produit\/foot-scrub-with-marine-salts-and-lavender-150gr\/\" \/>\n<meta property=\"og:locale\" content=\"fr_FR\" \/>\n<meta property=\"og:type\" content=\"article\" \/>\n<meta property=\"og:title\" content=\"FOOT SCRUB WITH MARINE SALTS AND LAVENDER 150GR\" \/>\n<meta property=\"og:description\" content=\"Revitalize tired feet with our luxurious Foot Scrub, infused with mineral-rich marine salts and calming lavender. This exfoliating blend gently sloughs away rough, dry skin, leaving your feet feeling silky smooth and refreshed. The soothing scent of lavender promotes relaxation, making it perfect for your evening self-care ritual. Ideal for all skin types, this scrub restores softness and helps maintain healthy, happy feet.\" \/>\n<meta property=\"og:url\" content=\"https:\/\/cooperativetoudarte.com\/fr\/produit\/foot-scrub-with-marine-salts-and-lavender-150gr\/\" \/>\n<meta property=\"og:site_name\" content=\"Toudarte\" \/>\n<meta property=\"article:publisher\" content=\"https:\/\/www.facebook.com\/cooperative.toudarte\/\" \/>\n<meta property=\"article:modified_time\" content=\"2025-09-15T21:54:45+00:00\" \/>\n<meta property=\"og:image\" content=\"https:\/\/cooperativetoudarte.com\/wp-content\/uploads\/2023\/10\/foot-scrub-with-marine-salts-and-lavender-150gr-1.jpg\" \/>\n\t<meta property=\"og:image:width\" content=\"800\" \/>\n\t<meta property=\"og:image:height\" content=\"800\" \/>\n\t<meta property=\"og:image:type\" content=\"image\/jpeg\" \/>\n<meta name=\"twitter:card\" content=\"summary_large_image\" \/>\n<meta name=\"twitter:site\" content=\"@cooprativetouda\" \/>\n<meta name=\"twitter:label1\" content=\"Prix\" \/>\n\t<meta name=\"twitter:data1\" content=\"&#x62f;.&#x645;.50,00\" \/>\n\t<meta name=\"twitter:label2\" content=\"Availability\" \/>\n\t<meta name=\"twitter:data2\" content=\"In stock\" \/>\n<script type=\"application\/ld+json\" class=\"yoast-schema-graph\">{\"@context\":\"https:\\\/\\\/schema.org\",\"@graph\":[{\"@type\":\"WebPage\",\"@id\":\"https:\\\/\\\/cooperativetoudarte.com\\\/product\\\/foot-scrub-with-marine-salts-and-lavender-150gr\\\/\",\"url\":\"https:\\\/\\\/cooperativetoudarte.com\\\/product\\\/foot-scrub-with-marine-salts-and-lavender-150gr\\\/\",\"name\":\"Foot-scrub-with-marine -lavender\",\"isPartOf\":{\"@id\":\"https:\\\/\\\/cooperativetoudarte.com\\\/fr\\\/#website\"},\"primaryImageOfPage\":{\"@id\":\"https:\\\/\\\/cooperativetoudarte.com\\\/product\\\/foot-scrub-with-marine-salts-and-lavender-150gr\\\/#primaryimage\"},\"image\":{\"@id\":\"https:\\\/\\\/cooperativetoudarte.com\\\/product\\\/foot-scrub-with-marine-salts-and-lavender-150gr\\\/#primaryimage\"},\"thumbnailUrl\":\"https:\\\/\\\/cooperativetoudarte.com\\\/wp-content\\\/uploads\\\/2023\\\/10\\\/foot-scrub-with-marine-salts-and-lavender-150gr-1.jpg\",\"datePublished\":\"2023-10-29T12:25:31+00:00\",\"dateModified\":\"2025-09-15T21:54:45+00:00\",\"description\":\"Revitalize tired feet with our luxurious Foot Scrub, infused with mineral-rich marine salts and calming lavender. This exfoliating blend gently sloughs away rough, dry skin, leaving your feet feeling silky smooth and refreshed. The soothing scent of lavender promotes relaxation, making it perfect for your evening self-care ritual. Ideal for all skin types, this scrub restores softness and helps maintain healthy, happy feet.\",\"breadcrumb\":{\"@id\":\"https:\\\/\\\/cooperativetoudarte.com\\\/product\\\/foot-scrub-with-marine-salts-and-lavender-150gr\\\/#breadcrumb\"},\"inLanguage\":\"fr-FR\",\"potentialAction\":[{\"@type\":\"ReadAction\",\"target\":[\"https:\\\/\\\/cooperativetoudarte.com\\\/product\\\/foot-scrub-with-marine-salts-and-lavender-150gr\\\/\"]}]},{\"@type\":\"ImageObject\",\"inLanguage\":\"fr-FR\",\"@id\":\"https:\\\/\\\/cooperativetoudarte.com\\\/product\\\/foot-scrub-with-marine-salts-and-lavender-150gr\\\/#primaryimage\",\"url\":\"https:\\\/\\\/cooperativetoudarte.com\\\/wp-content\\\/uploads\\\/2023\\\/10\\\/foot-scrub-with-marine-salts-and-lavender-150gr-1.jpg\",\"contentUrl\":\"https:\\\/\\\/cooperativetoudarte.com\\\/wp-content\\\/uploads\\\/2023\\\/10\\\/foot-scrub-with-marine-salts-and-lavender-150gr-1.jpg\",\"width\":800,\"height\":800},{\"@type\":\"BreadcrumbList\",\"@id\":\"https:\\\/\\\/cooperativetoudarte.com\\\/product\\\/foot-scrub-with-marine-salts-and-lavender-150gr\\\/#breadcrumb\",\"itemListElement\":[{\"@type\":\"ListItem\",\"position\":1,\"name\":\"Home\",\"item\":\"https:\\\/\\\/cooperativetoudarte.com\\\/\"},{\"@type\":\"ListItem\",\"position\":2,\"name\":\"Shop\",\"item\":\"https:\\\/\\\/cooperativetoudarte.com\\\/fr\\\/shop\\\/\"},{\"@type\":\"ListItem\",\"position\":3,\"name\":\"FOOT SCRUB WITH MARINE SALTS AND LAVENDER 150GR\"}]},{\"@type\":\"WebSite\",\"@id\":\"https:\\\/\\\/cooperativetoudarte.com\\\/fr\\\/#website\",\"url\":\"https:\\\/\\\/cooperativetoudarte.com\\\/fr\\\/\",\"name\":\"Toudarte Cooperative\",\"description\":\"High Quality Bio Products\",\"publisher\":{\"@id\":\"https:\\\/\\\/cooperativetoudarte.com\\\/fr\\\/#organization\"},\"alternateName\":\"Cooperative Toudarte\",\"potentialAction\":[{\"@type\":\"SearchAction\",\"target\":{\"@type\":\"EntryPoint\",\"urlTemplate\":\"https:\\\/\\\/cooperativetoudarte.com\\\/fr\\\/?s={search_term_string}\"},\"query-input\":{\"@type\":\"PropertyValueSpecification\",\"valueRequired\":true,\"valueName\":\"search_term_string\"}}],\"inLanguage\":\"fr-FR\"},{\"@type\":[\"Organization\",\"Place\"],\"@id\":\"https:\\\/\\\/cooperativetoudarte.com\\\/fr\\\/#organization\",\"name\":\"Toudarte Cooperative\",\"alternateName\":\"Cooperative Toudarte\",\"url\":\"https:\\\/\\\/cooperativetoudarte.com\\\/fr\\\/\",\"logo\":{\"@id\":\"https:\\\/\\\/cooperativetoudarte.com\\\/product\\\/foot-scrub-with-marine-salts-and-lavender-150gr\\\/#local-main-organization-logo\"},\"image\":{\"@id\":\"https:\\\/\\\/cooperativetoudarte.com\\\/product\\\/foot-scrub-with-marine-salts-and-lavender-150gr\\\/#local-main-organization-logo\"},\"sameAs\":[\"https:\\\/\\\/www.facebook.com\\\/cooperative.toudarte\\\/\",\"https:\\\/\\\/x.com\\\/cooprativetouda\",\"https:\\\/\\\/www.instagram.com\\\/cooperativetoudarte\",\"https:\\\/\\\/www.youtube.com\\\/c\\\/COOPERATIVETOUDARTE\"],\"openingHoursSpecification\":[{\"@type\":\"OpeningHoursSpecification\",\"dayOfWeek\":[\"Monday\",\"Tuesday\",\"Wednesday\",\"Thursday\",\"Friday\",\"Saturday\",\"Sunday\"],\"opens\":\"09:00\",\"closes\":\"17:00\"}]},{\"@type\":\"ImageObject\",\"inLanguage\":\"fr-FR\",\"@id\":\"https:\\\/\\\/cooperativetoudarte.com\\\/product\\\/foot-scrub-with-marine-salts-and-lavender-150gr\\\/#local-main-organization-logo\",\"url\":\"https:\\\/\\\/cooperativetoudarte.com\\\/wp-content\\\/uploads\\\/2023\\\/11\\\/PngLogo-1.png\",\"contentUrl\":\"https:\\\/\\\/cooperativetoudarte.com\\\/wp-content\\\/uploads\\\/2023\\\/11\\\/PngLogo-1.png\",\"width\":512,\"height\":512,\"caption\":\"Toudarte Cooperative\"}]}<\/script>\n<meta property=\"product:price:amount\" content=\"50.00\" \/>\n<meta property=\"product:price:currency\" content=\"MAD\" \/>\n<meta property=\"og:availability\" content=\"instock\" \/>\n<meta property=\"product:availability\" content=\"instock\" \/>\n<meta property=\"product:condition\" content=\"new\" \/>\n<!-- \/ Yoast SEO Premium plugin. -->","yoast_head_json":{"title":"Foot-scrub-with-marine -lavender","description":"Revitalize tired feet with our luxurious Foot Scrub, infused with mineral-rich marine salts and calming lavender. This exfoliating blend gently sloughs away rough, dry skin, leaving your feet feeling silky smooth and refreshed. The soothing scent of lavender promotes relaxation, making it perfect for your evening self-care ritual. Ideal for all skin types, this scrub restores softness and helps maintain healthy, happy feet.","robots":{"index":"index","follow":"follow","max-snippet":"max-snippet:-1","max-image-preview":"max-image-preview:large","max-video-preview":"max-video-preview:-1"},"canonical":"https:\/\/cooperativetoudarte.com\/fr\/produit\/foot-scrub-with-marine-salts-and-lavender-150gr\/","og_locale":"fr_FR","og_type":"article","og_title":"FOOT SCRUB WITH MARINE SALTS AND LAVENDER 150GR","og_description":"Revitalize tired feet with our luxurious Foot Scrub, infused with mineral-rich marine salts and calming lavender. This exfoliating blend gently sloughs away rough, dry skin, leaving your feet feeling silky smooth and refreshed. The soothing scent of lavender promotes relaxation, making it perfect for your evening self-care ritual. Ideal for all skin types, this scrub restores softness and helps maintain healthy, happy feet.","og_url":"https:\/\/cooperativetoudarte.com\/fr\/produit\/foot-scrub-with-marine-salts-and-lavender-150gr\/","og_site_name":"Toudarte","article_publisher":"https:\/\/www.facebook.com\/cooperative.toudarte\/","article_modified_time":"2025-09-15T21:54:45+00:00","og_image":[{"width":800,"height":800,"url":"https:\/\/cooperativetoudarte.com\/wp-content\/uploads\/2023\/10\/foot-scrub-with-marine-salts-and-lavender-150gr-1.jpg","type":"image\/jpeg"}],"twitter_card":"summary_large_image","twitter_site":"@cooprativetouda","twitter_misc":{"Prix":"&#x62f;.&#x645;.50,00","Availability":"In stock"},"schema":{"@context":"https:\/\/schema.org","@graph":[{"@type":"WebPage","@id":"https:\/\/cooperativetoudarte.com\/product\/foot-scrub-with-marine-salts-and-lavender-150gr\/","url":"https:\/\/cooperativetoudarte.com\/product\/foot-scrub-with-marine-salts-and-lavender-150gr\/","name":"Foot-scrub-with-marine -lavender","isPartOf":{"@id":"https:\/\/cooperativetoudarte.com\/fr\/#website"},"primaryImageOfPage":{"@id":"https:\/\/cooperativetoudarte.com\/product\/foot-scrub-with-marine-salts-and-lavender-150gr\/#primaryimage"},"image":{"@id":"https:\/\/cooperativetoudarte.com\/product\/foot-scrub-with-marine-salts-and-lavender-150gr\/#primaryimage"},"thumbnailUrl":"https:\/\/cooperativetoudarte.com\/wp-content\/uploads\/2023\/10\/foot-scrub-with-marine-salts-and-lavender-150gr-1.jpg","datePublished":"2023-10-29T12:25:31+00:00","dateModified":"2025-09-15T21:54:45+00:00","description":"Revitalize tired feet with our luxurious Foot Scrub, infused with mineral-rich marine salts and calming lavender. This exfoliating blend gently sloughs away rough, dry skin, leaving your feet feeling silky smooth and refreshed. The soothing scent of lavender promotes relaxation, making it perfect for your evening self-care ritual. Ideal for all skin types, this scrub restores softness and helps maintain healthy, happy feet.","breadcrumb":{"@id":"https:\/\/cooperativetoudarte.com\/product\/foot-scrub-with-marine-salts-and-lavender-150gr\/#breadcrumb"},"inLanguage":"fr-FR","potentialAction":[{"@type":"ReadAction","target":["https:\/\/cooperativetoudarte.com\/product\/foot-scrub-with-marine-salts-and-lavender-150gr\/"]}]},{"@type":"ImageObject","inLanguage":"fr-FR","@id":"https:\/\/cooperativetoudarte.com\/product\/foot-scrub-with-marine-salts-and-lavender-150gr\/#primaryimage","url":"https:\/\/cooperativetoudarte.com\/wp-content\/uploads\/2023\/10\/foot-scrub-with-marine-salts-and-lavender-150gr-1.jpg","contentUrl":"https:\/\/cooperativetoudarte.com\/wp-content\/uploads\/2023\/10\/foot-scrub-with-marine-salts-and-lavender-150gr-1.jpg","width":800,"height":800},{"@type":"BreadcrumbList","@id":"https:\/\/cooperativetoudarte.com\/product\/foot-scrub-with-marine-salts-and-lavender-150gr\/#breadcrumb","itemListElement":[{"@type":"ListItem","position":1,"name":"Home","item":"https:\/\/cooperativetoudarte.com\/"},{"@type":"ListItem","position":2,"name":"Shop","item":"https:\/\/cooperativetoudarte.com\/fr\/shop\/"},{"@type":"ListItem","position":3,"name":"FOOT SCRUB WITH MARINE SALTS AND LAVENDER 150GR"}]},{"@type":"WebSite","@id":"https:\/\/cooperativetoudarte.com\/fr\/#website","url":"https:\/\/cooperativetoudarte.com\/fr\/","name":"Coop\u00e9rative Toudarte","description":"High Quality Bio Products","publisher":{"@id":"https:\/\/cooperativetoudarte.com\/fr\/#organization"},"alternateName":"Cooperative Toudarte","potentialAction":[{"@type":"SearchAction","target":{"@type":"EntryPoint","urlTemplate":"https:\/\/cooperativetoudarte.com\/fr\/?s={search_term_string}"},"query-input":{"@type":"PropertyValueSpecification","valueRequired":true,"valueName":"search_term_string"}}],"inLanguage":"fr-FR"},{"@type":["Organization","Place"],"@id":"https:\/\/cooperativetoudarte.com\/fr\/#organization","name":"Coop\u00e9rative Toudarte","alternateName":"Cooperative Toudarte","url":"https:\/\/cooperativetoudarte.com\/fr\/","logo":{"@id":"https:\/\/cooperativetoudarte.com\/product\/foot-scrub-with-marine-salts-and-lavender-150gr\/#local-main-organization-logo"},"image":{"@id":"https:\/\/cooperativetoudarte.com\/product\/foot-scrub-with-marine-salts-and-lavender-150gr\/#local-main-organization-logo"},"sameAs":["https:\/\/www.facebook.com\/cooperative.toudarte\/","https:\/\/x.com\/cooprativetouda","https:\/\/www.instagram.com\/cooperativetoudarte","https:\/\/www.youtube.com\/c\/COOPERATIVETOUDARTE"],"openingHoursSpecification":[{"@type":"OpeningHoursSpecification","dayOfWeek":["Monday","Tuesday","Wednesday","Thursday","Friday","Saturday","Sunday"],"opens":"09:00","closes":"17:00"}]},{"@type":"ImageObject","inLanguage":"fr-FR","@id":"https:\/\/cooperativetoudarte.com\/product\/foot-scrub-with-marine-salts-and-lavender-150gr\/#local-main-organization-logo","url":"https:\/\/cooperativetoudarte.com\/wp-content\/uploads\/2023\/11\/PngLogo-1.png","contentUrl":"https:\/\/cooperativetoudarte.com\/wp-content\/uploads\/2023\/11\/PngLogo-1.png","width":512,"height":512,"caption":"Toudarte Cooperative"}]},"product_price_amount":"50.00","product_price_currency":"MAD","og_availability":"instock","product_availability":"instock","product_condition":"new"},"jetpack_sharing_enabled":true,"_links":{"self":[{"href":"https:\/\/cooperativetoudarte.com\/fr\/wp-json\/wp\/v2\/product\/298","targetHints":{"allow":["GET"]}}],"collection":[{"href":"https:\/\/cooperativetoudarte.com\/fr\/wp-json\/wp\/v2\/product"}],"about":[{"href":"https:\/\/cooperativetoudarte.com\/fr\/wp-json\/wp\/v2\/types\/product"}],"replies":[{"embeddable":true,"href":"https:\/\/cooperativetoudarte.com\/fr\/wp-json\/wp\/v2\/comments?post=298"}],"wp:featuredmedia":[{"embeddable":true,"href":"https:\/\/cooperativetoudarte.com\/fr\/wp-json\/wp\/v2\/media\/299"}],"wp:attachment":[{"href":"https:\/\/cooperativetoudarte.com\/fr\/wp-json\/wp\/v2\/media?parent=298"}],"wp:term":[{"taxonomy":"product_brand","embeddable":true,"href":"https:\/\/cooperativetoudarte.com\/fr\/wp-json\/wp\/v2\/product_brand?post=298"},{"taxonomy":"product_cat","embeddable":true,"href":"https:\/\/cooperativetoudarte.com\/fr\/wp-json\/wp\/v2\/product_cat?post=298"},{"taxonomy":"product_tag","embeddable":true,"href":"https:\/\/cooperativetoudarte.com\/fr\/wp-json\/wp\/v2\/product_tag?post=298"}],"curies":[{"name":"wp","href":"https:\/\/api.w.org\/{rel}","templated":true}]}}