{"id":286,"date":"2023-10-29T11:56:15","date_gmt":"2023-10-29T11:56:15","guid":{"rendered":"https:\/\/cooperativetoudarte.com\/?post_type=product&#038;p=286"},"modified":"2025-11-23T14:24:37","modified_gmt":"2025-11-23T14:24:37","slug":"day-cream-50gr","status":"publish","type":"product","link":"https:\/\/cooperativetoudarte.com\/fr\/produit\/day-cream-50gr\/","title":{"rendered":"CR\u00c8ME DE JOUR 50GR"},"content":{"rendered":"<div><strong>composition<\/strong>\u00a0: ARGANIA SPINOSA OIL ALOE BARBADENSIS LEAF JUICE TOCOPHEROL ACETAT GLYCERIN Excipients\u00a0: QSP 100.<\/div>\n<div><\/div>\n<div><strong>UTILISER<\/strong>\u00a0: Lutte efficacement contre la s\u00e9cheresse et le vieillissement de l\u2019\u00e9piderme.<\/div>\n<div><\/div>\n<div><strong>PR\u00c9CAUTION AU TRAVAIL\u00a0:<\/strong><\/div>\n<div><\/div>\n<div>\u2013 Ne pas contacter les yeux.<\/div>\n<div>\u2013 Ne pas avaler.<\/div>\n<div>\u2013 Ce produit doit \u00eatre conserv\u00e9 \u00e0 temp\u00e9rature ambiante et \u00e0 l\u2019abri de la lumi\u00e8re et de l\u2019humidit\u00e9.<\/div>\n<div><\/div>\n<div>POSOLOGIE ET MODE D\u2019ADMINISTRATION\u00a0: voie cutan\u00e9e uniquement. Utilisez ce produit matin et soir sur le visage et le cou en le massant du bout des doigts en petits cercles de bas en haut.<\/div>\n<div><\/div>\n<div>DUR\u00c9E DE CONSERVATION Trois ans. Ne pas conserver plus de 12 mois apr\u00e8s ouverture.<\/div>","protected":false},"excerpt":{"rendered":"<div id=\"product-description-short-65\">\n<p>La cr\u00e8me de jour TOUDARTE est riche en ALOE VERA GEL connu pour ses propri\u00e9t\u00e9s\u00a0: hydratant, cicatrisant, apaisant et protecteur contre les effets secondaires des radiations. Riche en huile d\u2019argan biologique \u00e0 haute teneur en vitamine E et en acides gras essentiels qui permettent \u00e0 la peau de retrouver et de maintenir sa souplesse et sa douceur.<\/p>\n<\/div>","protected":false},"featured_media":1621,"comment_status":"open","ping_status":"closed","template":"","meta":{"inline_featured_image":false},"product_brand":[],"product_cat":[17,37],"product_tag":[53],"class_list":{"0":"post-286","1":"product","2":"type-product","3":"status-publish","4":"has-post-thumbnail","6":"product_cat-beauty","7":"product_cat-creams","8":"product_tag-beauty-face","10":"first","11":"instock","12":"shipping-taxable","13":"purchasable","14":"product-type-simple"},"yoast_head":"<!-- This site is optimized with the Yoast SEO Premium plugin v21.5 (Yoast SEO v27.4) - https:\/\/yoast.com\/product\/yoast-seo-premium-wordpress\/ -->\n<title>Day-cream-Toudarte<\/title>\n<meta name=\"description\" content=\"Start your day with skin that feels refreshed, hydrated, and protected. Our lightweight Day Cream is enriched with moisturizing ingredients, antioxidants, and skin-loving vitamins to keep your complexion soft, smooth, and radiant from morning to night. Perfect under makeup or worn alone, it helps lock in moisture while shielding your skin from daily environmental stressors.\" \/>\n<meta name=\"robots\" content=\"index, follow, max-snippet:-1, max-image-preview:large, max-video-preview:-1\" \/>\n<link rel=\"canonical\" href=\"https:\/\/cooperativetoudarte.com\/fr\/produit\/day-cream-50gr\/\" \/>\n<meta property=\"og:locale\" content=\"fr_FR\" \/>\n<meta property=\"og:type\" content=\"article\" \/>\n<meta property=\"og:title\" content=\"DAY CREAM 50GR\" \/>\n<meta property=\"og:description\" content=\"Start your day with skin that feels refreshed, hydrated, and protected. Our lightweight Day Cream is enriched with moisturizing ingredients, antioxidants, and skin-loving vitamins to keep your complexion soft, smooth, and radiant from morning to night. Perfect under makeup or worn alone, it helps lock in moisture while shielding your skin from daily environmental stressors.\" \/>\n<meta property=\"og:url\" content=\"https:\/\/cooperativetoudarte.com\/fr\/produit\/day-cream-50gr\/\" \/>\n<meta property=\"og:site_name\" content=\"Toudarte\" \/>\n<meta property=\"article:publisher\" content=\"https:\/\/www.facebook.com\/cooperative.toudarte\/\" \/>\n<meta property=\"article:modified_time\" content=\"2025-11-23T14:24:37+00:00\" \/>\n<meta property=\"og:image\" content=\"https:\/\/cooperativetoudarte.com\/wp-content\/uploads\/2023\/10\/creme-visage.jpeg\" \/>\n\t<meta property=\"og:image:width\" content=\"1600\" \/>\n\t<meta property=\"og:image:height\" content=\"1600\" \/>\n\t<meta property=\"og:image:type\" content=\"image\/jpeg\" \/>\n<meta name=\"twitter:card\" content=\"summary_large_image\" \/>\n<meta name=\"twitter:site\" content=\"@cooprativetouda\" \/>\n<meta name=\"twitter:label1\" content=\"Prix\" \/>\n\t<meta name=\"twitter:data1\" content=\"&#x62f;.&#x645;.50,00\" \/>\n\t<meta name=\"twitter:label2\" content=\"Availability\" \/>\n\t<meta name=\"twitter:data2\" content=\"In stock\" \/>\n<script type=\"application\/ld+json\" class=\"yoast-schema-graph\">{\"@context\":\"https:\\\/\\\/schema.org\",\"@graph\":[{\"@type\":\"WebPage\",\"@id\":\"https:\\\/\\\/cooperativetoudarte.com\\\/product\\\/day-cream-50gr\\\/\",\"url\":\"https:\\\/\\\/cooperativetoudarte.com\\\/product\\\/day-cream-50gr\\\/\",\"name\":\"Day-cream-Toudarte\",\"isPartOf\":{\"@id\":\"https:\\\/\\\/cooperativetoudarte.com\\\/fr\\\/#website\"},\"primaryImageOfPage\":{\"@id\":\"https:\\\/\\\/cooperativetoudarte.com\\\/product\\\/day-cream-50gr\\\/#primaryimage\"},\"image\":{\"@id\":\"https:\\\/\\\/cooperativetoudarte.com\\\/product\\\/day-cream-50gr\\\/#primaryimage\"},\"thumbnailUrl\":\"https:\\\/\\\/cooperativetoudarte.com\\\/wp-content\\\/uploads\\\/2023\\\/10\\\/creme-visage.jpeg\",\"datePublished\":\"2023-10-29T11:56:15+00:00\",\"dateModified\":\"2025-11-23T14:24:37+00:00\",\"description\":\"Start your day with skin that feels refreshed, hydrated, and protected. Our lightweight Day Cream is enriched with moisturizing ingredients, antioxidants, and skin-loving vitamins to keep your complexion soft, smooth, and radiant from morning to night. Perfect under makeup or worn alone, it helps lock in moisture while shielding your skin from daily environmental stressors.\",\"breadcrumb\":{\"@id\":\"https:\\\/\\\/cooperativetoudarte.com\\\/product\\\/day-cream-50gr\\\/#breadcrumb\"},\"inLanguage\":\"fr-FR\",\"potentialAction\":[{\"@type\":\"ReadAction\",\"target\":[\"https:\\\/\\\/cooperativetoudarte.com\\\/product\\\/day-cream-50gr\\\/\"]}]},{\"@type\":\"ImageObject\",\"inLanguage\":\"fr-FR\",\"@id\":\"https:\\\/\\\/cooperativetoudarte.com\\\/product\\\/day-cream-50gr\\\/#primaryimage\",\"url\":\"https:\\\/\\\/cooperativetoudarte.com\\\/wp-content\\\/uploads\\\/2023\\\/10\\\/creme-visage.jpeg\",\"contentUrl\":\"https:\\\/\\\/cooperativetoudarte.com\\\/wp-content\\\/uploads\\\/2023\\\/10\\\/creme-visage.jpeg\",\"width\":1600,\"height\":1600},{\"@type\":\"BreadcrumbList\",\"@id\":\"https:\\\/\\\/cooperativetoudarte.com\\\/product\\\/day-cream-50gr\\\/#breadcrumb\",\"itemListElement\":[{\"@type\":\"ListItem\",\"position\":1,\"name\":\"Home\",\"item\":\"https:\\\/\\\/cooperativetoudarte.com\\\/\"},{\"@type\":\"ListItem\",\"position\":2,\"name\":\"Shop\",\"item\":\"https:\\\/\\\/cooperativetoudarte.com\\\/fr\\\/shop\\\/\"},{\"@type\":\"ListItem\",\"position\":3,\"name\":\"DAY CREAM 50GR\"}]},{\"@type\":\"WebSite\",\"@id\":\"https:\\\/\\\/cooperativetoudarte.com\\\/fr\\\/#website\",\"url\":\"https:\\\/\\\/cooperativetoudarte.com\\\/fr\\\/\",\"name\":\"Toudarte Cooperative\",\"description\":\"High Quality Bio Products\",\"publisher\":{\"@id\":\"https:\\\/\\\/cooperativetoudarte.com\\\/fr\\\/#organization\"},\"alternateName\":\"Cooperative Toudarte\",\"potentialAction\":[{\"@type\":\"SearchAction\",\"target\":{\"@type\":\"EntryPoint\",\"urlTemplate\":\"https:\\\/\\\/cooperativetoudarte.com\\\/fr\\\/?s={search_term_string}\"},\"query-input\":{\"@type\":\"PropertyValueSpecification\",\"valueRequired\":true,\"valueName\":\"search_term_string\"}}],\"inLanguage\":\"fr-FR\"},{\"@type\":[\"Organization\",\"Place\"],\"@id\":\"https:\\\/\\\/cooperativetoudarte.com\\\/fr\\\/#organization\",\"name\":\"Toudarte Cooperative\",\"alternateName\":\"Cooperative Toudarte\",\"url\":\"https:\\\/\\\/cooperativetoudarte.com\\\/fr\\\/\",\"logo\":{\"@id\":\"https:\\\/\\\/cooperativetoudarte.com\\\/product\\\/day-cream-50gr\\\/#local-main-organization-logo\"},\"image\":{\"@id\":\"https:\\\/\\\/cooperativetoudarte.com\\\/product\\\/day-cream-50gr\\\/#local-main-organization-logo\"},\"sameAs\":[\"https:\\\/\\\/www.facebook.com\\\/cooperative.toudarte\\\/\",\"https:\\\/\\\/x.com\\\/cooprativetouda\",\"https:\\\/\\\/www.instagram.com\\\/cooperativetoudarte\",\"https:\\\/\\\/www.youtube.com\\\/c\\\/COOPERATIVETOUDARTE\"],\"openingHoursSpecification\":[{\"@type\":\"OpeningHoursSpecification\",\"dayOfWeek\":[\"Monday\",\"Tuesday\",\"Wednesday\",\"Thursday\",\"Friday\",\"Saturday\",\"Sunday\"],\"opens\":\"09:00\",\"closes\":\"17:00\"}]},{\"@type\":\"ImageObject\",\"inLanguage\":\"fr-FR\",\"@id\":\"https:\\\/\\\/cooperativetoudarte.com\\\/product\\\/day-cream-50gr\\\/#local-main-organization-logo\",\"url\":\"https:\\\/\\\/cooperativetoudarte.com\\\/wp-content\\\/uploads\\\/2023\\\/11\\\/PngLogo-1.png\",\"contentUrl\":\"https:\\\/\\\/cooperativetoudarte.com\\\/wp-content\\\/uploads\\\/2023\\\/11\\\/PngLogo-1.png\",\"width\":512,\"height\":512,\"caption\":\"Toudarte Cooperative\"}]}<\/script>\n<meta property=\"product:price:amount\" content=\"50.00\" \/>\n<meta property=\"product:price:currency\" content=\"MAD\" \/>\n<meta property=\"og:availability\" content=\"instock\" \/>\n<meta property=\"product:availability\" content=\"instock\" \/>\n<meta property=\"product:condition\" content=\"new\" \/>\n<!-- \/ Yoast SEO Premium plugin. -->","yoast_head_json":{"title":"Day-cream-Toudarte","description":"Start your day with skin that feels refreshed, hydrated, and protected. Our lightweight Day Cream is enriched with moisturizing ingredients, antioxidants, and skin-loving vitamins to keep your complexion soft, smooth, and radiant from morning to night. Perfect under makeup or worn alone, it helps lock in moisture while shielding your skin from daily environmental stressors.","robots":{"index":"index","follow":"follow","max-snippet":"max-snippet:-1","max-image-preview":"max-image-preview:large","max-video-preview":"max-video-preview:-1"},"canonical":"https:\/\/cooperativetoudarte.com\/fr\/produit\/day-cream-50gr\/","og_locale":"fr_FR","og_type":"article","og_title":"DAY CREAM 50GR","og_description":"Start your day with skin that feels refreshed, hydrated, and protected. Our lightweight Day Cream is enriched with moisturizing ingredients, antioxidants, and skin-loving vitamins to keep your complexion soft, smooth, and radiant from morning to night. Perfect under makeup or worn alone, it helps lock in moisture while shielding your skin from daily environmental stressors.","og_url":"https:\/\/cooperativetoudarte.com\/fr\/produit\/day-cream-50gr\/","og_site_name":"Toudarte","article_publisher":"https:\/\/www.facebook.com\/cooperative.toudarte\/","article_modified_time":"2025-11-23T14:24:37+00:00","og_image":[{"width":1600,"height":1600,"url":"https:\/\/cooperativetoudarte.com\/wp-content\/uploads\/2023\/10\/creme-visage.jpeg","type":"image\/jpeg"}],"twitter_card":"summary_large_image","twitter_site":"@cooprativetouda","twitter_misc":{"Prix":"&#x62f;.&#x645;.50,00","Availability":"In stock"},"schema":{"@context":"https:\/\/schema.org","@graph":[{"@type":"WebPage","@id":"https:\/\/cooperativetoudarte.com\/product\/day-cream-50gr\/","url":"https:\/\/cooperativetoudarte.com\/product\/day-cream-50gr\/","name":"Day-cream-Toudarte","isPartOf":{"@id":"https:\/\/cooperativetoudarte.com\/fr\/#website"},"primaryImageOfPage":{"@id":"https:\/\/cooperativetoudarte.com\/product\/day-cream-50gr\/#primaryimage"},"image":{"@id":"https:\/\/cooperativetoudarte.com\/product\/day-cream-50gr\/#primaryimage"},"thumbnailUrl":"https:\/\/cooperativetoudarte.com\/wp-content\/uploads\/2023\/10\/creme-visage.jpeg","datePublished":"2023-10-29T11:56:15+00:00","dateModified":"2025-11-23T14:24:37+00:00","description":"Start your day with skin that feels refreshed, hydrated, and protected. Our lightweight Day Cream is enriched with moisturizing ingredients, antioxidants, and skin-loving vitamins to keep your complexion soft, smooth, and radiant from morning to night. Perfect under makeup or worn alone, it helps lock in moisture while shielding your skin from daily environmental stressors.","breadcrumb":{"@id":"https:\/\/cooperativetoudarte.com\/product\/day-cream-50gr\/#breadcrumb"},"inLanguage":"fr-FR","potentialAction":[{"@type":"ReadAction","target":["https:\/\/cooperativetoudarte.com\/product\/day-cream-50gr\/"]}]},{"@type":"ImageObject","inLanguage":"fr-FR","@id":"https:\/\/cooperativetoudarte.com\/product\/day-cream-50gr\/#primaryimage","url":"https:\/\/cooperativetoudarte.com\/wp-content\/uploads\/2023\/10\/creme-visage.jpeg","contentUrl":"https:\/\/cooperativetoudarte.com\/wp-content\/uploads\/2023\/10\/creme-visage.jpeg","width":1600,"height":1600},{"@type":"BreadcrumbList","@id":"https:\/\/cooperativetoudarte.com\/product\/day-cream-50gr\/#breadcrumb","itemListElement":[{"@type":"ListItem","position":1,"name":"Home","item":"https:\/\/cooperativetoudarte.com\/"},{"@type":"ListItem","position":2,"name":"Shop","item":"https:\/\/cooperativetoudarte.com\/fr\/shop\/"},{"@type":"ListItem","position":3,"name":"DAY CREAM 50GR"}]},{"@type":"WebSite","@id":"https:\/\/cooperativetoudarte.com\/fr\/#website","url":"https:\/\/cooperativetoudarte.com\/fr\/","name":"Coop\u00e9rative Toudarte","description":"High Quality Bio Products","publisher":{"@id":"https:\/\/cooperativetoudarte.com\/fr\/#organization"},"alternateName":"Cooperative Toudarte","potentialAction":[{"@type":"SearchAction","target":{"@type":"EntryPoint","urlTemplate":"https:\/\/cooperativetoudarte.com\/fr\/?s={search_term_string}"},"query-input":{"@type":"PropertyValueSpecification","valueRequired":true,"valueName":"search_term_string"}}],"inLanguage":"fr-FR"},{"@type":["Organization","Place"],"@id":"https:\/\/cooperativetoudarte.com\/fr\/#organization","name":"Coop\u00e9rative Toudarte","alternateName":"Cooperative Toudarte","url":"https:\/\/cooperativetoudarte.com\/fr\/","logo":{"@id":"https:\/\/cooperativetoudarte.com\/product\/day-cream-50gr\/#local-main-organization-logo"},"image":{"@id":"https:\/\/cooperativetoudarte.com\/product\/day-cream-50gr\/#local-main-organization-logo"},"sameAs":["https:\/\/www.facebook.com\/cooperative.toudarte\/","https:\/\/x.com\/cooprativetouda","https:\/\/www.instagram.com\/cooperativetoudarte","https:\/\/www.youtube.com\/c\/COOPERATIVETOUDARTE"],"openingHoursSpecification":[{"@type":"OpeningHoursSpecification","dayOfWeek":["Monday","Tuesday","Wednesday","Thursday","Friday","Saturday","Sunday"],"opens":"09:00","closes":"17:00"}]},{"@type":"ImageObject","inLanguage":"fr-FR","@id":"https:\/\/cooperativetoudarte.com\/product\/day-cream-50gr\/#local-main-organization-logo","url":"https:\/\/cooperativetoudarte.com\/wp-content\/uploads\/2023\/11\/PngLogo-1.png","contentUrl":"https:\/\/cooperativetoudarte.com\/wp-content\/uploads\/2023\/11\/PngLogo-1.png","width":512,"height":512,"caption":"Toudarte Cooperative"}]},"product_price_amount":"50.00","product_price_currency":"MAD","og_availability":"instock","product_availability":"instock","product_condition":"new"},"jetpack_sharing_enabled":true,"_links":{"self":[{"href":"https:\/\/cooperativetoudarte.com\/fr\/wp-json\/wp\/v2\/product\/286","targetHints":{"allow":["GET"]}}],"collection":[{"href":"https:\/\/cooperativetoudarte.com\/fr\/wp-json\/wp\/v2\/product"}],"about":[{"href":"https:\/\/cooperativetoudarte.com\/fr\/wp-json\/wp\/v2\/types\/product"}],"replies":[{"embeddable":true,"href":"https:\/\/cooperativetoudarte.com\/fr\/wp-json\/wp\/v2\/comments?post=286"}],"wp:featuredmedia":[{"embeddable":true,"href":"https:\/\/cooperativetoudarte.com\/fr\/wp-json\/wp\/v2\/media\/1621"}],"wp:attachment":[{"href":"https:\/\/cooperativetoudarte.com\/fr\/wp-json\/wp\/v2\/media?parent=286"}],"wp:term":[{"taxonomy":"product_brand","embeddable":true,"href":"https:\/\/cooperativetoudarte.com\/fr\/wp-json\/wp\/v2\/product_brand?post=286"},{"taxonomy":"product_cat","embeddable":true,"href":"https:\/\/cooperativetoudarte.com\/fr\/wp-json\/wp\/v2\/product_cat?post=286"},{"taxonomy":"product_tag","embeddable":true,"href":"https:\/\/cooperativetoudarte.com\/fr\/wp-json\/wp\/v2\/product_tag?post=286"}],"curies":[{"name":"wp","href":"https:\/\/api.w.org\/{rel}","templated":true}]}}