{"id":265,"date":"2023-10-29T11:04:46","date_gmt":"2023-10-29T11:04:46","guid":{"rendered":"https:\/\/cooperativetoudarte.com\/?post_type=product&#038;p=265"},"modified":"2025-09-17T17:12:14","modified_gmt":"2025-09-17T17:12:14","slug":"sesame-vegetable-oil-30ml","status":"publish","type":"product","link":"https:\/\/cooperativetoudarte.com\/fr\/produit\/sesame-vegetable-oil-30ml\/","title":{"rendered":"HUILE DE  S\u00c9SAME 30 ML"},"content":{"rendered":"<div><strong>pour la peau<\/strong>: R\u00e9g\u00e9n\u00e9rante, adoucissante et hydratante, l'huile de s\u00e9same est particuli\u00e8rement adapt\u00e9e aux peaux irrit\u00e9es ou s\u00e8ches. Elle peut \u00eatre appliqu\u00e9e seule ou m\u00e9lang\u00e9e \u00e0 une autre huile v\u00e9g\u00e9tale. Il peut \u00e9galement \u00eatre utilis\u00e9 comme soin anti-\u00e2ge sur le visage.<\/div>\n<div><\/div>\n<div><strong>pour cheveux<\/strong>: En hydratant le cuir chevelu et en favorisant la microcirculation sanguine, l'huile de s\u00e9same lutte contre la chute des cheveux.<\/div>\n<div><\/div>\n<div><strong>pr\u00e9cautions<\/strong>: Attention \u00e0 ne pas confondre huile alimentaire et huile cosm\u00e9tique : les graines de s\u00e9same de la premi\u00e8re sont terrifi\u00e9es et perdent certaines propri\u00e9t\u00e9s.<\/div>","protected":false},"excerpt":{"rendered":"<div id=\"product-description-short-57\">\n<p>L'huile de s\u00e9same r\u00e9g\u00e9n\u00e8re et adoucit la peau. Ses antioxydants naturels lui permettent \u00e9galement de prot\u00e9ger la peau du vieillissement cutan\u00e9, notamment lors d\u2019une exposition au soleil. Cela soulage m\u00eame les douleurs articulaires ! Riche en acides gras et en antioxydants, apaisante et nourrissante, elle s'utilise aussi bien sur la peau que sur les cheveux.<\/p>\n<\/div>","protected":false},"featured_media":266,"comment_status":"open","ping_status":"closed","template":"","meta":{"inline_featured_image":false},"product_brand":[],"product_cat":[17,38],"product_tag":[52],"class_list":{"0":"post-265","1":"product","2":"type-product","3":"status-publish","4":"has-post-thumbnail","6":"product_cat-beauty","7":"product_cat-vegetable-oils","8":"product_tag-beauty-hair","10":"first","11":"instock","12":"shipping-taxable","13":"purchasable","14":"product-type-simple"},"yoast_head":"<!-- This site is optimized with the Yoast SEO Premium plugin v21.5 (Yoast SEO v27.3) - https:\/\/yoast.com\/product\/yoast-seo-premium-wordpress\/ -->\n<title>sesame-vegetable-oil-Toudarte<\/title>\n<meta name=\"description\" content=\"Rich in natural antioxidants, essential fatty acids, and vitamins, our cosmetic-grade Sesame Vegetable Oil is a nourishing powerhouse for skin and hair care. Cold-pressed and gently refined, this golden-hued oil absorbs quickly to hydrate, soften, and protect without leaving a greasy residue. Its high content of Vitamin E, linoleic acid, and zinc helps promote skin elasticity, soothe irritation, and support a healthy, radiant glow. Ideal for facial serums, body oils, hair treatments, and DIY beauty formulations.\" \/>\n<meta name=\"robots\" content=\"index, follow, max-snippet:-1, max-image-preview:large, max-video-preview:-1\" \/>\n<link rel=\"canonical\" href=\"https:\/\/cooperativetoudarte.com\/fr\/produit\/sesame-vegetable-oil-30ml\/\" \/>\n<meta property=\"og:locale\" content=\"fr_FR\" \/>\n<meta property=\"og:type\" content=\"article\" \/>\n<meta property=\"og:title\" content=\"SESAME VEGETABLE OIL 30ML\" \/>\n<meta property=\"og:description\" content=\"Rich in natural antioxidants, essential fatty acids, and vitamins, our cosmetic-grade Sesame Vegetable Oil is a nourishing powerhouse for skin and hair care. Cold-pressed and gently refined, this golden-hued oil absorbs quickly to hydrate, soften, and protect without leaving a greasy residue. Its high content of Vitamin E, linoleic acid, and zinc helps promote skin elasticity, soothe irritation, and support a healthy, radiant glow. Ideal for facial serums, body oils, hair treatments, and DIY beauty formulations.\" \/>\n<meta property=\"og:url\" content=\"https:\/\/cooperativetoudarte.com\/fr\/produit\/sesame-vegetable-oil-30ml\/\" \/>\n<meta property=\"og:site_name\" content=\"Toudarte\" \/>\n<meta property=\"article:publisher\" content=\"https:\/\/www.facebook.com\/cooperative.toudarte\/\" \/>\n<meta property=\"article:modified_time\" content=\"2025-09-17T17:12:14+00:00\" \/>\n<meta property=\"og:image\" content=\"https:\/\/cooperativetoudarte.com\/wp-content\/uploads\/2023\/10\/sesame-vegetable-oil-30ml.jpg\" \/>\n\t<meta property=\"og:image:width\" content=\"800\" \/>\n\t<meta property=\"og:image:height\" content=\"800\" \/>\n\t<meta property=\"og:image:type\" content=\"image\/jpeg\" \/>\n<meta name=\"twitter:card\" content=\"summary_large_image\" \/>\n<meta name=\"twitter:site\" content=\"@cooprativetouda\" \/>\n<meta name=\"twitter:label1\" content=\"Prix\" \/>\n\t<meta name=\"twitter:data1\" content=\"&#x62f;.&#x645;.35,00\" \/>\n\t<meta name=\"twitter:label2\" content=\"Availability\" \/>\n\t<meta name=\"twitter:data2\" content=\"In stock\" \/>\n<script type=\"application\/ld+json\" class=\"yoast-schema-graph\">{\"@context\":\"https:\\\/\\\/schema.org\",\"@graph\":[{\"@type\":\"WebPage\",\"@id\":\"https:\\\/\\\/cooperativetoudarte.com\\\/product\\\/sesame-vegetable-oil-30ml\\\/\",\"url\":\"https:\\\/\\\/cooperativetoudarte.com\\\/product\\\/sesame-vegetable-oil-30ml\\\/\",\"name\":\"sesame-vegetable-oil-Toudarte\",\"isPartOf\":{\"@id\":\"https:\\\/\\\/cooperativetoudarte.com\\\/fr\\\/#website\"},\"primaryImageOfPage\":{\"@id\":\"https:\\\/\\\/cooperativetoudarte.com\\\/product\\\/sesame-vegetable-oil-30ml\\\/#primaryimage\"},\"image\":{\"@id\":\"https:\\\/\\\/cooperativetoudarte.com\\\/product\\\/sesame-vegetable-oil-30ml\\\/#primaryimage\"},\"thumbnailUrl\":\"https:\\\/\\\/cooperativetoudarte.com\\\/wp-content\\\/uploads\\\/2023\\\/10\\\/sesame-vegetable-oil-30ml.jpg\",\"datePublished\":\"2023-10-29T11:04:46+00:00\",\"dateModified\":\"2025-09-17T17:12:14+00:00\",\"description\":\"Rich in natural antioxidants, essential fatty acids, and vitamins, our cosmetic-grade Sesame Vegetable Oil is a nourishing powerhouse for skin and hair care. Cold-pressed and gently refined, this golden-hued oil absorbs quickly to hydrate, soften, and protect without leaving a greasy residue. Its high content of Vitamin E, linoleic acid, and zinc helps promote skin elasticity, soothe irritation, and support a healthy, radiant glow. Ideal for facial serums, body oils, hair treatments, and DIY beauty formulations.\",\"breadcrumb\":{\"@id\":\"https:\\\/\\\/cooperativetoudarte.com\\\/product\\\/sesame-vegetable-oil-30ml\\\/#breadcrumb\"},\"inLanguage\":\"fr-FR\",\"potentialAction\":[{\"@type\":\"ReadAction\",\"target\":[\"https:\\\/\\\/cooperativetoudarte.com\\\/product\\\/sesame-vegetable-oil-30ml\\\/\"]}]},{\"@type\":\"ImageObject\",\"inLanguage\":\"fr-FR\",\"@id\":\"https:\\\/\\\/cooperativetoudarte.com\\\/product\\\/sesame-vegetable-oil-30ml\\\/#primaryimage\",\"url\":\"https:\\\/\\\/cooperativetoudarte.com\\\/wp-content\\\/uploads\\\/2023\\\/10\\\/sesame-vegetable-oil-30ml.jpg\",\"contentUrl\":\"https:\\\/\\\/cooperativetoudarte.com\\\/wp-content\\\/uploads\\\/2023\\\/10\\\/sesame-vegetable-oil-30ml.jpg\",\"width\":800,\"height\":800},{\"@type\":\"BreadcrumbList\",\"@id\":\"https:\\\/\\\/cooperativetoudarte.com\\\/product\\\/sesame-vegetable-oil-30ml\\\/#breadcrumb\",\"itemListElement\":[{\"@type\":\"ListItem\",\"position\":1,\"name\":\"Home\",\"item\":\"https:\\\/\\\/cooperativetoudarte.com\\\/\"},{\"@type\":\"ListItem\",\"position\":2,\"name\":\"Shop\",\"item\":\"https:\\\/\\\/cooperativetoudarte.com\\\/fr\\\/shop\\\/\"},{\"@type\":\"ListItem\",\"position\":3,\"name\":\"SESAME VEGETABLE OIL 30ML\"}]},{\"@type\":\"WebSite\",\"@id\":\"https:\\\/\\\/cooperativetoudarte.com\\\/fr\\\/#website\",\"url\":\"https:\\\/\\\/cooperativetoudarte.com\\\/fr\\\/\",\"name\":\"Toudarte Cooperative\",\"description\":\"High Quality Bio Products\",\"publisher\":{\"@id\":\"https:\\\/\\\/cooperativetoudarte.com\\\/fr\\\/#organization\"},\"alternateName\":\"Cooperative Toudarte\",\"potentialAction\":[{\"@type\":\"SearchAction\",\"target\":{\"@type\":\"EntryPoint\",\"urlTemplate\":\"https:\\\/\\\/cooperativetoudarte.com\\\/fr\\\/?s={search_term_string}\"},\"query-input\":{\"@type\":\"PropertyValueSpecification\",\"valueRequired\":true,\"valueName\":\"search_term_string\"}}],\"inLanguage\":\"fr-FR\"},{\"@type\":[\"Organization\",\"Place\"],\"@id\":\"https:\\\/\\\/cooperativetoudarte.com\\\/fr\\\/#organization\",\"name\":\"Toudarte Cooperative\",\"alternateName\":\"Cooperative Toudarte\",\"url\":\"https:\\\/\\\/cooperativetoudarte.com\\\/fr\\\/\",\"logo\":{\"@id\":\"https:\\\/\\\/cooperativetoudarte.com\\\/product\\\/sesame-vegetable-oil-30ml\\\/#local-main-organization-logo\"},\"image\":{\"@id\":\"https:\\\/\\\/cooperativetoudarte.com\\\/product\\\/sesame-vegetable-oil-30ml\\\/#local-main-organization-logo\"},\"sameAs\":[\"https:\\\/\\\/www.facebook.com\\\/cooperative.toudarte\\\/\",\"https:\\\/\\\/x.com\\\/cooprativetouda\",\"https:\\\/\\\/www.instagram.com\\\/cooperativetoudarte\",\"https:\\\/\\\/www.youtube.com\\\/c\\\/COOPERATIVETOUDARTE\"],\"openingHoursSpecification\":[{\"@type\":\"OpeningHoursSpecification\",\"dayOfWeek\":[\"Monday\",\"Tuesday\",\"Wednesday\",\"Thursday\",\"Friday\",\"Saturday\",\"Sunday\"],\"opens\":\"09:00\",\"closes\":\"17:00\"}]},{\"@type\":\"ImageObject\",\"inLanguage\":\"fr-FR\",\"@id\":\"https:\\\/\\\/cooperativetoudarte.com\\\/product\\\/sesame-vegetable-oil-30ml\\\/#local-main-organization-logo\",\"url\":\"https:\\\/\\\/cooperativetoudarte.com\\\/wp-content\\\/uploads\\\/2023\\\/11\\\/PngLogo-1.png\",\"contentUrl\":\"https:\\\/\\\/cooperativetoudarte.com\\\/wp-content\\\/uploads\\\/2023\\\/11\\\/PngLogo-1.png\",\"width\":512,\"height\":512,\"caption\":\"Toudarte Cooperative\"}]}<\/script>\n<meta property=\"product:price:amount\" content=\"35.00\" \/>\n<meta property=\"product:price:currency\" content=\"MAD\" \/>\n<meta property=\"og:availability\" content=\"instock\" \/>\n<meta property=\"product:availability\" content=\"instock\" \/>\n<meta property=\"product:condition\" content=\"new\" \/>\n<!-- \/ Yoast SEO Premium plugin. -->","yoast_head_json":{"title":"sesame-vegetable-oil-Toudarte","description":"Rich in natural antioxidants, essential fatty acids, and vitamins, our cosmetic-grade Sesame Vegetable Oil is a nourishing powerhouse for skin and hair care. Cold-pressed and gently refined, this golden-hued oil absorbs quickly to hydrate, soften, and protect without leaving a greasy residue. Its high content of Vitamin E, linoleic acid, and zinc helps promote skin elasticity, soothe irritation, and support a healthy, radiant glow. Ideal for facial serums, body oils, hair treatments, and DIY beauty formulations.","robots":{"index":"index","follow":"follow","max-snippet":"max-snippet:-1","max-image-preview":"max-image-preview:large","max-video-preview":"max-video-preview:-1"},"canonical":"https:\/\/cooperativetoudarte.com\/fr\/produit\/sesame-vegetable-oil-30ml\/","og_locale":"fr_FR","og_type":"article","og_title":"SESAME VEGETABLE OIL 30ML","og_description":"Rich in natural antioxidants, essential fatty acids, and vitamins, our cosmetic-grade Sesame Vegetable Oil is a nourishing powerhouse for skin and hair care. Cold-pressed and gently refined, this golden-hued oil absorbs quickly to hydrate, soften, and protect without leaving a greasy residue. Its high content of Vitamin E, linoleic acid, and zinc helps promote skin elasticity, soothe irritation, and support a healthy, radiant glow. Ideal for facial serums, body oils, hair treatments, and DIY beauty formulations.","og_url":"https:\/\/cooperativetoudarte.com\/fr\/produit\/sesame-vegetable-oil-30ml\/","og_site_name":"Toudarte","article_publisher":"https:\/\/www.facebook.com\/cooperative.toudarte\/","article_modified_time":"2025-09-17T17:12:14+00:00","og_image":[{"width":800,"height":800,"url":"https:\/\/cooperativetoudarte.com\/wp-content\/uploads\/2023\/10\/sesame-vegetable-oil-30ml.jpg","type":"image\/jpeg"}],"twitter_card":"summary_large_image","twitter_site":"@cooprativetouda","twitter_misc":{"Prix":"&#x62f;.&#x645;.35,00","Availability":"In stock"},"schema":{"@context":"https:\/\/schema.org","@graph":[{"@type":"WebPage","@id":"https:\/\/cooperativetoudarte.com\/product\/sesame-vegetable-oil-30ml\/","url":"https:\/\/cooperativetoudarte.com\/product\/sesame-vegetable-oil-30ml\/","name":"sesame-vegetable-oil-Toudarte","isPartOf":{"@id":"https:\/\/cooperativetoudarte.com\/fr\/#website"},"primaryImageOfPage":{"@id":"https:\/\/cooperativetoudarte.com\/product\/sesame-vegetable-oil-30ml\/#primaryimage"},"image":{"@id":"https:\/\/cooperativetoudarte.com\/product\/sesame-vegetable-oil-30ml\/#primaryimage"},"thumbnailUrl":"https:\/\/cooperativetoudarte.com\/wp-content\/uploads\/2023\/10\/sesame-vegetable-oil-30ml.jpg","datePublished":"2023-10-29T11:04:46+00:00","dateModified":"2025-09-17T17:12:14+00:00","description":"Rich in natural antioxidants, essential fatty acids, and vitamins, our cosmetic-grade Sesame Vegetable Oil is a nourishing powerhouse for skin and hair care. Cold-pressed and gently refined, this golden-hued oil absorbs quickly to hydrate, soften, and protect without leaving a greasy residue. Its high content of Vitamin E, linoleic acid, and zinc helps promote skin elasticity, soothe irritation, and support a healthy, radiant glow. Ideal for facial serums, body oils, hair treatments, and DIY beauty formulations.","breadcrumb":{"@id":"https:\/\/cooperativetoudarte.com\/product\/sesame-vegetable-oil-30ml\/#breadcrumb"},"inLanguage":"fr-FR","potentialAction":[{"@type":"ReadAction","target":["https:\/\/cooperativetoudarte.com\/product\/sesame-vegetable-oil-30ml\/"]}]},{"@type":"ImageObject","inLanguage":"fr-FR","@id":"https:\/\/cooperativetoudarte.com\/product\/sesame-vegetable-oil-30ml\/#primaryimage","url":"https:\/\/cooperativetoudarte.com\/wp-content\/uploads\/2023\/10\/sesame-vegetable-oil-30ml.jpg","contentUrl":"https:\/\/cooperativetoudarte.com\/wp-content\/uploads\/2023\/10\/sesame-vegetable-oil-30ml.jpg","width":800,"height":800},{"@type":"BreadcrumbList","@id":"https:\/\/cooperativetoudarte.com\/product\/sesame-vegetable-oil-30ml\/#breadcrumb","itemListElement":[{"@type":"ListItem","position":1,"name":"Home","item":"https:\/\/cooperativetoudarte.com\/"},{"@type":"ListItem","position":2,"name":"Shop","item":"https:\/\/cooperativetoudarte.com\/fr\/shop\/"},{"@type":"ListItem","position":3,"name":"SESAME VEGETABLE OIL 30ML"}]},{"@type":"WebSite","@id":"https:\/\/cooperativetoudarte.com\/fr\/#website","url":"https:\/\/cooperativetoudarte.com\/fr\/","name":"Coop\u00e9rative Toudarte","description":"High Quality Bio Products","publisher":{"@id":"https:\/\/cooperativetoudarte.com\/fr\/#organization"},"alternateName":"Cooperative Toudarte","potentialAction":[{"@type":"SearchAction","target":{"@type":"EntryPoint","urlTemplate":"https:\/\/cooperativetoudarte.com\/fr\/?s={search_term_string}"},"query-input":{"@type":"PropertyValueSpecification","valueRequired":true,"valueName":"search_term_string"}}],"inLanguage":"fr-FR"},{"@type":["Organization","Place"],"@id":"https:\/\/cooperativetoudarte.com\/fr\/#organization","name":"Coop\u00e9rative Toudarte","alternateName":"Cooperative Toudarte","url":"https:\/\/cooperativetoudarte.com\/fr\/","logo":{"@id":"https:\/\/cooperativetoudarte.com\/product\/sesame-vegetable-oil-30ml\/#local-main-organization-logo"},"image":{"@id":"https:\/\/cooperativetoudarte.com\/product\/sesame-vegetable-oil-30ml\/#local-main-organization-logo"},"sameAs":["https:\/\/www.facebook.com\/cooperative.toudarte\/","https:\/\/x.com\/cooprativetouda","https:\/\/www.instagram.com\/cooperativetoudarte","https:\/\/www.youtube.com\/c\/COOPERATIVETOUDARTE"],"openingHoursSpecification":[{"@type":"OpeningHoursSpecification","dayOfWeek":["Monday","Tuesday","Wednesday","Thursday","Friday","Saturday","Sunday"],"opens":"09:00","closes":"17:00"}]},{"@type":"ImageObject","inLanguage":"fr-FR","@id":"https:\/\/cooperativetoudarte.com\/product\/sesame-vegetable-oil-30ml\/#local-main-organization-logo","url":"https:\/\/cooperativetoudarte.com\/wp-content\/uploads\/2023\/11\/PngLogo-1.png","contentUrl":"https:\/\/cooperativetoudarte.com\/wp-content\/uploads\/2023\/11\/PngLogo-1.png","width":512,"height":512,"caption":"Toudarte Cooperative"}]},"product_price_amount":"35.00","product_price_currency":"MAD","og_availability":"instock","product_availability":"instock","product_condition":"new"},"jetpack_sharing_enabled":true,"_links":{"self":[{"href":"https:\/\/cooperativetoudarte.com\/fr\/wp-json\/wp\/v2\/product\/265","targetHints":{"allow":["GET"]}}],"collection":[{"href":"https:\/\/cooperativetoudarte.com\/fr\/wp-json\/wp\/v2\/product"}],"about":[{"href":"https:\/\/cooperativetoudarte.com\/fr\/wp-json\/wp\/v2\/types\/product"}],"replies":[{"embeddable":true,"href":"https:\/\/cooperativetoudarte.com\/fr\/wp-json\/wp\/v2\/comments?post=265"}],"wp:featuredmedia":[{"embeddable":true,"href":"https:\/\/cooperativetoudarte.com\/fr\/wp-json\/wp\/v2\/media\/266"}],"wp:attachment":[{"href":"https:\/\/cooperativetoudarte.com\/fr\/wp-json\/wp\/v2\/media?parent=265"}],"wp:term":[{"taxonomy":"product_brand","embeddable":true,"href":"https:\/\/cooperativetoudarte.com\/fr\/wp-json\/wp\/v2\/product_brand?post=265"},{"taxonomy":"product_cat","embeddable":true,"href":"https:\/\/cooperativetoudarte.com\/fr\/wp-json\/wp\/v2\/product_cat?post=265"},{"taxonomy":"product_tag","embeddable":true,"href":"https:\/\/cooperativetoudarte.com\/fr\/wp-json\/wp\/v2\/product_tag?post=265"}],"curies":[{"name":"wp","href":"https:\/\/api.w.org\/{rel}","templated":true}]}}