{"id":261,"date":"2023-10-29T11:01:23","date_gmt":"2023-10-29T11:01:23","guid":{"rendered":"https:\/\/cooperativetoudarte.com\/?post_type=product&#038;p=261"},"modified":"2025-09-17T17:21:46","modified_gmt":"2025-09-17T17:21:46","slug":"walnut-vegetable-oil-30ml","status":"publish","type":"product","link":"https:\/\/cooperativetoudarte.com\/fr\/produit\/walnut-vegetable-oil-30ml\/","title":{"rendered":"HUILE DE NOIX 30 ML"},"content":{"rendered":"<div><strong>pour la peau<\/strong>: L'huile de noix est riche en vitamines et min\u00e9raux. Il fait des merveilles sur la peau et est fortement recommand\u00e9 aux personnes qui souhaitent une peau impeccable et sans \u00e2ge. Voici les bienfaits de l\u2019huile de noix pour la peau :<\/div>\n<div><\/div>\n<ul>\n<li>Combattez les rides.<\/li>\n<li>Rem\u00e8de contre l'infection.<\/li>\n<li>Aide \u00e0 traiter le psoriasis.<\/li>\n<li>Combattez les pellicules.<\/li>\n<li>Coupez la graisse du ventre.<\/li>\n<\/ul>\n<div><\/div>\n<div><strong>pour cheveux<\/strong>: L'huile de noix favorise la pousse des cheveux car elle est riche en potassium. Le potassium est essentiel car il aide \u00e0 la r\u00e9g\u00e9n\u00e9ration des cellules et acc\u00e9l\u00e8re ainsi la pousse des cheveux.<\/div>\n<div><\/div>\n<div><strong>Prudence<\/strong>: Attention, l'huile de noix ne doit pas \u00eatre chauff\u00e9e en raison de son pouvoir antioxydant.<\/div>","protected":false},"excerpt":{"rendered":"<div id=\"product-description-short-55\">\n<p>Riche en vitamines et en prot\u00e9ines, l\u2019huile de noix fait des merveilles pour votre peau. En plus de manger des noix, son utilisation sous forme d\u2019huile aide \u00e9galement votre peau. Ils sont connus pour \u00eatre riches en fibres, om\u00e9ga-3, prot\u00e9ines et autres min\u00e9raux vitaux.<\/p>\n<\/div>","protected":false},"featured_media":262,"comment_status":"open","ping_status":"closed","template":"","meta":{"inline_featured_image":false},"product_brand":[],"product_cat":[38],"product_tag":[53],"class_list":{"0":"post-261","1":"product","2":"type-product","3":"status-publish","4":"has-post-thumbnail","6":"product_cat-vegetable-oils","7":"product_tag-beauty-face","9":"first","10":"instock","11":"shipping-taxable","12":"purchasable","13":"product-type-simple"},"yoast_head":"<!-- This site is optimized with the Yoast SEO Premium plugin v21.5 (Yoast SEO v27.4) - https:\/\/yoast.com\/product\/yoast-seo-premium-wordpress\/ -->\n<title>Walnut-vegetable-oil-Toudarte<\/title>\n<meta name=\"description\" content=\"Walnut vegetable oil, derived from the cold-pressing of walnut seeds, is a luxurious and nutrient-rich oil widely used in cosmetic and skincare products. Known for its high content of essential fatty acids, antioxidants, and vitamins, this oil offers numerous benefits for both the skin and hair.\" \/>\n<meta name=\"robots\" content=\"index, follow, max-snippet:-1, max-image-preview:large, max-video-preview:-1\" \/>\n<link rel=\"canonical\" href=\"https:\/\/cooperativetoudarte.com\/fr\/produit\/walnut-vegetable-oil-30ml\/\" \/>\n<meta property=\"og:locale\" content=\"fr_FR\" \/>\n<meta property=\"og:type\" content=\"article\" \/>\n<meta property=\"og:title\" content=\"WALNUT VEGETABLE OIL 30ML\" \/>\n<meta property=\"og:description\" content=\"Walnut vegetable oil, derived from the cold-pressing of walnut seeds, is a luxurious and nutrient-rich oil widely used in cosmetic and skincare products. Known for its high content of essential fatty acids, antioxidants, and vitamins, this oil offers numerous benefits for both the skin and hair.\" \/>\n<meta property=\"og:url\" content=\"https:\/\/cooperativetoudarte.com\/fr\/produit\/walnut-vegetable-oil-30ml\/\" \/>\n<meta property=\"og:site_name\" content=\"Toudarte\" \/>\n<meta property=\"article:publisher\" content=\"https:\/\/www.facebook.com\/cooperative.toudarte\/\" \/>\n<meta property=\"article:modified_time\" content=\"2025-09-17T17:21:46+00:00\" \/>\n<meta property=\"og:image\" content=\"https:\/\/cooperativetoudarte.com\/wp-content\/uploads\/2023\/10\/walnut-vegetable-oil-30ml.jpg\" \/>\n\t<meta property=\"og:image:width\" content=\"800\" \/>\n\t<meta property=\"og:image:height\" content=\"800\" \/>\n\t<meta property=\"og:image:type\" content=\"image\/jpeg\" \/>\n<meta name=\"twitter:card\" content=\"summary_large_image\" \/>\n<meta name=\"twitter:site\" content=\"@cooprativetouda\" \/>\n<meta name=\"twitter:label1\" content=\"Prix\" \/>\n\t<meta name=\"twitter:data1\" content=\"&#x62f;.&#x645;.30,00\" \/>\n\t<meta name=\"twitter:label2\" content=\"Availability\" \/>\n\t<meta name=\"twitter:data2\" content=\"In stock\" \/>\n<script type=\"application\/ld+json\" class=\"yoast-schema-graph\">{\"@context\":\"https:\\\/\\\/schema.org\",\"@graph\":[{\"@type\":\"WebPage\",\"@id\":\"https:\\\/\\\/cooperativetoudarte.com\\\/product\\\/walnut-vegetable-oil-30ml\\\/\",\"url\":\"https:\\\/\\\/cooperativetoudarte.com\\\/product\\\/walnut-vegetable-oil-30ml\\\/\",\"name\":\"Walnut-vegetable-oil-Toudarte\",\"isPartOf\":{\"@id\":\"https:\\\/\\\/cooperativetoudarte.com\\\/fr\\\/#website\"},\"primaryImageOfPage\":{\"@id\":\"https:\\\/\\\/cooperativetoudarte.com\\\/product\\\/walnut-vegetable-oil-30ml\\\/#primaryimage\"},\"image\":{\"@id\":\"https:\\\/\\\/cooperativetoudarte.com\\\/product\\\/walnut-vegetable-oil-30ml\\\/#primaryimage\"},\"thumbnailUrl\":\"https:\\\/\\\/cooperativetoudarte.com\\\/wp-content\\\/uploads\\\/2023\\\/10\\\/walnut-vegetable-oil-30ml.jpg\",\"datePublished\":\"2023-10-29T11:01:23+00:00\",\"dateModified\":\"2025-09-17T17:21:46+00:00\",\"description\":\"Walnut vegetable oil, derived from the cold-pressing of walnut seeds, is a luxurious and nutrient-rich oil widely used in cosmetic and skincare products. Known for its high content of essential fatty acids, antioxidants, and vitamins, this oil offers numerous benefits for both the skin and hair.\",\"breadcrumb\":{\"@id\":\"https:\\\/\\\/cooperativetoudarte.com\\\/product\\\/walnut-vegetable-oil-30ml\\\/#breadcrumb\"},\"inLanguage\":\"fr-FR\",\"potentialAction\":[{\"@type\":\"ReadAction\",\"target\":[\"https:\\\/\\\/cooperativetoudarte.com\\\/product\\\/walnut-vegetable-oil-30ml\\\/\"]}]},{\"@type\":\"ImageObject\",\"inLanguage\":\"fr-FR\",\"@id\":\"https:\\\/\\\/cooperativetoudarte.com\\\/product\\\/walnut-vegetable-oil-30ml\\\/#primaryimage\",\"url\":\"https:\\\/\\\/cooperativetoudarte.com\\\/wp-content\\\/uploads\\\/2023\\\/10\\\/walnut-vegetable-oil-30ml.jpg\",\"contentUrl\":\"https:\\\/\\\/cooperativetoudarte.com\\\/wp-content\\\/uploads\\\/2023\\\/10\\\/walnut-vegetable-oil-30ml.jpg\",\"width\":800,\"height\":800},{\"@type\":\"BreadcrumbList\",\"@id\":\"https:\\\/\\\/cooperativetoudarte.com\\\/product\\\/walnut-vegetable-oil-30ml\\\/#breadcrumb\",\"itemListElement\":[{\"@type\":\"ListItem\",\"position\":1,\"name\":\"Home\",\"item\":\"https:\\\/\\\/cooperativetoudarte.com\\\/\"},{\"@type\":\"ListItem\",\"position\":2,\"name\":\"Shop\",\"item\":\"https:\\\/\\\/cooperativetoudarte.com\\\/fr\\\/shop\\\/\"},{\"@type\":\"ListItem\",\"position\":3,\"name\":\"WALNUT VEGETABLE OIL 30ML\"}]},{\"@type\":\"WebSite\",\"@id\":\"https:\\\/\\\/cooperativetoudarte.com\\\/fr\\\/#website\",\"url\":\"https:\\\/\\\/cooperativetoudarte.com\\\/fr\\\/\",\"name\":\"Toudarte Cooperative\",\"description\":\"High Quality Bio Products\",\"publisher\":{\"@id\":\"https:\\\/\\\/cooperativetoudarte.com\\\/fr\\\/#organization\"},\"alternateName\":\"Cooperative Toudarte\",\"potentialAction\":[{\"@type\":\"SearchAction\",\"target\":{\"@type\":\"EntryPoint\",\"urlTemplate\":\"https:\\\/\\\/cooperativetoudarte.com\\\/fr\\\/?s={search_term_string}\"},\"query-input\":{\"@type\":\"PropertyValueSpecification\",\"valueRequired\":true,\"valueName\":\"search_term_string\"}}],\"inLanguage\":\"fr-FR\"},{\"@type\":[\"Organization\",\"Place\"],\"@id\":\"https:\\\/\\\/cooperativetoudarte.com\\\/fr\\\/#organization\",\"name\":\"Toudarte Cooperative\",\"alternateName\":\"Cooperative Toudarte\",\"url\":\"https:\\\/\\\/cooperativetoudarte.com\\\/fr\\\/\",\"logo\":{\"@id\":\"https:\\\/\\\/cooperativetoudarte.com\\\/product\\\/walnut-vegetable-oil-30ml\\\/#local-main-organization-logo\"},\"image\":{\"@id\":\"https:\\\/\\\/cooperativetoudarte.com\\\/product\\\/walnut-vegetable-oil-30ml\\\/#local-main-organization-logo\"},\"sameAs\":[\"https:\\\/\\\/www.facebook.com\\\/cooperative.toudarte\\\/\",\"https:\\\/\\\/x.com\\\/cooprativetouda\",\"https:\\\/\\\/www.instagram.com\\\/cooperativetoudarte\",\"https:\\\/\\\/www.youtube.com\\\/c\\\/COOPERATIVETOUDARTE\"],\"openingHoursSpecification\":[{\"@type\":\"OpeningHoursSpecification\",\"dayOfWeek\":[\"Monday\",\"Tuesday\",\"Wednesday\",\"Thursday\",\"Friday\",\"Saturday\",\"Sunday\"],\"opens\":\"09:00\",\"closes\":\"17:00\"}]},{\"@type\":\"ImageObject\",\"inLanguage\":\"fr-FR\",\"@id\":\"https:\\\/\\\/cooperativetoudarte.com\\\/product\\\/walnut-vegetable-oil-30ml\\\/#local-main-organization-logo\",\"url\":\"https:\\\/\\\/cooperativetoudarte.com\\\/wp-content\\\/uploads\\\/2023\\\/11\\\/PngLogo-1.png\",\"contentUrl\":\"https:\\\/\\\/cooperativetoudarte.com\\\/wp-content\\\/uploads\\\/2023\\\/11\\\/PngLogo-1.png\",\"width\":512,\"height\":512,\"caption\":\"Toudarte Cooperative\"}]}<\/script>\n<meta property=\"product:price:amount\" content=\"30.00\" \/>\n<meta property=\"product:price:currency\" content=\"MAD\" \/>\n<meta property=\"og:availability\" content=\"instock\" \/>\n<meta property=\"product:availability\" content=\"instock\" \/>\n<meta property=\"product:condition\" content=\"new\" \/>\n<!-- \/ Yoast SEO Premium plugin. -->","yoast_head_json":{"title":"Walnut-vegetable-oil-Toudarte","description":"Walnut vegetable oil, derived from the cold-pressing of walnut seeds, is a luxurious and nutrient-rich oil widely used in cosmetic and skincare products. Known for its high content of essential fatty acids, antioxidants, and vitamins, this oil offers numerous benefits for both the skin and hair.","robots":{"index":"index","follow":"follow","max-snippet":"max-snippet:-1","max-image-preview":"max-image-preview:large","max-video-preview":"max-video-preview:-1"},"canonical":"https:\/\/cooperativetoudarte.com\/fr\/produit\/walnut-vegetable-oil-30ml\/","og_locale":"fr_FR","og_type":"article","og_title":"WALNUT VEGETABLE OIL 30ML","og_description":"Walnut vegetable oil, derived from the cold-pressing of walnut seeds, is a luxurious and nutrient-rich oil widely used in cosmetic and skincare products. Known for its high content of essential fatty acids, antioxidants, and vitamins, this oil offers numerous benefits for both the skin and hair.","og_url":"https:\/\/cooperativetoudarte.com\/fr\/produit\/walnut-vegetable-oil-30ml\/","og_site_name":"Toudarte","article_publisher":"https:\/\/www.facebook.com\/cooperative.toudarte\/","article_modified_time":"2025-09-17T17:21:46+00:00","og_image":[{"width":800,"height":800,"url":"https:\/\/cooperativetoudarte.com\/wp-content\/uploads\/2023\/10\/walnut-vegetable-oil-30ml.jpg","type":"image\/jpeg"}],"twitter_card":"summary_large_image","twitter_site":"@cooprativetouda","twitter_misc":{"Prix":"&#x62f;.&#x645;.30,00","Availability":"In stock"},"schema":{"@context":"https:\/\/schema.org","@graph":[{"@type":"WebPage","@id":"https:\/\/cooperativetoudarte.com\/product\/walnut-vegetable-oil-30ml\/","url":"https:\/\/cooperativetoudarte.com\/product\/walnut-vegetable-oil-30ml\/","name":"Walnut-vegetable-oil-Toudarte","isPartOf":{"@id":"https:\/\/cooperativetoudarte.com\/fr\/#website"},"primaryImageOfPage":{"@id":"https:\/\/cooperativetoudarte.com\/product\/walnut-vegetable-oil-30ml\/#primaryimage"},"image":{"@id":"https:\/\/cooperativetoudarte.com\/product\/walnut-vegetable-oil-30ml\/#primaryimage"},"thumbnailUrl":"https:\/\/cooperativetoudarte.com\/wp-content\/uploads\/2023\/10\/walnut-vegetable-oil-30ml.jpg","datePublished":"2023-10-29T11:01:23+00:00","dateModified":"2025-09-17T17:21:46+00:00","description":"Walnut vegetable oil, derived from the cold-pressing of walnut seeds, is a luxurious and nutrient-rich oil widely used in cosmetic and skincare products. Known for its high content of essential fatty acids, antioxidants, and vitamins, this oil offers numerous benefits for both the skin and hair.","breadcrumb":{"@id":"https:\/\/cooperativetoudarte.com\/product\/walnut-vegetable-oil-30ml\/#breadcrumb"},"inLanguage":"fr-FR","potentialAction":[{"@type":"ReadAction","target":["https:\/\/cooperativetoudarte.com\/product\/walnut-vegetable-oil-30ml\/"]}]},{"@type":"ImageObject","inLanguage":"fr-FR","@id":"https:\/\/cooperativetoudarte.com\/product\/walnut-vegetable-oil-30ml\/#primaryimage","url":"https:\/\/cooperativetoudarte.com\/wp-content\/uploads\/2023\/10\/walnut-vegetable-oil-30ml.jpg","contentUrl":"https:\/\/cooperativetoudarte.com\/wp-content\/uploads\/2023\/10\/walnut-vegetable-oil-30ml.jpg","width":800,"height":800},{"@type":"BreadcrumbList","@id":"https:\/\/cooperativetoudarte.com\/product\/walnut-vegetable-oil-30ml\/#breadcrumb","itemListElement":[{"@type":"ListItem","position":1,"name":"Home","item":"https:\/\/cooperativetoudarte.com\/"},{"@type":"ListItem","position":2,"name":"Shop","item":"https:\/\/cooperativetoudarte.com\/fr\/shop\/"},{"@type":"ListItem","position":3,"name":"WALNUT VEGETABLE OIL 30ML"}]},{"@type":"WebSite","@id":"https:\/\/cooperativetoudarte.com\/fr\/#website","url":"https:\/\/cooperativetoudarte.com\/fr\/","name":"Coop\u00e9rative Toudarte","description":"High Quality Bio Products","publisher":{"@id":"https:\/\/cooperativetoudarte.com\/fr\/#organization"},"alternateName":"Cooperative Toudarte","potentialAction":[{"@type":"SearchAction","target":{"@type":"EntryPoint","urlTemplate":"https:\/\/cooperativetoudarte.com\/fr\/?s={search_term_string}"},"query-input":{"@type":"PropertyValueSpecification","valueRequired":true,"valueName":"search_term_string"}}],"inLanguage":"fr-FR"},{"@type":["Organization","Place"],"@id":"https:\/\/cooperativetoudarte.com\/fr\/#organization","name":"Coop\u00e9rative Toudarte","alternateName":"Cooperative Toudarte","url":"https:\/\/cooperativetoudarte.com\/fr\/","logo":{"@id":"https:\/\/cooperativetoudarte.com\/product\/walnut-vegetable-oil-30ml\/#local-main-organization-logo"},"image":{"@id":"https:\/\/cooperativetoudarte.com\/product\/walnut-vegetable-oil-30ml\/#local-main-organization-logo"},"sameAs":["https:\/\/www.facebook.com\/cooperative.toudarte\/","https:\/\/x.com\/cooprativetouda","https:\/\/www.instagram.com\/cooperativetoudarte","https:\/\/www.youtube.com\/c\/COOPERATIVETOUDARTE"],"openingHoursSpecification":[{"@type":"OpeningHoursSpecification","dayOfWeek":["Monday","Tuesday","Wednesday","Thursday","Friday","Saturday","Sunday"],"opens":"09:00","closes":"17:00"}]},{"@type":"ImageObject","inLanguage":"fr-FR","@id":"https:\/\/cooperativetoudarte.com\/product\/walnut-vegetable-oil-30ml\/#local-main-organization-logo","url":"https:\/\/cooperativetoudarte.com\/wp-content\/uploads\/2023\/11\/PngLogo-1.png","contentUrl":"https:\/\/cooperativetoudarte.com\/wp-content\/uploads\/2023\/11\/PngLogo-1.png","width":512,"height":512,"caption":"Toudarte Cooperative"}]},"product_price_amount":"30.00","product_price_currency":"MAD","og_availability":"instock","product_availability":"instock","product_condition":"new"},"jetpack_sharing_enabled":true,"_links":{"self":[{"href":"https:\/\/cooperativetoudarte.com\/fr\/wp-json\/wp\/v2\/product\/261","targetHints":{"allow":["GET"]}}],"collection":[{"href":"https:\/\/cooperativetoudarte.com\/fr\/wp-json\/wp\/v2\/product"}],"about":[{"href":"https:\/\/cooperativetoudarte.com\/fr\/wp-json\/wp\/v2\/types\/product"}],"replies":[{"embeddable":true,"href":"https:\/\/cooperativetoudarte.com\/fr\/wp-json\/wp\/v2\/comments?post=261"}],"wp:featuredmedia":[{"embeddable":true,"href":"https:\/\/cooperativetoudarte.com\/fr\/wp-json\/wp\/v2\/media\/262"}],"wp:attachment":[{"href":"https:\/\/cooperativetoudarte.com\/fr\/wp-json\/wp\/v2\/media?parent=261"}],"wp:term":[{"taxonomy":"product_brand","embeddable":true,"href":"https:\/\/cooperativetoudarte.com\/fr\/wp-json\/wp\/v2\/product_brand?post=261"},{"taxonomy":"product_cat","embeddable":true,"href":"https:\/\/cooperativetoudarte.com\/fr\/wp-json\/wp\/v2\/product_cat?post=261"},{"taxonomy":"product_tag","embeddable":true,"href":"https:\/\/cooperativetoudarte.com\/fr\/wp-json\/wp\/v2\/product_tag?post=261"}],"curies":[{"name":"wp","href":"https:\/\/api.w.org\/{rel}","templated":true}]}}