{"id":234,"date":"2023-10-29T09:52:24","date_gmt":"2023-10-29T09:52:24","guid":{"rendered":"https:\/\/cooperativetoudarte.com\/?post_type=product&#038;p=234"},"modified":"2025-09-17T15:55:35","modified_gmt":"2025-09-17T15:55:35","slug":"argan-oil-perfumed-with-musk-100ml","status":"publish","type":"product","link":"https:\/\/cooperativetoudarte.com\/fr\/produit\/argan-oil-perfumed-with-musk-100ml\/","title":{"rendered":"HUILE D'ARGANE AROMATIS\u00c9 AU MUSK 50 ML"},"content":{"rendered":"<div id=\"content-wrapper\" class=\"right-column col-xs-12 col-sm-8 col-md-9\">\n<section id=\"main\">\n<div class=\"tabs\">\n<div id=\"tab-content\" class=\"tab-content\">\n<div id=\"description\" class=\"tab-pane fade in active\">\n<div class=\"product-description\">L'huile d'argan au musc v\u00e9ritable soin embellisseur, cette huile corporelle redonne fermet\u00e9, douceur et velout\u00e9 \u00e0 la peau. L'huile essentielle de musc associ\u00e9e \u00e0 l'huile d'argan apporte une substance noble riche en acides gras essentiels et favorise la r\u00e9g\u00e9n\u00e9ration cutan\u00e9e en pr\u00e9venant le dess\u00e8chement. Il p\u00e9n\u00e8tre facilement dans la peau sans la graisser. Utilis\u00e9 en soin quotidien ou en massage.<\/div>\n<\/div>\n<\/div>\n<\/div>\n<footer class=\"page-footer\"><\/footer>\n<\/section>\n<\/div>\n<div id=\"right-column\" class=\"col-xs-12 col-sm-4 col-md-3\">\n<div class=\"special_block_right horizontal_mode clearfix\"><\/div>\n<\/div>","protected":false},"excerpt":{"rendered":"<div id=\"content-wrapper\" class=\"right-column col-xs-12 col-sm-8 col-md-9\">\n<section id=\"main\">\n<div class=\"tabs\">\n<div id=\"tab-content\" class=\"tab-content\">\n<div id=\"description\" class=\"tab-pane fade in active\">\n<div class=\"product-description\">L'huile d'argan au musc v\u00e9ritable soin embellisseur, cette huile corporelle redonne fermet\u00e9, douceur et velout\u00e9 \u00e0 la peau. L'huile essentielle de musc associ\u00e9e \u00e0 l'huile d'argan apporte une substance noble riche en acides gras essentiels et favorise la r\u00e9g\u00e9n\u00e9ration cutan\u00e9e en pr\u00e9venant le dess\u00e8chement. Il p\u00e9n\u00e8tre facilement dans la peau sans la graisser. Utilis\u00e9 en soin quotidien ou en massage.<\/div>\n<\/div>\n<\/div>\n<\/div>\n<footer class=\"page-footer\"><\/footer>\n<\/section>\n<\/div>\n<div id=\"right-column\" class=\"col-xs-12 col-sm-4 col-md-3\">\n<div class=\"special_block_right horizontal_mode clearfix\"><\/div>\n<\/div>","protected":false},"featured_media":235,"comment_status":"open","ping_status":"closed","template":"","meta":{"inline_featured_image":false},"product_brand":[],"product_cat":[34],"product_tag":[57],"class_list":{"0":"post-234","1":"product","2":"type-product","3":"status-publish","4":"has-post-thumbnail","6":"product_cat-flavored-argan-oil","7":"product_tag-beauty-argan","9":"first","10":"instock","11":"shipping-taxable","12":"purchasable","13":"product-type-simple"},"yoast_head":"<!-- This site is optimized with the Yoast SEO Premium plugin v21.5 (Yoast SEO v27.4) - https:\/\/yoast.com\/product\/yoast-seo-premium-wordpress\/ -->\n<title>Argan-oil-perfumed-with-musk-Toudarte<\/title>\n<meta name=\"description\" content=\"Experience the luxurious blend of nature\u2019s finest treasures with this Argan Oil infused with a subtle yet captivating musk fragrance. Rich in antioxidants, essential fatty acids, and vitamin E, this golden elixir deeply nourishes and hydrates your skin, leaving it soft, smooth, and radiant. The delicate musk scent adds an exotic, sensual touch that lingers gently, creating a perfect balance between the earthy, warmth of the oil and the sophisticated allure of the fragrance. Ideal for both body and hair, this indulgent treatment envelops your senses in a delicate embrace, transforming your everyday routine into a moment of pure indulgence. Perfect for those who seek a rich, moisturizing experience with an added element of exotic allure.\" \/>\n<meta name=\"robots\" content=\"index, follow, max-snippet:-1, max-image-preview:large, max-video-preview:-1\" \/>\n<link rel=\"canonical\" href=\"https:\/\/cooperativetoudarte.com\/fr\/produit\/argan-oil-perfumed-with-musk-100ml\/\" \/>\n<meta property=\"og:locale\" content=\"fr_FR\" \/>\n<meta property=\"og:type\" content=\"article\" \/>\n<meta property=\"og:title\" content=\"ARGAN OIL PERFUMED WITH MUSK 50 ML\" \/>\n<meta property=\"og:description\" content=\"Experience the luxurious blend of nature\u2019s finest treasures with this Argan Oil infused with a subtle yet captivating musk fragrance. Rich in antioxidants, essential fatty acids, and vitamin E, this golden elixir deeply nourishes and hydrates your skin, leaving it soft, smooth, and radiant. The delicate musk scent adds an exotic, sensual touch that lingers gently, creating a perfect balance between the earthy, warmth of the oil and the sophisticated allure of the fragrance. Ideal for both body and hair, this indulgent treatment envelops your senses in a delicate embrace, transforming your everyday routine into a moment of pure indulgence. Perfect for those who seek a rich, moisturizing experience with an added element of exotic allure.\" \/>\n<meta property=\"og:url\" content=\"https:\/\/cooperativetoudarte.com\/fr\/produit\/argan-oil-perfumed-with-musk-100ml\/\" \/>\n<meta property=\"og:site_name\" content=\"Toudarte\" \/>\n<meta property=\"article:publisher\" content=\"https:\/\/www.facebook.com\/cooperative.toudarte\/\" \/>\n<meta property=\"article:modified_time\" content=\"2025-09-17T15:55:35+00:00\" \/>\n<meta property=\"og:image\" content=\"https:\/\/cooperativetoudarte.com\/wp-content\/uploads\/2023\/10\/argan-oil-with-musk.jpg\" \/>\n\t<meta property=\"og:image:width\" content=\"800\" \/>\n\t<meta property=\"og:image:height\" content=\"800\" \/>\n\t<meta property=\"og:image:type\" content=\"image\/jpeg\" \/>\n<meta name=\"twitter:card\" content=\"summary_large_image\" \/>\n<meta name=\"twitter:site\" content=\"@cooprativetouda\" \/>\n<meta name=\"twitter:label1\" content=\"Prix\" \/>\n\t<meta name=\"twitter:data1\" content=\"&#x62f;.&#x645;.60,00\" \/>\n\t<meta name=\"twitter:label2\" content=\"Availability\" \/>\n\t<meta name=\"twitter:data2\" content=\"In stock\" \/>\n<script type=\"application\/ld+json\" class=\"yoast-schema-graph\">{\"@context\":\"https:\\\/\\\/schema.org\",\"@graph\":[{\"@type\":\"WebPage\",\"@id\":\"https:\\\/\\\/cooperativetoudarte.com\\\/product\\\/argan-oil-perfumed-with-musk-100ml\\\/\",\"url\":\"https:\\\/\\\/cooperativetoudarte.com\\\/product\\\/argan-oil-perfumed-with-musk-100ml\\\/\",\"name\":\"Argan-oil-perfumed-with-musk-Toudarte\",\"isPartOf\":{\"@id\":\"https:\\\/\\\/cooperativetoudarte.com\\\/fr\\\/#website\"},\"primaryImageOfPage\":{\"@id\":\"https:\\\/\\\/cooperativetoudarte.com\\\/product\\\/argan-oil-perfumed-with-musk-100ml\\\/#primaryimage\"},\"image\":{\"@id\":\"https:\\\/\\\/cooperativetoudarte.com\\\/product\\\/argan-oil-perfumed-with-musk-100ml\\\/#primaryimage\"},\"thumbnailUrl\":\"https:\\\/\\\/cooperativetoudarte.com\\\/wp-content\\\/uploads\\\/2023\\\/10\\\/argan-oil-with-musk.jpg\",\"datePublished\":\"2023-10-29T09:52:24+00:00\",\"dateModified\":\"2025-09-17T15:55:35+00:00\",\"description\":\"Experience the luxurious blend of nature\u2019s finest treasures with this Argan Oil infused with a subtle yet captivating musk fragrance. Rich in antioxidants, essential fatty acids, and vitamin E, this golden elixir deeply nourishes and hydrates your skin, leaving it soft, smooth, and radiant. The delicate musk scent adds an exotic, sensual touch that lingers gently, creating a perfect balance between the earthy, warmth of the oil and the sophisticated allure of the fragrance. Ideal for both body and hair, this indulgent treatment envelops your senses in a delicate embrace, transforming your everyday routine into a moment of pure indulgence. Perfect for those who seek a rich, moisturizing experience with an added element of exotic allure.\",\"breadcrumb\":{\"@id\":\"https:\\\/\\\/cooperativetoudarte.com\\\/product\\\/argan-oil-perfumed-with-musk-100ml\\\/#breadcrumb\"},\"inLanguage\":\"fr-FR\",\"potentialAction\":[{\"@type\":\"ReadAction\",\"target\":[\"https:\\\/\\\/cooperativetoudarte.com\\\/product\\\/argan-oil-perfumed-with-musk-100ml\\\/\"]}]},{\"@type\":\"ImageObject\",\"inLanguage\":\"fr-FR\",\"@id\":\"https:\\\/\\\/cooperativetoudarte.com\\\/product\\\/argan-oil-perfumed-with-musk-100ml\\\/#primaryimage\",\"url\":\"https:\\\/\\\/cooperativetoudarte.com\\\/wp-content\\\/uploads\\\/2023\\\/10\\\/argan-oil-with-musk.jpg\",\"contentUrl\":\"https:\\\/\\\/cooperativetoudarte.com\\\/wp-content\\\/uploads\\\/2023\\\/10\\\/argan-oil-with-musk.jpg\",\"width\":800,\"height\":800},{\"@type\":\"BreadcrumbList\",\"@id\":\"https:\\\/\\\/cooperativetoudarte.com\\\/product\\\/argan-oil-perfumed-with-musk-100ml\\\/#breadcrumb\",\"itemListElement\":[{\"@type\":\"ListItem\",\"position\":1,\"name\":\"Home\",\"item\":\"https:\\\/\\\/cooperativetoudarte.com\\\/\"},{\"@type\":\"ListItem\",\"position\":2,\"name\":\"Shop\",\"item\":\"https:\\\/\\\/cooperativetoudarte.com\\\/fr\\\/shop\\\/\"},{\"@type\":\"ListItem\",\"position\":3,\"name\":\"ARGAN OIL PERFUMED WITH MUSK 50 ML\"}]},{\"@type\":\"WebSite\",\"@id\":\"https:\\\/\\\/cooperativetoudarte.com\\\/fr\\\/#website\",\"url\":\"https:\\\/\\\/cooperativetoudarte.com\\\/fr\\\/\",\"name\":\"Toudarte Cooperative\",\"description\":\"High Quality Bio Products\",\"publisher\":{\"@id\":\"https:\\\/\\\/cooperativetoudarte.com\\\/fr\\\/#organization\"},\"alternateName\":\"Cooperative Toudarte\",\"potentialAction\":[{\"@type\":\"SearchAction\",\"target\":{\"@type\":\"EntryPoint\",\"urlTemplate\":\"https:\\\/\\\/cooperativetoudarte.com\\\/fr\\\/?s={search_term_string}\"},\"query-input\":{\"@type\":\"PropertyValueSpecification\",\"valueRequired\":true,\"valueName\":\"search_term_string\"}}],\"inLanguage\":\"fr-FR\"},{\"@type\":[\"Organization\",\"Place\"],\"@id\":\"https:\\\/\\\/cooperativetoudarte.com\\\/fr\\\/#organization\",\"name\":\"Toudarte Cooperative\",\"alternateName\":\"Cooperative Toudarte\",\"url\":\"https:\\\/\\\/cooperativetoudarte.com\\\/fr\\\/\",\"logo\":{\"@id\":\"https:\\\/\\\/cooperativetoudarte.com\\\/product\\\/argan-oil-perfumed-with-musk-100ml\\\/#local-main-organization-logo\"},\"image\":{\"@id\":\"https:\\\/\\\/cooperativetoudarte.com\\\/product\\\/argan-oil-perfumed-with-musk-100ml\\\/#local-main-organization-logo\"},\"sameAs\":[\"https:\\\/\\\/www.facebook.com\\\/cooperative.toudarte\\\/\",\"https:\\\/\\\/x.com\\\/cooprativetouda\",\"https:\\\/\\\/www.instagram.com\\\/cooperativetoudarte\",\"https:\\\/\\\/www.youtube.com\\\/c\\\/COOPERATIVETOUDARTE\"],\"openingHoursSpecification\":[{\"@type\":\"OpeningHoursSpecification\",\"dayOfWeek\":[\"Monday\",\"Tuesday\",\"Wednesday\",\"Thursday\",\"Friday\",\"Saturday\",\"Sunday\"],\"opens\":\"09:00\",\"closes\":\"17:00\"}]},{\"@type\":\"ImageObject\",\"inLanguage\":\"fr-FR\",\"@id\":\"https:\\\/\\\/cooperativetoudarte.com\\\/product\\\/argan-oil-perfumed-with-musk-100ml\\\/#local-main-organization-logo\",\"url\":\"https:\\\/\\\/cooperativetoudarte.com\\\/wp-content\\\/uploads\\\/2023\\\/11\\\/PngLogo-1.png\",\"contentUrl\":\"https:\\\/\\\/cooperativetoudarte.com\\\/wp-content\\\/uploads\\\/2023\\\/11\\\/PngLogo-1.png\",\"width\":512,\"height\":512,\"caption\":\"Toudarte Cooperative\"}]}<\/script>\n<meta property=\"product:price:amount\" content=\"60.00\" \/>\n<meta property=\"product:price:currency\" content=\"MAD\" \/>\n<meta property=\"og:availability\" content=\"instock\" \/>\n<meta property=\"product:availability\" content=\"instock\" \/>\n<meta property=\"product:condition\" content=\"new\" \/>\n<!-- \/ Yoast SEO Premium plugin. -->","yoast_head_json":{"title":"Argan-oil-perfumed-with-musk-Toudarte","description":"Experience the luxurious blend of nature\u2019s finest treasures with this Argan Oil infused with a subtle yet captivating musk fragrance. Rich in antioxidants, essential fatty acids, and vitamin E, this golden elixir deeply nourishes and hydrates your skin, leaving it soft, smooth, and radiant. The delicate musk scent adds an exotic, sensual touch that lingers gently, creating a perfect balance between the earthy, warmth of the oil and the sophisticated allure of the fragrance. Ideal for both body and hair, this indulgent treatment envelops your senses in a delicate embrace, transforming your everyday routine into a moment of pure indulgence. Perfect for those who seek a rich, moisturizing experience with an added element of exotic allure.","robots":{"index":"index","follow":"follow","max-snippet":"max-snippet:-1","max-image-preview":"max-image-preview:large","max-video-preview":"max-video-preview:-1"},"canonical":"https:\/\/cooperativetoudarte.com\/fr\/produit\/argan-oil-perfumed-with-musk-100ml\/","og_locale":"fr_FR","og_type":"article","og_title":"ARGAN OIL PERFUMED WITH MUSK 50 ML","og_description":"Experience the luxurious blend of nature\u2019s finest treasures with this Argan Oil infused with a subtle yet captivating musk fragrance. Rich in antioxidants, essential fatty acids, and vitamin E, this golden elixir deeply nourishes and hydrates your skin, leaving it soft, smooth, and radiant. The delicate musk scent adds an exotic, sensual touch that lingers gently, creating a perfect balance between the earthy, warmth of the oil and the sophisticated allure of the fragrance. Ideal for both body and hair, this indulgent treatment envelops your senses in a delicate embrace, transforming your everyday routine into a moment of pure indulgence. Perfect for those who seek a rich, moisturizing experience with an added element of exotic allure.","og_url":"https:\/\/cooperativetoudarte.com\/fr\/produit\/argan-oil-perfumed-with-musk-100ml\/","og_site_name":"Toudarte","article_publisher":"https:\/\/www.facebook.com\/cooperative.toudarte\/","article_modified_time":"2025-09-17T15:55:35+00:00","og_image":[{"width":800,"height":800,"url":"https:\/\/cooperativetoudarte.com\/wp-content\/uploads\/2023\/10\/argan-oil-with-musk.jpg","type":"image\/jpeg"}],"twitter_card":"summary_large_image","twitter_site":"@cooprativetouda","twitter_misc":{"Prix":"&#x62f;.&#x645;.60,00","Availability":"In stock"},"schema":{"@context":"https:\/\/schema.org","@graph":[{"@type":"WebPage","@id":"https:\/\/cooperativetoudarte.com\/product\/argan-oil-perfumed-with-musk-100ml\/","url":"https:\/\/cooperativetoudarte.com\/product\/argan-oil-perfumed-with-musk-100ml\/","name":"Argan-oil-perfumed-with-musk-Toudarte","isPartOf":{"@id":"https:\/\/cooperativetoudarte.com\/fr\/#website"},"primaryImageOfPage":{"@id":"https:\/\/cooperativetoudarte.com\/product\/argan-oil-perfumed-with-musk-100ml\/#primaryimage"},"image":{"@id":"https:\/\/cooperativetoudarte.com\/product\/argan-oil-perfumed-with-musk-100ml\/#primaryimage"},"thumbnailUrl":"https:\/\/cooperativetoudarte.com\/wp-content\/uploads\/2023\/10\/argan-oil-with-musk.jpg","datePublished":"2023-10-29T09:52:24+00:00","dateModified":"2025-09-17T15:55:35+00:00","description":"Experience the luxurious blend of nature\u2019s finest treasures with this Argan Oil infused with a subtle yet captivating musk fragrance. Rich in antioxidants, essential fatty acids, and vitamin E, this golden elixir deeply nourishes and hydrates your skin, leaving it soft, smooth, and radiant. The delicate musk scent adds an exotic, sensual touch that lingers gently, creating a perfect balance between the earthy, warmth of the oil and the sophisticated allure of the fragrance. Ideal for both body and hair, this indulgent treatment envelops your senses in a delicate embrace, transforming your everyday routine into a moment of pure indulgence. Perfect for those who seek a rich, moisturizing experience with an added element of exotic allure.","breadcrumb":{"@id":"https:\/\/cooperativetoudarte.com\/product\/argan-oil-perfumed-with-musk-100ml\/#breadcrumb"},"inLanguage":"fr-FR","potentialAction":[{"@type":"ReadAction","target":["https:\/\/cooperativetoudarte.com\/product\/argan-oil-perfumed-with-musk-100ml\/"]}]},{"@type":"ImageObject","inLanguage":"fr-FR","@id":"https:\/\/cooperativetoudarte.com\/product\/argan-oil-perfumed-with-musk-100ml\/#primaryimage","url":"https:\/\/cooperativetoudarte.com\/wp-content\/uploads\/2023\/10\/argan-oil-with-musk.jpg","contentUrl":"https:\/\/cooperativetoudarte.com\/wp-content\/uploads\/2023\/10\/argan-oil-with-musk.jpg","width":800,"height":800},{"@type":"BreadcrumbList","@id":"https:\/\/cooperativetoudarte.com\/product\/argan-oil-perfumed-with-musk-100ml\/#breadcrumb","itemListElement":[{"@type":"ListItem","position":1,"name":"Home","item":"https:\/\/cooperativetoudarte.com\/"},{"@type":"ListItem","position":2,"name":"Shop","item":"https:\/\/cooperativetoudarte.com\/fr\/shop\/"},{"@type":"ListItem","position":3,"name":"ARGAN OIL PERFUMED WITH MUSK 50 ML"}]},{"@type":"WebSite","@id":"https:\/\/cooperativetoudarte.com\/fr\/#website","url":"https:\/\/cooperativetoudarte.com\/fr\/","name":"Coop\u00e9rative Toudarte","description":"High Quality Bio Products","publisher":{"@id":"https:\/\/cooperativetoudarte.com\/fr\/#organization"},"alternateName":"Cooperative Toudarte","potentialAction":[{"@type":"SearchAction","target":{"@type":"EntryPoint","urlTemplate":"https:\/\/cooperativetoudarte.com\/fr\/?s={search_term_string}"},"query-input":{"@type":"PropertyValueSpecification","valueRequired":true,"valueName":"search_term_string"}}],"inLanguage":"fr-FR"},{"@type":["Organization","Place"],"@id":"https:\/\/cooperativetoudarte.com\/fr\/#organization","name":"Coop\u00e9rative Toudarte","alternateName":"Cooperative Toudarte","url":"https:\/\/cooperativetoudarte.com\/fr\/","logo":{"@id":"https:\/\/cooperativetoudarte.com\/product\/argan-oil-perfumed-with-musk-100ml\/#local-main-organization-logo"},"image":{"@id":"https:\/\/cooperativetoudarte.com\/product\/argan-oil-perfumed-with-musk-100ml\/#local-main-organization-logo"},"sameAs":["https:\/\/www.facebook.com\/cooperative.toudarte\/","https:\/\/x.com\/cooprativetouda","https:\/\/www.instagram.com\/cooperativetoudarte","https:\/\/www.youtube.com\/c\/COOPERATIVETOUDARTE"],"openingHoursSpecification":[{"@type":"OpeningHoursSpecification","dayOfWeek":["Monday","Tuesday","Wednesday","Thursday","Friday","Saturday","Sunday"],"opens":"09:00","closes":"17:00"}]},{"@type":"ImageObject","inLanguage":"fr-FR","@id":"https:\/\/cooperativetoudarte.com\/product\/argan-oil-perfumed-with-musk-100ml\/#local-main-organization-logo","url":"https:\/\/cooperativetoudarte.com\/wp-content\/uploads\/2023\/11\/PngLogo-1.png","contentUrl":"https:\/\/cooperativetoudarte.com\/wp-content\/uploads\/2023\/11\/PngLogo-1.png","width":512,"height":512,"caption":"Toudarte Cooperative"}]},"product_price_amount":"60.00","product_price_currency":"MAD","og_availability":"instock","product_availability":"instock","product_condition":"new"},"jetpack_sharing_enabled":true,"_links":{"self":[{"href":"https:\/\/cooperativetoudarte.com\/fr\/wp-json\/wp\/v2\/product\/234","targetHints":{"allow":["GET"]}}],"collection":[{"href":"https:\/\/cooperativetoudarte.com\/fr\/wp-json\/wp\/v2\/product"}],"about":[{"href":"https:\/\/cooperativetoudarte.com\/fr\/wp-json\/wp\/v2\/types\/product"}],"replies":[{"embeddable":true,"href":"https:\/\/cooperativetoudarte.com\/fr\/wp-json\/wp\/v2\/comments?post=234"}],"wp:featuredmedia":[{"embeddable":true,"href":"https:\/\/cooperativetoudarte.com\/fr\/wp-json\/wp\/v2\/media\/235"}],"wp:attachment":[{"href":"https:\/\/cooperativetoudarte.com\/fr\/wp-json\/wp\/v2\/media?parent=234"}],"wp:term":[{"taxonomy":"product_brand","embeddable":true,"href":"https:\/\/cooperativetoudarte.com\/fr\/wp-json\/wp\/v2\/product_brand?post=234"},{"taxonomy":"product_cat","embeddable":true,"href":"https:\/\/cooperativetoudarte.com\/fr\/wp-json\/wp\/v2\/product_cat?post=234"},{"taxonomy":"product_tag","embeddable":true,"href":"https:\/\/cooperativetoudarte.com\/fr\/wp-json\/wp\/v2\/product_tag?post=234"}],"curies":[{"name":"wp","href":"https:\/\/api.w.org\/{rel}","templated":true}]}}