{"id":1049,"date":"2024-10-17T18:25:31","date_gmt":"2024-10-17T18:25:31","guid":{"rendered":"https:\/\/cooperativetoudarte.com\/?post_type=product&#038;p=1049"},"modified":"2025-10-12T18:58:19","modified_gmt":"2025-10-12T18:58:19","slug":"akker-fasi-soap-150g","status":"publish","type":"product","link":"https:\/\/cooperativetoudarte.com\/fr\/produit\/akker-fasi-soap-150g\/","title":{"rendered":"SAVON NOIR AKKER FASI ,150G\u00a0"},"content":{"rendered":"<div><strong>Ingr\u00e9dients:<\/strong>:<\/div>\n<div><\/div>\n<div><strong>usage<\/strong>\u00a0: Frotter et masser en mouvement circulaire. Rincer \u00e0 l\u2019eau puis appliquer votre cr\u00e8me hydratante.<\/div>\n<div><\/div>\n<div><strong>stockage<\/strong>\u00a0: Garder au sec, \u00e0 l\u2019abri de la chaleur et de la lumi\u00e8re. Le temps d\u2019utilisation recommand\u00e9 est de trois mois apr\u00e8s ouverture.<\/div>\n<div><\/div>\n<div><strong>pr\u00e9cautions<\/strong>\u00a0: \u00c9viter tout contact avec les yeux. Tenir hors de port\u00e9e des enfants.<\/div>","protected":false},"excerpt":{"rendered":"<div><strong>Savon akker fassi<\/strong>: est un savon traditionnel reconnu pour ses ingr\u00e9dients naturels et biologiques, souvent \u00e9labor\u00e9 \u00e0 partir d'un m\u00e9lange d'huiles essentielles et de plantes. Bien que sa formulation varie, il s'appuie g\u00e9n\u00e9ralement sur des recettes ancestrales pour offrir une exp\u00e9rience riche et nourrissante \u00e0 la peau. Le savon Aker Fassi est reconnu pour ses propri\u00e9t\u00e9s apaisantes et hydratantes, laissant la peau douce, propre et rajeunie. Ses ingr\u00e9dients \u00e0 base de plantes, parfois associ\u00e9s \u00e0 des huiles rares ou \u00e0 des extraits de plantes, peuvent offrir des bienfaits suppl\u00e9mentaires, comme apaiser les inflammations, am\u00e9liorer la texture de la peau ou exfolier en douceur.<\/p>","protected":false},"featured_media":1050,"comment_status":"open","ping_status":"closed","template":"","meta":{"inline_featured_image":false},"product_brand":[],"product_cat":[43],"product_tag":[54],"class_list":{"0":"post-1049","1":"product","2":"type-product","3":"status-publish","4":"has-post-thumbnail","6":"product_cat-soap","7":"product_tag-beauty-body","9":"first","10":"instock","11":"shipping-taxable","12":"purchasable","13":"product-type-simple"},"yoast_head":"<!-- This site is optimized with the Yoast SEO Premium plugin v21.5 (Yoast SEO v27.3) - https:\/\/yoast.com\/product\/yoast-seo-premium-wordpress\/ -->\n<title>Akker-fasi-soap-Toudarte<\/title>\n<meta name=\"description\" content=\"Akker Fassi soap is a traditional soap known for its natural and organic ingredients, often made with a blend of essential oils and herbs. While its formulation varies, it typically relies on ancient recipes to provide a rich and nourishing skin experience. Aker Fassi soap is known for its soothing and moisturizing properties, leaving skin soft, clean, and rejuvenated. Its herbal ingredients, sometimes blended with rare oils or plant extracts, may offer additional benefits such as calming inflammation, improving skin texture, or gently exfoliating.\" \/>\n<meta name=\"robots\" content=\"index, follow, max-snippet:-1, max-image-preview:large, max-video-preview:-1\" \/>\n<link rel=\"canonical\" href=\"https:\/\/cooperativetoudarte.com\/fr\/produit\/akker-fasi-soap-150g\/\" \/>\n<meta property=\"og:locale\" content=\"fr_FR\" \/>\n<meta property=\"og:type\" content=\"article\" \/>\n<meta property=\"og:title\" content=\"AKKER FASI SOAP 150G\" \/>\n<meta property=\"og:description\" content=\"Akker Fassi soap is a traditional soap known for its natural and organic ingredients, often made with a blend of essential oils and herbs. While its formulation varies, it typically relies on ancient recipes to provide a rich and nourishing skin experience. Aker Fassi soap is known for its soothing and moisturizing properties, leaving skin soft, clean, and rejuvenated. Its herbal ingredients, sometimes blended with rare oils or plant extracts, may offer additional benefits such as calming inflammation, improving skin texture, or gently exfoliating.\" \/>\n<meta property=\"og:url\" content=\"https:\/\/cooperativetoudarte.com\/fr\/produit\/akker-fasi-soap-150g\/\" \/>\n<meta property=\"og:site_name\" content=\"Toudarte\" \/>\n<meta property=\"article:publisher\" content=\"https:\/\/www.facebook.com\/cooperative.toudarte\/\" \/>\n<meta property=\"article:modified_time\" content=\"2025-10-12T18:58:19+00:00\" \/>\n<meta property=\"og:image\" content=\"https:\/\/cooperativetoudarte.com\/wp-content\/uploads\/2024\/10\/akker-fasi-soap.jpg\" \/>\n\t<meta property=\"og:image:width\" content=\"2160\" \/>\n\t<meta property=\"og:image:height\" content=\"2160\" \/>\n\t<meta property=\"og:image:type\" content=\"image\/jpeg\" \/>\n<meta name=\"twitter:card\" content=\"summary_large_image\" \/>\n<meta name=\"twitter:site\" content=\"@cooprativetouda\" \/>\n<meta name=\"twitter:label1\" content=\"Prix\" \/>\n\t<meta name=\"twitter:data1\" content=\"&#x62f;.&#x645;.40,00\" \/>\n\t<meta name=\"twitter:label2\" content=\"Availability\" \/>\n\t<meta name=\"twitter:data2\" content=\"In stock\" \/>\n<script type=\"application\/ld+json\" class=\"yoast-schema-graph\">{\"@context\":\"https:\\\/\\\/schema.org\",\"@graph\":[{\"@type\":\"WebPage\",\"@id\":\"https:\\\/\\\/cooperativetoudarte.com\\\/product\\\/akker-fasi-soap-150g\\\/\",\"url\":\"https:\\\/\\\/cooperativetoudarte.com\\\/product\\\/akker-fasi-soap-150g\\\/\",\"name\":\"Akker-fasi-soap-Toudarte\",\"isPartOf\":{\"@id\":\"https:\\\/\\\/cooperativetoudarte.com\\\/fr\\\/#website\"},\"primaryImageOfPage\":{\"@id\":\"https:\\\/\\\/cooperativetoudarte.com\\\/product\\\/akker-fasi-soap-150g\\\/#primaryimage\"},\"image\":{\"@id\":\"https:\\\/\\\/cooperativetoudarte.com\\\/product\\\/akker-fasi-soap-150g\\\/#primaryimage\"},\"thumbnailUrl\":\"https:\\\/\\\/cooperativetoudarte.com\\\/wp-content\\\/uploads\\\/2024\\\/10\\\/akker-fasi-soap.jpg\",\"datePublished\":\"2024-10-17T18:25:31+00:00\",\"dateModified\":\"2025-10-12T18:58:19+00:00\",\"description\":\"Akker Fassi soap is a traditional soap known for its natural and organic ingredients, often made with a blend of essential oils and herbs. While its formulation varies, it typically relies on ancient recipes to provide a rich and nourishing skin experience. Aker Fassi soap is known for its soothing and moisturizing properties, leaving skin soft, clean, and rejuvenated. Its herbal ingredients, sometimes blended with rare oils or plant extracts, may offer additional benefits such as calming inflammation, improving skin texture, or gently exfoliating.\",\"breadcrumb\":{\"@id\":\"https:\\\/\\\/cooperativetoudarte.com\\\/product\\\/akker-fasi-soap-150g\\\/#breadcrumb\"},\"inLanguage\":\"fr-FR\",\"potentialAction\":[{\"@type\":\"ReadAction\",\"target\":[\"https:\\\/\\\/cooperativetoudarte.com\\\/product\\\/akker-fasi-soap-150g\\\/\"]}]},{\"@type\":\"ImageObject\",\"inLanguage\":\"fr-FR\",\"@id\":\"https:\\\/\\\/cooperativetoudarte.com\\\/product\\\/akker-fasi-soap-150g\\\/#primaryimage\",\"url\":\"https:\\\/\\\/cooperativetoudarte.com\\\/wp-content\\\/uploads\\\/2024\\\/10\\\/akker-fasi-soap.jpg\",\"contentUrl\":\"https:\\\/\\\/cooperativetoudarte.com\\\/wp-content\\\/uploads\\\/2024\\\/10\\\/akker-fasi-soap.jpg\",\"width\":2160,\"height\":2160,\"caption\":\"AKKAR FASI SOAP\"},{\"@type\":\"BreadcrumbList\",\"@id\":\"https:\\\/\\\/cooperativetoudarte.com\\\/product\\\/akker-fasi-soap-150g\\\/#breadcrumb\",\"itemListElement\":[{\"@type\":\"ListItem\",\"position\":1,\"name\":\"Home\",\"item\":\"https:\\\/\\\/cooperativetoudarte.com\\\/\"},{\"@type\":\"ListItem\",\"position\":2,\"name\":\"Shop\",\"item\":\"https:\\\/\\\/cooperativetoudarte.com\\\/fr\\\/shop\\\/\"},{\"@type\":\"ListItem\",\"position\":3,\"name\":\"AKKER FASI SOAP 150G\"}]},{\"@type\":\"WebSite\",\"@id\":\"https:\\\/\\\/cooperativetoudarte.com\\\/fr\\\/#website\",\"url\":\"https:\\\/\\\/cooperativetoudarte.com\\\/fr\\\/\",\"name\":\"Toudarte Cooperative\",\"description\":\"High Quality Bio Products\",\"publisher\":{\"@id\":\"https:\\\/\\\/cooperativetoudarte.com\\\/fr\\\/#organization\"},\"alternateName\":\"Cooperative Toudarte\",\"potentialAction\":[{\"@type\":\"SearchAction\",\"target\":{\"@type\":\"EntryPoint\",\"urlTemplate\":\"https:\\\/\\\/cooperativetoudarte.com\\\/fr\\\/?s={search_term_string}\"},\"query-input\":{\"@type\":\"PropertyValueSpecification\",\"valueRequired\":true,\"valueName\":\"search_term_string\"}}],\"inLanguage\":\"fr-FR\"},{\"@type\":[\"Organization\",\"Place\"],\"@id\":\"https:\\\/\\\/cooperativetoudarte.com\\\/fr\\\/#organization\",\"name\":\"Toudarte Cooperative\",\"alternateName\":\"Cooperative Toudarte\",\"url\":\"https:\\\/\\\/cooperativetoudarte.com\\\/fr\\\/\",\"logo\":{\"@id\":\"https:\\\/\\\/cooperativetoudarte.com\\\/product\\\/akker-fasi-soap-150g\\\/#local-main-organization-logo\"},\"image\":{\"@id\":\"https:\\\/\\\/cooperativetoudarte.com\\\/product\\\/akker-fasi-soap-150g\\\/#local-main-organization-logo\"},\"sameAs\":[\"https:\\\/\\\/www.facebook.com\\\/cooperative.toudarte\\\/\",\"https:\\\/\\\/x.com\\\/cooprativetouda\",\"https:\\\/\\\/www.instagram.com\\\/cooperativetoudarte\",\"https:\\\/\\\/www.youtube.com\\\/c\\\/COOPERATIVETOUDARTE\"],\"openingHoursSpecification\":[{\"@type\":\"OpeningHoursSpecification\",\"dayOfWeek\":[\"Monday\",\"Tuesday\",\"Wednesday\",\"Thursday\",\"Friday\",\"Saturday\",\"Sunday\"],\"opens\":\"09:00\",\"closes\":\"17:00\"}]},{\"@type\":\"ImageObject\",\"inLanguage\":\"fr-FR\",\"@id\":\"https:\\\/\\\/cooperativetoudarte.com\\\/product\\\/akker-fasi-soap-150g\\\/#local-main-organization-logo\",\"url\":\"https:\\\/\\\/cooperativetoudarte.com\\\/wp-content\\\/uploads\\\/2023\\\/11\\\/PngLogo-1.png\",\"contentUrl\":\"https:\\\/\\\/cooperativetoudarte.com\\\/wp-content\\\/uploads\\\/2023\\\/11\\\/PngLogo-1.png\",\"width\":512,\"height\":512,\"caption\":\"Toudarte Cooperative\"}]}<\/script>\n<meta property=\"product:price:amount\" content=\"40.00\" \/>\n<meta property=\"product:price:currency\" content=\"MAD\" \/>\n<meta property=\"og:availability\" content=\"instock\" \/>\n<meta property=\"product:availability\" content=\"instock\" \/>\n<meta property=\"product:condition\" content=\"new\" \/>\n<!-- \/ Yoast SEO Premium plugin. -->","yoast_head_json":{"title":"Akker-fasi-soap-Toudarte","description":"Akker Fassi soap is a traditional soap known for its natural and organic ingredients, often made with a blend of essential oils and herbs. While its formulation varies, it typically relies on ancient recipes to provide a rich and nourishing skin experience. Aker Fassi soap is known for its soothing and moisturizing properties, leaving skin soft, clean, and rejuvenated. Its herbal ingredients, sometimes blended with rare oils or plant extracts, may offer additional benefits such as calming inflammation, improving skin texture, or gently exfoliating.","robots":{"index":"index","follow":"follow","max-snippet":"max-snippet:-1","max-image-preview":"max-image-preview:large","max-video-preview":"max-video-preview:-1"},"canonical":"https:\/\/cooperativetoudarte.com\/fr\/produit\/akker-fasi-soap-150g\/","og_locale":"fr_FR","og_type":"article","og_title":"AKKER FASI SOAP 150G","og_description":"Akker Fassi soap is a traditional soap known for its natural and organic ingredients, often made with a blend of essential oils and herbs. While its formulation varies, it typically relies on ancient recipes to provide a rich and nourishing skin experience. Aker Fassi soap is known for its soothing and moisturizing properties, leaving skin soft, clean, and rejuvenated. Its herbal ingredients, sometimes blended with rare oils or plant extracts, may offer additional benefits such as calming inflammation, improving skin texture, or gently exfoliating.","og_url":"https:\/\/cooperativetoudarte.com\/fr\/produit\/akker-fasi-soap-150g\/","og_site_name":"Toudarte","article_publisher":"https:\/\/www.facebook.com\/cooperative.toudarte\/","article_modified_time":"2025-10-12T18:58:19+00:00","og_image":[{"width":2160,"height":2160,"url":"https:\/\/cooperativetoudarte.com\/wp-content\/uploads\/2024\/10\/akker-fasi-soap.jpg","type":"image\/jpeg"}],"twitter_card":"summary_large_image","twitter_site":"@cooprativetouda","twitter_misc":{"Prix":"&#x62f;.&#x645;.40,00","Availability":"In stock"},"schema":{"@context":"https:\/\/schema.org","@graph":[{"@type":"WebPage","@id":"https:\/\/cooperativetoudarte.com\/product\/akker-fasi-soap-150g\/","url":"https:\/\/cooperativetoudarte.com\/product\/akker-fasi-soap-150g\/","name":"Akker-fasi-soap-Toudarte","isPartOf":{"@id":"https:\/\/cooperativetoudarte.com\/fr\/#website"},"primaryImageOfPage":{"@id":"https:\/\/cooperativetoudarte.com\/product\/akker-fasi-soap-150g\/#primaryimage"},"image":{"@id":"https:\/\/cooperativetoudarte.com\/product\/akker-fasi-soap-150g\/#primaryimage"},"thumbnailUrl":"https:\/\/cooperativetoudarte.com\/wp-content\/uploads\/2024\/10\/akker-fasi-soap.jpg","datePublished":"2024-10-17T18:25:31+00:00","dateModified":"2025-10-12T18:58:19+00:00","description":"Akker Fassi soap is a traditional soap known for its natural and organic ingredients, often made with a blend of essential oils and herbs. While its formulation varies, it typically relies on ancient recipes to provide a rich and nourishing skin experience. Aker Fassi soap is known for its soothing and moisturizing properties, leaving skin soft, clean, and rejuvenated. Its herbal ingredients, sometimes blended with rare oils or plant extracts, may offer additional benefits such as calming inflammation, improving skin texture, or gently exfoliating.","breadcrumb":{"@id":"https:\/\/cooperativetoudarte.com\/product\/akker-fasi-soap-150g\/#breadcrumb"},"inLanguage":"fr-FR","potentialAction":[{"@type":"ReadAction","target":["https:\/\/cooperativetoudarte.com\/product\/akker-fasi-soap-150g\/"]}]},{"@type":"ImageObject","inLanguage":"fr-FR","@id":"https:\/\/cooperativetoudarte.com\/product\/akker-fasi-soap-150g\/#primaryimage","url":"https:\/\/cooperativetoudarte.com\/wp-content\/uploads\/2024\/10\/akker-fasi-soap.jpg","contentUrl":"https:\/\/cooperativetoudarte.com\/wp-content\/uploads\/2024\/10\/akker-fasi-soap.jpg","width":2160,"height":2160,"caption":"AKKAR FASI SOAP"},{"@type":"BreadcrumbList","@id":"https:\/\/cooperativetoudarte.com\/product\/akker-fasi-soap-150g\/#breadcrumb","itemListElement":[{"@type":"ListItem","position":1,"name":"Home","item":"https:\/\/cooperativetoudarte.com\/"},{"@type":"ListItem","position":2,"name":"Shop","item":"https:\/\/cooperativetoudarte.com\/fr\/shop\/"},{"@type":"ListItem","position":3,"name":"AKKER FASI SOAP 150G"}]},{"@type":"WebSite","@id":"https:\/\/cooperativetoudarte.com\/fr\/#website","url":"https:\/\/cooperativetoudarte.com\/fr\/","name":"Coop\u00e9rative Toudarte","description":"High Quality Bio Products","publisher":{"@id":"https:\/\/cooperativetoudarte.com\/fr\/#organization"},"alternateName":"Cooperative Toudarte","potentialAction":[{"@type":"SearchAction","target":{"@type":"EntryPoint","urlTemplate":"https:\/\/cooperativetoudarte.com\/fr\/?s={search_term_string}"},"query-input":{"@type":"PropertyValueSpecification","valueRequired":true,"valueName":"search_term_string"}}],"inLanguage":"fr-FR"},{"@type":["Organization","Place"],"@id":"https:\/\/cooperativetoudarte.com\/fr\/#organization","name":"Coop\u00e9rative Toudarte","alternateName":"Cooperative Toudarte","url":"https:\/\/cooperativetoudarte.com\/fr\/","logo":{"@id":"https:\/\/cooperativetoudarte.com\/product\/akker-fasi-soap-150g\/#local-main-organization-logo"},"image":{"@id":"https:\/\/cooperativetoudarte.com\/product\/akker-fasi-soap-150g\/#local-main-organization-logo"},"sameAs":["https:\/\/www.facebook.com\/cooperative.toudarte\/","https:\/\/x.com\/cooprativetouda","https:\/\/www.instagram.com\/cooperativetoudarte","https:\/\/www.youtube.com\/c\/COOPERATIVETOUDARTE"],"openingHoursSpecification":[{"@type":"OpeningHoursSpecification","dayOfWeek":["Monday","Tuesday","Wednesday","Thursday","Friday","Saturday","Sunday"],"opens":"09:00","closes":"17:00"}]},{"@type":"ImageObject","inLanguage":"fr-FR","@id":"https:\/\/cooperativetoudarte.com\/product\/akker-fasi-soap-150g\/#local-main-organization-logo","url":"https:\/\/cooperativetoudarte.com\/wp-content\/uploads\/2023\/11\/PngLogo-1.png","contentUrl":"https:\/\/cooperativetoudarte.com\/wp-content\/uploads\/2023\/11\/PngLogo-1.png","width":512,"height":512,"caption":"Toudarte Cooperative"}]},"product_price_amount":"40.00","product_price_currency":"MAD","og_availability":"instock","product_availability":"instock","product_condition":"new"},"jetpack_sharing_enabled":true,"_links":{"self":[{"href":"https:\/\/cooperativetoudarte.com\/fr\/wp-json\/wp\/v2\/product\/1049","targetHints":{"allow":["GET"]}}],"collection":[{"href":"https:\/\/cooperativetoudarte.com\/fr\/wp-json\/wp\/v2\/product"}],"about":[{"href":"https:\/\/cooperativetoudarte.com\/fr\/wp-json\/wp\/v2\/types\/product"}],"replies":[{"embeddable":true,"href":"https:\/\/cooperativetoudarte.com\/fr\/wp-json\/wp\/v2\/comments?post=1049"}],"wp:featuredmedia":[{"embeddable":true,"href":"https:\/\/cooperativetoudarte.com\/fr\/wp-json\/wp\/v2\/media\/1050"}],"wp:attachment":[{"href":"https:\/\/cooperativetoudarte.com\/fr\/wp-json\/wp\/v2\/media?parent=1049"}],"wp:term":[{"taxonomy":"product_brand","embeddable":true,"href":"https:\/\/cooperativetoudarte.com\/fr\/wp-json\/wp\/v2\/product_brand?post=1049"},{"taxonomy":"product_cat","embeddable":true,"href":"https:\/\/cooperativetoudarte.com\/fr\/wp-json\/wp\/v2\/product_cat?post=1049"},{"taxonomy":"product_tag","embeddable":true,"href":"https:\/\/cooperativetoudarte.com\/fr\/wp-json\/wp\/v2\/product_tag?post=1049"}],"curies":[{"name":"wp","href":"https:\/\/api.w.org\/{rel}","templated":true}]}}