{"id":76,"date":"2023-10-26T20:40:58","date_gmt":"2023-10-26T20:40:58","guid":{"rendered":"https:\/\/cooperativetoudarte.com\/?page_id=76"},"modified":"2025-04-19T22:30:51","modified_gmt":"2025-04-19T22:30:51","slug":"about-us","status":"publish","type":"page","link":"https:\/\/cooperativetoudarte.com\/fr\/about-us\/","title":{"rendered":"\u00c0 propos"},"content":{"rendered":"<div id=\"page-header-941940175\" class=\"page-header-wrapper\">\n  <div class=\"page-title dark featured-title\">\n\n    \n    <div class=\"page-title-inner container align-center flex-row medium-flex-wrap\" >\n              <div class=\"title-wrapper flex-col text-left medium-text-center\">\n          <h1 class=\"entry-title mb-0\">\n            \u00c0 propos          <\/h1>\n        <\/div>\n                    <div class=\"title-content flex-col flex-right text-right medium-text-center\">\n              <\/div>\n    <\/div>\n\n       <\/div>\n    <\/div>\n  \n\n\t<section class=\"section\" id=\"section_134861347\">\n\t\t<div class=\"bg section-bg fill bg-fill bg-loaded bg-loaded\" >\n\n\t\t\t\n\t\t\t\n\t\t\t\n\t<div class=\"is-border\"\n\t\tstyle=\"border-color:rgb(235, 235, 235);border-width:1px 0px 0px 0px;\">\n\t<\/div>\n\n\t\t<\/div>\n\n\t\t\n\n\t\t<div class=\"section-content relative\">\n\t\t\t\n\n<div class=\"container section-title-container\" ><h2 class=\"section-title section-title-bold-center\"><b><\/b><span class=\"section-title-main\" ><i class=\"icon-expand\" ><\/i>Projet Toudarte<\/span><b><\/b><\/h2><\/div>\n\n<div class=\"row row-large align-middle align-center\"  id=\"row-856474542\">\n\n\n\t<div id=\"col-55991242\" class=\"col medium-6 small-12 large-6\"  >\n\t\t\t\t<div class=\"col-inner text-center\"  >\n\t\t\t\n\t\t\t\n\n\t<div id=\"text-2338778867\" class=\"text\">\n\t\t\n\n<p>La Coop\u00e9rative Agricole F\u00e9minine Toudarte, qui a sign\u00e9 \u00ab vie \u00bb en amazigh, est devenue fan en 2004. Elle est sp\u00e9cialis\u00e9e dans la production d'huile d'argan de haute qualit\u00e9 \u00e0 usage cosm\u00e9tique et culinaire. Elle est situ\u00e9e au centre arganier dans la r\u00e9gion d'Imsouane, \u00e0 85 km d'Agadir et \u00e0 85 km d'Essaouira. L'objectif global de la coop\u00e9rative est d'\u00eatre au plus pr\u00e8s de la situation socio-\u00e9conomique des femmes rurales de la commune d'Imsouane et de son implication dans le d\u00e9veloppement durable.<\/p>\n<p>La coop\u00e9rative Toudarte accueille aujourd\u2019hui une centaine de femmes qui trouvent une source de revenus au-del\u00e0 des salaires de base du Maroc et souhaite s\u2019assurer que la meilleure qualit\u00e9 soit garantie. Une attention particuli\u00e8re est accord\u00e9e \u00e0 la r\u00e9colte et \u00e0 la s\u00e9lection des grains d\u2019argan \u00e9galement appel\u00e9s \u00ab\u00a0znine\u00a0\u00bb.<\/p>\n\n\t\t\n<style>\n#text-2338778867 {\n  text-align: left;\n}\n<\/style>\n\t<\/div>\n\t\n\n\t\t<\/div>\n\t\t\t\t\t<\/div>\n\n\t\n\n\t<div id=\"col-250974306\" class=\"col medium-6 small-12 large-6\"  >\n\t\t\t\t<div class=\"col-inner box-shadow-2 box-shadow-5-hover\" style=\"background-color:rgb(255, 255, 255);\" >\n\t\t\t\n\t\t\t\n\n\t<div class=\"img has-hover x md-x lg-x y md-y lg-y\" id=\"image_1643747137\">\n\t\t\t\t\t\t\t\t<div class=\"img-inner dark\" >\n\t\t\t<img decoding=\"async\" width=\"1020\" height=\"574\" src=\"https:\/\/cooperativetoudarte.com\/wp-content\/uploads\/2023\/10\/DSC_0573-1024x576.jpg\" class=\"attachment-large size-large\" alt=\"\" srcset=\"https:\/\/cooperativetoudarte.com\/wp-content\/uploads\/2023\/10\/DSC_0573-1024x576.jpg 1024w, https:\/\/cooperativetoudarte.com\/wp-content\/uploads\/2023\/10\/DSC_0573-300x169.jpg 300w, https:\/\/cooperativetoudarte.com\/wp-content\/uploads\/2023\/10\/DSC_0573-768x432.jpg 768w, https:\/\/cooperativetoudarte.com\/wp-content\/uploads\/2023\/10\/DSC_0573-1536x864.jpg 1536w, https:\/\/cooperativetoudarte.com\/wp-content\/uploads\/2023\/10\/DSC_0573-2048x1152.jpg 2048w, https:\/\/cooperativetoudarte.com\/wp-content\/uploads\/2023\/10\/DSC_0573-600x338.jpg 600w\" sizes=\"(max-width: 1020px) 100vw, 1020px\" \/>\t\t\t\t\t\t\n\t\t\t\t\t<\/div>\n\t\t\t\t\t\t\t\t\n<style>\n#image_1643747137 {\n  width: 100%;\n}\n<\/style>\n\t<\/div>\n\t\n\n\n\t\t<\/div>\n\t\t\t\t\n<style>\n#col-250974306 > .col-inner {\n  padding: 15px 15px 15px 15px;\n}\n<\/style>\n\t<\/div>\n\n\t\n\n<\/div>\n<div class=\"row row-large align-middle align-center\"  id=\"row-2062367436\">\n\n\n\t<div id=\"col-1590887072\" class=\"col medium-6 small-12 large-6\"  >\n\t\t\t\t<div class=\"col-inner box-shadow-2 box-shadow-5-hover\" style=\"background-color:rgb(255, 255, 255);\" >\n\t\t\t\n\t\t\t\n\n\t<div class=\"img has-hover x md-x lg-x y md-y lg-y\" id=\"image_1270650847\">\n\t\t\t\t\t\t\t\t<div class=\"img-inner dark\" >\n\t\t\t<img decoding=\"async\" width=\"935\" height=\"622\" src=\"https:\/\/cooperativetoudarte.com\/wp-content\/uploads\/2023\/10\/7.jpg\" class=\"attachment-large size-large\" alt=\"\" srcset=\"https:\/\/cooperativetoudarte.com\/wp-content\/uploads\/2023\/10\/7.jpg 935w, https:\/\/cooperativetoudarte.com\/wp-content\/uploads\/2023\/10\/7-300x200.jpg 300w, https:\/\/cooperativetoudarte.com\/wp-content\/uploads\/2023\/10\/7-768x511.jpg 768w, https:\/\/cooperativetoudarte.com\/wp-content\/uploads\/2023\/10\/7-600x399.jpg 600w\" sizes=\"(max-width: 935px) 100vw, 935px\" \/>\t\t\t\t\t\t\n\t\t\t\t\t<\/div>\n\t\t\t\t\t\t\t\t\n<style>\n#image_1270650847 {\n  width: 100%;\n}\n<\/style>\n\t<\/div>\n\t\n\n\n\t\t<\/div>\n\t\t\t\t\n<style>\n#col-1590887072 > .col-inner {\n  padding: 15px 15px 15px 15px;\n}\n<\/style>\n\t<\/div>\n\n\t\n\n\t<div id=\"col-1589191927\" class=\"col medium-6 small-12 large-6\"  >\n\t\t\t\t<div class=\"col-inner text-center\"  >\n\t\t\t\n\t\t\t\n\n\t<div id=\"text-2735881513\" class=\"text\">\n\t\t\n\n<p>En utilisant de l\u2019huile d\u2019argan, vous ne b\u00e9n\u00e9ficiez pas seulement vous-m\u00eame. Vous contribuez \u00e9galement \u00e0 am\u00e9liorer le statut social des femmes amazighes, \u00e0 les aider \u00e0 prendre soin de leur famille et \u00e0 les encourager \u00e0 travailler \u00e0 l\u2019\u00e9ducation de leurs enfants.<\/p>\n<p>L\u2019huile d\u2019argan biologique que nous proposons assure une haute qualit\u00e9 aux consommateurs, dans la plus pure tradition amazighe, dans le respect des femmes et des conditions de travail.<\/p>\n\n\t\t\n<style>\n#text-2735881513 {\n  text-align: left;\n}\n<\/style>\n\t<\/div>\n\t\n\n\t\t<\/div>\n\t\t\t\t\t<\/div>\n\n\t\n\n<\/div>\n<div class=\"row row-large align-middle align-center\"  id=\"row-539920774\">\n\n\n\t<div id=\"col-895193855\" class=\"col medium-6 small-12 large-6\"  >\n\t\t\t\t<div class=\"col-inner text-center\"  >\n\t\t\t\n\t\t\t\n\n\t<div id=\"text-1740283372\" class=\"text\">\n\t\t\n\n<p>La coop\u00e9rative Toudarte est membre du groupe Targanine, auquel participent six soci\u00e9t\u00e9s. L\u2019huile d\u2019argan produite par Cooperative Toudarte est utilis\u00e9e par plusieurs marques de cosm\u00e9tiques qui adoptent le commerce \u00e9quitable, dont BASF et L\u2019Or\u00e9al, partenaire officiel du groupe Targanine.<\/p>\n\t\t\n<style>\n#text-1740283372 {\n  text-align: left;\n}\n<\/style>\n\t<\/div>\n\t\n\n\t\t<\/div>\n\t\t\t\t\t<\/div>\n\n\t\n\n\t<div id=\"col-761594055\" class=\"col medium-6 small-12 large-6\"  >\n\t\t\t\t<div class=\"col-inner box-shadow-2 box-shadow-5-hover\" style=\"background-color:rgb(255, 255, 255);\" >\n\t\t\t\n\t\t\t\n\n\t<div class=\"img has-hover x md-x lg-x y md-y lg-y\" id=\"image_1986370080\">\n\t\t\t\t\t\t\t\t<div class=\"img-inner dark\" >\n\t\t\t<img decoding=\"async\" width=\"931\" height=\"620\" src=\"https:\/\/cooperativetoudarte.com\/wp-content\/uploads\/2023\/10\/4.jpg\" class=\"attachment-large size-large\" alt=\"\" srcset=\"https:\/\/cooperativetoudarte.com\/wp-content\/uploads\/2023\/10\/4.jpg 931w, https:\/\/cooperativetoudarte.com\/wp-content\/uploads\/2023\/10\/4-300x200.jpg 300w, https:\/\/cooperativetoudarte.com\/wp-content\/uploads\/2023\/10\/4-768x511.jpg 768w, https:\/\/cooperativetoudarte.com\/wp-content\/uploads\/2023\/10\/4-600x400.jpg 600w\" sizes=\"(max-width: 931px) 100vw, 931px\" \/>\t\t\t\t\t\t\n\t\t\t\t\t<\/div>\n\t\t\t\t\t\t\t\t\n<style>\n#image_1986370080 {\n  width: 100%;\n}\n<\/style>\n\t<\/div>\n\t\n\n\n\t\t<\/div>\n\t\t\t\t\n<style>\n#col-761594055 > .col-inner {\n  padding: 15px 15px 15px 15px;\n}\n<\/style>\n\t<\/div>\n\n\t\n\n<\/div>\n\n\t\t<\/div>\n\n\t\t\n<style>\n#section_134861347 {\n  padding-top: 59px;\n  padding-bottom: 59px;\n  min-height: 300px;\n  background-color: rgb(228, 228, 228);\n}\n<\/style>\n\t<\/section>\n\t\n\t<section class=\"section\" id=\"section_253381155\">\n\t\t<div class=\"bg section-bg fill bg-fill bg-loaded bg-loaded\" >\n\n\t\t\t\n\t\t\t\n\t\t\t\n\t<div class=\"is-border\"\n\t\tstyle=\"border-color:rgb(235, 235, 235);border-width:1px 0px 0px 0px;\">\n\t<\/div>\n\n\t\t<\/div>\n\n\t\t\n\n\t\t<div class=\"section-content relative\">\n\t\t\t\n\n<div class=\"container section-title-container\" ><h2 class=\"section-title section-title-bold-center\"><b><\/b><span class=\"section-title-main\" ><i class=\"icon-plus\" ><\/i>r\u00e9union centrale<\/span><b><\/b><\/h2><\/div>\n\n<div class=\"row row-large align-middle align-center\"  id=\"row-1785926780\">\n\n\n\t<div id=\"col-271527852\" class=\"col medium-6 small-12 large-6\"  >\n\t\t\t\t<div class=\"col-inner text-center\"  >\n\t\t\t\n\t\t\t\n\n\t<div id=\"text-3230856103\" class=\"text\">\n\t\t\n\n<div class=\"col-xs-12 col-sm-6\">\n<div class=\"cms-box\">\n<p>La coop\u00e9rative Toudarte est tr\u00e8s importante pour le douar Akhsmou (petit village) et les douars voisins. La production d\u2019huile d\u2019argan apporte de nouvelles activit\u00e9s \u00e9conomiques dans cette r\u00e9gion o\u00f9 les emplois sont rares. La coop\u00e9rative est devenue le point de rencontre central d\u2019un millier de personnes dans 10 \u00e0 15 douars de la r\u00e9gion d\u2019Imsouane. la coop\u00e9rative dispose d\u2019une aire de jeux pour enfants, d\u2019une cr\u00e8che, d\u2019un petit magasin et d\u2019une mosqu\u00e9e pour femmes. Les paysans l\u2019utilisent comme un march\u00e9 et de grandes c\u00e9l\u00e9brations communautaires telles que des mariages ou des vacances du Ramadan ont lieu dans cet endroit. La coop\u00e9rative organise des visites guid\u00e9es et des ateliers pour les touristes s\u00e9journant \u00e0 Imsouane ou voyageant d\u2019Agadir \u00e0 Essaouira. La coop\u00e9rative Toudarte pr\u00e9voit de construire une \u00ab\u00a0auberge\u00a0\u00bb pour que les visiteurs puissent passer la nuit dans la for\u00eat de l\u2019arganier.<\/p>\n<\/div>\n<\/div>\n<div class=\"col-xs-12 col-sm-6\">\u00a0<\/div>\n\t\t\n<style>\n#text-3230856103 {\n  text-align: left;\n}\n<\/style>\n\t<\/div>\n\t\n\n\t\t<\/div>\n\t\t\t\t\t<\/div>\n\n\t\n\n\t<div id=\"col-1817070567\" class=\"col medium-6 small-12 large-6\"  >\n\t\t\t\t<div class=\"col-inner box-shadow-2 box-shadow-5-hover\" style=\"background-color:rgb(255, 255, 255);\" >\n\t\t\t\n\t\t\t\n\n\t<div class=\"img has-hover x md-x lg-x y md-y lg-y\" id=\"image_468060082\">\n\t\t\t\t\t\t\t\t<div class=\"img-inner dark\" >\n\t\t\t<img decoding=\"async\" width=\"570\" height=\"295\" src=\"https:\/\/cooperativetoudarte.com\/wp-content\/uploads\/2023\/10\/meeting_center1.jpg\" class=\"attachment-large size-large\" alt=\"\" srcset=\"https:\/\/cooperativetoudarte.com\/wp-content\/uploads\/2023\/10\/meeting_center1.jpg 570w, https:\/\/cooperativetoudarte.com\/wp-content\/uploads\/2023\/10\/meeting_center1-300x155.jpg 300w\" sizes=\"(max-width: 570px) 100vw, 570px\" \/>\t\t\t\t\t\t\n\t\t\t\t\t<\/div>\n\t\t\t\t\t\t\t\t\n<style>\n#image_468060082 {\n  width: 100%;\n}\n<\/style>\n\t<\/div>\n\t\n\n\n\t\t<\/div>\n\t\t\t\t\n<style>\n#col-1817070567 > .col-inner {\n  padding: 15px 15px 15px 15px;\n}\n<\/style>\n\t<\/div>\n\n\t\n\n<\/div>\n<div class=\"row row-large align-middle align-center\"  id=\"row-1854982801\">\n\n\n\t<div id=\"col-1245125938\" class=\"col medium-6 small-12 large-6\"  >\n\t\t\t\t<div class=\"col-inner box-shadow-2 box-shadow-5-hover\" style=\"background-color:rgb(255, 255, 255);\" >\n\t\t\t\n\t\t\t\n\n\t<div class=\"img has-hover x md-x lg-x y md-y lg-y\" id=\"image_810807442\">\n\t\t\t\t\t\t\t\t<div class=\"img-inner dark\" >\n\t\t\t<img decoding=\"async\" width=\"570\" height=\"295\" src=\"https:\/\/cooperativetoudarte.com\/wp-content\/uploads\/2023\/10\/meeting_center2.jpg\" class=\"attachment-large size-large\" alt=\"\" srcset=\"https:\/\/cooperativetoudarte.com\/wp-content\/uploads\/2023\/10\/meeting_center2.jpg 570w, https:\/\/cooperativetoudarte.com\/wp-content\/uploads\/2023\/10\/meeting_center2-300x155.jpg 300w\" sizes=\"(max-width: 570px) 100vw, 570px\" \/>\t\t\t\t\t\t\n\t\t\t\t\t<\/div>\n\t\t\t\t\t\t\t\t\n<style>\n#image_810807442 {\n  width: 100%;\n}\n<\/style>\n\t<\/div>\n\t\n\n\n\t\t<\/div>\n\t\t\t\t\n<style>\n#col-1245125938 > .col-inner {\n  padding: 15px 15px 15px 15px;\n}\n<\/style>\n\t<\/div>\n\n\t\n\n\t<div id=\"col-901935475\" class=\"col medium-6 small-12 large-6\"  >\n\t\t\t\t<div class=\"col-inner box-shadow-2 box-shadow-5-hover\" style=\"background-color:rgb(255, 255, 255);\" >\n\t\t\t\n\t\t\t\n\n\t<div class=\"img has-hover x md-x lg-x y md-y lg-y\" id=\"image_1965660627\">\n\t\t\t\t\t\t\t\t<div class=\"img-inner dark\" >\n\t\t\t<img decoding=\"async\" width=\"570\" height=\"295\" src=\"https:\/\/cooperativetoudarte.com\/wp-content\/uploads\/2023\/10\/meenting_center3.jpg\" class=\"attachment-large size-large\" alt=\"\" srcset=\"https:\/\/cooperativetoudarte.com\/wp-content\/uploads\/2023\/10\/meenting_center3.jpg 570w, https:\/\/cooperativetoudarte.com\/wp-content\/uploads\/2023\/10\/meenting_center3-300x155.jpg 300w\" sizes=\"(max-width: 570px) 100vw, 570px\" \/>\t\t\t\t\t\t\n\t\t\t\t\t<\/div>\n\t\t\t\t\t\t\t\t\n<style>\n#image_1965660627 {\n  width: 100%;\n}\n<\/style>\n\t<\/div>\n\t\n\n\n\t\t<\/div>\n\t\t\t\t\n<style>\n#col-901935475 > .col-inner {\n  padding: 15px 15px 15px 15px;\n}\n<\/style>\n\t<\/div>\n\n\t\n\n<\/div>\n<div class=\"container section-title-container\" ><h3 class=\"section-title section-title-center\"><b><\/b><span class=\"section-title-main\" ><i class=\"icon-youtube\" ><\/i>Les principaux secrets de l\u2019huile d\u2019argan<\/span><b><\/b><\/h3><\/div>\n\n<div class=\"row row-collapse align-middle align-center row-dashed\"  id=\"row-1669286742\">\n\n\n\t<div id=\"col-1823193274\" class=\"col medium-10 small-12 large-10\"  >\n\t\t\t\t<div class=\"col-inner\"  >\n\t\t\t\n\t\t\t\n\n<div class=\"video video-fit mb\" style=\"padding-top:0px;\"><iframe title=\"\u0623\u0633\u0631\u0627\u0631 \u0635\u0646\u0627\u0639\u0629 \u0632\u064a\u062a \u0627\u0644\u0623\u0631\u0643\u0627\u0646 The main secrets laying behind the Argan Oil\" width=\"1020\" height=\"574\" src=\"https:\/\/www.youtube.com\/embed\/qZM3KLT3eU8?feature=oembed\" frameborder=\"0\" allow=\"accelerometer; autoplay; clipboard-write; encrypted-media; gyroscope; picture-in-picture; web-share\" allowfullscreen><\/iframe><\/div>\n\n\n\t\t<\/div>\n\t\t\t\t\n<style>\n#col-1823193274 > .col-inner {\n  padding: 0px 0px 50% 0px;\n}\n<\/style>\n\t<\/div>\n\n\t\n\n\n<style>\n#row-1669286742 > .col > .col-inner {\n  padding: 0px 0px 0px 0px;\n}\n<\/style>\n<\/div>\n\n\t\t<\/div>\n\n\t\t\n<style>\n#section_253381155 {\n  padding-top: 59px;\n  padding-bottom: 59px;\n  min-height: 300px;\n  background-color: rgb(228, 228, 228);\n}\n<\/style>\n\t<\/section>","protected":false},"excerpt":{"rendered":"","protected":false},"author":1,"featured_media":0,"parent":0,"menu_order":0,"comment_status":"closed","ping_status":"closed","template":"page-blank.php","meta":{"inline_featured_image":false,"footnotes":""},"class_list":["post-76","page","type-page","status-publish","hentry"],"yoast_head":"<!-- This site is optimized with the Yoast SEO Premium plugin v21.5 (Yoast SEO v27.3) - https:\/\/yoast.com\/product\/yoast-seo-premium-wordpress\/ -->\n<title>About Us - Toudarte<\/title>\n<meta name=\"robots\" content=\"index, follow, max-snippet:-1, max-image-preview:large, max-video-preview:-1\" \/>\n<link rel=\"canonical\" href=\"https:\/\/cooperativetoudarte.com\/fr\/about-us\/\" \/>\n<meta property=\"og:locale\" content=\"fr_FR\" \/>\n<meta property=\"og:type\" content=\"article\" \/>\n<meta property=\"og:title\" content=\"About Us\" \/>\n<meta property=\"og:url\" content=\"https:\/\/cooperativetoudarte.com\/fr\/about-us\/\" \/>\n<meta property=\"og:site_name\" content=\"Toudarte\" \/>\n<meta property=\"article:publisher\" content=\"https:\/\/www.facebook.com\/cooperative.toudarte\/\" \/>\n<meta property=\"article:modified_time\" content=\"2025-04-19T22:30:51+00:00\" \/>\n<meta property=\"og:image\" content=\"https:\/\/cooperativetoudarte.com\/wp-content\/uploads\/2023\/11\/banner.png\" \/>\n\t<meta property=\"og:image:width\" content=\"1200\" \/>\n\t<meta property=\"og:image:height\" content=\"675\" \/>\n\t<meta property=\"og:image:type\" content=\"image\/png\" \/>\n<meta name=\"twitter:card\" content=\"summary_large_image\" \/>\n<meta name=\"twitter:site\" content=\"@cooprativetouda\" \/>\n<meta name=\"twitter:label1\" content=\"Dur\u00e9e de lecture estim\u00e9e\" \/>\n\t<meta name=\"twitter:data1\" content=\"4 minutes\" \/>\n<script type=\"application\/ld+json\" class=\"yoast-schema-graph\">{\"@context\":\"https:\\\/\\\/schema.org\",\"@graph\":[{\"@type\":\"WebPage\",\"@id\":\"https:\\\/\\\/cooperativetoudarte.com\\\/about-us\\\/\",\"url\":\"https:\\\/\\\/cooperativetoudarte.com\\\/about-us\\\/\",\"name\":\"About Us - Toudarte\",\"isPartOf\":{\"@id\":\"https:\\\/\\\/cooperativetoudarte.com\\\/fr\\\/#website\"},\"datePublished\":\"2023-10-26T20:40:58+00:00\",\"dateModified\":\"2025-04-19T22:30:51+00:00\",\"breadcrumb\":{\"@id\":\"https:\\\/\\\/cooperativetoudarte.com\\\/about-us\\\/#breadcrumb\"},\"inLanguage\":\"fr-FR\",\"potentialAction\":[{\"@type\":\"ReadAction\",\"target\":[\"https:\\\/\\\/cooperativetoudarte.com\\\/about-us\\\/\"]}]},{\"@type\":\"BreadcrumbList\",\"@id\":\"https:\\\/\\\/cooperativetoudarte.com\\\/about-us\\\/#breadcrumb\",\"itemListElement\":[{\"@type\":\"ListItem\",\"position\":1,\"name\":\"Home\",\"item\":\"https:\\\/\\\/cooperativetoudarte.com\\\/\"},{\"@type\":\"ListItem\",\"position\":2,\"name\":\"About Us\"}]},{\"@type\":\"WebSite\",\"@id\":\"https:\\\/\\\/cooperativetoudarte.com\\\/fr\\\/#website\",\"url\":\"https:\\\/\\\/cooperativetoudarte.com\\\/fr\\\/\",\"name\":\"Toudarte Cooperative\",\"description\":\"High Quality Bio Products\",\"publisher\":{\"@id\":\"https:\\\/\\\/cooperativetoudarte.com\\\/fr\\\/#organization\"},\"alternateName\":\"Cooperative Toudarte\",\"potentialAction\":[{\"@type\":\"SearchAction\",\"target\":{\"@type\":\"EntryPoint\",\"urlTemplate\":\"https:\\\/\\\/cooperativetoudarte.com\\\/fr\\\/?s={search_term_string}\"},\"query-input\":{\"@type\":\"PropertyValueSpecification\",\"valueRequired\":true,\"valueName\":\"search_term_string\"}}],\"inLanguage\":\"fr-FR\"},{\"@type\":[\"Organization\",\"Place\"],\"@id\":\"https:\\\/\\\/cooperativetoudarte.com\\\/fr\\\/#organization\",\"name\":\"Toudarte Cooperative\",\"alternateName\":\"Cooperative Toudarte\",\"url\":\"https:\\\/\\\/cooperativetoudarte.com\\\/fr\\\/\",\"logo\":{\"@id\":\"https:\\\/\\\/cooperativetoudarte.com\\\/about-us\\\/#local-main-organization-logo\"},\"image\":{\"@id\":\"https:\\\/\\\/cooperativetoudarte.com\\\/about-us\\\/#local-main-organization-logo\"},\"sameAs\":[\"https:\\\/\\\/www.facebook.com\\\/cooperative.toudarte\\\/\",\"https:\\\/\\\/x.com\\\/cooprativetouda\",\"https:\\\/\\\/www.instagram.com\\\/cooperativetoudarte\",\"https:\\\/\\\/www.youtube.com\\\/c\\\/COOPERATIVETOUDARTE\"],\"openingHoursSpecification\":[{\"@type\":\"OpeningHoursSpecification\",\"dayOfWeek\":[\"Monday\",\"Tuesday\",\"Wednesday\",\"Thursday\",\"Friday\",\"Saturday\",\"Sunday\"],\"opens\":\"09:00\",\"closes\":\"17:00\"}]},{\"@type\":\"ImageObject\",\"inLanguage\":\"fr-FR\",\"@id\":\"https:\\\/\\\/cooperativetoudarte.com\\\/about-us\\\/#local-main-organization-logo\",\"url\":\"https:\\\/\\\/cooperativetoudarte.com\\\/wp-content\\\/uploads\\\/2023\\\/11\\\/PngLogo-1.png\",\"contentUrl\":\"https:\\\/\\\/cooperativetoudarte.com\\\/wp-content\\\/uploads\\\/2023\\\/11\\\/PngLogo-1.png\",\"width\":512,\"height\":512,\"caption\":\"Toudarte Cooperative\"}]}<\/script>\n<!-- \/ Yoast SEO Premium plugin. -->","yoast_head_json":{"title":"About Us - Toudarte","robots":{"index":"index","follow":"follow","max-snippet":"max-snippet:-1","max-image-preview":"max-image-preview:large","max-video-preview":"max-video-preview:-1"},"canonical":"https:\/\/cooperativetoudarte.com\/fr\/about-us\/","og_locale":"fr_FR","og_type":"article","og_title":"About Us","og_url":"https:\/\/cooperativetoudarte.com\/fr\/about-us\/","og_site_name":"Toudarte","article_publisher":"https:\/\/www.facebook.com\/cooperative.toudarte\/","article_modified_time":"2025-04-19T22:30:51+00:00","og_image":[{"width":1200,"height":675,"url":"https:\/\/cooperativetoudarte.com\/wp-content\/uploads\/2023\/11\/banner.png","type":"image\/png"}],"twitter_card":"summary_large_image","twitter_site":"@cooprativetouda","twitter_misc":{"Dur\u00e9e de lecture estim\u00e9e":"4 minutes"},"schema":{"@context":"https:\/\/schema.org","@graph":[{"@type":"WebPage","@id":"https:\/\/cooperativetoudarte.com\/about-us\/","url":"https:\/\/cooperativetoudarte.com\/about-us\/","name":"About Us - Toudarte","isPartOf":{"@id":"https:\/\/cooperativetoudarte.com\/fr\/#website"},"datePublished":"2023-10-26T20:40:58+00:00","dateModified":"2025-04-19T22:30:51+00:00","breadcrumb":{"@id":"https:\/\/cooperativetoudarte.com\/about-us\/#breadcrumb"},"inLanguage":"fr-FR","potentialAction":[{"@type":"ReadAction","target":["https:\/\/cooperativetoudarte.com\/about-us\/"]}]},{"@type":"BreadcrumbList","@id":"https:\/\/cooperativetoudarte.com\/about-us\/#breadcrumb","itemListElement":[{"@type":"ListItem","position":1,"name":"Home","item":"https:\/\/cooperativetoudarte.com\/"},{"@type":"ListItem","position":2,"name":"About Us"}]},{"@type":"WebSite","@id":"https:\/\/cooperativetoudarte.com\/fr\/#website","url":"https:\/\/cooperativetoudarte.com\/fr\/","name":"Coop\u00e9rative Toudarte","description":"High Quality Bio Products","publisher":{"@id":"https:\/\/cooperativetoudarte.com\/fr\/#organization"},"alternateName":"Cooperative Toudarte","potentialAction":[{"@type":"SearchAction","target":{"@type":"EntryPoint","urlTemplate":"https:\/\/cooperativetoudarte.com\/fr\/?s={search_term_string}"},"query-input":{"@type":"PropertyValueSpecification","valueRequired":true,"valueName":"search_term_string"}}],"inLanguage":"fr-FR"},{"@type":["Organization","Place"],"@id":"https:\/\/cooperativetoudarte.com\/fr\/#organization","name":"Coop\u00e9rative Toudarte","alternateName":"Cooperative Toudarte","url":"https:\/\/cooperativetoudarte.com\/fr\/","logo":{"@id":"https:\/\/cooperativetoudarte.com\/about-us\/#local-main-organization-logo"},"image":{"@id":"https:\/\/cooperativetoudarte.com\/about-us\/#local-main-organization-logo"},"sameAs":["https:\/\/www.facebook.com\/cooperative.toudarte\/","https:\/\/x.com\/cooprativetouda","https:\/\/www.instagram.com\/cooperativetoudarte","https:\/\/www.youtube.com\/c\/COOPERATIVETOUDARTE"],"openingHoursSpecification":[{"@type":"OpeningHoursSpecification","dayOfWeek":["Monday","Tuesday","Wednesday","Thursday","Friday","Saturday","Sunday"],"opens":"09:00","closes":"17:00"}]},{"@type":"ImageObject","inLanguage":"fr-FR","@id":"https:\/\/cooperativetoudarte.com\/about-us\/#local-main-organization-logo","url":"https:\/\/cooperativetoudarte.com\/wp-content\/uploads\/2023\/11\/PngLogo-1.png","contentUrl":"https:\/\/cooperativetoudarte.com\/wp-content\/uploads\/2023\/11\/PngLogo-1.png","width":512,"height":512,"caption":"Toudarte Cooperative"}]}},"jetpack_sharing_enabled":true,"_links":{"self":[{"href":"https:\/\/cooperativetoudarte.com\/fr\/wp-json\/wp\/v2\/pages\/76","targetHints":{"allow":["GET"]}}],"collection":[{"href":"https:\/\/cooperativetoudarte.com\/fr\/wp-json\/wp\/v2\/pages"}],"about":[{"href":"https:\/\/cooperativetoudarte.com\/fr\/wp-json\/wp\/v2\/types\/page"}],"author":[{"embeddable":true,"href":"https:\/\/cooperativetoudarte.com\/fr\/wp-json\/wp\/v2\/users\/1"}],"replies":[{"embeddable":true,"href":"https:\/\/cooperativetoudarte.com\/fr\/wp-json\/wp\/v2\/comments?post=76"}],"version-history":[{"count":0,"href":"https:\/\/cooperativetoudarte.com\/fr\/wp-json\/wp\/v2\/pages\/76\/revisions"}],"wp:attachment":[{"href":"https:\/\/cooperativetoudarte.com\/fr\/wp-json\/wp\/v2\/media?parent=76"}],"curies":[{"name":"wp","href":"https:\/\/api.w.org\/{rel}","templated":true}]}}