{"id":591,"date":"2023-11-02T10:43:11","date_gmt":"2023-11-02T10:43:11","guid":{"rendered":"https:\/\/cooperativetoudarte.com\/?page_id=591"},"modified":"2025-04-07T20:43:01","modified_gmt":"2025-04-07T20:43:01","slug":"our-office","status":"publish","type":"page","link":"https:\/\/cooperativetoudarte.com\/fr\/our-office\/","title":{"rendered":"Nos bureaux"},"content":{"rendered":"<div id=\"page-header-88862467\" class=\"page-header-wrapper\">\n  <div class=\"page-title dark featured-title\">\n\n    \n    <div class=\"page-title-inner container align-center flex-row medium-flex-wrap\" >\n              <div class=\"title-wrapper flex-col text-left medium-text-center\">\n          <h1 class=\"entry-title mb-0\">\n            Nos bureaux          <\/h1>\n        <\/div>\n                    <div class=\"title-content flex-col flex-right text-right medium-text-center\">\n              <\/div>\n    <\/div>\n\n       <\/div>\n    <\/div>\n  \n\n\t<section class=\"section\" id=\"section_325764308\">\n\t\t<div class=\"bg section-bg fill bg-fill bg-loaded bg-loaded\" >\n\n\t\t\t\n\t\t\t\n\t\t\t\n\n\t\t<\/div>\n\n\t\t\n\n\t\t<div class=\"section-content relative\">\n\t\t\t\n\n<div class=\"row row-collapse align-middle\"  id=\"row-1983049852\">\n\n\n\t<div id=\"col-1539081148\" class=\"col small-12 large-12\"  >\n\t\t\t\t<div class=\"col-inner dark\"  >\n\t\t\t\n\t\t\t\n\n<div class=\"container section-title-container\" ><h3 class=\"section-title section-title-bold\"><b><\/b><span class=\"section-title-main\" style=\"color:rgb(88, 255, 23);\"><i class=\"icon-star\" ><\/i>Vous voulez d\u00e9marrer votre entreprise ?<\/span><b><\/b><\/h3><\/div>\n\n<p>si vous avez une marque cosm\u00e9tique et vous avez besoin d\u2019un fournisseur de haute qualit\u00e9 ou vous voulez d\u00e9marrer votre entreprise et cr\u00e9er votre propre marque, alors, vous \u00eates au bon endroit, nous vous aiderons \u00e0 cr\u00e9er votre propre marque \u00e0 partir de z\u00e9ro, donc tout ce que vous avez \u00e0 faire est d\u2019apporter des ventes, Et si vous ne savez pas comment, ou si vous n\u2019avez pas le temps de le faire, Nous le ferons aussi pour vous. <br \/>Alors qu\u2019est-ce que tu attends ? <span style=\"background-color: #00ff00; color: #000000;\"><strong><a style=\"background-color: #00ff00; color: #000000;\" href=\"https:\/\/web.whatsapp.com\/send?phone=212662419101\">contactez-nous maintenant<\/a><\/strong><\/span><\/p>\n\n\t\t<\/div>\n\t\t\t\t\t<\/div>\n\n\t\n\n\t<div id=\"col-154917760\" class=\"col medium-6 small-12 large-6\"  >\n\t\t\t\t<div class=\"col-inner text-center\"  >\n\t\t\t\n\t\t\t\n\n\t<div id=\"text-2341847568\" class=\"text\">\n\t\t\n\n<p>Vous pouvez consulter nos prix de gros en cliquant sur le fichier PDF.<\/p>\n\t\t\n<style>\n#text-2341847568 {\n  text-align: left;\n  color: rgb(255, 255, 255);\n}\n#text-2341847568 > * {\n  color: rgb(255, 255, 255);\n}\n<\/style>\n\t<\/div>\n\t\n\n\t\t<\/div>\n\t\t\t\t\t<\/div>\n\n\t\n\n\t<div id=\"col-633099204\" class=\"col medium-3 small-12 large-3\"  >\n\t\t\t\t<div class=\"col-inner text-left\"  >\n\t\t\t\n\t\t\t\n\n\t<div class=\"img has-hover x md-x lg-x y md-y lg-y\" id=\"image_852131771\">\n\t\t<a class=\"\" href=\"https:\/\/drive.google.com\/uc?id=1y9MiQAbPix_b2MRiDlrZBnzmThmtAEa-&export=download\" >\t\t\t\t\t\t<div class=\"img-inner image-glow image-glow box-shadow-3 box-shadow-3-hover dark\" >\n\t\t\t<img decoding=\"async\" width=\"1667\" height=\"2048\" src=\"https:\/\/cooperativetoudarte.com\/wp-content\/uploads\/2023\/11\/PDF_file_icon.svg.png\" class=\"attachment-2048x2048 size-2048x2048\" alt=\"\" srcset=\"https:\/\/cooperativetoudarte.com\/wp-content\/uploads\/2023\/11\/PDF_file_icon.svg.png 1667w, https:\/\/cooperativetoudarte.com\/wp-content\/uploads\/2023\/11\/PDF_file_icon.svg-244x300.png 244w, https:\/\/cooperativetoudarte.com\/wp-content\/uploads\/2023\/11\/PDF_file_icon.svg-834x1024.png 834w, https:\/\/cooperativetoudarte.com\/wp-content\/uploads\/2023\/11\/PDF_file_icon.svg-768x944.png 768w, https:\/\/cooperativetoudarte.com\/wp-content\/uploads\/2023\/11\/PDF_file_icon.svg-1250x1536.png 1250w, https:\/\/cooperativetoudarte.com\/wp-content\/uploads\/2023\/11\/PDF_file_icon.svg-10x12.png 10w, https:\/\/cooperativetoudarte.com\/wp-content\/uploads\/2023\/11\/PDF_file_icon.svg-600x737.png 600w\" sizes=\"(max-width: 1667px) 100vw, 1667px\" \/>\t\t\t\t\t\t\n\t\t\t\t\t<\/div>\n\t\t\t\t\t\t<\/a>\t\t\n<style>\n#image_852131771 {\n  width: 36%;\n}\n@media (min-width:550px) {\n  #image_852131771 {\n    width: 30%;\n  }\n}\n<\/style>\n\t<\/div>\n\t\n\n\n\t\t<\/div>\n\t\t\t\t\t<\/div>\n\n\t\n\n\n<style>\n#row-1983049852 > .col > .col-inner {\n  padding: 10px 10px 10px 10px;\n}\n<\/style>\n<\/div>\n\n\t\t<\/div>\n\n\t\t\n<style>\n#section_325764308 {\n  padding-top: 30px;\n  padding-bottom: 30px;\n  background-color: rgb(0, 0, 0);\n}\n<\/style>\n\t<\/section>\n\t\n\t<section class=\"section\" id=\"section_71523745\">\n\t\t<div class=\"bg section-bg fill bg-fill bg-loaded bg-loaded\" >\n\n\t\t\t\n\t\t\t\n\t\t\t\n\n\t\t<\/div>\n\n\t\t\n\n\t\t<div class=\"section-content relative\">\n\t\t\t\n\n<div class=\"row row-collapse align-middle\"  id=\"row-1866817396\">\n\n\n\t<div id=\"col-512360958\" class=\"col medium-9 small-12 large-9\"  >\n\t\t\t\t<div class=\"col-inner\"  >\n\t\t\t\n\t\t\t\n\n<p><span style=\"font-size: 110%;\">Si vous souhaitez recevoir plus d\u2019informations sur nos produits et services, n\u2019h\u00e9sitez pas \u00e0 nous rendre visite dans notre bureau,<\/span><\/p>\n<p><strong>Adresse\u00a0:<\/strong>\u00a0R\u00e9sidence Ibn Zohr Apt43 Imb 12\u00a0<span class=\"colorf\">Amal 2 Hay Salam \u2013Agadir<\/span><\/p>\n\n\t\t<\/div>\n\t\t\t\t\t<\/div>\n\n\t\n\n\t<div id=\"col-41368111\" class=\"col medium-3 small-12 large-3\"  >\n\t\t\t\t<div class=\"col-inner text-center\"  >\n\t\t\t\n\t\t\t\n\n\t<div class=\"img has-hover x md-x lg-x y md-y lg-y\" id=\"image_205001499\">\n\t\t\t\t\t\t\t\t<div class=\"img-inner dark\" >\n\t\t\t<img decoding=\"async\" width=\"512\" height=\"512\" src=\"https:\/\/cooperativetoudarte.com\/wp-content\/uploads\/2023\/11\/PngLogo.png\" class=\"attachment-large size-large\" alt=\"\" srcset=\"https:\/\/cooperativetoudarte.com\/wp-content\/uploads\/2023\/11\/PngLogo.png 512w, https:\/\/cooperativetoudarte.com\/wp-content\/uploads\/2023\/11\/PngLogo-300x300.png 300w, https:\/\/cooperativetoudarte.com\/wp-content\/uploads\/2023\/11\/PngLogo-150x150.png 150w, https:\/\/cooperativetoudarte.com\/wp-content\/uploads\/2023\/11\/PngLogo-100x100.png 100w, https:\/\/cooperativetoudarte.com\/wp-content\/uploads\/2023\/11\/PngLogo-50x50.png 50w\" sizes=\"(max-width: 512px) 100vw, 512px\" \/>\t\t\t\t\t\t\n\t\t\t\t\t<\/div>\n\t\t\t\t\t\t\t\t\n<style>\n#image_205001499 {\n  width: 50%;\n}\n<\/style>\n\t<\/div>\n\t\n\n\n\t\t<\/div>\n\t\t\t\t\t<\/div>\n\n\t\n\n\t<div id=\"col-1450699079\" class=\"col small-12 large-12\"  >\n\t\t\t\t<div class=\"col-inner text-center\"  >\n\t\t\t\n\t\t\t\n\n\n  \n    <div class=\"row office large-columns-1 medium-columns- small-columns- slider row-slider slider-nav-circle slider-nav-light\"  data-flickity-options='{\"imagesLoaded\": true, \"groupCells\": \"100%\", \"dragThreshold\" : 5, \"cellAlign\": \"left\",\"wrapAround\": true,\"prevNextButtons\": true,\"percentPosition\": true,\"pageDots\": true, \"rightToLeft\": false, \"autoPlay\" : 5000}' >\n\n  <div class=\"gallery-col col\" >\n          <div class=\"col-inner\">\n            <a class=\"image-lightbox lightbox-gallery\" href=\"https:\/\/cooperativetoudarte.com\/wp-content\/uploads\/2023\/11\/IMG_5454copy-scaled.jpg\" title=\"\">            <div class=\"box has-hover gallery-box box-overlay dark\">\n              <div class=\"box-image image-cover\" style=\"padding-top:60%;\">\n                <img decoding=\"async\" width=\"1020\" height=\"640\" src=\"https:\/\/cooperativetoudarte.com\/wp-content\/uploads\/2023\/11\/IMG_5454copy-1024x643.jpg\" class=\"office\" alt=\"\" ids=\"725\" lightbox_image_size=\"original\" type=\"slider\" columns=\"1\" slider_nav_style=\"circle\" slider_nav_color=\"light\" slider_bullets=\"true\" auto_slide=\"5000\" image_height=\"60%\" image_size=\"large\" srcset=\"https:\/\/cooperativetoudarte.com\/wp-content\/uploads\/2023\/11\/IMG_5454copy-1024x643.jpg 1024w, https:\/\/cooperativetoudarte.com\/wp-content\/uploads\/2023\/11\/IMG_5454copy-300x188.jpg 300w, https:\/\/cooperativetoudarte.com\/wp-content\/uploads\/2023\/11\/IMG_5454copy-768x482.jpg 768w, https:\/\/cooperativetoudarte.com\/wp-content\/uploads\/2023\/11\/IMG_5454copy-1536x964.jpg 1536w, https:\/\/cooperativetoudarte.com\/wp-content\/uploads\/2023\/11\/IMG_5454copy-2048x1286.jpg 2048w, https:\/\/cooperativetoudarte.com\/wp-content\/uploads\/2023\/11\/IMG_5454copy-18x12.jpg 18w, https:\/\/cooperativetoudarte.com\/wp-content\/uploads\/2023\/11\/IMG_5454copy-600x377.jpg 600w\" sizes=\"(max-width: 1020px) 100vw, 1020px\" \/>                                  <div class=\"overlay fill\"\n                      style=\"background-color: rgba(0,0,0,.15)\">\n                  <\/div>\n                                                              <\/div>\n              <div class=\"box-text text-left\" >\n                 <p><\/p>\n              <\/div>\n            <\/div>\n            <\/a>          <\/div>\n         <\/div><\/div>\n\n<div class=\"container section-title-container\" ><h2 class=\"section-title section-title-bold-center\"><b><\/b><span class=\"section-title-main\" style=\"color:rgb(102, 200, 70);\"><i class=\"icon-map-pin-fill\" ><\/i>Localisation<\/span><b><\/b><\/h2><\/div>\n\n\n\n<iframe  src=\"https:\/\/www.google.com\/maps\/embed?pb=!1m14!1m8!1m3!1d13765.577374230505!2d-9.5480657!3d30.3965517!3m2!1i1024!2i768!4f13.1!3m3!1m2!1s0xdb3b77a71d2b85b%3A0x8a22aad2127125cf!2sCoop%C3%A9rative%20agricole%20f%C3%A9minine%20toudarte!5e0!3m2!1sen!2sma!4v1698488794909!5m2!1sen!2sma\" width=\"100%\" height=\"400\" style=\"border:0;\" allowfullscreen=\"\" loading=\"lazy\" referrerpolicy=\"no-referrer-when-downgrade\"><\/iframe>\n\n\t<div id=\"gap-77566704\" class=\"gap-element clearfix\" style=\"display:block; height:auto;\">\n\t\t\n<style>\n#gap-77566704 {\n  padding-top: 30px;\n}\n<\/style>\n\t<\/div>\n\t\n\n<a href=\"https:\/\/cooperativetoudarte.com\/fr\/\" target=\"_self\" class=\"button primary is-shade is-larger box-shadow-4 box-shadow-5-hover\"  style=\"border-radius:10px;padding:0px 10% 0px 10%;\">\n    <span>HOME<\/span>\n  <i class=\"icon-heart\" aria-hidden=\"true\" ><\/i><\/a>\n\n\n\n\t\t<\/div>\n\t\t\t\t\t<\/div>\n\n\t\n\n\n<style>\n#row-1866817396 > .col > .col-inner {\n  padding: 10px 10px 10px 10px;\n}\n<\/style>\n<\/div>\n\n\t\t<\/div>\n\n\t\t\n<style>\n#section_71523745 {\n  padding-top: 30px;\n  padding-bottom: 30px;\n}\n<\/style>\n\t<\/section>\n\t\n<div class=\"container section-title-container\" ><h2 class=\"section-title section-title-bold-center\"><b><\/b><span class=\"section-title-main\" style=\"color:rgb(102, 200, 70);\"><i class=\"icon-user\" ><\/i>Notre \u00e9quipe<\/span><b><\/b><\/h2><\/div>\n\n<div class=\"row\"  id=\"row-788399860\">\n\n\n\t<div id=\"col-189211807\" class=\"col medium-6 small-12 large-6\"  >\n\t\t\t\t<div class=\"col-inner\"  >\n\t\t\t\n\t\t\t\n\n\t<div class=\"box has-hover   has-hover box-text-bottom\" >\n\n\t\t<div class=\"box-image\" style=\"border-radius:100%;width:50%;\">\n\t\t\t\t\t\t<div class=\"\" >\n\t\t\t\t<img decoding=\"async\" src=\"https:\/\/cooperativetoudarte.com\/wp-content\/themes\/flatsome\/assets\/img\/missing.jpg\" \/>\t\t\t\t\t\t\t\t\t\t\t<\/div>\n\t\t\t\t\t<\/div>\n\n\t\t<div class=\"box-text text-center\" >\n\t\t\t<div class=\"box-text-inner\">\n\t\t\t\t\n\n<h3><span style=\"font-size: 150%;\">Fatima Ihihi<\/span><\/h3>\n<p><span style=\"font-size: 130%;\">Pr\u00e9sidente<\/span><\/p>\n\n\t\t\t<\/div>\n\t\t<\/div>\n\t<\/div>\n\t\n\n\t\t<\/div>\n\t\t\t\t\t<\/div>\n\n\t\n\n\t<div id=\"col-1269047196\" class=\"col medium-6 small-12 large-6\"  >\n\t\t\t\t<div class=\"col-inner\"  >\n\t\t\t\n\t\t\t\n\n\t<div class=\"box has-hover   has-hover box-text-bottom\" >\n\n\t\t<div class=\"box-image\" style=\"border-radius:100%;width:50%;\">\n\t\t\t\t\t\t<div class=\"\" >\n\t\t\t\t<img decoding=\"async\" src=\"https:\/\/cooperativetoudarte.com\/wp-content\/themes\/flatsome\/assets\/img\/missing.jpg\" \/>\t\t\t\t\t\t\t\t\t\t\t<\/div>\n\t\t\t\t\t<\/div>\n\n\t\t<div class=\"box-text text-center\" >\n\t\t\t<div class=\"box-text-inner\">\n\t\t\t\t\n\n<h3><span style=\"font-size: 150%;\">Khalid Mssaoudi<\/span><\/h3>\n<p><span style=\"font-size: 130%;\">Directeur<\/span><\/p>\n\n\t\t\t<\/div>\n\t\t<\/div>\n\t<\/div>\n\t\n\n\t\t<\/div>\n\t\t\t\t\t<\/div>\n\n\t\n\n<\/div>\n<div class=\"row row-full-width align-equal row-dashed\"  id=\"row-565234518\">\n\n\n\t<div id=\"col-1442401979\" class=\"col medium-3 small-6 large-3\"  >\n\t\t\t\t<div class=\"col-inner\"  >\n\t\t\t\n\t\t\t\n\n\t<div class=\"box has-hover   has-hover box-text-bottom\" >\n\n\t\t<div class=\"box-image\" style=\"border-radius:100%;width:50%;\">\n\t\t\t\t\t\t<div class=\"\" >\n\t\t\t\t<img decoding=\"async\" src=\"https:\/\/cooperativetoudarte.com\/wp-content\/themes\/flatsome\/assets\/img\/missing.jpg\" \/>\t\t\t\t\t\t\t\t\t\t\t<\/div>\n\t\t\t\t\t<\/div>\n\n\t\t<div class=\"box-text text-center\" >\n\t\t\t<div class=\"box-text-inner\">\n\t\t\t\t\n\n<h3><span style=\"font-size: 150%;\">Hassan<\/span><\/h3>\n<p>responsable<\/p>\n\n\t\t\t<\/div>\n\t\t<\/div>\n\t<\/div>\n\t\n\n\t\t<\/div>\n\t\t\t\t\t<\/div>\n\n\t\n\n\t<div id=\"col-329999000\" class=\"col medium-3 small-6 large-3\"  >\n\t\t\t\t<div class=\"col-inner\"  >\n\t\t\t\n\t\t\t\n\n\t<div class=\"box has-hover   has-hover box-text-bottom\" >\n\n\t\t<div class=\"box-image\" style=\"border-radius:100%;width:50%;\">\n\t\t\t\t\t\t<div class=\"\" >\n\t\t\t\t<img decoding=\"async\" src=\"https:\/\/cooperativetoudarte.com\/wp-content\/themes\/flatsome\/assets\/img\/missing.jpg\" \/>\t\t\t\t\t\t\t\t\t\t\t<\/div>\n\t\t\t\t\t<\/div>\n\n\t\t<div class=\"box-text text-center\" >\n\t\t\t<div class=\"box-text-inner\">\n\t\t\t\t\n\n<h3><span style=\"font-size: 150%;\">Chaima<\/span><\/h3>\n<p><span style=\"font-size: 130%;\">Comptable<\/span><\/p>\n\n\t\t\t<\/div>\n\t\t<\/div>\n\t<\/div>\n\t\n\n\t\t<\/div>\n\t\t\t\t\t<\/div>\n\n\t\n\n\t<div id=\"col-2058702841\" class=\"col medium-3 small-6 large-3\"  >\n\t\t\t\t<div class=\"col-inner\"  >\n\t\t\t\n\t\t\t\n\n\t<div class=\"box has-hover   has-hover box-text-bottom\" >\n\n\t\t<div class=\"box-image\" style=\"border-radius:100%;width:50%;\">\n\t\t\t\t\t\t<div class=\"\" >\n\t\t\t\t<img decoding=\"async\" src=\"https:\/\/cooperativetoudarte.com\/wp-content\/themes\/flatsome\/assets\/img\/missing.jpg\" \/>\t\t\t\t\t\t\t\t\t\t\t<\/div>\n\t\t\t\t\t<\/div>\n\n\t\t<div class=\"box-text text-center\" >\n\t\t\t<div class=\"box-text-inner\">\n\t\t\t\t\n\n<h3><span style=\"font-size: 150%;\">Fatima Ezzahra<\/span><\/h3>\n<p><span style=\"font-size: 130%;\">Service de vente<\/span><\/p>\n\n\t\t\t<\/div>\n\t\t<\/div>\n\t<\/div>\n\t\n\n\t\t<\/div>\n\t\t\t\t\t<\/div>\n\n\t\n\n\t<div id=\"col-1724175259\" class=\"col medium-3 small-6 large-3\"  >\n\t\t\t\t<div class=\"col-inner\"  >\n\t\t\t\n\t\t\t\n\n\t<div class=\"box has-hover   has-hover box-text-bottom\" >\n\n\t\t<div class=\"box-image\" style=\"border-radius:100%;width:50%;\">\n\t\t\t\t\t\t<div class=\"\" >\n\t\t\t\t<img decoding=\"async\" src=\"https:\/\/cooperativetoudarte.com\/wp-content\/themes\/flatsome\/assets\/img\/missing.jpg\" \/>\t\t\t\t\t\t\t\t\t\t\t<\/div>\n\t\t\t\t\t<\/div>\n\n\t\t<div class=\"box-text text-center\" >\n\t\t\t<div class=\"box-text-inner\">\n\t\t\t\t\n\n<h3><span style=\"font-size: 150%;\">Badr<\/span><\/h3>\n<p><span style=\"font-size: 130%;\">Livreur<\/span><\/p>\n\t<div id=\"gap-469015828\" class=\"gap-element clearfix\" style=\"display:block; height:auto;\">\n\t\t\n<style>\n#gap-469015828 {\n  padding-top: 30px;\n}\n<\/style>\n\t<\/div>\n\t\n\n\n\t\t\t<\/div>\n\t\t<\/div>\n\t<\/div>\n\t\n\n\t\t<\/div>\n\t\t\t\t\t<\/div>\n\n\t\n\n<\/div>","protected":false},"excerpt":{"rendered":"","protected":false},"author":1,"featured_media":0,"parent":0,"menu_order":0,"comment_status":"closed","ping_status":"closed","template":"page-blank.php","meta":{"inline_featured_image":false,"footnotes":""},"class_list":["post-591","page","type-page","status-publish","hentry"],"yoast_head":"<!-- This site is optimized with the Yoast SEO Premium plugin v21.5 (Yoast SEO v27.3) - https:\/\/yoast.com\/product\/yoast-seo-premium-wordpress\/ -->\n<title>Our Office - Toudarte<\/title>\n<meta name=\"robots\" content=\"index, follow, max-snippet:-1, max-image-preview:large, max-video-preview:-1\" \/>\n<link rel=\"canonical\" href=\"https:\/\/cooperativetoudarte.com\/fr\/our-office\/\" \/>\n<meta property=\"og:locale\" content=\"fr_FR\" \/>\n<meta property=\"og:type\" content=\"article\" \/>\n<meta property=\"og:title\" content=\"Our Office\" \/>\n<meta property=\"og:url\" content=\"https:\/\/cooperativetoudarte.com\/fr\/our-office\/\" \/>\n<meta property=\"og:site_name\" content=\"Toudarte\" \/>\n<meta property=\"article:publisher\" content=\"https:\/\/www.facebook.com\/cooperative.toudarte\/\" \/>\n<meta property=\"article:modified_time\" content=\"2025-04-07T20:43:01+00:00\" \/>\n<meta property=\"og:image\" content=\"https:\/\/cooperativetoudarte.com\/wp-content\/uploads\/2023\/11\/banner.png\" \/>\n\t<meta property=\"og:image:width\" content=\"1200\" \/>\n\t<meta property=\"og:image:height\" content=\"675\" \/>\n\t<meta property=\"og:image:type\" content=\"image\/png\" \/>\n<meta name=\"twitter:card\" content=\"summary_large_image\" \/>\n<meta name=\"twitter:site\" content=\"@cooprativetouda\" \/>\n<script type=\"application\/ld+json\" class=\"yoast-schema-graph\">{\"@context\":\"https:\\\/\\\/schema.org\",\"@graph\":[{\"@type\":\"WebPage\",\"@id\":\"https:\\\/\\\/cooperativetoudarte.com\\\/our-office\\\/\",\"url\":\"https:\\\/\\\/cooperativetoudarte.com\\\/our-office\\\/\",\"name\":\"Our Office - Toudarte\",\"isPartOf\":{\"@id\":\"https:\\\/\\\/cooperativetoudarte.com\\\/fr\\\/#website\"},\"datePublished\":\"2023-11-02T10:43:11+00:00\",\"dateModified\":\"2025-04-07T20:43:01+00:00\",\"breadcrumb\":{\"@id\":\"https:\\\/\\\/cooperativetoudarte.com\\\/our-office\\\/#breadcrumb\"},\"inLanguage\":\"fr-FR\",\"potentialAction\":[{\"@type\":\"ReadAction\",\"target\":[\"https:\\\/\\\/cooperativetoudarte.com\\\/our-office\\\/\"]}]},{\"@type\":\"BreadcrumbList\",\"@id\":\"https:\\\/\\\/cooperativetoudarte.com\\\/our-office\\\/#breadcrumb\",\"itemListElement\":[{\"@type\":\"ListItem\",\"position\":1,\"name\":\"Home\",\"item\":\"https:\\\/\\\/cooperativetoudarte.com\\\/\"},{\"@type\":\"ListItem\",\"position\":2,\"name\":\"Our Office\"}]},{\"@type\":\"WebSite\",\"@id\":\"https:\\\/\\\/cooperativetoudarte.com\\\/fr\\\/#website\",\"url\":\"https:\\\/\\\/cooperativetoudarte.com\\\/fr\\\/\",\"name\":\"Toudarte Cooperative\",\"description\":\"High Quality Bio Products\",\"publisher\":{\"@id\":\"https:\\\/\\\/cooperativetoudarte.com\\\/fr\\\/#organization\"},\"alternateName\":\"Cooperative Toudarte\",\"potentialAction\":[{\"@type\":\"SearchAction\",\"target\":{\"@type\":\"EntryPoint\",\"urlTemplate\":\"https:\\\/\\\/cooperativetoudarte.com\\\/fr\\\/?s={search_term_string}\"},\"query-input\":{\"@type\":\"PropertyValueSpecification\",\"valueRequired\":true,\"valueName\":\"search_term_string\"}}],\"inLanguage\":\"fr-FR\"},{\"@type\":[\"Organization\",\"Place\"],\"@id\":\"https:\\\/\\\/cooperativetoudarte.com\\\/fr\\\/#organization\",\"name\":\"Toudarte Cooperative\",\"alternateName\":\"Cooperative Toudarte\",\"url\":\"https:\\\/\\\/cooperativetoudarte.com\\\/fr\\\/\",\"logo\":{\"@id\":\"https:\\\/\\\/cooperativetoudarte.com\\\/our-office\\\/#local-main-organization-logo\"},\"image\":{\"@id\":\"https:\\\/\\\/cooperativetoudarte.com\\\/our-office\\\/#local-main-organization-logo\"},\"sameAs\":[\"https:\\\/\\\/www.facebook.com\\\/cooperative.toudarte\\\/\",\"https:\\\/\\\/x.com\\\/cooprativetouda\",\"https:\\\/\\\/www.instagram.com\\\/cooperativetoudarte\",\"https:\\\/\\\/www.youtube.com\\\/c\\\/COOPERATIVETOUDARTE\"],\"openingHoursSpecification\":[{\"@type\":\"OpeningHoursSpecification\",\"dayOfWeek\":[\"Monday\",\"Tuesday\",\"Wednesday\",\"Thursday\",\"Friday\",\"Saturday\",\"Sunday\"],\"opens\":\"09:00\",\"closes\":\"17:00\"}]},{\"@type\":\"ImageObject\",\"inLanguage\":\"fr-FR\",\"@id\":\"https:\\\/\\\/cooperativetoudarte.com\\\/our-office\\\/#local-main-organization-logo\",\"url\":\"https:\\\/\\\/cooperativetoudarte.com\\\/wp-content\\\/uploads\\\/2023\\\/11\\\/PngLogo-1.png\",\"contentUrl\":\"https:\\\/\\\/cooperativetoudarte.com\\\/wp-content\\\/uploads\\\/2023\\\/11\\\/PngLogo-1.png\",\"width\":512,\"height\":512,\"caption\":\"Toudarte Cooperative\"}]}<\/script>\n<!-- \/ Yoast SEO Premium plugin. -->","yoast_head_json":{"title":"Our Office - Toudarte","robots":{"index":"index","follow":"follow","max-snippet":"max-snippet:-1","max-image-preview":"max-image-preview:large","max-video-preview":"max-video-preview:-1"},"canonical":"https:\/\/cooperativetoudarte.com\/fr\/our-office\/","og_locale":"fr_FR","og_type":"article","og_title":"Our Office","og_url":"https:\/\/cooperativetoudarte.com\/fr\/our-office\/","og_site_name":"Toudarte","article_publisher":"https:\/\/www.facebook.com\/cooperative.toudarte\/","article_modified_time":"2025-04-07T20:43:01+00:00","og_image":[{"width":1200,"height":675,"url":"https:\/\/cooperativetoudarte.com\/wp-content\/uploads\/2023\/11\/banner.png","type":"image\/png"}],"twitter_card":"summary_large_image","twitter_site":"@cooprativetouda","schema":{"@context":"https:\/\/schema.org","@graph":[{"@type":"WebPage","@id":"https:\/\/cooperativetoudarte.com\/our-office\/","url":"https:\/\/cooperativetoudarte.com\/our-office\/","name":"Our Office - Toudarte","isPartOf":{"@id":"https:\/\/cooperativetoudarte.com\/fr\/#website"},"datePublished":"2023-11-02T10:43:11+00:00","dateModified":"2025-04-07T20:43:01+00:00","breadcrumb":{"@id":"https:\/\/cooperativetoudarte.com\/our-office\/#breadcrumb"},"inLanguage":"fr-FR","potentialAction":[{"@type":"ReadAction","target":["https:\/\/cooperativetoudarte.com\/our-office\/"]}]},{"@type":"BreadcrumbList","@id":"https:\/\/cooperativetoudarte.com\/our-office\/#breadcrumb","itemListElement":[{"@type":"ListItem","position":1,"name":"Home","item":"https:\/\/cooperativetoudarte.com\/"},{"@type":"ListItem","position":2,"name":"Our Office"}]},{"@type":"WebSite","@id":"https:\/\/cooperativetoudarte.com\/fr\/#website","url":"https:\/\/cooperativetoudarte.com\/fr\/","name":"Coop\u00e9rative Toudarte","description":"High Quality Bio Products","publisher":{"@id":"https:\/\/cooperativetoudarte.com\/fr\/#organization"},"alternateName":"Cooperative Toudarte","potentialAction":[{"@type":"SearchAction","target":{"@type":"EntryPoint","urlTemplate":"https:\/\/cooperativetoudarte.com\/fr\/?s={search_term_string}"},"query-input":{"@type":"PropertyValueSpecification","valueRequired":true,"valueName":"search_term_string"}}],"inLanguage":"fr-FR"},{"@type":["Organization","Place"],"@id":"https:\/\/cooperativetoudarte.com\/fr\/#organization","name":"Coop\u00e9rative Toudarte","alternateName":"Cooperative Toudarte","url":"https:\/\/cooperativetoudarte.com\/fr\/","logo":{"@id":"https:\/\/cooperativetoudarte.com\/our-office\/#local-main-organization-logo"},"image":{"@id":"https:\/\/cooperativetoudarte.com\/our-office\/#local-main-organization-logo"},"sameAs":["https:\/\/www.facebook.com\/cooperative.toudarte\/","https:\/\/x.com\/cooprativetouda","https:\/\/www.instagram.com\/cooperativetoudarte","https:\/\/www.youtube.com\/c\/COOPERATIVETOUDARTE"],"openingHoursSpecification":[{"@type":"OpeningHoursSpecification","dayOfWeek":["Monday","Tuesday","Wednesday","Thursday","Friday","Saturday","Sunday"],"opens":"09:00","closes":"17:00"}]},{"@type":"ImageObject","inLanguage":"fr-FR","@id":"https:\/\/cooperativetoudarte.com\/our-office\/#local-main-organization-logo","url":"https:\/\/cooperativetoudarte.com\/wp-content\/uploads\/2023\/11\/PngLogo-1.png","contentUrl":"https:\/\/cooperativetoudarte.com\/wp-content\/uploads\/2023\/11\/PngLogo-1.png","width":512,"height":512,"caption":"Toudarte Cooperative"}]}},"jetpack_sharing_enabled":true,"_links":{"self":[{"href":"https:\/\/cooperativetoudarte.com\/fr\/wp-json\/wp\/v2\/pages\/591","targetHints":{"allow":["GET"]}}],"collection":[{"href":"https:\/\/cooperativetoudarte.com\/fr\/wp-json\/wp\/v2\/pages"}],"about":[{"href":"https:\/\/cooperativetoudarte.com\/fr\/wp-json\/wp\/v2\/types\/page"}],"author":[{"embeddable":true,"href":"https:\/\/cooperativetoudarte.com\/fr\/wp-json\/wp\/v2\/users\/1"}],"replies":[{"embeddable":true,"href":"https:\/\/cooperativetoudarte.com\/fr\/wp-json\/wp\/v2\/comments?post=591"}],"version-history":[{"count":0,"href":"https:\/\/cooperativetoudarte.com\/fr\/wp-json\/wp\/v2\/pages\/591\/revisions"}],"wp:attachment":[{"href":"https:\/\/cooperativetoudarte.com\/fr\/wp-json\/wp\/v2\/media?parent=591"}],"curies":[{"name":"wp","href":"https:\/\/api.w.org\/{rel}","templated":true}]}}