{"id":416,"date":"2023-10-30T10:05:23","date_gmt":"2023-10-30T10:05:23","guid":{"rendered":"https:\/\/cooperativetoudarte.com\/?post_type=product&#038;p=416"},"modified":"2026-04-03T00:47:24","modified_gmt":"2026-04-03T00:47:24","slug":"eucalyptus-honey-cooperative","status":"publish","type":"product","link":"https:\/\/cooperativetoudarte.com\/es\/producto\/eucalyptus-honey-cooperative\/","title":{"rendered":"Miel de eucalipto"},"content":{"rendered":"<div><strong>Usos y beneficios para la salud de la miel de eucalipto:<\/strong><\/div>\n<ul>\n<li>Alivio para la tos y resfriados leves.<\/li>\n<li>Rem\u00e8de naturel pour les probl\u00e8mes respiratoires.<\/li>\n<li>Acelerar la curaci\u00f3n de heridas, \u00falceras, quemaduras, cortes, abrasiones y heridas.<\/li>\n<li>Eficaz contra las picaduras de insectos.<\/li>\n<li>En contra del reumatismo.<\/li>\n<li>Esguinces de los ligamentos.<\/li>\n<li>Presi\u00f3n arterial alta.<\/li>\n<\/ul>\n<div><strong>Precauciones: La miel se consume mejor en peque\u00f1as cantidades y solo por aquellos que no son al\u00e9rgicos.<\/strong><\/div>","protected":false},"excerpt":{"rendered":"<div><strong>Miel de eucalipto:<\/strong> Es una miel \u00fanica y arom\u00e1tica producida por las abejas que recolectan el n\u00e9ctar de las flores de los eucaliptos. Conocida por su sabor distintivo e intenso, la miel de eucalipto tiene un ligero sabor medicinal y herbal con sutiles toques de mentol y madera. Su color suele ser \u00e1mbar medio-oscuro y su textura es suave y rica. Esta miel no solo es apreciada por su sabor distintivo, sino tambi\u00e9n por sus posibles beneficios para la salud, como sus propiedades antimicrobianas y sus efectos calmantes para el sistema respiratorio. Se utiliza a menudo para aliviar los s\u00edntomas del resfriado, la tos y el dolor de garganta, y se disfruta com\u00fanmente en t\u00e9 o como edulcorante natural.<\/p>","protected":false},"featured_media":417,"comment_status":"open","ping_status":"closed","template":"","meta":{"inline_featured_image":false},"product_brand":[],"product_cat":[33],"product_tag":[],"class_list":{"0":"post-416","1":"product","2":"type-product","3":"status-publish","4":"has-post-thumbnail","6":"product_cat-honey","8":"first","9":"instock","10":"shipping-taxable","11":"purchasable","12":"product-type-variable","13":"has-default-attributes"},"yoast_head":"<!-- This site is optimized with the Yoast SEO Premium plugin v21.5 (Yoast SEO v27.4) - https:\/\/yoast.com\/product\/yoast-seo-premium-wordpress\/ -->\n<title>Eucalyptus-Honey-Toudarte<\/title>\n<meta name=\"description\" content=\"Eucalyptus honey is a unique, aromatic honey produced by bees that gather nectar from the blossoms of eucalyptus trees. Known for its distinct, robust flavor, eucalyptus honey has a slightly medicinal, herbal taste with subtle hints of menthol and woodiness. It typically has a medium to dark amber color and a smooth, rich texture. This honey is not only valued for its distinct taste but also for its potential health benefits, including antimicrobial properties and soothing effects for the respiratory system. It is often used to help alleviate symptoms of colds, coughs, and sore throats, and is commonly enjoyed in tea or as a natural sweetener.\" \/>\n<meta name=\"robots\" content=\"index, follow, max-snippet:-1, max-image-preview:large, max-video-preview:-1\" \/>\n<link rel=\"canonical\" href=\"https:\/\/cooperativetoudarte.com\/es\/producto\/eucalyptus-honey-cooperative\/\" \/>\n<meta property=\"og:locale\" content=\"es_ES\" \/>\n<meta property=\"og:type\" content=\"article\" \/>\n<meta property=\"og:title\" content=\"EUCALYPTUS HONEY\" \/>\n<meta property=\"og:description\" content=\"Eucalyptus honey is a unique, aromatic honey produced by bees that gather nectar from the blossoms of eucalyptus trees. Known for its distinct, robust flavor, eucalyptus honey has a slightly medicinal, herbal taste with subtle hints of menthol and woodiness. It typically has a medium to dark amber color and a smooth, rich texture. This honey is not only valued for its distinct taste but also for its potential health benefits, including antimicrobial properties and soothing effects for the respiratory system. It is often used to help alleviate symptoms of colds, coughs, and sore throats, and is commonly enjoyed in tea or as a natural sweetener.\" \/>\n<meta property=\"og:url\" content=\"https:\/\/cooperativetoudarte.com\/es\/producto\/eucalyptus-honey-cooperative\/\" \/>\n<meta property=\"og:site_name\" content=\"Toudarte\" \/>\n<meta property=\"article:publisher\" content=\"https:\/\/www.facebook.com\/cooperative.toudarte\/\" \/>\n<meta property=\"article:modified_time\" content=\"2026-04-03T00:47:24+00:00\" \/>\n<meta property=\"og:image\" content=\"https:\/\/cooperativetoudarte.com\/wp-content\/uploads\/2023\/10\/eucalyptus-honey.jpg\" \/>\n\t<meta property=\"og:image:width\" content=\"800\" \/>\n\t<meta property=\"og:image:height\" content=\"800\" \/>\n\t<meta property=\"og:image:type\" content=\"image\/jpeg\" \/>\n<meta name=\"twitter:card\" content=\"summary_large_image\" \/>\n<meta name=\"twitter:site\" content=\"@cooprativetouda\" \/>\n<meta name=\"twitter:label1\" content=\"Availability\" \/>\n\t<meta name=\"twitter:data1\" content=\"In stock\" \/>\n<script type=\"application\/ld+json\" class=\"yoast-schema-graph\">{\"@context\":\"https:\\\/\\\/schema.org\",\"@graph\":[{\"@type\":\"WebPage\",\"@id\":\"https:\\\/\\\/cooperativetoudarte.com\\\/product\\\/eucalyptus-honey-cooperative\\\/\",\"url\":\"https:\\\/\\\/cooperativetoudarte.com\\\/product\\\/eucalyptus-honey-cooperative\\\/\",\"name\":\"Eucalyptus-Honey-Toudarte\",\"isPartOf\":{\"@id\":\"https:\\\/\\\/cooperativetoudarte.com\\\/fr\\\/#website\"},\"primaryImageOfPage\":{\"@id\":\"https:\\\/\\\/cooperativetoudarte.com\\\/product\\\/eucalyptus-honey-cooperative\\\/#primaryimage\"},\"image\":{\"@id\":\"https:\\\/\\\/cooperativetoudarte.com\\\/product\\\/eucalyptus-honey-cooperative\\\/#primaryimage\"},\"thumbnailUrl\":\"https:\\\/\\\/cooperativetoudarte.com\\\/wp-content\\\/uploads\\\/2023\\\/10\\\/eucalyptus-honey.jpg\",\"datePublished\":\"2023-10-30T10:05:23+00:00\",\"dateModified\":\"2026-04-03T00:47:24+00:00\",\"description\":\"Eucalyptus honey is a unique, aromatic honey produced by bees that gather nectar from the blossoms of eucalyptus trees. Known for its distinct, robust flavor, eucalyptus honey has a slightly medicinal, herbal taste with subtle hints of menthol and woodiness. It typically has a medium to dark amber color and a smooth, rich texture. This honey is not only valued for its distinct taste but also for its potential health benefits, including antimicrobial properties and soothing effects for the respiratory system. It is often used to help alleviate symptoms of colds, coughs, and sore throats, and is commonly enjoyed in tea or as a natural sweetener.\",\"breadcrumb\":{\"@id\":\"https:\\\/\\\/cooperativetoudarte.com\\\/product\\\/eucalyptus-honey-cooperative\\\/#breadcrumb\"},\"inLanguage\":\"es\",\"potentialAction\":[{\"@type\":\"ReadAction\",\"target\":[\"https:\\\/\\\/cooperativetoudarte.com\\\/product\\\/eucalyptus-honey-cooperative\\\/\"]}]},{\"@type\":\"ImageObject\",\"inLanguage\":\"es\",\"@id\":\"https:\\\/\\\/cooperativetoudarte.com\\\/product\\\/eucalyptus-honey-cooperative\\\/#primaryimage\",\"url\":\"https:\\\/\\\/cooperativetoudarte.com\\\/wp-content\\\/uploads\\\/2023\\\/10\\\/eucalyptus-honey.jpg\",\"contentUrl\":\"https:\\\/\\\/cooperativetoudarte.com\\\/wp-content\\\/uploads\\\/2023\\\/10\\\/eucalyptus-honey.jpg\",\"width\":800,\"height\":800},{\"@type\":\"BreadcrumbList\",\"@id\":\"https:\\\/\\\/cooperativetoudarte.com\\\/product\\\/eucalyptus-honey-cooperative\\\/#breadcrumb\",\"itemListElement\":[{\"@type\":\"ListItem\",\"position\":1,\"name\":\"Home\",\"item\":\"https:\\\/\\\/cooperativetoudarte.com\\\/\"},{\"@type\":\"ListItem\",\"position\":2,\"name\":\"Shop\",\"item\":\"https:\\\/\\\/cooperativetoudarte.com\\\/fr\\\/shop\\\/\"},{\"@type\":\"ListItem\",\"position\":3,\"name\":\"EUCALYPTUS HONEY\"}]},{\"@type\":\"WebSite\",\"@id\":\"https:\\\/\\\/cooperativetoudarte.com\\\/fr\\\/#website\",\"url\":\"https:\\\/\\\/cooperativetoudarte.com\\\/fr\\\/\",\"name\":\"Toudarte Cooperative\",\"description\":\"High Quality Bio Products\",\"publisher\":{\"@id\":\"https:\\\/\\\/cooperativetoudarte.com\\\/fr\\\/#organization\"},\"alternateName\":\"Cooperative Toudarte\",\"potentialAction\":[{\"@type\":\"SearchAction\",\"target\":{\"@type\":\"EntryPoint\",\"urlTemplate\":\"https:\\\/\\\/cooperativetoudarte.com\\\/fr\\\/?s={search_term_string}\"},\"query-input\":{\"@type\":\"PropertyValueSpecification\",\"valueRequired\":true,\"valueName\":\"search_term_string\"}}],\"inLanguage\":\"es\"},{\"@type\":[\"Organization\",\"Place\"],\"@id\":\"https:\\\/\\\/cooperativetoudarte.com\\\/fr\\\/#organization\",\"name\":\"Toudarte Cooperative\",\"alternateName\":\"Cooperative Toudarte\",\"url\":\"https:\\\/\\\/cooperativetoudarte.com\\\/fr\\\/\",\"logo\":{\"@id\":\"https:\\\/\\\/cooperativetoudarte.com\\\/product\\\/eucalyptus-honey-cooperative\\\/#local-main-organization-logo\"},\"image\":{\"@id\":\"https:\\\/\\\/cooperativetoudarte.com\\\/product\\\/eucalyptus-honey-cooperative\\\/#local-main-organization-logo\"},\"sameAs\":[\"https:\\\/\\\/www.facebook.com\\\/cooperative.toudarte\\\/\",\"https:\\\/\\\/x.com\\\/cooprativetouda\",\"https:\\\/\\\/www.instagram.com\\\/cooperativetoudarte\",\"https:\\\/\\\/www.youtube.com\\\/c\\\/COOPERATIVETOUDARTE\"],\"openingHoursSpecification\":[{\"@type\":\"OpeningHoursSpecification\",\"dayOfWeek\":[\"Monday\",\"Tuesday\",\"Wednesday\",\"Thursday\",\"Friday\",\"Saturday\",\"Sunday\"],\"opens\":\"09:00\",\"closes\":\"17:00\"}]},{\"@type\":\"ImageObject\",\"inLanguage\":\"es\",\"@id\":\"https:\\\/\\\/cooperativetoudarte.com\\\/product\\\/eucalyptus-honey-cooperative\\\/#local-main-organization-logo\",\"url\":\"https:\\\/\\\/cooperativetoudarte.com\\\/wp-content\\\/uploads\\\/2023\\\/11\\\/PngLogo-1.png\",\"contentUrl\":\"https:\\\/\\\/cooperativetoudarte.com\\\/wp-content\\\/uploads\\\/2023\\\/11\\\/PngLogo-1.png\",\"width\":512,\"height\":512,\"caption\":\"Toudarte Cooperative\"}]}<\/script>\n<meta property=\"og:availability\" content=\"instock\" \/>\n<meta property=\"product:availability\" content=\"instock\" \/>\n<meta property=\"product:condition\" content=\"new\" \/>\n<!-- \/ Yoast SEO Premium plugin. -->","yoast_head_json":{"title":"Eucalyptus-Honey-Toudarte","description":"Eucalyptus honey is a unique, aromatic honey produced by bees that gather nectar from the blossoms of eucalyptus trees. Known for its distinct, robust flavor, eucalyptus honey has a slightly medicinal, herbal taste with subtle hints of menthol and woodiness. It typically has a medium to dark amber color and a smooth, rich texture. This honey is not only valued for its distinct taste but also for its potential health benefits, including antimicrobial properties and soothing effects for the respiratory system. It is often used to help alleviate symptoms of colds, coughs, and sore throats, and is commonly enjoyed in tea or as a natural sweetener.","robots":{"index":"index","follow":"follow","max-snippet":"max-snippet:-1","max-image-preview":"max-image-preview:large","max-video-preview":"max-video-preview:-1"},"canonical":"https:\/\/cooperativetoudarte.com\/es\/producto\/eucalyptus-honey-cooperative\/","og_locale":"es_ES","og_type":"article","og_title":"EUCALYPTUS HONEY","og_description":"Eucalyptus honey is a unique, aromatic honey produced by bees that gather nectar from the blossoms of eucalyptus trees. Known for its distinct, robust flavor, eucalyptus honey has a slightly medicinal, herbal taste with subtle hints of menthol and woodiness. It typically has a medium to dark amber color and a smooth, rich texture. This honey is not only valued for its distinct taste but also for its potential health benefits, including antimicrobial properties and soothing effects for the respiratory system. It is often used to help alleviate symptoms of colds, coughs, and sore throats, and is commonly enjoyed in tea or as a natural sweetener.","og_url":"https:\/\/cooperativetoudarte.com\/es\/producto\/eucalyptus-honey-cooperative\/","og_site_name":"Toudarte","article_publisher":"https:\/\/www.facebook.com\/cooperative.toudarte\/","article_modified_time":"2026-04-03T00:47:24+00:00","og_image":[{"width":800,"height":800,"url":"https:\/\/cooperativetoudarte.com\/wp-content\/uploads\/2023\/10\/eucalyptus-honey.jpg","type":"image\/jpeg"}],"twitter_card":"summary_large_image","twitter_site":"@cooprativetouda","twitter_misc":{"Availability":"In stock"},"schema":{"@context":"https:\/\/schema.org","@graph":[{"@type":"WebPage","@id":"https:\/\/cooperativetoudarte.com\/product\/eucalyptus-honey-cooperative\/","url":"https:\/\/cooperativetoudarte.com\/product\/eucalyptus-honey-cooperative\/","name":"Eucalyptus-Honey-Toudarte","isPartOf":{"@id":"https:\/\/cooperativetoudarte.com\/fr\/#website"},"primaryImageOfPage":{"@id":"https:\/\/cooperativetoudarte.com\/product\/eucalyptus-honey-cooperative\/#primaryimage"},"image":{"@id":"https:\/\/cooperativetoudarte.com\/product\/eucalyptus-honey-cooperative\/#primaryimage"},"thumbnailUrl":"https:\/\/cooperativetoudarte.com\/wp-content\/uploads\/2023\/10\/eucalyptus-honey.jpg","datePublished":"2023-10-30T10:05:23+00:00","dateModified":"2026-04-03T00:47:24+00:00","description":"Eucalyptus honey is a unique, aromatic honey produced by bees that gather nectar from the blossoms of eucalyptus trees. Known for its distinct, robust flavor, eucalyptus honey has a slightly medicinal, herbal taste with subtle hints of menthol and woodiness. It typically has a medium to dark amber color and a smooth, rich texture. This honey is not only valued for its distinct taste but also for its potential health benefits, including antimicrobial properties and soothing effects for the respiratory system. It is often used to help alleviate symptoms of colds, coughs, and sore throats, and is commonly enjoyed in tea or as a natural sweetener.","breadcrumb":{"@id":"https:\/\/cooperativetoudarte.com\/product\/eucalyptus-honey-cooperative\/#breadcrumb"},"inLanguage":"es","potentialAction":[{"@type":"ReadAction","target":["https:\/\/cooperativetoudarte.com\/product\/eucalyptus-honey-cooperative\/"]}]},{"@type":"ImageObject","inLanguage":"es","@id":"https:\/\/cooperativetoudarte.com\/product\/eucalyptus-honey-cooperative\/#primaryimage","url":"https:\/\/cooperativetoudarte.com\/wp-content\/uploads\/2023\/10\/eucalyptus-honey.jpg","contentUrl":"https:\/\/cooperativetoudarte.com\/wp-content\/uploads\/2023\/10\/eucalyptus-honey.jpg","width":800,"height":800},{"@type":"BreadcrumbList","@id":"https:\/\/cooperativetoudarte.com\/product\/eucalyptus-honey-cooperative\/#breadcrumb","itemListElement":[{"@type":"ListItem","position":1,"name":"Home","item":"https:\/\/cooperativetoudarte.com\/"},{"@type":"ListItem","position":2,"name":"Shop","item":"https:\/\/cooperativetoudarte.com\/fr\/shop\/"},{"@type":"ListItem","position":3,"name":"EUCALYPTUS HONEY"}]},{"@type":"WebSite","@id":"https:\/\/cooperativetoudarte.com\/fr\/#website","url":"https:\/\/cooperativetoudarte.com\/fr\/","name":"Cooperativa Toudarte","description":"High Quality Bio Products","publisher":{"@id":"https:\/\/cooperativetoudarte.com\/fr\/#organization"},"alternateName":"Cooperative Toudarte","potentialAction":[{"@type":"SearchAction","target":{"@type":"EntryPoint","urlTemplate":"https:\/\/cooperativetoudarte.com\/fr\/?s={search_term_string}"},"query-input":{"@type":"PropertyValueSpecification","valueRequired":true,"valueName":"search_term_string"}}],"inLanguage":"es"},{"@type":["Organization","Place"],"@id":"https:\/\/cooperativetoudarte.com\/fr\/#organization","name":"Cooperativa Toudarte","alternateName":"Cooperative Toudarte","url":"https:\/\/cooperativetoudarte.com\/fr\/","logo":{"@id":"https:\/\/cooperativetoudarte.com\/product\/eucalyptus-honey-cooperative\/#local-main-organization-logo"},"image":{"@id":"https:\/\/cooperativetoudarte.com\/product\/eucalyptus-honey-cooperative\/#local-main-organization-logo"},"sameAs":["https:\/\/www.facebook.com\/cooperative.toudarte\/","https:\/\/x.com\/cooprativetouda","https:\/\/www.instagram.com\/cooperativetoudarte","https:\/\/www.youtube.com\/c\/COOPERATIVETOUDARTE"],"openingHoursSpecification":[{"@type":"OpeningHoursSpecification","dayOfWeek":["Monday","Tuesday","Wednesday","Thursday","Friday","Saturday","Sunday"],"opens":"09:00","closes":"17:00"}]},{"@type":"ImageObject","inLanguage":"es","@id":"https:\/\/cooperativetoudarte.com\/product\/eucalyptus-honey-cooperative\/#local-main-organization-logo","url":"https:\/\/cooperativetoudarte.com\/wp-content\/uploads\/2023\/11\/PngLogo-1.png","contentUrl":"https:\/\/cooperativetoudarte.com\/wp-content\/uploads\/2023\/11\/PngLogo-1.png","width":512,"height":512,"caption":"Toudarte Cooperative"}]},"og_availability":"instock","product_availability":"instock","product_condition":"new"},"jetpack_sharing_enabled":true,"_links":{"self":[{"href":"https:\/\/cooperativetoudarte.com\/es\/wp-json\/wp\/v2\/product\/416","targetHints":{"allow":["GET"]}}],"collection":[{"href":"https:\/\/cooperativetoudarte.com\/es\/wp-json\/wp\/v2\/product"}],"about":[{"href":"https:\/\/cooperativetoudarte.com\/es\/wp-json\/wp\/v2\/types\/product"}],"replies":[{"embeddable":true,"href":"https:\/\/cooperativetoudarte.com\/es\/wp-json\/wp\/v2\/comments?post=416"}],"wp:featuredmedia":[{"embeddable":true,"href":"https:\/\/cooperativetoudarte.com\/es\/wp-json\/wp\/v2\/media\/417"}],"wp:attachment":[{"href":"https:\/\/cooperativetoudarte.com\/es\/wp-json\/wp\/v2\/media?parent=416"}],"wp:term":[{"taxonomy":"product_brand","embeddable":true,"href":"https:\/\/cooperativetoudarte.com\/es\/wp-json\/wp\/v2\/product_brand?post=416"},{"taxonomy":"product_cat","embeddable":true,"href":"https:\/\/cooperativetoudarte.com\/es\/wp-json\/wp\/v2\/product_cat?post=416"},{"taxonomy":"product_tag","embeddable":true,"href":"https:\/\/cooperativetoudarte.com\/es\/wp-json\/wp\/v2\/product_tag?post=416"}],"curies":[{"name":"wp","href":"https:\/\/api.w.org\/{rel}","templated":true}]}}