{"id":402,"date":"2023-10-30T09:45:13","date_gmt":"2023-10-30T09:45:13","guid":{"rendered":"https:\/\/cooperativetoudarte.com\/?post_type=product&#038;p=402"},"modified":"2025-11-01T16:54:11","modified_gmt":"2025-11-01T16:54:11","slug":"organic-culinary-argan-oil-1l","status":"publish","type":"product","link":"https:\/\/cooperativetoudarte.com\/es\/producto\/organic-culinary-argan-oil-1l\/","title":{"rendered":"ACEITE DE ARG\u00c1N TOSTADO, BOTELLA DE CRISTAL 1L"},"content":{"rendered":"<div><strong>usar<\/strong>: Ensalada, carne, pescado, s\u00e1ndwiches, etc.<\/div>\n<div><\/div>\n<div><strong>Composici\u00f3n:<\/strong>Rico en vitamina E y grasas oleico-linoleicas, el aceite de arg\u00e1n contiene 80% de \u00e1cidos grasos insaturados.<\/div>\n<div><\/div>\n<div><strong>Beneficios:<\/strong>: El aceite de arg\u00e1n conocido por sus cualidades diet\u00e9ticas tambi\u00e9n tiene importantes virtudes diet\u00e9ticas y beneficiosas para el coraz\u00f3n.<\/div>\n<div><\/div>\n<div>Su consumo protege contra el colesterol malo, la arteriosclerosis y el infarto de miocardio.<\/div>","protected":false},"excerpt":{"rendered":"<div id=\"product-description-short-50\">\n<p><strong>Aceite de arg\u00e1n comestible\u00a0<\/strong>es un tipo de aceite de arg\u00e1n que es comestible. Para hacer aceite para comer y cocinar, las almendras se tuestan antes de ser prensadas. Esto le da un color dorado y un sabor a nuez \u00fanico. En Marruecos, se utiliza para cocinar, comer y tambi\u00e9n como un suplemento diet\u00e9tico por sus muchos beneficios para la salud..<\/p>\n<\/div>","protected":false},"featured_media":403,"comment_status":"open","ping_status":"closed","template":"","meta":{"inline_featured_image":false},"product_brand":[],"product_cat":[32,16],"product_tag":[],"class_list":{"0":"post-402","1":"product","2":"type-product","3":"status-publish","4":"has-post-thumbnail","6":"product_cat-argan","7":"product_cat-gourmet","9":"first","10":"instock","11":"shipping-taxable","12":"purchasable","13":"product-type-simple"},"yoast_head":"<!-- This site is optimized with the Yoast SEO Premium plugin v21.5 (Yoast SEO v27.3) - https:\/\/yoast.com\/product\/yoast-seo-premium-wordpress\/ -->\n<title>Organic-culinary-argan-oil-Toudarte<\/title>\n<meta name=\"description\" content=\"Savor the rich, nutty flavor of our Organic Culinary Argan Oil, cold-pressed from hand-harvested argan kernels in Morocco. Packed with essential fatty acids, antioxidants, and vitamin E, this golden oil brings a unique depth to your dishes\u2014perfect for drizzling over salads, couscous, grilled vegetables, or dipping bread. 100% pure and certified organic, it\u2019s a nutritious, gourmet addition to any kitchen.\" \/>\n<meta name=\"robots\" content=\"index, follow, max-snippet:-1, max-image-preview:large, max-video-preview:-1\" \/>\n<link rel=\"canonical\" href=\"https:\/\/cooperativetoudarte.com\/es\/producto\/organic-culinary-argan-oil-1l\/\" \/>\n<meta property=\"og:locale\" content=\"es_ES\" \/>\n<meta property=\"og:type\" content=\"article\" \/>\n<meta property=\"og:title\" content=\"ORGANIC CULINARY ARGAN OIL 1L\" \/>\n<meta property=\"og:description\" content=\"Savor the rich, nutty flavor of our Organic Culinary Argan Oil, cold-pressed from hand-harvested argan kernels in Morocco. Packed with essential fatty acids, antioxidants, and vitamin E, this golden oil brings a unique depth to your dishes\u2014perfect for drizzling over salads, couscous, grilled vegetables, or dipping bread. 100% pure and certified organic, it\u2019s a nutritious, gourmet addition to any kitchen.\" \/>\n<meta property=\"og:url\" content=\"https:\/\/cooperativetoudarte.com\/es\/producto\/organic-culinary-argan-oil-1l\/\" \/>\n<meta property=\"og:site_name\" content=\"Toudarte\" \/>\n<meta property=\"article:publisher\" content=\"https:\/\/www.facebook.com\/cooperative.toudarte\/\" \/>\n<meta property=\"article:modified_time\" content=\"2025-11-01T16:54:11+00:00\" \/>\n<meta property=\"og:image\" content=\"https:\/\/cooperativetoudarte.com\/wp-content\/uploads\/2023\/10\/organic-culinary-argan-oil-1l-1.jpg\" \/>\n\t<meta property=\"og:image:width\" content=\"800\" \/>\n\t<meta property=\"og:image:height\" content=\"800\" \/>\n\t<meta property=\"og:image:type\" content=\"image\/jpeg\" \/>\n<meta name=\"twitter:card\" content=\"summary_large_image\" \/>\n<meta name=\"twitter:site\" content=\"@cooprativetouda\" \/>\n<meta name=\"twitter:label1\" content=\"Precio\" \/>\n\t<meta name=\"twitter:data1\" content=\"&#x62f;.&#x645;.700,00\" \/>\n\t<meta name=\"twitter:label2\" content=\"Availability\" \/>\n\t<meta name=\"twitter:data2\" content=\"In stock\" \/>\n<script type=\"application\/ld+json\" class=\"yoast-schema-graph\">{\"@context\":\"https:\\\/\\\/schema.org\",\"@graph\":[{\"@type\":\"WebPage\",\"@id\":\"https:\\\/\\\/cooperativetoudarte.com\\\/product\\\/organic-culinary-argan-oil-1l\\\/\",\"url\":\"https:\\\/\\\/cooperativetoudarte.com\\\/product\\\/organic-culinary-argan-oil-1l\\\/\",\"name\":\"Organic-culinary-argan-oil-Toudarte\",\"isPartOf\":{\"@id\":\"https:\\\/\\\/cooperativetoudarte.com\\\/fr\\\/#website\"},\"primaryImageOfPage\":{\"@id\":\"https:\\\/\\\/cooperativetoudarte.com\\\/product\\\/organic-culinary-argan-oil-1l\\\/#primaryimage\"},\"image\":{\"@id\":\"https:\\\/\\\/cooperativetoudarte.com\\\/product\\\/organic-culinary-argan-oil-1l\\\/#primaryimage\"},\"thumbnailUrl\":\"https:\\\/\\\/cooperativetoudarte.com\\\/wp-content\\\/uploads\\\/2023\\\/10\\\/organic-culinary-argan-oil-1l-1.jpg\",\"datePublished\":\"2023-10-30T09:45:13+00:00\",\"dateModified\":\"2025-11-01T16:54:11+00:00\",\"description\":\"Savor the rich, nutty flavor of our Organic Culinary Argan Oil, cold-pressed from hand-harvested argan kernels in Morocco. Packed with essential fatty acids, antioxidants, and vitamin E, this golden oil brings a unique depth to your dishes\u2014perfect for drizzling over salads, couscous, grilled vegetables, or dipping bread. 100% pure and certified organic, it\u2019s a nutritious, gourmet addition to any kitchen.\",\"breadcrumb\":{\"@id\":\"https:\\\/\\\/cooperativetoudarte.com\\\/product\\\/organic-culinary-argan-oil-1l\\\/#breadcrumb\"},\"inLanguage\":\"es\",\"potentialAction\":[{\"@type\":\"ReadAction\",\"target\":[\"https:\\\/\\\/cooperativetoudarte.com\\\/product\\\/organic-culinary-argan-oil-1l\\\/\"]}]},{\"@type\":\"ImageObject\",\"inLanguage\":\"es\",\"@id\":\"https:\\\/\\\/cooperativetoudarte.com\\\/product\\\/organic-culinary-argan-oil-1l\\\/#primaryimage\",\"url\":\"https:\\\/\\\/cooperativetoudarte.com\\\/wp-content\\\/uploads\\\/2023\\\/10\\\/organic-culinary-argan-oil-1l-1.jpg\",\"contentUrl\":\"https:\\\/\\\/cooperativetoudarte.com\\\/wp-content\\\/uploads\\\/2023\\\/10\\\/organic-culinary-argan-oil-1l-1.jpg\",\"width\":800,\"height\":800},{\"@type\":\"BreadcrumbList\",\"@id\":\"https:\\\/\\\/cooperativetoudarte.com\\\/product\\\/organic-culinary-argan-oil-1l\\\/#breadcrumb\",\"itemListElement\":[{\"@type\":\"ListItem\",\"position\":1,\"name\":\"Home\",\"item\":\"https:\\\/\\\/cooperativetoudarte.com\\\/\"},{\"@type\":\"ListItem\",\"position\":2,\"name\":\"Shop\",\"item\":\"https:\\\/\\\/cooperativetoudarte.com\\\/fr\\\/shop\\\/\"},{\"@type\":\"ListItem\",\"position\":3,\"name\":\"ORGANIC CULINARY ARGAN OIL 1L\"}]},{\"@type\":\"WebSite\",\"@id\":\"https:\\\/\\\/cooperativetoudarte.com\\\/fr\\\/#website\",\"url\":\"https:\\\/\\\/cooperativetoudarte.com\\\/fr\\\/\",\"name\":\"Toudarte Cooperative\",\"description\":\"High Quality Bio Products\",\"publisher\":{\"@id\":\"https:\\\/\\\/cooperativetoudarte.com\\\/fr\\\/#organization\"},\"alternateName\":\"Cooperative Toudarte\",\"potentialAction\":[{\"@type\":\"SearchAction\",\"target\":{\"@type\":\"EntryPoint\",\"urlTemplate\":\"https:\\\/\\\/cooperativetoudarte.com\\\/fr\\\/?s={search_term_string}\"},\"query-input\":{\"@type\":\"PropertyValueSpecification\",\"valueRequired\":true,\"valueName\":\"search_term_string\"}}],\"inLanguage\":\"es\"},{\"@type\":[\"Organization\",\"Place\"],\"@id\":\"https:\\\/\\\/cooperativetoudarte.com\\\/fr\\\/#organization\",\"name\":\"Toudarte Cooperative\",\"alternateName\":\"Cooperative Toudarte\",\"url\":\"https:\\\/\\\/cooperativetoudarte.com\\\/fr\\\/\",\"logo\":{\"@id\":\"https:\\\/\\\/cooperativetoudarte.com\\\/product\\\/organic-culinary-argan-oil-1l\\\/#local-main-organization-logo\"},\"image\":{\"@id\":\"https:\\\/\\\/cooperativetoudarte.com\\\/product\\\/organic-culinary-argan-oil-1l\\\/#local-main-organization-logo\"},\"sameAs\":[\"https:\\\/\\\/www.facebook.com\\\/cooperative.toudarte\\\/\",\"https:\\\/\\\/x.com\\\/cooprativetouda\",\"https:\\\/\\\/www.instagram.com\\\/cooperativetoudarte\",\"https:\\\/\\\/www.youtube.com\\\/c\\\/COOPERATIVETOUDARTE\"],\"openingHoursSpecification\":[{\"@type\":\"OpeningHoursSpecification\",\"dayOfWeek\":[\"Monday\",\"Tuesday\",\"Wednesday\",\"Thursday\",\"Friday\",\"Saturday\",\"Sunday\"],\"opens\":\"09:00\",\"closes\":\"17:00\"}]},{\"@type\":\"ImageObject\",\"inLanguage\":\"es\",\"@id\":\"https:\\\/\\\/cooperativetoudarte.com\\\/product\\\/organic-culinary-argan-oil-1l\\\/#local-main-organization-logo\",\"url\":\"https:\\\/\\\/cooperativetoudarte.com\\\/wp-content\\\/uploads\\\/2023\\\/11\\\/PngLogo-1.png\",\"contentUrl\":\"https:\\\/\\\/cooperativetoudarte.com\\\/wp-content\\\/uploads\\\/2023\\\/11\\\/PngLogo-1.png\",\"width\":512,\"height\":512,\"caption\":\"Toudarte Cooperative\"}]}<\/script>\n<meta property=\"product:price:amount\" content=\"700.00\" \/>\n<meta property=\"product:price:currency\" content=\"MAD\" \/>\n<meta property=\"og:availability\" content=\"instock\" \/>\n<meta property=\"product:availability\" content=\"instock\" \/>\n<meta property=\"product:condition\" content=\"new\" \/>\n<!-- \/ Yoast SEO Premium plugin. -->","yoast_head_json":{"title":"Organic-culinary-argan-oil-Toudarte","description":"Savor the rich, nutty flavor of our Organic Culinary Argan Oil, cold-pressed from hand-harvested argan kernels in Morocco. Packed with essential fatty acids, antioxidants, and vitamin E, this golden oil brings a unique depth to your dishes\u2014perfect for drizzling over salads, couscous, grilled vegetables, or dipping bread. 100% pure and certified organic, it\u2019s a nutritious, gourmet addition to any kitchen.","robots":{"index":"index","follow":"follow","max-snippet":"max-snippet:-1","max-image-preview":"max-image-preview:large","max-video-preview":"max-video-preview:-1"},"canonical":"https:\/\/cooperativetoudarte.com\/es\/producto\/organic-culinary-argan-oil-1l\/","og_locale":"es_ES","og_type":"article","og_title":"ORGANIC CULINARY ARGAN OIL 1L","og_description":"Savor the rich, nutty flavor of our Organic Culinary Argan Oil, cold-pressed from hand-harvested argan kernels in Morocco. Packed with essential fatty acids, antioxidants, and vitamin E, this golden oil brings a unique depth to your dishes\u2014perfect for drizzling over salads, couscous, grilled vegetables, or dipping bread. 100% pure and certified organic, it\u2019s a nutritious, gourmet addition to any kitchen.","og_url":"https:\/\/cooperativetoudarte.com\/es\/producto\/organic-culinary-argan-oil-1l\/","og_site_name":"Toudarte","article_publisher":"https:\/\/www.facebook.com\/cooperative.toudarte\/","article_modified_time":"2025-11-01T16:54:11+00:00","og_image":[{"width":800,"height":800,"url":"https:\/\/cooperativetoudarte.com\/wp-content\/uploads\/2023\/10\/organic-culinary-argan-oil-1l-1.jpg","type":"image\/jpeg"}],"twitter_card":"summary_large_image","twitter_site":"@cooprativetouda","twitter_misc":{"Precio":"&#x62f;.&#x645;.700,00","Availability":"In stock"},"schema":{"@context":"https:\/\/schema.org","@graph":[{"@type":"WebPage","@id":"https:\/\/cooperativetoudarte.com\/product\/organic-culinary-argan-oil-1l\/","url":"https:\/\/cooperativetoudarte.com\/product\/organic-culinary-argan-oil-1l\/","name":"Organic-culinary-argan-oil-Toudarte","isPartOf":{"@id":"https:\/\/cooperativetoudarte.com\/fr\/#website"},"primaryImageOfPage":{"@id":"https:\/\/cooperativetoudarte.com\/product\/organic-culinary-argan-oil-1l\/#primaryimage"},"image":{"@id":"https:\/\/cooperativetoudarte.com\/product\/organic-culinary-argan-oil-1l\/#primaryimage"},"thumbnailUrl":"https:\/\/cooperativetoudarte.com\/wp-content\/uploads\/2023\/10\/organic-culinary-argan-oil-1l-1.jpg","datePublished":"2023-10-30T09:45:13+00:00","dateModified":"2025-11-01T16:54:11+00:00","description":"Savor the rich, nutty flavor of our Organic Culinary Argan Oil, cold-pressed from hand-harvested argan kernels in Morocco. Packed with essential fatty acids, antioxidants, and vitamin E, this golden oil brings a unique depth to your dishes\u2014perfect for drizzling over salads, couscous, grilled vegetables, or dipping bread. 100% pure and certified organic, it\u2019s a nutritious, gourmet addition to any kitchen.","breadcrumb":{"@id":"https:\/\/cooperativetoudarte.com\/product\/organic-culinary-argan-oil-1l\/#breadcrumb"},"inLanguage":"es","potentialAction":[{"@type":"ReadAction","target":["https:\/\/cooperativetoudarte.com\/product\/organic-culinary-argan-oil-1l\/"]}]},{"@type":"ImageObject","inLanguage":"es","@id":"https:\/\/cooperativetoudarte.com\/product\/organic-culinary-argan-oil-1l\/#primaryimage","url":"https:\/\/cooperativetoudarte.com\/wp-content\/uploads\/2023\/10\/organic-culinary-argan-oil-1l-1.jpg","contentUrl":"https:\/\/cooperativetoudarte.com\/wp-content\/uploads\/2023\/10\/organic-culinary-argan-oil-1l-1.jpg","width":800,"height":800},{"@type":"BreadcrumbList","@id":"https:\/\/cooperativetoudarte.com\/product\/organic-culinary-argan-oil-1l\/#breadcrumb","itemListElement":[{"@type":"ListItem","position":1,"name":"Home","item":"https:\/\/cooperativetoudarte.com\/"},{"@type":"ListItem","position":2,"name":"Shop","item":"https:\/\/cooperativetoudarte.com\/fr\/shop\/"},{"@type":"ListItem","position":3,"name":"ORGANIC CULINARY ARGAN OIL 1L"}]},{"@type":"WebSite","@id":"https:\/\/cooperativetoudarte.com\/fr\/#website","url":"https:\/\/cooperativetoudarte.com\/fr\/","name":"Cooperativa Toudarte","description":"High Quality Bio Products","publisher":{"@id":"https:\/\/cooperativetoudarte.com\/fr\/#organization"},"alternateName":"Cooperative Toudarte","potentialAction":[{"@type":"SearchAction","target":{"@type":"EntryPoint","urlTemplate":"https:\/\/cooperativetoudarte.com\/fr\/?s={search_term_string}"},"query-input":{"@type":"PropertyValueSpecification","valueRequired":true,"valueName":"search_term_string"}}],"inLanguage":"es"},{"@type":["Organization","Place"],"@id":"https:\/\/cooperativetoudarte.com\/fr\/#organization","name":"Cooperativa Toudarte","alternateName":"Cooperative Toudarte","url":"https:\/\/cooperativetoudarte.com\/fr\/","logo":{"@id":"https:\/\/cooperativetoudarte.com\/product\/organic-culinary-argan-oil-1l\/#local-main-organization-logo"},"image":{"@id":"https:\/\/cooperativetoudarte.com\/product\/organic-culinary-argan-oil-1l\/#local-main-organization-logo"},"sameAs":["https:\/\/www.facebook.com\/cooperative.toudarte\/","https:\/\/x.com\/cooprativetouda","https:\/\/www.instagram.com\/cooperativetoudarte","https:\/\/www.youtube.com\/c\/COOPERATIVETOUDARTE"],"openingHoursSpecification":[{"@type":"OpeningHoursSpecification","dayOfWeek":["Monday","Tuesday","Wednesday","Thursday","Friday","Saturday","Sunday"],"opens":"09:00","closes":"17:00"}]},{"@type":"ImageObject","inLanguage":"es","@id":"https:\/\/cooperativetoudarte.com\/product\/organic-culinary-argan-oil-1l\/#local-main-organization-logo","url":"https:\/\/cooperativetoudarte.com\/wp-content\/uploads\/2023\/11\/PngLogo-1.png","contentUrl":"https:\/\/cooperativetoudarte.com\/wp-content\/uploads\/2023\/11\/PngLogo-1.png","width":512,"height":512,"caption":"Toudarte Cooperative"}]},"product_price_amount":"700.00","product_price_currency":"MAD","og_availability":"instock","product_availability":"instock","product_condition":"new"},"jetpack_sharing_enabled":true,"_links":{"self":[{"href":"https:\/\/cooperativetoudarte.com\/es\/wp-json\/wp\/v2\/product\/402","targetHints":{"allow":["GET"]}}],"collection":[{"href":"https:\/\/cooperativetoudarte.com\/es\/wp-json\/wp\/v2\/product"}],"about":[{"href":"https:\/\/cooperativetoudarte.com\/es\/wp-json\/wp\/v2\/types\/product"}],"replies":[{"embeddable":true,"href":"https:\/\/cooperativetoudarte.com\/es\/wp-json\/wp\/v2\/comments?post=402"}],"wp:featuredmedia":[{"embeddable":true,"href":"https:\/\/cooperativetoudarte.com\/es\/wp-json\/wp\/v2\/media\/403"}],"wp:attachment":[{"href":"https:\/\/cooperativetoudarte.com\/es\/wp-json\/wp\/v2\/media?parent=402"}],"wp:term":[{"taxonomy":"product_brand","embeddable":true,"href":"https:\/\/cooperativetoudarte.com\/es\/wp-json\/wp\/v2\/product_brand?post=402"},{"taxonomy":"product_cat","embeddable":true,"href":"https:\/\/cooperativetoudarte.com\/es\/wp-json\/wp\/v2\/product_cat?post=402"},{"taxonomy":"product_tag","embeddable":true,"href":"https:\/\/cooperativetoudarte.com\/es\/wp-json\/wp\/v2\/product_tag?post=402"}],"curies":[{"name":"wp","href":"https:\/\/api.w.org\/{rel}","templated":true}]}}