{"id":396,"date":"2023-10-30T09:35:10","date_gmt":"2023-10-30T09:35:10","guid":{"rendered":"https:\/\/cooperativetoudarte.com\/?post_type=product&#038;p=396"},"modified":"2025-11-01T16:55:25","modified_gmt":"2025-11-01T16:55:25","slug":"culinary-argan-oil-500ml-artisanal-production-2","status":"publish","type":"product","link":"https:\/\/cooperativetoudarte.com\/es\/producto\/culinary-argan-oil-500ml-artisanal-production-2\/","title":{"rendered":"HUILE D'ARGAN TRADITIONNELLE,BOUTEILLE VERRE 500ML"},"content":{"rendered":"<div><strong>usar<\/strong>:<br \/>\n Ensaladas, carnes, pescados, bocadillos, etc.<\/p>\n<div><strong>Composici\u00f3n:<\/strong>:<br \/>\n Rico en vitamina E y grasas oleico-linoleicas, el aceite de arg\u00e1n contiene 80% de \u00e1cidos grasos insaturados.<\/div>\n<div><strong>Beneficios:<\/strong>:<\/p>\n<div>: El aceite de arg\u00e1n conocido por sus cualidades diet\u00e9ticas tambi\u00e9n tiene importantes virtudes diet\u00e9ticas y beneficiosas para el coraz\u00f3n.<\/div>\n<div>Su consumo protege contra el colesterol malo, la arteriosclerosis y el infarto de miocardio.<\/div>","protected":false},"excerpt":{"rendered":"<div><strong>Arg\u00e1n tradicional<\/strong> Es un aceite de arg\u00e1n culinario puro, prensado en fr\u00edo y elaborado con m\u00e9todos marroqu\u00edes tradicionales. Rico en sabor y nutrientes, este aceite dorado ofrece un profundo sabor a nuez, perfecto para rociar sobre platos, mojar pan o realzar recetas tradicionales. Un aut\u00e9ntico cl\u00e1sico de la herencia marroqu\u00ed, elaborado con granos de arg\u00e1n 100 % tostados.<\/p>","protected":false},"featured_media":398,"comment_status":"open","ping_status":"closed","template":"","meta":{"inline_featured_image":false},"product_brand":[],"product_cat":[32],"product_tag":[],"class_list":{"0":"post-396","1":"product","2":"type-product","3":"status-publish","4":"has-post-thumbnail","6":"product_cat-argan","8":"first","9":"instock","10":"shipping-taxable","11":"purchasable","12":"product-type-simple"},"yoast_head":"<!-- This site is optimized with the Yoast SEO Premium plugin v21.5 (Yoast SEO v27.4) - https:\/\/yoast.com\/product\/yoast-seo-premium-wordpress\/ -->\n<title>CULINARY ARGAN OIL 500ML &quot;ARTISANAL PRODUCTION&quot; - Toudarte<\/title>\n<meta name=\"description\" content=\"Argan Traditionnelle* is pure, cold-pressed culinary argan oil crafted using time-honored Moroccan methods. Rich in flavor and nutrients, this golden oil offers a deep, nutty taste perfect for drizzling over dishes, dipping bread, or enhancing traditional recipes. A true staple of Moroccan heritage, made with 100% roasted argan kernels.\" \/>\n<meta name=\"robots\" content=\"index, follow, max-snippet:-1, max-image-preview:large, max-video-preview:-1\" \/>\n<link rel=\"canonical\" href=\"https:\/\/cooperativetoudarte.com\/es\/producto\/culinary-argan-oil-500ml-artisanal-production-2\/\" \/>\n<meta property=\"og:locale\" content=\"es_ES\" \/>\n<meta property=\"og:type\" content=\"article\" \/>\n<meta property=\"og:title\" content=\"CULINARY ARGAN OIL 500ML &quot;ARTISANAL PRODUCTION&quot;\" \/>\n<meta property=\"og:description\" content=\"Argan Traditionnelle* is pure, cold-pressed culinary argan oil crafted using time-honored Moroccan methods. Rich in flavor and nutrients, this golden oil offers a deep, nutty taste perfect for drizzling over dishes, dipping bread, or enhancing traditional recipes. A true staple of Moroccan heritage, made with 100% roasted argan kernels.\" \/>\n<meta property=\"og:url\" content=\"https:\/\/cooperativetoudarte.com\/es\/producto\/culinary-argan-oil-500ml-artisanal-production-2\/\" \/>\n<meta property=\"og:site_name\" content=\"Toudarte\" \/>\n<meta property=\"article:publisher\" content=\"https:\/\/www.facebook.com\/cooperative.toudarte\/\" \/>\n<meta property=\"article:modified_time\" content=\"2025-11-01T16:55:25+00:00\" \/>\n<meta property=\"og:image\" content=\"https:\/\/cooperativetoudarte.com\/wp-content\/uploads\/2023\/10\/culinary-argan-oil-500ml-artisanal-production-1.jpg\" \/>\n\t<meta property=\"og:image:width\" content=\"800\" \/>\n\t<meta property=\"og:image:height\" content=\"800\" \/>\n\t<meta property=\"og:image:type\" content=\"image\/jpeg\" \/>\n<meta name=\"twitter:card\" content=\"summary_large_image\" \/>\n<meta name=\"twitter:site\" content=\"@cooprativetouda\" \/>\n<meta name=\"twitter:label1\" content=\"Precio\" \/>\n\t<meta name=\"twitter:data1\" content=\"&#x62f;.&#x645;.350,00\" \/>\n\t<meta name=\"twitter:label2\" content=\"Availability\" \/>\n\t<meta name=\"twitter:data2\" content=\"In stock\" \/>\n<script type=\"application\/ld+json\" class=\"yoast-schema-graph\">{\"@context\":\"https:\\\/\\\/schema.org\",\"@graph\":[{\"@type\":\"WebPage\",\"@id\":\"https:\\\/\\\/cooperativetoudarte.com\\\/product\\\/culinary-argan-oil-500ml-artisanal-production-2\\\/\",\"url\":\"https:\\\/\\\/cooperativetoudarte.com\\\/product\\\/culinary-argan-oil-500ml-artisanal-production-2\\\/\",\"name\":\"CULINARY ARGAN OIL 500ML \\\"ARTISANAL PRODUCTION\\\" - Toudarte\",\"isPartOf\":{\"@id\":\"https:\\\/\\\/cooperativetoudarte.com\\\/fr\\\/#website\"},\"primaryImageOfPage\":{\"@id\":\"https:\\\/\\\/cooperativetoudarte.com\\\/product\\\/culinary-argan-oil-500ml-artisanal-production-2\\\/#primaryimage\"},\"image\":{\"@id\":\"https:\\\/\\\/cooperativetoudarte.com\\\/product\\\/culinary-argan-oil-500ml-artisanal-production-2\\\/#primaryimage\"},\"thumbnailUrl\":\"https:\\\/\\\/cooperativetoudarte.com\\\/wp-content\\\/uploads\\\/2023\\\/10\\\/culinary-argan-oil-500ml-artisanal-production-1.jpg\",\"datePublished\":\"2023-10-30T09:35:10+00:00\",\"dateModified\":\"2025-11-01T16:55:25+00:00\",\"description\":\"Argan Traditionnelle* is pure, cold-pressed culinary argan oil crafted using time-honored Moroccan methods. Rich in flavor and nutrients, this golden oil offers a deep, nutty taste perfect for drizzling over dishes, dipping bread, or enhancing traditional recipes. A true staple of Moroccan heritage, made with 100% roasted argan kernels.\",\"breadcrumb\":{\"@id\":\"https:\\\/\\\/cooperativetoudarte.com\\\/product\\\/culinary-argan-oil-500ml-artisanal-production-2\\\/#breadcrumb\"},\"inLanguage\":\"es\",\"potentialAction\":[{\"@type\":\"ReadAction\",\"target\":[\"https:\\\/\\\/cooperativetoudarte.com\\\/product\\\/culinary-argan-oil-500ml-artisanal-production-2\\\/\"]}]},{\"@type\":\"ImageObject\",\"inLanguage\":\"es\",\"@id\":\"https:\\\/\\\/cooperativetoudarte.com\\\/product\\\/culinary-argan-oil-500ml-artisanal-production-2\\\/#primaryimage\",\"url\":\"https:\\\/\\\/cooperativetoudarte.com\\\/wp-content\\\/uploads\\\/2023\\\/10\\\/culinary-argan-oil-500ml-artisanal-production-1.jpg\",\"contentUrl\":\"https:\\\/\\\/cooperativetoudarte.com\\\/wp-content\\\/uploads\\\/2023\\\/10\\\/culinary-argan-oil-500ml-artisanal-production-1.jpg\",\"width\":800,\"height\":800},{\"@type\":\"BreadcrumbList\",\"@id\":\"https:\\\/\\\/cooperativetoudarte.com\\\/product\\\/culinary-argan-oil-500ml-artisanal-production-2\\\/#breadcrumb\",\"itemListElement\":[{\"@type\":\"ListItem\",\"position\":1,\"name\":\"Home\",\"item\":\"https:\\\/\\\/cooperativetoudarte.com\\\/\"},{\"@type\":\"ListItem\",\"position\":2,\"name\":\"Shop\",\"item\":\"https:\\\/\\\/cooperativetoudarte.com\\\/fr\\\/shop\\\/\"},{\"@type\":\"ListItem\",\"position\":3,\"name\":\"CULINARY ARGAN OIL 500ML &#8220;ARTISANAL PRODUCTION&#8221;\"}]},{\"@type\":\"WebSite\",\"@id\":\"https:\\\/\\\/cooperativetoudarte.com\\\/fr\\\/#website\",\"url\":\"https:\\\/\\\/cooperativetoudarte.com\\\/fr\\\/\",\"name\":\"Toudarte Cooperative\",\"description\":\"High Quality Bio Products\",\"publisher\":{\"@id\":\"https:\\\/\\\/cooperativetoudarte.com\\\/fr\\\/#organization\"},\"alternateName\":\"Cooperative Toudarte\",\"potentialAction\":[{\"@type\":\"SearchAction\",\"target\":{\"@type\":\"EntryPoint\",\"urlTemplate\":\"https:\\\/\\\/cooperativetoudarte.com\\\/fr\\\/?s={search_term_string}\"},\"query-input\":{\"@type\":\"PropertyValueSpecification\",\"valueRequired\":true,\"valueName\":\"search_term_string\"}}],\"inLanguage\":\"es\"},{\"@type\":[\"Organization\",\"Place\"],\"@id\":\"https:\\\/\\\/cooperativetoudarte.com\\\/fr\\\/#organization\",\"name\":\"Toudarte Cooperative\",\"alternateName\":\"Cooperative Toudarte\",\"url\":\"https:\\\/\\\/cooperativetoudarte.com\\\/fr\\\/\",\"logo\":{\"@id\":\"https:\\\/\\\/cooperativetoudarte.com\\\/product\\\/culinary-argan-oil-500ml-artisanal-production-2\\\/#local-main-organization-logo\"},\"image\":{\"@id\":\"https:\\\/\\\/cooperativetoudarte.com\\\/product\\\/culinary-argan-oil-500ml-artisanal-production-2\\\/#local-main-organization-logo\"},\"sameAs\":[\"https:\\\/\\\/www.facebook.com\\\/cooperative.toudarte\\\/\",\"https:\\\/\\\/x.com\\\/cooprativetouda\",\"https:\\\/\\\/www.instagram.com\\\/cooperativetoudarte\",\"https:\\\/\\\/www.youtube.com\\\/c\\\/COOPERATIVETOUDARTE\"],\"openingHoursSpecification\":[{\"@type\":\"OpeningHoursSpecification\",\"dayOfWeek\":[\"Monday\",\"Tuesday\",\"Wednesday\",\"Thursday\",\"Friday\",\"Saturday\",\"Sunday\"],\"opens\":\"09:00\",\"closes\":\"17:00\"}]},{\"@type\":\"ImageObject\",\"inLanguage\":\"es\",\"@id\":\"https:\\\/\\\/cooperativetoudarte.com\\\/product\\\/culinary-argan-oil-500ml-artisanal-production-2\\\/#local-main-organization-logo\",\"url\":\"https:\\\/\\\/cooperativetoudarte.com\\\/wp-content\\\/uploads\\\/2023\\\/11\\\/PngLogo-1.png\",\"contentUrl\":\"https:\\\/\\\/cooperativetoudarte.com\\\/wp-content\\\/uploads\\\/2023\\\/11\\\/PngLogo-1.png\",\"width\":512,\"height\":512,\"caption\":\"Toudarte Cooperative\"}]}<\/script>\n<meta property=\"product:price:amount\" content=\"350.00\" \/>\n<meta property=\"product:price:currency\" content=\"MAD\" \/>\n<meta property=\"og:availability\" content=\"instock\" \/>\n<meta property=\"product:availability\" content=\"instock\" \/>\n<meta property=\"product:condition\" content=\"new\" \/>\n<!-- \/ Yoast SEO Premium plugin. -->","yoast_head_json":{"title":"CULINARY ARGAN OIL 500ML \"ARTISANAL PRODUCTION\" - Toudarte","description":"Argan Traditionnelle* is pure, cold-pressed culinary argan oil crafted using time-honored Moroccan methods. Rich in flavor and nutrients, this golden oil offers a deep, nutty taste perfect for drizzling over dishes, dipping bread, or enhancing traditional recipes. A true staple of Moroccan heritage, made with 100% roasted argan kernels.","robots":{"index":"index","follow":"follow","max-snippet":"max-snippet:-1","max-image-preview":"max-image-preview:large","max-video-preview":"max-video-preview:-1"},"canonical":"https:\/\/cooperativetoudarte.com\/es\/producto\/culinary-argan-oil-500ml-artisanal-production-2\/","og_locale":"es_ES","og_type":"article","og_title":"CULINARY ARGAN OIL 500ML \"ARTISANAL PRODUCTION\"","og_description":"Argan Traditionnelle* is pure, cold-pressed culinary argan oil crafted using time-honored Moroccan methods. Rich in flavor and nutrients, this golden oil offers a deep, nutty taste perfect for drizzling over dishes, dipping bread, or enhancing traditional recipes. A true staple of Moroccan heritage, made with 100% roasted argan kernels.","og_url":"https:\/\/cooperativetoudarte.com\/es\/producto\/culinary-argan-oil-500ml-artisanal-production-2\/","og_site_name":"Toudarte","article_publisher":"https:\/\/www.facebook.com\/cooperative.toudarte\/","article_modified_time":"2025-11-01T16:55:25+00:00","og_image":[{"width":800,"height":800,"url":"https:\/\/cooperativetoudarte.com\/wp-content\/uploads\/2023\/10\/culinary-argan-oil-500ml-artisanal-production-1.jpg","type":"image\/jpeg"}],"twitter_card":"summary_large_image","twitter_site":"@cooprativetouda","twitter_misc":{"Precio":"&#x62f;.&#x645;.350,00","Availability":"In stock"},"schema":{"@context":"https:\/\/schema.org","@graph":[{"@type":"WebPage","@id":"https:\/\/cooperativetoudarte.com\/product\/culinary-argan-oil-500ml-artisanal-production-2\/","url":"https:\/\/cooperativetoudarte.com\/product\/culinary-argan-oil-500ml-artisanal-production-2\/","name":"CULINARY ARGAN OIL 500ML \"ARTISANAL PRODUCTION\" - Toudarte","isPartOf":{"@id":"https:\/\/cooperativetoudarte.com\/fr\/#website"},"primaryImageOfPage":{"@id":"https:\/\/cooperativetoudarte.com\/product\/culinary-argan-oil-500ml-artisanal-production-2\/#primaryimage"},"image":{"@id":"https:\/\/cooperativetoudarte.com\/product\/culinary-argan-oil-500ml-artisanal-production-2\/#primaryimage"},"thumbnailUrl":"https:\/\/cooperativetoudarte.com\/wp-content\/uploads\/2023\/10\/culinary-argan-oil-500ml-artisanal-production-1.jpg","datePublished":"2023-10-30T09:35:10+00:00","dateModified":"2025-11-01T16:55:25+00:00","description":"Argan Traditionnelle* is pure, cold-pressed culinary argan oil crafted using time-honored Moroccan methods. Rich in flavor and nutrients, this golden oil offers a deep, nutty taste perfect for drizzling over dishes, dipping bread, or enhancing traditional recipes. A true staple of Moroccan heritage, made with 100% roasted argan kernels.","breadcrumb":{"@id":"https:\/\/cooperativetoudarte.com\/product\/culinary-argan-oil-500ml-artisanal-production-2\/#breadcrumb"},"inLanguage":"es","potentialAction":[{"@type":"ReadAction","target":["https:\/\/cooperativetoudarte.com\/product\/culinary-argan-oil-500ml-artisanal-production-2\/"]}]},{"@type":"ImageObject","inLanguage":"es","@id":"https:\/\/cooperativetoudarte.com\/product\/culinary-argan-oil-500ml-artisanal-production-2\/#primaryimage","url":"https:\/\/cooperativetoudarte.com\/wp-content\/uploads\/2023\/10\/culinary-argan-oil-500ml-artisanal-production-1.jpg","contentUrl":"https:\/\/cooperativetoudarte.com\/wp-content\/uploads\/2023\/10\/culinary-argan-oil-500ml-artisanal-production-1.jpg","width":800,"height":800},{"@type":"BreadcrumbList","@id":"https:\/\/cooperativetoudarte.com\/product\/culinary-argan-oil-500ml-artisanal-production-2\/#breadcrumb","itemListElement":[{"@type":"ListItem","position":1,"name":"Home","item":"https:\/\/cooperativetoudarte.com\/"},{"@type":"ListItem","position":2,"name":"Shop","item":"https:\/\/cooperativetoudarte.com\/fr\/shop\/"},{"@type":"ListItem","position":3,"name":"CULINARY ARGAN OIL 500ML &#8220;ARTISANAL PRODUCTION&#8221;"}]},{"@type":"WebSite","@id":"https:\/\/cooperativetoudarte.com\/fr\/#website","url":"https:\/\/cooperativetoudarte.com\/fr\/","name":"Cooperativa Toudarte","description":"High Quality Bio Products","publisher":{"@id":"https:\/\/cooperativetoudarte.com\/fr\/#organization"},"alternateName":"Cooperative Toudarte","potentialAction":[{"@type":"SearchAction","target":{"@type":"EntryPoint","urlTemplate":"https:\/\/cooperativetoudarte.com\/fr\/?s={search_term_string}"},"query-input":{"@type":"PropertyValueSpecification","valueRequired":true,"valueName":"search_term_string"}}],"inLanguage":"es"},{"@type":["Organization","Place"],"@id":"https:\/\/cooperativetoudarte.com\/fr\/#organization","name":"Cooperativa Toudarte","alternateName":"Cooperative Toudarte","url":"https:\/\/cooperativetoudarte.com\/fr\/","logo":{"@id":"https:\/\/cooperativetoudarte.com\/product\/culinary-argan-oil-500ml-artisanal-production-2\/#local-main-organization-logo"},"image":{"@id":"https:\/\/cooperativetoudarte.com\/product\/culinary-argan-oil-500ml-artisanal-production-2\/#local-main-organization-logo"},"sameAs":["https:\/\/www.facebook.com\/cooperative.toudarte\/","https:\/\/x.com\/cooprativetouda","https:\/\/www.instagram.com\/cooperativetoudarte","https:\/\/www.youtube.com\/c\/COOPERATIVETOUDARTE"],"openingHoursSpecification":[{"@type":"OpeningHoursSpecification","dayOfWeek":["Monday","Tuesday","Wednesday","Thursday","Friday","Saturday","Sunday"],"opens":"09:00","closes":"17:00"}]},{"@type":"ImageObject","inLanguage":"es","@id":"https:\/\/cooperativetoudarte.com\/product\/culinary-argan-oil-500ml-artisanal-production-2\/#local-main-organization-logo","url":"https:\/\/cooperativetoudarte.com\/wp-content\/uploads\/2023\/11\/PngLogo-1.png","contentUrl":"https:\/\/cooperativetoudarte.com\/wp-content\/uploads\/2023\/11\/PngLogo-1.png","width":512,"height":512,"caption":"Toudarte Cooperative"}]},"product_price_amount":"350.00","product_price_currency":"MAD","og_availability":"instock","product_availability":"instock","product_condition":"new"},"jetpack_sharing_enabled":true,"_links":{"self":[{"href":"https:\/\/cooperativetoudarte.com\/es\/wp-json\/wp\/v2\/product\/396","targetHints":{"allow":["GET"]}}],"collection":[{"href":"https:\/\/cooperativetoudarte.com\/es\/wp-json\/wp\/v2\/product"}],"about":[{"href":"https:\/\/cooperativetoudarte.com\/es\/wp-json\/wp\/v2\/types\/product"}],"replies":[{"embeddable":true,"href":"https:\/\/cooperativetoudarte.com\/es\/wp-json\/wp\/v2\/comments?post=396"}],"wp:featuredmedia":[{"embeddable":true,"href":"https:\/\/cooperativetoudarte.com\/es\/wp-json\/wp\/v2\/media\/398"}],"wp:attachment":[{"href":"https:\/\/cooperativetoudarte.com\/es\/wp-json\/wp\/v2\/media?parent=396"}],"wp:term":[{"taxonomy":"product_brand","embeddable":true,"href":"https:\/\/cooperativetoudarte.com\/es\/wp-json\/wp\/v2\/product_brand?post=396"},{"taxonomy":"product_cat","embeddable":true,"href":"https:\/\/cooperativetoudarte.com\/es\/wp-json\/wp\/v2\/product_cat?post=396"},{"taxonomy":"product_tag","embeddable":true,"href":"https:\/\/cooperativetoudarte.com\/es\/wp-json\/wp\/v2\/product_tag?post=396"}],"curies":[{"name":"wp","href":"https:\/\/api.w.org\/{rel}","templated":true}]}}