{"id":388,"date":"2023-10-30T09:18:57","date_gmt":"2023-10-30T09:18:57","guid":{"rendered":"https:\/\/cooperativetoudarte.com\/?post_type=product&#038;p=388"},"modified":"2025-05-23T19:53:30","modified_gmt":"2025-05-23T19:53:30","slug":"thistle-honey","status":"publish","type":"product","link":"https:\/\/cooperativetoudarte.com\/es\/producto\/thistle-honey\/","title":{"rendered":"MIEL  CARDO"},"content":{"rendered":"<div><strong>Beneficios:<\/strong><\/p>\n<p>** Rico en antioxidantes **<\/p>\n<p>La miel de cardo contiene antioxidantes que ayudan a combatir los radicales libres en el organismo. Esto puede contribuir a reducir la inflamaci\u00f3n y el riesgo de enfermedades cr\u00f3nicas, como las cardiopat\u00edas.<\/p>\n<p>**Propiedades antiinflamatorias**<\/p>\n<p>Los compuestos de la miel de cardo tienen efectos antiinflamatorios naturales. Puede ayudar a aliviar el dolor de garganta, reducir la inflamaci\u00f3n y mejorar la funci\u00f3n inmunitaria general.<\/p>\n<p>**Apoya la salud digestiva**<\/p>\n<p>La miel es conocida por sus propiedades prebi\u00f3ticas, que favorecen el crecimiento de bacterias beneficiosas en el intestino. La miel de cardo puede contribuir a una mejor digesti\u00f3n y a la salud intestinal.<\/p>\n<p>**Ayuda con el cuidado de la piel**<\/p>\n<p>Al igual que otros tipos de miel, la miel de cardo tiene propiedades antibacterianas e hidratantes, lo que la hace ideal para el cuidado de la piel. Puede usarse para tratar heridas, quemaduras y otras afecciones cut\u00e1neas. Tambi\u00e9n se utiliza a menudo en mascarillas faciales y tratamientos para la piel por sus efectos hidratantes y cicatrizantes.<\/p>\n<p>**Impulso de energ\u00eda natural**<\/p>\n<p>Debido a sus az\u00facares naturales (como la glucosa y la fructosa), la miel de cardo puede proporcionar un r\u00e1pido impulso de energ\u00eda, lo que la convierte en una buena opci\u00f3n para deportistas o aquellos que necesitan un est\u00edmulo r\u00e1pido.<\/p>\n<p>**Apoya el sistema inmunol\u00f3gico**<\/p>\n<p>La miel, en general, es conocida por su capacidad para fortalecer el sistema inmunitario gracias a sus propiedades antimicrobianas y antibacterianas. La miel de cardo puede ayudar a reducir el riesgo de infecciones y a acelerar la recuperaci\u00f3n de resfriados o gripes.<\/p>\n<p>**Alivio de la tos**<\/p>\n<p>La miel de cardo puede ser un remedio calmante para la tos persistente. Ayuda a recubrir la garganta, reduciendo la irritaci\u00f3n y la inflamaci\u00f3n, lo que puede brindar alivio.<\/p>\n<p>**Alto en nutrientes**<\/p>\n<p>La miel de cardo es una buena fuente de minerales como calcio, hierro, magnesio y potasio, todos ellos que desempe\u00f1an un papel esencial en el mantenimiento de una buena salud.<\/p>","protected":false},"excerpt":{"rendered":"<div><strong>Miel de cardo<\/strong> Delicadamente dulce con matices florales, la Miel de Cardo es una delicia dorada y aterciopelada, extra\u00edda del n\u00e9ctar de las flores silvestres del cardo. Su textura suave y su sabor suave la hacen perfecta para rociar sobre tostadas, mezclar con t\u00e9 o disfrutarla a cucharadas. Naturalmente rica en antioxidantes y enzimas, esta miel cruda es tan nutritiva como deliciosa: la dulzura pura de la naturaleza en cada frasco.<\/p>","protected":false},"featured_media":393,"comment_status":"open","ping_status":"closed","template":"","meta":{"inline_featured_image":false},"product_brand":[],"product_cat":[33],"product_tag":[],"class_list":{"0":"post-388","1":"product","2":"type-product","3":"status-publish","4":"has-post-thumbnail","6":"product_cat-honey","8":"first","9":"instock","10":"shipping-taxable","11":"purchasable","12":"product-type-variable","13":"has-default-attributes"},"yoast_head":"<!-- This site is optimized with the Yoast SEO Premium plugin v21.5 (Yoast SEO v27.3) - https:\/\/yoast.com\/product\/yoast-seo-premium-wordpress\/ -->\n<title>thistle-honey-Toudarte<\/title>\n<meta name=\"description\" content=\"Delicately sweet with floral undertones, Thistle Honey is a golden, velvety treat harvested from the nectar of wild thistle blossoms. Its smooth texture and mild flavor make it perfect for drizzling over toast, stirring into tea, or enjoying by the spoonful. Naturally rich in antioxidants and enzymes, this raw honey is as nourishing as it is delicious\u2014nature\u2019s pure sweetness in every jar.\" \/>\n<meta name=\"robots\" content=\"index, follow, max-snippet:-1, max-image-preview:large, max-video-preview:-1\" \/>\n<link rel=\"canonical\" href=\"https:\/\/cooperativetoudarte.com\/es\/producto\/thistle-honey\/\" \/>\n<meta property=\"og:locale\" content=\"es_ES\" \/>\n<meta property=\"og:type\" content=\"article\" \/>\n<meta property=\"og:title\" content=\"THISTLE HONEY\" \/>\n<meta property=\"og:description\" content=\"Delicately sweet with floral undertones, Thistle Honey is a golden, velvety treat harvested from the nectar of wild thistle blossoms. Its smooth texture and mild flavor make it perfect for drizzling over toast, stirring into tea, or enjoying by the spoonful. Naturally rich in antioxidants and enzymes, this raw honey is as nourishing as it is delicious\u2014nature\u2019s pure sweetness in every jar.\" \/>\n<meta property=\"og:url\" content=\"https:\/\/cooperativetoudarte.com\/es\/producto\/thistle-honey\/\" \/>\n<meta property=\"og:site_name\" content=\"Toudarte\" \/>\n<meta property=\"article:publisher\" content=\"https:\/\/www.facebook.com\/cooperative.toudarte\/\" \/>\n<meta property=\"article:modified_time\" content=\"2025-05-23T19:53:30+00:00\" \/>\n<meta property=\"og:image\" content=\"https:\/\/cooperativetoudarte.com\/wp-content\/uploads\/2023\/10\/thistle-honey.jpg\" \/>\n\t<meta property=\"og:image:width\" content=\"800\" \/>\n\t<meta property=\"og:image:height\" content=\"800\" \/>\n\t<meta property=\"og:image:type\" content=\"image\/jpeg\" \/>\n<meta name=\"twitter:card\" content=\"summary_large_image\" \/>\n<meta name=\"twitter:site\" content=\"@cooprativetouda\" \/>\n<meta name=\"twitter:label1\" content=\"Availability\" \/>\n\t<meta name=\"twitter:data1\" content=\"In stock\" \/>\n<script type=\"application\/ld+json\" class=\"yoast-schema-graph\">{\"@context\":\"https:\\\/\\\/schema.org\",\"@graph\":[{\"@type\":\"WebPage\",\"@id\":\"https:\\\/\\\/cooperativetoudarte.com\\\/product\\\/thistle-honey\\\/\",\"url\":\"https:\\\/\\\/cooperativetoudarte.com\\\/product\\\/thistle-honey\\\/\",\"name\":\"thistle-honey-Toudarte\",\"isPartOf\":{\"@id\":\"https:\\\/\\\/cooperativetoudarte.com\\\/fr\\\/#website\"},\"primaryImageOfPage\":{\"@id\":\"https:\\\/\\\/cooperativetoudarte.com\\\/product\\\/thistle-honey\\\/#primaryimage\"},\"image\":{\"@id\":\"https:\\\/\\\/cooperativetoudarte.com\\\/product\\\/thistle-honey\\\/#primaryimage\"},\"thumbnailUrl\":\"https:\\\/\\\/cooperativetoudarte.com\\\/wp-content\\\/uploads\\\/2023\\\/10\\\/thistle-honey.jpg\",\"datePublished\":\"2023-10-30T09:18:57+00:00\",\"dateModified\":\"2025-05-23T19:53:30+00:00\",\"description\":\"Delicately sweet with floral undertones, Thistle Honey is a golden, velvety treat harvested from the nectar of wild thistle blossoms. Its smooth texture and mild flavor make it perfect for drizzling over toast, stirring into tea, or enjoying by the spoonful. Naturally rich in antioxidants and enzymes, this raw honey is as nourishing as it is delicious\u2014nature\u2019s pure sweetness in every jar.\",\"breadcrumb\":{\"@id\":\"https:\\\/\\\/cooperativetoudarte.com\\\/product\\\/thistle-honey\\\/#breadcrumb\"},\"inLanguage\":\"es\",\"potentialAction\":[{\"@type\":\"ReadAction\",\"target\":[\"https:\\\/\\\/cooperativetoudarte.com\\\/product\\\/thistle-honey\\\/\"]}]},{\"@type\":\"ImageObject\",\"inLanguage\":\"es\",\"@id\":\"https:\\\/\\\/cooperativetoudarte.com\\\/product\\\/thistle-honey\\\/#primaryimage\",\"url\":\"https:\\\/\\\/cooperativetoudarte.com\\\/wp-content\\\/uploads\\\/2023\\\/10\\\/thistle-honey.jpg\",\"contentUrl\":\"https:\\\/\\\/cooperativetoudarte.com\\\/wp-content\\\/uploads\\\/2023\\\/10\\\/thistle-honey.jpg\",\"width\":800,\"height\":800},{\"@type\":\"BreadcrumbList\",\"@id\":\"https:\\\/\\\/cooperativetoudarte.com\\\/product\\\/thistle-honey\\\/#breadcrumb\",\"itemListElement\":[{\"@type\":\"ListItem\",\"position\":1,\"name\":\"Home\",\"item\":\"https:\\\/\\\/cooperativetoudarte.com\\\/\"},{\"@type\":\"ListItem\",\"position\":2,\"name\":\"Shop\",\"item\":\"https:\\\/\\\/cooperativetoudarte.com\\\/fr\\\/shop\\\/\"},{\"@type\":\"ListItem\",\"position\":3,\"name\":\"THISTLE HONEY\"}]},{\"@type\":\"WebSite\",\"@id\":\"https:\\\/\\\/cooperativetoudarte.com\\\/fr\\\/#website\",\"url\":\"https:\\\/\\\/cooperativetoudarte.com\\\/fr\\\/\",\"name\":\"Toudarte Cooperative\",\"description\":\"High Quality Bio Products\",\"publisher\":{\"@id\":\"https:\\\/\\\/cooperativetoudarte.com\\\/fr\\\/#organization\"},\"alternateName\":\"Cooperative Toudarte\",\"potentialAction\":[{\"@type\":\"SearchAction\",\"target\":{\"@type\":\"EntryPoint\",\"urlTemplate\":\"https:\\\/\\\/cooperativetoudarte.com\\\/fr\\\/?s={search_term_string}\"},\"query-input\":{\"@type\":\"PropertyValueSpecification\",\"valueRequired\":true,\"valueName\":\"search_term_string\"}}],\"inLanguage\":\"es\"},{\"@type\":[\"Organization\",\"Place\"],\"@id\":\"https:\\\/\\\/cooperativetoudarte.com\\\/fr\\\/#organization\",\"name\":\"Toudarte Cooperative\",\"alternateName\":\"Cooperative Toudarte\",\"url\":\"https:\\\/\\\/cooperativetoudarte.com\\\/fr\\\/\",\"logo\":{\"@id\":\"https:\\\/\\\/cooperativetoudarte.com\\\/product\\\/thistle-honey\\\/#local-main-organization-logo\"},\"image\":{\"@id\":\"https:\\\/\\\/cooperativetoudarte.com\\\/product\\\/thistle-honey\\\/#local-main-organization-logo\"},\"sameAs\":[\"https:\\\/\\\/www.facebook.com\\\/cooperative.toudarte\\\/\",\"https:\\\/\\\/x.com\\\/cooprativetouda\",\"https:\\\/\\\/www.instagram.com\\\/cooperativetoudarte\",\"https:\\\/\\\/www.youtube.com\\\/c\\\/COOPERATIVETOUDARTE\"],\"openingHoursSpecification\":[{\"@type\":\"OpeningHoursSpecification\",\"dayOfWeek\":[\"Monday\",\"Tuesday\",\"Wednesday\",\"Thursday\",\"Friday\",\"Saturday\",\"Sunday\"],\"opens\":\"09:00\",\"closes\":\"17:00\"}]},{\"@type\":\"ImageObject\",\"inLanguage\":\"es\",\"@id\":\"https:\\\/\\\/cooperativetoudarte.com\\\/product\\\/thistle-honey\\\/#local-main-organization-logo\",\"url\":\"https:\\\/\\\/cooperativetoudarte.com\\\/wp-content\\\/uploads\\\/2023\\\/11\\\/PngLogo-1.png\",\"contentUrl\":\"https:\\\/\\\/cooperativetoudarte.com\\\/wp-content\\\/uploads\\\/2023\\\/11\\\/PngLogo-1.png\",\"width\":512,\"height\":512,\"caption\":\"Toudarte Cooperative\"}]}<\/script>\n<meta property=\"og:availability\" content=\"instock\" \/>\n<meta property=\"product:availability\" content=\"instock\" \/>\n<meta property=\"product:condition\" content=\"new\" \/>\n<!-- \/ Yoast SEO Premium plugin. -->","yoast_head_json":{"title":"thistle-honey-Toudarte","description":"Delicately sweet with floral undertones, Thistle Honey is a golden, velvety treat harvested from the nectar of wild thistle blossoms. Its smooth texture and mild flavor make it perfect for drizzling over toast, stirring into tea, or enjoying by the spoonful. Naturally rich in antioxidants and enzymes, this raw honey is as nourishing as it is delicious\u2014nature\u2019s pure sweetness in every jar.","robots":{"index":"index","follow":"follow","max-snippet":"max-snippet:-1","max-image-preview":"max-image-preview:large","max-video-preview":"max-video-preview:-1"},"canonical":"https:\/\/cooperativetoudarte.com\/es\/producto\/thistle-honey\/","og_locale":"es_ES","og_type":"article","og_title":"THISTLE HONEY","og_description":"Delicately sweet with floral undertones, Thistle Honey is a golden, velvety treat harvested from the nectar of wild thistle blossoms. Its smooth texture and mild flavor make it perfect for drizzling over toast, stirring into tea, or enjoying by the spoonful. Naturally rich in antioxidants and enzymes, this raw honey is as nourishing as it is delicious\u2014nature\u2019s pure sweetness in every jar.","og_url":"https:\/\/cooperativetoudarte.com\/es\/producto\/thistle-honey\/","og_site_name":"Toudarte","article_publisher":"https:\/\/www.facebook.com\/cooperative.toudarte\/","article_modified_time":"2025-05-23T19:53:30+00:00","og_image":[{"width":800,"height":800,"url":"https:\/\/cooperativetoudarte.com\/wp-content\/uploads\/2023\/10\/thistle-honey.jpg","type":"image\/jpeg"}],"twitter_card":"summary_large_image","twitter_site":"@cooprativetouda","twitter_misc":{"Availability":"In stock"},"schema":{"@context":"https:\/\/schema.org","@graph":[{"@type":"WebPage","@id":"https:\/\/cooperativetoudarte.com\/product\/thistle-honey\/","url":"https:\/\/cooperativetoudarte.com\/product\/thistle-honey\/","name":"thistle-honey-Toudarte","isPartOf":{"@id":"https:\/\/cooperativetoudarte.com\/fr\/#website"},"primaryImageOfPage":{"@id":"https:\/\/cooperativetoudarte.com\/product\/thistle-honey\/#primaryimage"},"image":{"@id":"https:\/\/cooperativetoudarte.com\/product\/thistle-honey\/#primaryimage"},"thumbnailUrl":"https:\/\/cooperativetoudarte.com\/wp-content\/uploads\/2023\/10\/thistle-honey.jpg","datePublished":"2023-10-30T09:18:57+00:00","dateModified":"2025-05-23T19:53:30+00:00","description":"Delicately sweet with floral undertones, Thistle Honey is a golden, velvety treat harvested from the nectar of wild thistle blossoms. Its smooth texture and mild flavor make it perfect for drizzling over toast, stirring into tea, or enjoying by the spoonful. Naturally rich in antioxidants and enzymes, this raw honey is as nourishing as it is delicious\u2014nature\u2019s pure sweetness in every jar.","breadcrumb":{"@id":"https:\/\/cooperativetoudarte.com\/product\/thistle-honey\/#breadcrumb"},"inLanguage":"es","potentialAction":[{"@type":"ReadAction","target":["https:\/\/cooperativetoudarte.com\/product\/thistle-honey\/"]}]},{"@type":"ImageObject","inLanguage":"es","@id":"https:\/\/cooperativetoudarte.com\/product\/thistle-honey\/#primaryimage","url":"https:\/\/cooperativetoudarte.com\/wp-content\/uploads\/2023\/10\/thistle-honey.jpg","contentUrl":"https:\/\/cooperativetoudarte.com\/wp-content\/uploads\/2023\/10\/thistle-honey.jpg","width":800,"height":800},{"@type":"BreadcrumbList","@id":"https:\/\/cooperativetoudarte.com\/product\/thistle-honey\/#breadcrumb","itemListElement":[{"@type":"ListItem","position":1,"name":"Home","item":"https:\/\/cooperativetoudarte.com\/"},{"@type":"ListItem","position":2,"name":"Shop","item":"https:\/\/cooperativetoudarte.com\/fr\/shop\/"},{"@type":"ListItem","position":3,"name":"THISTLE HONEY"}]},{"@type":"WebSite","@id":"https:\/\/cooperativetoudarte.com\/fr\/#website","url":"https:\/\/cooperativetoudarte.com\/fr\/","name":"Cooperativa Toudarte","description":"High Quality Bio Products","publisher":{"@id":"https:\/\/cooperativetoudarte.com\/fr\/#organization"},"alternateName":"Cooperative Toudarte","potentialAction":[{"@type":"SearchAction","target":{"@type":"EntryPoint","urlTemplate":"https:\/\/cooperativetoudarte.com\/fr\/?s={search_term_string}"},"query-input":{"@type":"PropertyValueSpecification","valueRequired":true,"valueName":"search_term_string"}}],"inLanguage":"es"},{"@type":["Organization","Place"],"@id":"https:\/\/cooperativetoudarte.com\/fr\/#organization","name":"Cooperativa Toudarte","alternateName":"Cooperative Toudarte","url":"https:\/\/cooperativetoudarte.com\/fr\/","logo":{"@id":"https:\/\/cooperativetoudarte.com\/product\/thistle-honey\/#local-main-organization-logo"},"image":{"@id":"https:\/\/cooperativetoudarte.com\/product\/thistle-honey\/#local-main-organization-logo"},"sameAs":["https:\/\/www.facebook.com\/cooperative.toudarte\/","https:\/\/x.com\/cooprativetouda","https:\/\/www.instagram.com\/cooperativetoudarte","https:\/\/www.youtube.com\/c\/COOPERATIVETOUDARTE"],"openingHoursSpecification":[{"@type":"OpeningHoursSpecification","dayOfWeek":["Monday","Tuesday","Wednesday","Thursday","Friday","Saturday","Sunday"],"opens":"09:00","closes":"17:00"}]},{"@type":"ImageObject","inLanguage":"es","@id":"https:\/\/cooperativetoudarte.com\/product\/thistle-honey\/#local-main-organization-logo","url":"https:\/\/cooperativetoudarte.com\/wp-content\/uploads\/2023\/11\/PngLogo-1.png","contentUrl":"https:\/\/cooperativetoudarte.com\/wp-content\/uploads\/2023\/11\/PngLogo-1.png","width":512,"height":512,"caption":"Toudarte Cooperative"}]},"og_availability":"instock","product_availability":"instock","product_condition":"new"},"jetpack_sharing_enabled":true,"_links":{"self":[{"href":"https:\/\/cooperativetoudarte.com\/es\/wp-json\/wp\/v2\/product\/388","targetHints":{"allow":["GET"]}}],"collection":[{"href":"https:\/\/cooperativetoudarte.com\/es\/wp-json\/wp\/v2\/product"}],"about":[{"href":"https:\/\/cooperativetoudarte.com\/es\/wp-json\/wp\/v2\/types\/product"}],"replies":[{"embeddable":true,"href":"https:\/\/cooperativetoudarte.com\/es\/wp-json\/wp\/v2\/comments?post=388"}],"wp:featuredmedia":[{"embeddable":true,"href":"https:\/\/cooperativetoudarte.com\/es\/wp-json\/wp\/v2\/media\/393"}],"wp:attachment":[{"href":"https:\/\/cooperativetoudarte.com\/es\/wp-json\/wp\/v2\/media?parent=388"}],"wp:term":[{"taxonomy":"product_brand","embeddable":true,"href":"https:\/\/cooperativetoudarte.com\/es\/wp-json\/wp\/v2\/product_brand?post=388"},{"taxonomy":"product_cat","embeddable":true,"href":"https:\/\/cooperativetoudarte.com\/es\/wp-json\/wp\/v2\/product_cat?post=388"},{"taxonomy":"product_tag","embeddable":true,"href":"https:\/\/cooperativetoudarte.com\/es\/wp-json\/wp\/v2\/product_tag?post=388"}],"curies":[{"name":"wp","href":"https:\/\/api.w.org\/{rel}","templated":true}]}}