{"id":374,"date":"2023-10-29T20:00:28","date_gmt":"2023-10-29T20:00:28","guid":{"rendered":"https:\/\/cooperativetoudarte.com\/?post_type=product&#038;p=374"},"modified":"2025-11-01T17:17:52","modified_gmt":"2025-11-01T17:17:52","slug":"organic-argan-oil-for-use-cosmetics-500ml","status":"publish","type":"product","link":"https:\/\/cooperativetoudarte.com\/es\/producto\/organic-argan-oil-for-use-cosmetics-500ml\/","title":{"rendered":"ACEITE DE ARG\u00c1N ORG\u00c1NICO DE USO COSM\u00c9TICO 500ML"},"content":{"rendered":"<ul>\n<li><strong>tratamientos faciales y corporales<\/strong><br \/>\nConserva la hidrataci\u00f3n de la piel y tiene propiedades suavizantes. Su alto contenido en vitamina E y diversos \u00e1cidos grasos lo convierten en el producto perfecto para el cuidado de la piel. Se absorbe r\u00e1pidamente y, por lo tanto, tambi\u00e9n se puede utilizar en el cuidado facial.<\/li>\n<li><strong>acondicionador<\/strong><br \/>\nEl aceite de arg\u00e1n hace que el cabello sea m\u00e1s suave y brillante. Es ideal como acondicionador, especialmente para evitar las puntas abiertas.<\/li>\n<li><strong>producto de peinado<\/strong><br \/>\nEl aceite de arg\u00e1n se utiliza a menudo para peinados porque doma y alisa el cabello, mientras que le da un brillo saludable. Solo vierte unas gotas de aceite en tus palmas, fr\u00f3talas y pasa la mano por el cabello para \"peinarlo\" con los dedos.<\/li>\n<li><strong>tratamiento antiedad<\/strong><br \/>\nAplicado regularmente, el aceite de arg\u00e1n reduce las arrugas porque hidrata la piel. Sus antioxidantes lo convierten en un tratamiento antienvejecimiento perfecto. Tambi\u00e9n mejora la elasticidad de la piel. Basta con masajear unas gotas de aceite por la noche sobre todo el rostro.<\/li>\n<li><strong>para piel seca<\/strong><br \/>\nLas personas con piel seca y propensas a problemas asociados - como picaz\u00f3n - pueden disfrutar de los beneficios del aceite de arg\u00e1n. La vitamina E y los \u00e1cidos grasos reparan y nutren la piel da\u00f1ada, evitando la sequedad.<\/li>\n<li><strong>en caso de acn\u00e9<\/strong><br \/>\nEl aceite de arg\u00e1n alivia la piel y la ayuda a sanar. El acn\u00e9 es a menudo el resultado de la piel grasa. El aceite de arg\u00e1n no tiene acci\u00f3n lubricante, ayuda a la piel a recuperar su equilibrio natural, mientras que la hidrata naturalmente. Sus ingredientes antioxidantes ayudan a reparar las c\u00e9lulas cut\u00e1neas da\u00f1adas. Solo aplica un poco de aceite sobre la piel limpia y seca por la ma\u00f1ana cuando te despiertes y por la noche antes de acostarte.<\/li>\n<li><strong>Cuidado de manos, pies y u\u00f1as<\/strong><br \/>\nLas propiedades suavizantes del aceite son ideales para u\u00f1as quebradizas, manos secas y piel \u00e1spera en los pies. El aceite nutre, hidrata y suaviza la piel, mientras tonifica las u\u00f1as. Unas gotas de aceite para masajear estas zonas antes de acostarse son suficientes.<\/li>\n<li><strong>b\u00e1lsamo labial<\/strong><br \/>\nEl aceite de arg\u00e1n es tambi\u00e9n un cuidado maravilloso para los labios. Una o dos gotas son suficientes para un masaje de labios - limpie el exceso si es necesario. \u00a1Suaviza y cura perfectamente los labios agrietados, especialmente en invierno!<\/li>\n<\/ul>","protected":false},"excerpt":{"rendered":"<div><strong>Organic argan oil for use cosmetics<\/strong>:Rich in essential fatty acids, antioxidants, and vitamin E, our 100% pure organic argan oil is a natural elixir for radiant skin, silky hair, and strong nails. Cold-pressed from the kernels of the Moroccan argan tree, this golden oil deeply hydrates, restores elasticity, and helps reduce the appearance of fine lines, scars, and split ends. Free from additives, preservatives, and fragrances\u2014just pure, nutrient-rich nourishment straight from nature.\n<\/div>","protected":false},"featured_media":375,"comment_status":"open","ping_status":"closed","template":"","meta":{"inline_featured_image":false},"product_brand":[],"product_cat":[35],"product_tag":[57],"class_list":{"0":"post-374","1":"product","2":"type-product","3":"status-publish","4":"has-post-thumbnail","6":"product_cat-cosmetic-argan-oil","7":"product_tag-beauty-argan","9":"first","10":"instock","11":"shipping-taxable","12":"purchasable","13":"product-type-simple"},"yoast_head":"<!-- This site is optimized with the Yoast SEO Premium plugin v21.5 (Yoast SEO v27.3) - https:\/\/yoast.com\/product\/yoast-seo-premium-wordpress\/ -->\n<title>Organic-argan-oil-for-use-cosmetics<\/title>\n<meta name=\"description\" content=\"Rich in essential fatty acids, antioxidants, and vitamin E, our 100% pure organic argan oil is a natural elixir for radiant skin, silky hair, and strong nails. Cold-pressed from the kernels of the Moroccan argan tree, this golden oil deeply hydrates, restores elasticity, and helps reduce the appearance of fine lines, scars, and split ends. Free from additives, preservatives, and fragrances\u2014just pure, nutrient-rich nourishment straight from nature.\" \/>\n<meta name=\"robots\" content=\"index, follow, max-snippet:-1, max-image-preview:large, max-video-preview:-1\" \/>\n<link rel=\"canonical\" href=\"https:\/\/cooperativetoudarte.com\/es\/producto\/organic-argan-oil-for-use-cosmetics-500ml\/\" \/>\n<meta property=\"og:locale\" content=\"es_ES\" \/>\n<meta property=\"og:type\" content=\"article\" \/>\n<meta property=\"og:title\" content=\"ORGANIC ARGAN OIL FOR USE COSMETICS 500ML\" \/>\n<meta property=\"og:description\" content=\"Rich in essential fatty acids, antioxidants, and vitamin E, our 100% pure organic argan oil is a natural elixir for radiant skin, silky hair, and strong nails. Cold-pressed from the kernels of the Moroccan argan tree, this golden oil deeply hydrates, restores elasticity, and helps reduce the appearance of fine lines, scars, and split ends. Free from additives, preservatives, and fragrances\u2014just pure, nutrient-rich nourishment straight from nature.\" \/>\n<meta property=\"og:url\" content=\"https:\/\/cooperativetoudarte.com\/es\/producto\/organic-argan-oil-for-use-cosmetics-500ml\/\" \/>\n<meta property=\"og:site_name\" content=\"Toudarte\" \/>\n<meta property=\"article:publisher\" content=\"https:\/\/www.facebook.com\/cooperative.toudarte\/\" \/>\n<meta property=\"article:modified_time\" content=\"2025-11-01T17:17:52+00:00\" \/>\n<meta property=\"og:image\" content=\"https:\/\/cooperativetoudarte.com\/wp-content\/uploads\/2023\/10\/unroasted-argan-oil-in-glass-v-4.jpg\" \/>\n\t<meta property=\"og:image:width\" content=\"800\" \/>\n\t<meta property=\"og:image:height\" content=\"800\" \/>\n\t<meta property=\"og:image:type\" content=\"image\/jpeg\" \/>\n<meta name=\"twitter:card\" content=\"summary_large_image\" \/>\n<meta name=\"twitter:site\" content=\"@cooprativetouda\" \/>\n<meta name=\"twitter:label1\" content=\"Precio\" \/>\n\t<meta name=\"twitter:data1\" content=\"&#x62f;.&#x645;.330,00\" \/>\n\t<meta name=\"twitter:label2\" content=\"Availability\" \/>\n\t<meta name=\"twitter:data2\" content=\"In stock\" \/>\n<script type=\"application\/ld+json\" class=\"yoast-schema-graph\">{\"@context\":\"https:\\\/\\\/schema.org\",\"@graph\":[{\"@type\":\"WebPage\",\"@id\":\"https:\\\/\\\/cooperativetoudarte.com\\\/product\\\/organic-argan-oil-for-use-cosmetics-500ml\\\/\",\"url\":\"https:\\\/\\\/cooperativetoudarte.com\\\/product\\\/organic-argan-oil-for-use-cosmetics-500ml\\\/\",\"name\":\"Organic-argan-oil-for-use-cosmetics\",\"isPartOf\":{\"@id\":\"https:\\\/\\\/cooperativetoudarte.com\\\/fr\\\/#website\"},\"primaryImageOfPage\":{\"@id\":\"https:\\\/\\\/cooperativetoudarte.com\\\/product\\\/organic-argan-oil-for-use-cosmetics-500ml\\\/#primaryimage\"},\"image\":{\"@id\":\"https:\\\/\\\/cooperativetoudarte.com\\\/product\\\/organic-argan-oil-for-use-cosmetics-500ml\\\/#primaryimage\"},\"thumbnailUrl\":\"https:\\\/\\\/cooperativetoudarte.com\\\/wp-content\\\/uploads\\\/2023\\\/10\\\/unroasted-argan-oil-in-glass-v-4.jpg\",\"datePublished\":\"2023-10-29T20:00:28+00:00\",\"dateModified\":\"2025-11-01T17:17:52+00:00\",\"description\":\"Rich in essential fatty acids, antioxidants, and vitamin E, our 100% pure organic argan oil is a natural elixir for radiant skin, silky hair, and strong nails. Cold-pressed from the kernels of the Moroccan argan tree, this golden oil deeply hydrates, restores elasticity, and helps reduce the appearance of fine lines, scars, and split ends. Free from additives, preservatives, and fragrances\u2014just pure, nutrient-rich nourishment straight from nature.\",\"breadcrumb\":{\"@id\":\"https:\\\/\\\/cooperativetoudarte.com\\\/product\\\/organic-argan-oil-for-use-cosmetics-500ml\\\/#breadcrumb\"},\"inLanguage\":\"es\",\"potentialAction\":[{\"@type\":\"ReadAction\",\"target\":[\"https:\\\/\\\/cooperativetoudarte.com\\\/product\\\/organic-argan-oil-for-use-cosmetics-500ml\\\/\"]}]},{\"@type\":\"ImageObject\",\"inLanguage\":\"es\",\"@id\":\"https:\\\/\\\/cooperativetoudarte.com\\\/product\\\/organic-argan-oil-for-use-cosmetics-500ml\\\/#primaryimage\",\"url\":\"https:\\\/\\\/cooperativetoudarte.com\\\/wp-content\\\/uploads\\\/2023\\\/10\\\/unroasted-argan-oil-in-glass-v-4.jpg\",\"contentUrl\":\"https:\\\/\\\/cooperativetoudarte.com\\\/wp-content\\\/uploads\\\/2023\\\/10\\\/unroasted-argan-oil-in-glass-v-4.jpg\",\"width\":800,\"height\":800},{\"@type\":\"BreadcrumbList\",\"@id\":\"https:\\\/\\\/cooperativetoudarte.com\\\/product\\\/organic-argan-oil-for-use-cosmetics-500ml\\\/#breadcrumb\",\"itemListElement\":[{\"@type\":\"ListItem\",\"position\":1,\"name\":\"Home\",\"item\":\"https:\\\/\\\/cooperativetoudarte.com\\\/\"},{\"@type\":\"ListItem\",\"position\":2,\"name\":\"Shop\",\"item\":\"https:\\\/\\\/cooperativetoudarte.com\\\/fr\\\/shop\\\/\"},{\"@type\":\"ListItem\",\"position\":3,\"name\":\"ORGANIC ARGAN OIL FOR USE COSMETICS 500ML\"}]},{\"@type\":\"WebSite\",\"@id\":\"https:\\\/\\\/cooperativetoudarte.com\\\/fr\\\/#website\",\"url\":\"https:\\\/\\\/cooperativetoudarte.com\\\/fr\\\/\",\"name\":\"Toudarte Cooperative\",\"description\":\"High Quality Bio Products\",\"publisher\":{\"@id\":\"https:\\\/\\\/cooperativetoudarte.com\\\/fr\\\/#organization\"},\"alternateName\":\"Cooperative Toudarte\",\"potentialAction\":[{\"@type\":\"SearchAction\",\"target\":{\"@type\":\"EntryPoint\",\"urlTemplate\":\"https:\\\/\\\/cooperativetoudarte.com\\\/fr\\\/?s={search_term_string}\"},\"query-input\":{\"@type\":\"PropertyValueSpecification\",\"valueRequired\":true,\"valueName\":\"search_term_string\"}}],\"inLanguage\":\"es\"},{\"@type\":[\"Organization\",\"Place\"],\"@id\":\"https:\\\/\\\/cooperativetoudarte.com\\\/fr\\\/#organization\",\"name\":\"Toudarte Cooperative\",\"alternateName\":\"Cooperative Toudarte\",\"url\":\"https:\\\/\\\/cooperativetoudarte.com\\\/fr\\\/\",\"logo\":{\"@id\":\"https:\\\/\\\/cooperativetoudarte.com\\\/product\\\/organic-argan-oil-for-use-cosmetics-500ml\\\/#local-main-organization-logo\"},\"image\":{\"@id\":\"https:\\\/\\\/cooperativetoudarte.com\\\/product\\\/organic-argan-oil-for-use-cosmetics-500ml\\\/#local-main-organization-logo\"},\"sameAs\":[\"https:\\\/\\\/www.facebook.com\\\/cooperative.toudarte\\\/\",\"https:\\\/\\\/x.com\\\/cooprativetouda\",\"https:\\\/\\\/www.instagram.com\\\/cooperativetoudarte\",\"https:\\\/\\\/www.youtube.com\\\/c\\\/COOPERATIVETOUDARTE\"],\"openingHoursSpecification\":[{\"@type\":\"OpeningHoursSpecification\",\"dayOfWeek\":[\"Monday\",\"Tuesday\",\"Wednesday\",\"Thursday\",\"Friday\",\"Saturday\",\"Sunday\"],\"opens\":\"09:00\",\"closes\":\"17:00\"}]},{\"@type\":\"ImageObject\",\"inLanguage\":\"es\",\"@id\":\"https:\\\/\\\/cooperativetoudarte.com\\\/product\\\/organic-argan-oil-for-use-cosmetics-500ml\\\/#local-main-organization-logo\",\"url\":\"https:\\\/\\\/cooperativetoudarte.com\\\/wp-content\\\/uploads\\\/2023\\\/11\\\/PngLogo-1.png\",\"contentUrl\":\"https:\\\/\\\/cooperativetoudarte.com\\\/wp-content\\\/uploads\\\/2023\\\/11\\\/PngLogo-1.png\",\"width\":512,\"height\":512,\"caption\":\"Toudarte Cooperative\"}]}<\/script>\n<meta property=\"product:price:amount\" content=\"330.00\" \/>\n<meta property=\"product:price:currency\" content=\"MAD\" \/>\n<meta property=\"og:availability\" content=\"instock\" \/>\n<meta property=\"product:availability\" content=\"instock\" \/>\n<meta property=\"product:condition\" content=\"new\" \/>\n<!-- \/ Yoast SEO Premium plugin. -->","yoast_head_json":{"title":"Organic-argan-oil-for-use-cosmetics","description":"Rich in essential fatty acids, antioxidants, and vitamin E, our 100% pure organic argan oil is a natural elixir for radiant skin, silky hair, and strong nails. Cold-pressed from the kernels of the Moroccan argan tree, this golden oil deeply hydrates, restores elasticity, and helps reduce the appearance of fine lines, scars, and split ends. Free from additives, preservatives, and fragrances\u2014just pure, nutrient-rich nourishment straight from nature.","robots":{"index":"index","follow":"follow","max-snippet":"max-snippet:-1","max-image-preview":"max-image-preview:large","max-video-preview":"max-video-preview:-1"},"canonical":"https:\/\/cooperativetoudarte.com\/es\/producto\/organic-argan-oil-for-use-cosmetics-500ml\/","og_locale":"es_ES","og_type":"article","og_title":"ORGANIC ARGAN OIL FOR USE COSMETICS 500ML","og_description":"Rich in essential fatty acids, antioxidants, and vitamin E, our 100% pure organic argan oil is a natural elixir for radiant skin, silky hair, and strong nails. Cold-pressed from the kernels of the Moroccan argan tree, this golden oil deeply hydrates, restores elasticity, and helps reduce the appearance of fine lines, scars, and split ends. Free from additives, preservatives, and fragrances\u2014just pure, nutrient-rich nourishment straight from nature.","og_url":"https:\/\/cooperativetoudarte.com\/es\/producto\/organic-argan-oil-for-use-cosmetics-500ml\/","og_site_name":"Toudarte","article_publisher":"https:\/\/www.facebook.com\/cooperative.toudarte\/","article_modified_time":"2025-11-01T17:17:52+00:00","og_image":[{"width":800,"height":800,"url":"https:\/\/cooperativetoudarte.com\/wp-content\/uploads\/2023\/10\/unroasted-argan-oil-in-glass-v-4.jpg","type":"image\/jpeg"}],"twitter_card":"summary_large_image","twitter_site":"@cooprativetouda","twitter_misc":{"Precio":"&#x62f;.&#x645;.330,00","Availability":"In stock"},"schema":{"@context":"https:\/\/schema.org","@graph":[{"@type":"WebPage","@id":"https:\/\/cooperativetoudarte.com\/product\/organic-argan-oil-for-use-cosmetics-500ml\/","url":"https:\/\/cooperativetoudarte.com\/product\/organic-argan-oil-for-use-cosmetics-500ml\/","name":"Organic-argan-oil-for-use-cosmetics","isPartOf":{"@id":"https:\/\/cooperativetoudarte.com\/fr\/#website"},"primaryImageOfPage":{"@id":"https:\/\/cooperativetoudarte.com\/product\/organic-argan-oil-for-use-cosmetics-500ml\/#primaryimage"},"image":{"@id":"https:\/\/cooperativetoudarte.com\/product\/organic-argan-oil-for-use-cosmetics-500ml\/#primaryimage"},"thumbnailUrl":"https:\/\/cooperativetoudarte.com\/wp-content\/uploads\/2023\/10\/unroasted-argan-oil-in-glass-v-4.jpg","datePublished":"2023-10-29T20:00:28+00:00","dateModified":"2025-11-01T17:17:52+00:00","description":"Rich in essential fatty acids, antioxidants, and vitamin E, our 100% pure organic argan oil is a natural elixir for radiant skin, silky hair, and strong nails. Cold-pressed from the kernels of the Moroccan argan tree, this golden oil deeply hydrates, restores elasticity, and helps reduce the appearance of fine lines, scars, and split ends. Free from additives, preservatives, and fragrances\u2014just pure, nutrient-rich nourishment straight from nature.","breadcrumb":{"@id":"https:\/\/cooperativetoudarte.com\/product\/organic-argan-oil-for-use-cosmetics-500ml\/#breadcrumb"},"inLanguage":"es","potentialAction":[{"@type":"ReadAction","target":["https:\/\/cooperativetoudarte.com\/product\/organic-argan-oil-for-use-cosmetics-500ml\/"]}]},{"@type":"ImageObject","inLanguage":"es","@id":"https:\/\/cooperativetoudarte.com\/product\/organic-argan-oil-for-use-cosmetics-500ml\/#primaryimage","url":"https:\/\/cooperativetoudarte.com\/wp-content\/uploads\/2023\/10\/unroasted-argan-oil-in-glass-v-4.jpg","contentUrl":"https:\/\/cooperativetoudarte.com\/wp-content\/uploads\/2023\/10\/unroasted-argan-oil-in-glass-v-4.jpg","width":800,"height":800},{"@type":"BreadcrumbList","@id":"https:\/\/cooperativetoudarte.com\/product\/organic-argan-oil-for-use-cosmetics-500ml\/#breadcrumb","itemListElement":[{"@type":"ListItem","position":1,"name":"Home","item":"https:\/\/cooperativetoudarte.com\/"},{"@type":"ListItem","position":2,"name":"Shop","item":"https:\/\/cooperativetoudarte.com\/fr\/shop\/"},{"@type":"ListItem","position":3,"name":"ORGANIC ARGAN OIL FOR USE COSMETICS 500ML"}]},{"@type":"WebSite","@id":"https:\/\/cooperativetoudarte.com\/fr\/#website","url":"https:\/\/cooperativetoudarte.com\/fr\/","name":"Cooperativa Toudarte","description":"High Quality Bio Products","publisher":{"@id":"https:\/\/cooperativetoudarte.com\/fr\/#organization"},"alternateName":"Cooperative Toudarte","potentialAction":[{"@type":"SearchAction","target":{"@type":"EntryPoint","urlTemplate":"https:\/\/cooperativetoudarte.com\/fr\/?s={search_term_string}"},"query-input":{"@type":"PropertyValueSpecification","valueRequired":true,"valueName":"search_term_string"}}],"inLanguage":"es"},{"@type":["Organization","Place"],"@id":"https:\/\/cooperativetoudarte.com\/fr\/#organization","name":"Cooperativa Toudarte","alternateName":"Cooperative Toudarte","url":"https:\/\/cooperativetoudarte.com\/fr\/","logo":{"@id":"https:\/\/cooperativetoudarte.com\/product\/organic-argan-oil-for-use-cosmetics-500ml\/#local-main-organization-logo"},"image":{"@id":"https:\/\/cooperativetoudarte.com\/product\/organic-argan-oil-for-use-cosmetics-500ml\/#local-main-organization-logo"},"sameAs":["https:\/\/www.facebook.com\/cooperative.toudarte\/","https:\/\/x.com\/cooprativetouda","https:\/\/www.instagram.com\/cooperativetoudarte","https:\/\/www.youtube.com\/c\/COOPERATIVETOUDARTE"],"openingHoursSpecification":[{"@type":"OpeningHoursSpecification","dayOfWeek":["Monday","Tuesday","Wednesday","Thursday","Friday","Saturday","Sunday"],"opens":"09:00","closes":"17:00"}]},{"@type":"ImageObject","inLanguage":"es","@id":"https:\/\/cooperativetoudarte.com\/product\/organic-argan-oil-for-use-cosmetics-500ml\/#local-main-organization-logo","url":"https:\/\/cooperativetoudarte.com\/wp-content\/uploads\/2023\/11\/PngLogo-1.png","contentUrl":"https:\/\/cooperativetoudarte.com\/wp-content\/uploads\/2023\/11\/PngLogo-1.png","width":512,"height":512,"caption":"Toudarte Cooperative"}]},"product_price_amount":"330.00","product_price_currency":"MAD","og_availability":"instock","product_availability":"instock","product_condition":"new"},"jetpack_sharing_enabled":true,"_links":{"self":[{"href":"https:\/\/cooperativetoudarte.com\/es\/wp-json\/wp\/v2\/product\/374","targetHints":{"allow":["GET"]}}],"collection":[{"href":"https:\/\/cooperativetoudarte.com\/es\/wp-json\/wp\/v2\/product"}],"about":[{"href":"https:\/\/cooperativetoudarte.com\/es\/wp-json\/wp\/v2\/types\/product"}],"replies":[{"embeddable":true,"href":"https:\/\/cooperativetoudarte.com\/es\/wp-json\/wp\/v2\/comments?post=374"}],"wp:featuredmedia":[{"embeddable":true,"href":"https:\/\/cooperativetoudarte.com\/es\/wp-json\/wp\/v2\/media\/375"}],"wp:attachment":[{"href":"https:\/\/cooperativetoudarte.com\/es\/wp-json\/wp\/v2\/media?parent=374"}],"wp:term":[{"taxonomy":"product_brand","embeddable":true,"href":"https:\/\/cooperativetoudarte.com\/es\/wp-json\/wp\/v2\/product_brand?post=374"},{"taxonomy":"product_cat","embeddable":true,"href":"https:\/\/cooperativetoudarte.com\/es\/wp-json\/wp\/v2\/product_cat?post=374"},{"taxonomy":"product_tag","embeddable":true,"href":"https:\/\/cooperativetoudarte.com\/es\/wp-json\/wp\/v2\/product_tag?post=374"}],"curies":[{"name":"wp","href":"https:\/\/api.w.org\/{rel}","templated":true}]}}