{"id":276,"date":"2023-10-29T11:42:58","date_gmt":"2023-10-29T11:42:58","guid":{"rendered":"https:\/\/cooperativetoudarte.com\/?post_type=product&#038;p=276"},"modified":"2025-09-15T20:28:53","modified_gmt":"2025-09-15T20:28:53","slug":"sweet-almond-oil-30ml-with-spray","status":"publish","type":"product","link":"https:\/\/cooperativetoudarte.com\/es\/producto\/sweet-almond-oil-30ml-with-spray\/","title":{"rendered":"ACEITE DE ALMENDRA DULCE 30ML CON SPRAY"},"content":{"rendered":"<div><strong>para la piel<\/strong>: Ya sea seca, irritada o simplemente fr\u00e1gil, el aceite de almendras puro aplicado fortalecer\u00e1 tu piel y la har\u00e1 m\u00e1s suave. El aceite de almendras dulces se aplica para prevenir las estr\u00edas en los senos y el vientre pero tambi\u00e9n en el cuidado.<\/div>\n<div><\/div>\n<div><strong>para el cabello<\/strong>: Es apto para todo tipo de cabello, para los que supone un aut\u00e9ntico cuidado suave. Combate la caspa y calma el picor del cuero cabelludo.<\/div>\n<div><\/div>\n<div><strong>para u\u00f1as<\/strong>: Si tienes u\u00f1as fr\u00e1giles o quebradizas, puedes sumergirlas en aceite de almendras dulces durante 5 a 10 min.<\/div>\n<div><\/div>\n<div><strong>precauciones<\/strong>: No recomendado para personas al\u00e9rgicas<\/div>","protected":false},"excerpt":{"rendered":"<div id=\"product-description-short-62\">\n<p>El aceite de almendras dulces hidrata y protege la piel y el cabello. Tambi\u00e9n alivia la irritaci\u00f3n y el picor. Tiene la ventaja de ser apto para todo tipo de pieles, especialmente las de los beb\u00e9s.<\/p>\n<\/div>","protected":false},"featured_media":277,"comment_status":"open","ping_status":"closed","template":"","meta":{"inline_featured_image":false},"product_brand":[],"product_cat":[17,38],"product_tag":[53,52],"class_list":{"0":"post-276","1":"product","2":"type-product","3":"status-publish","4":"has-post-thumbnail","6":"product_cat-beauty","7":"product_cat-vegetable-oils","8":"product_tag-beauty-face","9":"product_tag-beauty-hair","11":"first","12":"instock","13":"shipping-taxable","14":"purchasable","15":"product-type-simple"},"yoast_head":"<!-- This site is optimized with the Yoast SEO Premium plugin v21.5 (Yoast SEO v27.3) - https:\/\/yoast.com\/product\/yoast-seo-premium-wordpress\/ -->\n<title>Sweet-almond-oil-Toudart<\/title>\n<meta name=\"description\" content=\"Cold-pressed from the seeds of the almond tree (Prunus amygdalus dulcis), Sweet Almond Oil is a lightweight, nourishing oil rich in vitamins A, E, and essential fatty acids. With its delicate, nutty aroma and smooth texture, it&#039;s a favorite in skincare, haircare, and massage. Easily absorbed, it softens, soothes, and moisturizes the skin without leaving a greasy residue\u2014making it ideal for all skin types, including sensitive and dry skin. Also great for strengthening hair and promoting a healthy scalp, it\u2019s a natural multitasker for beauty and wellness.\" \/>\n<meta name=\"robots\" content=\"index, follow, max-snippet:-1, max-image-preview:large, max-video-preview:-1\" \/>\n<link rel=\"canonical\" href=\"https:\/\/cooperativetoudarte.com\/es\/producto\/sweet-almond-oil-30ml-with-spray\/\" \/>\n<meta property=\"og:locale\" content=\"es_ES\" \/>\n<meta property=\"og:type\" content=\"article\" \/>\n<meta property=\"og:title\" content=\"SWEET ALMOND OIL 30ML WITH SPRAY\" \/>\n<meta property=\"og:description\" content=\"Cold-pressed from the seeds of the almond tree (Prunus amygdalus dulcis), Sweet Almond Oil is a lightweight, nourishing oil rich in vitamins A, E, and essential fatty acids. With its delicate, nutty aroma and smooth texture, it&#039;s a favorite in skincare, haircare, and massage. Easily absorbed, it softens, soothes, and moisturizes the skin without leaving a greasy residue\u2014making it ideal for all skin types, including sensitive and dry skin. Also great for strengthening hair and promoting a healthy scalp, it\u2019s a natural multitasker for beauty and wellness.\" \/>\n<meta property=\"og:url\" content=\"https:\/\/cooperativetoudarte.com\/es\/producto\/sweet-almond-oil-30ml-with-spray\/\" \/>\n<meta property=\"og:site_name\" content=\"Toudarte\" \/>\n<meta property=\"article:publisher\" content=\"https:\/\/www.facebook.com\/cooperative.toudarte\/\" \/>\n<meta property=\"article:modified_time\" content=\"2025-09-15T20:28:53+00:00\" \/>\n<meta property=\"og:image\" content=\"https:\/\/cooperativetoudarte.com\/wp-content\/uploads\/2023\/10\/sweet-almond-oil-30ml-with-spray-1.jpg\" \/>\n\t<meta property=\"og:image:width\" content=\"800\" \/>\n\t<meta property=\"og:image:height\" content=\"800\" \/>\n\t<meta property=\"og:image:type\" content=\"image\/jpeg\" \/>\n<meta name=\"twitter:card\" content=\"summary_large_image\" \/>\n<meta name=\"twitter:site\" content=\"@cooprativetouda\" \/>\n<meta name=\"twitter:label1\" content=\"Precio\" \/>\n\t<meta name=\"twitter:data1\" content=\"&#x62f;.&#x645;.40,00\" \/>\n\t<meta name=\"twitter:label2\" content=\"Availability\" \/>\n\t<meta name=\"twitter:data2\" content=\"In stock\" \/>\n<script type=\"application\/ld+json\" class=\"yoast-schema-graph\">{\"@context\":\"https:\\\/\\\/schema.org\",\"@graph\":[{\"@type\":\"WebPage\",\"@id\":\"https:\\\/\\\/cooperativetoudarte.com\\\/product\\\/sweet-almond-oil-30ml-with-spray\\\/\",\"url\":\"https:\\\/\\\/cooperativetoudarte.com\\\/product\\\/sweet-almond-oil-30ml-with-spray\\\/\",\"name\":\"Sweet-almond-oil-Toudart\",\"isPartOf\":{\"@id\":\"https:\\\/\\\/cooperativetoudarte.com\\\/fr\\\/#website\"},\"primaryImageOfPage\":{\"@id\":\"https:\\\/\\\/cooperativetoudarte.com\\\/product\\\/sweet-almond-oil-30ml-with-spray\\\/#primaryimage\"},\"image\":{\"@id\":\"https:\\\/\\\/cooperativetoudarte.com\\\/product\\\/sweet-almond-oil-30ml-with-spray\\\/#primaryimage\"},\"thumbnailUrl\":\"https:\\\/\\\/cooperativetoudarte.com\\\/wp-content\\\/uploads\\\/2023\\\/10\\\/sweet-almond-oil-30ml-with-spray-1.jpg\",\"datePublished\":\"2023-10-29T11:42:58+00:00\",\"dateModified\":\"2025-09-15T20:28:53+00:00\",\"description\":\"Cold-pressed from the seeds of the almond tree (Prunus amygdalus dulcis), Sweet Almond Oil is a lightweight, nourishing oil rich in vitamins A, E, and essential fatty acids. With its delicate, nutty aroma and smooth texture, it's a favorite in skincare, haircare, and massage. Easily absorbed, it softens, soothes, and moisturizes the skin without leaving a greasy residue\u2014making it ideal for all skin types, including sensitive and dry skin. Also great for strengthening hair and promoting a healthy scalp, it\u2019s a natural multitasker for beauty and wellness.\",\"breadcrumb\":{\"@id\":\"https:\\\/\\\/cooperativetoudarte.com\\\/product\\\/sweet-almond-oil-30ml-with-spray\\\/#breadcrumb\"},\"inLanguage\":\"es\",\"potentialAction\":[{\"@type\":\"ReadAction\",\"target\":[\"https:\\\/\\\/cooperativetoudarte.com\\\/product\\\/sweet-almond-oil-30ml-with-spray\\\/\"]}]},{\"@type\":\"ImageObject\",\"inLanguage\":\"es\",\"@id\":\"https:\\\/\\\/cooperativetoudarte.com\\\/product\\\/sweet-almond-oil-30ml-with-spray\\\/#primaryimage\",\"url\":\"https:\\\/\\\/cooperativetoudarte.com\\\/wp-content\\\/uploads\\\/2023\\\/10\\\/sweet-almond-oil-30ml-with-spray-1.jpg\",\"contentUrl\":\"https:\\\/\\\/cooperativetoudarte.com\\\/wp-content\\\/uploads\\\/2023\\\/10\\\/sweet-almond-oil-30ml-with-spray-1.jpg\",\"width\":800,\"height\":800},{\"@type\":\"BreadcrumbList\",\"@id\":\"https:\\\/\\\/cooperativetoudarte.com\\\/product\\\/sweet-almond-oil-30ml-with-spray\\\/#breadcrumb\",\"itemListElement\":[{\"@type\":\"ListItem\",\"position\":1,\"name\":\"Home\",\"item\":\"https:\\\/\\\/cooperativetoudarte.com\\\/\"},{\"@type\":\"ListItem\",\"position\":2,\"name\":\"Shop\",\"item\":\"https:\\\/\\\/cooperativetoudarte.com\\\/fr\\\/shop\\\/\"},{\"@type\":\"ListItem\",\"position\":3,\"name\":\"SWEET ALMOND OIL 30ML WITH SPRAY\"}]},{\"@type\":\"WebSite\",\"@id\":\"https:\\\/\\\/cooperativetoudarte.com\\\/fr\\\/#website\",\"url\":\"https:\\\/\\\/cooperativetoudarte.com\\\/fr\\\/\",\"name\":\"Toudarte Cooperative\",\"description\":\"High Quality Bio Products\",\"publisher\":{\"@id\":\"https:\\\/\\\/cooperativetoudarte.com\\\/fr\\\/#organization\"},\"alternateName\":\"Cooperative Toudarte\",\"potentialAction\":[{\"@type\":\"SearchAction\",\"target\":{\"@type\":\"EntryPoint\",\"urlTemplate\":\"https:\\\/\\\/cooperativetoudarte.com\\\/fr\\\/?s={search_term_string}\"},\"query-input\":{\"@type\":\"PropertyValueSpecification\",\"valueRequired\":true,\"valueName\":\"search_term_string\"}}],\"inLanguage\":\"es\"},{\"@type\":[\"Organization\",\"Place\"],\"@id\":\"https:\\\/\\\/cooperativetoudarte.com\\\/fr\\\/#organization\",\"name\":\"Toudarte Cooperative\",\"alternateName\":\"Cooperative Toudarte\",\"url\":\"https:\\\/\\\/cooperativetoudarte.com\\\/fr\\\/\",\"logo\":{\"@id\":\"https:\\\/\\\/cooperativetoudarte.com\\\/product\\\/sweet-almond-oil-30ml-with-spray\\\/#local-main-organization-logo\"},\"image\":{\"@id\":\"https:\\\/\\\/cooperativetoudarte.com\\\/product\\\/sweet-almond-oil-30ml-with-spray\\\/#local-main-organization-logo\"},\"sameAs\":[\"https:\\\/\\\/www.facebook.com\\\/cooperative.toudarte\\\/\",\"https:\\\/\\\/x.com\\\/cooprativetouda\",\"https:\\\/\\\/www.instagram.com\\\/cooperativetoudarte\",\"https:\\\/\\\/www.youtube.com\\\/c\\\/COOPERATIVETOUDARTE\"],\"openingHoursSpecification\":[{\"@type\":\"OpeningHoursSpecification\",\"dayOfWeek\":[\"Monday\",\"Tuesday\",\"Wednesday\",\"Thursday\",\"Friday\",\"Saturday\",\"Sunday\"],\"opens\":\"09:00\",\"closes\":\"17:00\"}]},{\"@type\":\"ImageObject\",\"inLanguage\":\"es\",\"@id\":\"https:\\\/\\\/cooperativetoudarte.com\\\/product\\\/sweet-almond-oil-30ml-with-spray\\\/#local-main-organization-logo\",\"url\":\"https:\\\/\\\/cooperativetoudarte.com\\\/wp-content\\\/uploads\\\/2023\\\/11\\\/PngLogo-1.png\",\"contentUrl\":\"https:\\\/\\\/cooperativetoudarte.com\\\/wp-content\\\/uploads\\\/2023\\\/11\\\/PngLogo-1.png\",\"width\":512,\"height\":512,\"caption\":\"Toudarte Cooperative\"}]}<\/script>\n<meta property=\"product:price:amount\" content=\"40.00\" \/>\n<meta property=\"product:price:currency\" content=\"MAD\" \/>\n<meta property=\"og:availability\" content=\"instock\" \/>\n<meta property=\"product:availability\" content=\"instock\" \/>\n<meta property=\"product:condition\" content=\"new\" \/>\n<!-- \/ Yoast SEO Premium plugin. -->","yoast_head_json":{"title":"Sweet-almond-oil-Toudart","description":"Cold-pressed from the seeds of the almond tree (Prunus amygdalus dulcis), Sweet Almond Oil is a lightweight, nourishing oil rich in vitamins A, E, and essential fatty acids. With its delicate, nutty aroma and smooth texture, it's a favorite in skincare, haircare, and massage. Easily absorbed, it softens, soothes, and moisturizes the skin without leaving a greasy residue\u2014making it ideal for all skin types, including sensitive and dry skin. Also great for strengthening hair and promoting a healthy scalp, it\u2019s a natural multitasker for beauty and wellness.","robots":{"index":"index","follow":"follow","max-snippet":"max-snippet:-1","max-image-preview":"max-image-preview:large","max-video-preview":"max-video-preview:-1"},"canonical":"https:\/\/cooperativetoudarte.com\/es\/producto\/sweet-almond-oil-30ml-with-spray\/","og_locale":"es_ES","og_type":"article","og_title":"SWEET ALMOND OIL 30ML WITH SPRAY","og_description":"Cold-pressed from the seeds of the almond tree (Prunus amygdalus dulcis), Sweet Almond Oil is a lightweight, nourishing oil rich in vitamins A, E, and essential fatty acids. With its delicate, nutty aroma and smooth texture, it's a favorite in skincare, haircare, and massage. Easily absorbed, it softens, soothes, and moisturizes the skin without leaving a greasy residue\u2014making it ideal for all skin types, including sensitive and dry skin. Also great for strengthening hair and promoting a healthy scalp, it\u2019s a natural multitasker for beauty and wellness.","og_url":"https:\/\/cooperativetoudarte.com\/es\/producto\/sweet-almond-oil-30ml-with-spray\/","og_site_name":"Toudarte","article_publisher":"https:\/\/www.facebook.com\/cooperative.toudarte\/","article_modified_time":"2025-09-15T20:28:53+00:00","og_image":[{"width":800,"height":800,"url":"https:\/\/cooperativetoudarte.com\/wp-content\/uploads\/2023\/10\/sweet-almond-oil-30ml-with-spray-1.jpg","type":"image\/jpeg"}],"twitter_card":"summary_large_image","twitter_site":"@cooprativetouda","twitter_misc":{"Precio":"&#x62f;.&#x645;.40,00","Availability":"In stock"},"schema":{"@context":"https:\/\/schema.org","@graph":[{"@type":"WebPage","@id":"https:\/\/cooperativetoudarte.com\/product\/sweet-almond-oil-30ml-with-spray\/","url":"https:\/\/cooperativetoudarte.com\/product\/sweet-almond-oil-30ml-with-spray\/","name":"Sweet-almond-oil-Toudart","isPartOf":{"@id":"https:\/\/cooperativetoudarte.com\/fr\/#website"},"primaryImageOfPage":{"@id":"https:\/\/cooperativetoudarte.com\/product\/sweet-almond-oil-30ml-with-spray\/#primaryimage"},"image":{"@id":"https:\/\/cooperativetoudarte.com\/product\/sweet-almond-oil-30ml-with-spray\/#primaryimage"},"thumbnailUrl":"https:\/\/cooperativetoudarte.com\/wp-content\/uploads\/2023\/10\/sweet-almond-oil-30ml-with-spray-1.jpg","datePublished":"2023-10-29T11:42:58+00:00","dateModified":"2025-09-15T20:28:53+00:00","description":"Cold-pressed from the seeds of the almond tree (Prunus amygdalus dulcis), Sweet Almond Oil is a lightweight, nourishing oil rich in vitamins A, E, and essential fatty acids. With its delicate, nutty aroma and smooth texture, it's a favorite in skincare, haircare, and massage. Easily absorbed, it softens, soothes, and moisturizes the skin without leaving a greasy residue\u2014making it ideal for all skin types, including sensitive and dry skin. Also great for strengthening hair and promoting a healthy scalp, it\u2019s a natural multitasker for beauty and wellness.","breadcrumb":{"@id":"https:\/\/cooperativetoudarte.com\/product\/sweet-almond-oil-30ml-with-spray\/#breadcrumb"},"inLanguage":"es","potentialAction":[{"@type":"ReadAction","target":["https:\/\/cooperativetoudarte.com\/product\/sweet-almond-oil-30ml-with-spray\/"]}]},{"@type":"ImageObject","inLanguage":"es","@id":"https:\/\/cooperativetoudarte.com\/product\/sweet-almond-oil-30ml-with-spray\/#primaryimage","url":"https:\/\/cooperativetoudarte.com\/wp-content\/uploads\/2023\/10\/sweet-almond-oil-30ml-with-spray-1.jpg","contentUrl":"https:\/\/cooperativetoudarte.com\/wp-content\/uploads\/2023\/10\/sweet-almond-oil-30ml-with-spray-1.jpg","width":800,"height":800},{"@type":"BreadcrumbList","@id":"https:\/\/cooperativetoudarte.com\/product\/sweet-almond-oil-30ml-with-spray\/#breadcrumb","itemListElement":[{"@type":"ListItem","position":1,"name":"Home","item":"https:\/\/cooperativetoudarte.com\/"},{"@type":"ListItem","position":2,"name":"Shop","item":"https:\/\/cooperativetoudarte.com\/fr\/shop\/"},{"@type":"ListItem","position":3,"name":"SWEET ALMOND OIL 30ML WITH SPRAY"}]},{"@type":"WebSite","@id":"https:\/\/cooperativetoudarte.com\/fr\/#website","url":"https:\/\/cooperativetoudarte.com\/fr\/","name":"Cooperativa Toudarte","description":"High Quality Bio Products","publisher":{"@id":"https:\/\/cooperativetoudarte.com\/fr\/#organization"},"alternateName":"Cooperative Toudarte","potentialAction":[{"@type":"SearchAction","target":{"@type":"EntryPoint","urlTemplate":"https:\/\/cooperativetoudarte.com\/fr\/?s={search_term_string}"},"query-input":{"@type":"PropertyValueSpecification","valueRequired":true,"valueName":"search_term_string"}}],"inLanguage":"es"},{"@type":["Organization","Place"],"@id":"https:\/\/cooperativetoudarte.com\/fr\/#organization","name":"Cooperativa Toudarte","alternateName":"Cooperative Toudarte","url":"https:\/\/cooperativetoudarte.com\/fr\/","logo":{"@id":"https:\/\/cooperativetoudarte.com\/product\/sweet-almond-oil-30ml-with-spray\/#local-main-organization-logo"},"image":{"@id":"https:\/\/cooperativetoudarte.com\/product\/sweet-almond-oil-30ml-with-spray\/#local-main-organization-logo"},"sameAs":["https:\/\/www.facebook.com\/cooperative.toudarte\/","https:\/\/x.com\/cooprativetouda","https:\/\/www.instagram.com\/cooperativetoudarte","https:\/\/www.youtube.com\/c\/COOPERATIVETOUDARTE"],"openingHoursSpecification":[{"@type":"OpeningHoursSpecification","dayOfWeek":["Monday","Tuesday","Wednesday","Thursday","Friday","Saturday","Sunday"],"opens":"09:00","closes":"17:00"}]},{"@type":"ImageObject","inLanguage":"es","@id":"https:\/\/cooperativetoudarte.com\/product\/sweet-almond-oil-30ml-with-spray\/#local-main-organization-logo","url":"https:\/\/cooperativetoudarte.com\/wp-content\/uploads\/2023\/11\/PngLogo-1.png","contentUrl":"https:\/\/cooperativetoudarte.com\/wp-content\/uploads\/2023\/11\/PngLogo-1.png","width":512,"height":512,"caption":"Toudarte Cooperative"}]},"product_price_amount":"40.00","product_price_currency":"MAD","og_availability":"instock","product_availability":"instock","product_condition":"new"},"jetpack_sharing_enabled":true,"_links":{"self":[{"href":"https:\/\/cooperativetoudarte.com\/es\/wp-json\/wp\/v2\/product\/276","targetHints":{"allow":["GET"]}}],"collection":[{"href":"https:\/\/cooperativetoudarte.com\/es\/wp-json\/wp\/v2\/product"}],"about":[{"href":"https:\/\/cooperativetoudarte.com\/es\/wp-json\/wp\/v2\/types\/product"}],"replies":[{"embeddable":true,"href":"https:\/\/cooperativetoudarte.com\/es\/wp-json\/wp\/v2\/comments?post=276"}],"wp:featuredmedia":[{"embeddable":true,"href":"https:\/\/cooperativetoudarte.com\/es\/wp-json\/wp\/v2\/media\/277"}],"wp:attachment":[{"href":"https:\/\/cooperativetoudarte.com\/es\/wp-json\/wp\/v2\/media?parent=276"}],"wp:term":[{"taxonomy":"product_brand","embeddable":true,"href":"https:\/\/cooperativetoudarte.com\/es\/wp-json\/wp\/v2\/product_brand?post=276"},{"taxonomy":"product_cat","embeddable":true,"href":"https:\/\/cooperativetoudarte.com\/es\/wp-json\/wp\/v2\/product_cat?post=276"},{"taxonomy":"product_tag","embeddable":true,"href":"https:\/\/cooperativetoudarte.com\/es\/wp-json\/wp\/v2\/product_tag?post=276"}],"curies":[{"name":"wp","href":"https:\/\/api.w.org\/{rel}","templated":true}]}}