{"id":251,"date":"2023-10-29T10:37:39","date_gmt":"2023-10-29T10:37:39","guid":{"rendered":"https:\/\/cooperativetoudarte.com\/?post_type=product&#038;p=251"},"modified":"2025-09-17T16:54:09","modified_gmt":"2025-09-17T16:54:09","slug":"argan-oil-perfumed-with-rose-tea-tree-100ml","status":"publish","type":"product","link":"https:\/\/cooperativetoudarte.com\/es\/producto\/argan-oil-perfumed-with-rose-tea-tree-100ml\/","title":{"rendered":"ACEITE DE ARG\u00c1N PERFUMADO CON \u00c1RBOL DE T\u00c9 DE ROSAS 50 ML"},"content":{"rendered":"<div id=\"content-wrapper\" class=\"right-column col-xs-12 col-sm-8 col-md-9\">\n<section id=\"main\">\n<div class=\"tabs\">\n<div id=\"tab-content\" class=\"tab-content\">\n<div id=\"description\" class=\"tab-pane fade in active\">\n<div class=\"product-description\">\n<div>El aceite de arg\u00e1n con sabor a \u00e1rbol de t\u00e9 es un verdadero cuidado de la belleza, este aceite corporal restaura la suavidad y la firmeza aterciopelada a la piel. Al mezclar aceite de arg\u00e1n con aceite esencial de \u00e1rbol de t\u00e9, se convierte en una sustancia noble rica en \u00e1cidos grasos esenciales, evitando la sequedad y promoviendo la regeneraci\u00f3n de la piel. Penetra la piel f\u00e1cilmente. Se utiliza en el cuidado diario y para masajes.<\/div>\n<\/div>\n<\/div>\n<\/div>\n<\/div>\n<\/section>\n<\/div>","protected":false},"excerpt":{"rendered":"<p>Nourish your skin and hair with the luxurious touch of nature\u2019s golden elixir, elevated by the delicate, romantic scent of rose tea. This premium argan oil is infused with the gentle floral aroma of freshly brewed rose petals, offering a sensorial experience that soothes the senses while deeply hydrating and softening your skin and hair.Cold-pressed from Moroccan argan nuts, this lightweight yet rich oil is packed with antioxidants, essential fatty acids, and vitamin E. Perfect as a daily moisturizer, hair treatment, or cuticle oil, it absorbs quickly without leaving a greasy residue\u2014leaving you glowing, smooth, and subtly fragranced.<\/p>","protected":false},"featured_media":252,"comment_status":"open","ping_status":"closed","template":"","meta":{"inline_featured_image":false},"product_brand":[],"product_cat":[34],"product_tag":[57],"class_list":{"0":"post-251","1":"product","2":"type-product","3":"status-publish","4":"has-post-thumbnail","6":"product_cat-flavored-argan-oil","7":"product_tag-beauty-argan","9":"first","10":"instock","11":"shipping-taxable","12":"purchasable","13":"product-type-simple"},"yoast_head":"<!-- This site is optimized with the Yoast SEO Premium plugin v21.5 (Yoast SEO v27.3) - https:\/\/yoast.com\/product\/yoast-seo-premium-wordpress\/ -->\n<title>Argan-oil-perfumed-with-rose-tea<\/title>\n<meta name=\"description\" content=\"Nourish your skin and hair with the luxurious touch of nature\u2019s golden elixir, elevated by the delicate, romantic scent of rose tea. This premium argan oil is infused with the gentle floral aroma of freshly brewed rose petals, offering a sensorial experience that soothes the senses while deeply hydrating and softening your skin and hair.Cold-pressed from Moroccan argan nuts, this lightweight yet rich oil is packed with antioxidants, essential fatty acids, and vitamin E. Perfect as a daily moisturizer, hair treatment, or cuticle oil, it absorbs quickly without leaving a greasy residue\u2014leaving you glowing, smooth, and subtly fragranced.\" \/>\n<meta name=\"robots\" content=\"index, follow, max-snippet:-1, max-image-preview:large, max-video-preview:-1\" \/>\n<link rel=\"canonical\" href=\"https:\/\/cooperativetoudarte.com\/es\/producto\/argan-oil-perfumed-with-rose-tea-tree-100ml\/\" \/>\n<meta property=\"og:locale\" content=\"es_ES\" \/>\n<meta property=\"og:type\" content=\"article\" \/>\n<meta property=\"og:title\" content=\"ARGAN OIL PERFUMED WITH ROSE TEA TREE 50 ML\" \/>\n<meta property=\"og:description\" content=\"Nourish your skin and hair with the luxurious touch of nature\u2019s golden elixir, elevated by the delicate, romantic scent of rose tea. This premium argan oil is infused with the gentle floral aroma of freshly brewed rose petals, offering a sensorial experience that soothes the senses while deeply hydrating and softening your skin and hair.Cold-pressed from Moroccan argan nuts, this lightweight yet rich oil is packed with antioxidants, essential fatty acids, and vitamin E. Perfect as a daily moisturizer, hair treatment, or cuticle oil, it absorbs quickly without leaving a greasy residue\u2014leaving you glowing, smooth, and subtly fragranced.\" \/>\n<meta property=\"og:url\" content=\"https:\/\/cooperativetoudarte.com\/es\/producto\/argan-oil-perfumed-with-rose-tea-tree-100ml\/\" \/>\n<meta property=\"og:site_name\" content=\"Toudarte\" \/>\n<meta property=\"article:publisher\" content=\"https:\/\/www.facebook.com\/cooperative.toudarte\/\" \/>\n<meta property=\"article:modified_time\" content=\"2025-09-17T16:54:09+00:00\" \/>\n<meta property=\"og:image\" content=\"https:\/\/cooperativetoudarte.com\/wp-content\/uploads\/2023\/10\/argan-oil-with-tea-tree.jpg\" \/>\n\t<meta property=\"og:image:width\" content=\"800\" \/>\n\t<meta property=\"og:image:height\" content=\"800\" \/>\n\t<meta property=\"og:image:type\" content=\"image\/jpeg\" \/>\n<meta name=\"twitter:card\" content=\"summary_large_image\" \/>\n<meta name=\"twitter:site\" content=\"@cooprativetouda\" \/>\n<meta name=\"twitter:label1\" content=\"Precio\" \/>\n\t<meta name=\"twitter:data1\" content=\"&#x62f;.&#x645;.60,00\" \/>\n\t<meta name=\"twitter:label2\" content=\"Availability\" \/>\n\t<meta name=\"twitter:data2\" content=\"In stock\" \/>\n<script type=\"application\/ld+json\" class=\"yoast-schema-graph\">{\"@context\":\"https:\\\/\\\/schema.org\",\"@graph\":[{\"@type\":\"WebPage\",\"@id\":\"https:\\\/\\\/cooperativetoudarte.com\\\/product\\\/argan-oil-perfumed-with-rose-tea-tree-100ml\\\/\",\"url\":\"https:\\\/\\\/cooperativetoudarte.com\\\/product\\\/argan-oil-perfumed-with-rose-tea-tree-100ml\\\/\",\"name\":\"Argan-oil-perfumed-with-rose-tea\",\"isPartOf\":{\"@id\":\"https:\\\/\\\/cooperativetoudarte.com\\\/fr\\\/#website\"},\"primaryImageOfPage\":{\"@id\":\"https:\\\/\\\/cooperativetoudarte.com\\\/product\\\/argan-oil-perfumed-with-rose-tea-tree-100ml\\\/#primaryimage\"},\"image\":{\"@id\":\"https:\\\/\\\/cooperativetoudarte.com\\\/product\\\/argan-oil-perfumed-with-rose-tea-tree-100ml\\\/#primaryimage\"},\"thumbnailUrl\":\"https:\\\/\\\/cooperativetoudarte.com\\\/wp-content\\\/uploads\\\/2023\\\/10\\\/argan-oil-with-tea-tree.jpg\",\"datePublished\":\"2023-10-29T10:37:39+00:00\",\"dateModified\":\"2025-09-17T16:54:09+00:00\",\"description\":\"Nourish your skin and hair with the luxurious touch of nature\u2019s golden elixir, elevated by the delicate, romantic scent of rose tea. This premium argan oil is infused with the gentle floral aroma of freshly brewed rose petals, offering a sensorial experience that soothes the senses while deeply hydrating and softening your skin and hair.Cold-pressed from Moroccan argan nuts, this lightweight yet rich oil is packed with antioxidants, essential fatty acids, and vitamin E. Perfect as a daily moisturizer, hair treatment, or cuticle oil, it absorbs quickly without leaving a greasy residue\u2014leaving you glowing, smooth, and subtly fragranced.\",\"breadcrumb\":{\"@id\":\"https:\\\/\\\/cooperativetoudarte.com\\\/product\\\/argan-oil-perfumed-with-rose-tea-tree-100ml\\\/#breadcrumb\"},\"inLanguage\":\"es\",\"potentialAction\":[{\"@type\":\"ReadAction\",\"target\":[\"https:\\\/\\\/cooperativetoudarte.com\\\/product\\\/argan-oil-perfumed-with-rose-tea-tree-100ml\\\/\"]}]},{\"@type\":\"ImageObject\",\"inLanguage\":\"es\",\"@id\":\"https:\\\/\\\/cooperativetoudarte.com\\\/product\\\/argan-oil-perfumed-with-rose-tea-tree-100ml\\\/#primaryimage\",\"url\":\"https:\\\/\\\/cooperativetoudarte.com\\\/wp-content\\\/uploads\\\/2023\\\/10\\\/argan-oil-with-tea-tree.jpg\",\"contentUrl\":\"https:\\\/\\\/cooperativetoudarte.com\\\/wp-content\\\/uploads\\\/2023\\\/10\\\/argan-oil-with-tea-tree.jpg\",\"width\":800,\"height\":800},{\"@type\":\"BreadcrumbList\",\"@id\":\"https:\\\/\\\/cooperativetoudarte.com\\\/product\\\/argan-oil-perfumed-with-rose-tea-tree-100ml\\\/#breadcrumb\",\"itemListElement\":[{\"@type\":\"ListItem\",\"position\":1,\"name\":\"Home\",\"item\":\"https:\\\/\\\/cooperativetoudarte.com\\\/\"},{\"@type\":\"ListItem\",\"position\":2,\"name\":\"Shop\",\"item\":\"https:\\\/\\\/cooperativetoudarte.com\\\/fr\\\/shop\\\/\"},{\"@type\":\"ListItem\",\"position\":3,\"name\":\"ARGAN OIL PERFUMED WITH ROSE TEA TREE 50 ML\"}]},{\"@type\":\"WebSite\",\"@id\":\"https:\\\/\\\/cooperativetoudarte.com\\\/fr\\\/#website\",\"url\":\"https:\\\/\\\/cooperativetoudarte.com\\\/fr\\\/\",\"name\":\"Toudarte Cooperative\",\"description\":\"High Quality Bio Products\",\"publisher\":{\"@id\":\"https:\\\/\\\/cooperativetoudarte.com\\\/fr\\\/#organization\"},\"alternateName\":\"Cooperative Toudarte\",\"potentialAction\":[{\"@type\":\"SearchAction\",\"target\":{\"@type\":\"EntryPoint\",\"urlTemplate\":\"https:\\\/\\\/cooperativetoudarte.com\\\/fr\\\/?s={search_term_string}\"},\"query-input\":{\"@type\":\"PropertyValueSpecification\",\"valueRequired\":true,\"valueName\":\"search_term_string\"}}],\"inLanguage\":\"es\"},{\"@type\":[\"Organization\",\"Place\"],\"@id\":\"https:\\\/\\\/cooperativetoudarte.com\\\/fr\\\/#organization\",\"name\":\"Toudarte Cooperative\",\"alternateName\":\"Cooperative Toudarte\",\"url\":\"https:\\\/\\\/cooperativetoudarte.com\\\/fr\\\/\",\"logo\":{\"@id\":\"https:\\\/\\\/cooperativetoudarte.com\\\/product\\\/argan-oil-perfumed-with-rose-tea-tree-100ml\\\/#local-main-organization-logo\"},\"image\":{\"@id\":\"https:\\\/\\\/cooperativetoudarte.com\\\/product\\\/argan-oil-perfumed-with-rose-tea-tree-100ml\\\/#local-main-organization-logo\"},\"sameAs\":[\"https:\\\/\\\/www.facebook.com\\\/cooperative.toudarte\\\/\",\"https:\\\/\\\/x.com\\\/cooprativetouda\",\"https:\\\/\\\/www.instagram.com\\\/cooperativetoudarte\",\"https:\\\/\\\/www.youtube.com\\\/c\\\/COOPERATIVETOUDARTE\"],\"openingHoursSpecification\":[{\"@type\":\"OpeningHoursSpecification\",\"dayOfWeek\":[\"Monday\",\"Tuesday\",\"Wednesday\",\"Thursday\",\"Friday\",\"Saturday\",\"Sunday\"],\"opens\":\"09:00\",\"closes\":\"17:00\"}]},{\"@type\":\"ImageObject\",\"inLanguage\":\"es\",\"@id\":\"https:\\\/\\\/cooperativetoudarte.com\\\/product\\\/argan-oil-perfumed-with-rose-tea-tree-100ml\\\/#local-main-organization-logo\",\"url\":\"https:\\\/\\\/cooperativetoudarte.com\\\/wp-content\\\/uploads\\\/2023\\\/11\\\/PngLogo-1.png\",\"contentUrl\":\"https:\\\/\\\/cooperativetoudarte.com\\\/wp-content\\\/uploads\\\/2023\\\/11\\\/PngLogo-1.png\",\"width\":512,\"height\":512,\"caption\":\"Toudarte Cooperative\"}]}<\/script>\n<meta property=\"product:price:amount\" content=\"60.00\" \/>\n<meta property=\"product:price:currency\" content=\"MAD\" \/>\n<meta property=\"og:availability\" content=\"instock\" \/>\n<meta property=\"product:availability\" content=\"instock\" \/>\n<meta property=\"product:condition\" content=\"new\" \/>\n<!-- \/ Yoast SEO Premium plugin. -->","yoast_head_json":{"title":"Argan-oil-perfumed-with-rose-tea","description":"Nourish your skin and hair with the luxurious touch of nature\u2019s golden elixir, elevated by the delicate, romantic scent of rose tea. This premium argan oil is infused with the gentle floral aroma of freshly brewed rose petals, offering a sensorial experience that soothes the senses while deeply hydrating and softening your skin and hair.Cold-pressed from Moroccan argan nuts, this lightweight yet rich oil is packed with antioxidants, essential fatty acids, and vitamin E. Perfect as a daily moisturizer, hair treatment, or cuticle oil, it absorbs quickly without leaving a greasy residue\u2014leaving you glowing, smooth, and subtly fragranced.","robots":{"index":"index","follow":"follow","max-snippet":"max-snippet:-1","max-image-preview":"max-image-preview:large","max-video-preview":"max-video-preview:-1"},"canonical":"https:\/\/cooperativetoudarte.com\/es\/producto\/argan-oil-perfumed-with-rose-tea-tree-100ml\/","og_locale":"es_ES","og_type":"article","og_title":"ARGAN OIL PERFUMED WITH ROSE TEA TREE 50 ML","og_description":"Nourish your skin and hair with the luxurious touch of nature\u2019s golden elixir, elevated by the delicate, romantic scent of rose tea. This premium argan oil is infused with the gentle floral aroma of freshly brewed rose petals, offering a sensorial experience that soothes the senses while deeply hydrating and softening your skin and hair.Cold-pressed from Moroccan argan nuts, this lightweight yet rich oil is packed with antioxidants, essential fatty acids, and vitamin E. Perfect as a daily moisturizer, hair treatment, or cuticle oil, it absorbs quickly without leaving a greasy residue\u2014leaving you glowing, smooth, and subtly fragranced.","og_url":"https:\/\/cooperativetoudarte.com\/es\/producto\/argan-oil-perfumed-with-rose-tea-tree-100ml\/","og_site_name":"Toudarte","article_publisher":"https:\/\/www.facebook.com\/cooperative.toudarte\/","article_modified_time":"2025-09-17T16:54:09+00:00","og_image":[{"width":800,"height":800,"url":"https:\/\/cooperativetoudarte.com\/wp-content\/uploads\/2023\/10\/argan-oil-with-tea-tree.jpg","type":"image\/jpeg"}],"twitter_card":"summary_large_image","twitter_site":"@cooprativetouda","twitter_misc":{"Precio":"&#x62f;.&#x645;.60,00","Availability":"In stock"},"schema":{"@context":"https:\/\/schema.org","@graph":[{"@type":"WebPage","@id":"https:\/\/cooperativetoudarte.com\/product\/argan-oil-perfumed-with-rose-tea-tree-100ml\/","url":"https:\/\/cooperativetoudarte.com\/product\/argan-oil-perfumed-with-rose-tea-tree-100ml\/","name":"Argan-oil-perfumed-with-rose-tea","isPartOf":{"@id":"https:\/\/cooperativetoudarte.com\/fr\/#website"},"primaryImageOfPage":{"@id":"https:\/\/cooperativetoudarte.com\/product\/argan-oil-perfumed-with-rose-tea-tree-100ml\/#primaryimage"},"image":{"@id":"https:\/\/cooperativetoudarte.com\/product\/argan-oil-perfumed-with-rose-tea-tree-100ml\/#primaryimage"},"thumbnailUrl":"https:\/\/cooperativetoudarte.com\/wp-content\/uploads\/2023\/10\/argan-oil-with-tea-tree.jpg","datePublished":"2023-10-29T10:37:39+00:00","dateModified":"2025-09-17T16:54:09+00:00","description":"Nourish your skin and hair with the luxurious touch of nature\u2019s golden elixir, elevated by the delicate, romantic scent of rose tea. This premium argan oil is infused with the gentle floral aroma of freshly brewed rose petals, offering a sensorial experience that soothes the senses while deeply hydrating and softening your skin and hair.Cold-pressed from Moroccan argan nuts, this lightweight yet rich oil is packed with antioxidants, essential fatty acids, and vitamin E. Perfect as a daily moisturizer, hair treatment, or cuticle oil, it absorbs quickly without leaving a greasy residue\u2014leaving you glowing, smooth, and subtly fragranced.","breadcrumb":{"@id":"https:\/\/cooperativetoudarte.com\/product\/argan-oil-perfumed-with-rose-tea-tree-100ml\/#breadcrumb"},"inLanguage":"es","potentialAction":[{"@type":"ReadAction","target":["https:\/\/cooperativetoudarte.com\/product\/argan-oil-perfumed-with-rose-tea-tree-100ml\/"]}]},{"@type":"ImageObject","inLanguage":"es","@id":"https:\/\/cooperativetoudarte.com\/product\/argan-oil-perfumed-with-rose-tea-tree-100ml\/#primaryimage","url":"https:\/\/cooperativetoudarte.com\/wp-content\/uploads\/2023\/10\/argan-oil-with-tea-tree.jpg","contentUrl":"https:\/\/cooperativetoudarte.com\/wp-content\/uploads\/2023\/10\/argan-oil-with-tea-tree.jpg","width":800,"height":800},{"@type":"BreadcrumbList","@id":"https:\/\/cooperativetoudarte.com\/product\/argan-oil-perfumed-with-rose-tea-tree-100ml\/#breadcrumb","itemListElement":[{"@type":"ListItem","position":1,"name":"Home","item":"https:\/\/cooperativetoudarte.com\/"},{"@type":"ListItem","position":2,"name":"Shop","item":"https:\/\/cooperativetoudarte.com\/fr\/shop\/"},{"@type":"ListItem","position":3,"name":"ARGAN OIL PERFUMED WITH ROSE TEA TREE 50 ML"}]},{"@type":"WebSite","@id":"https:\/\/cooperativetoudarte.com\/fr\/#website","url":"https:\/\/cooperativetoudarte.com\/fr\/","name":"Cooperativa Toudarte","description":"High Quality Bio Products","publisher":{"@id":"https:\/\/cooperativetoudarte.com\/fr\/#organization"},"alternateName":"Cooperative Toudarte","potentialAction":[{"@type":"SearchAction","target":{"@type":"EntryPoint","urlTemplate":"https:\/\/cooperativetoudarte.com\/fr\/?s={search_term_string}"},"query-input":{"@type":"PropertyValueSpecification","valueRequired":true,"valueName":"search_term_string"}}],"inLanguage":"es"},{"@type":["Organization","Place"],"@id":"https:\/\/cooperativetoudarte.com\/fr\/#organization","name":"Cooperativa Toudarte","alternateName":"Cooperative Toudarte","url":"https:\/\/cooperativetoudarte.com\/fr\/","logo":{"@id":"https:\/\/cooperativetoudarte.com\/product\/argan-oil-perfumed-with-rose-tea-tree-100ml\/#local-main-organization-logo"},"image":{"@id":"https:\/\/cooperativetoudarte.com\/product\/argan-oil-perfumed-with-rose-tea-tree-100ml\/#local-main-organization-logo"},"sameAs":["https:\/\/www.facebook.com\/cooperative.toudarte\/","https:\/\/x.com\/cooprativetouda","https:\/\/www.instagram.com\/cooperativetoudarte","https:\/\/www.youtube.com\/c\/COOPERATIVETOUDARTE"],"openingHoursSpecification":[{"@type":"OpeningHoursSpecification","dayOfWeek":["Monday","Tuesday","Wednesday","Thursday","Friday","Saturday","Sunday"],"opens":"09:00","closes":"17:00"}]},{"@type":"ImageObject","inLanguage":"es","@id":"https:\/\/cooperativetoudarte.com\/product\/argan-oil-perfumed-with-rose-tea-tree-100ml\/#local-main-organization-logo","url":"https:\/\/cooperativetoudarte.com\/wp-content\/uploads\/2023\/11\/PngLogo-1.png","contentUrl":"https:\/\/cooperativetoudarte.com\/wp-content\/uploads\/2023\/11\/PngLogo-1.png","width":512,"height":512,"caption":"Toudarte Cooperative"}]},"product_price_amount":"60.00","product_price_currency":"MAD","og_availability":"instock","product_availability":"instock","product_condition":"new"},"jetpack_sharing_enabled":true,"_links":{"self":[{"href":"https:\/\/cooperativetoudarte.com\/es\/wp-json\/wp\/v2\/product\/251","targetHints":{"allow":["GET"]}}],"collection":[{"href":"https:\/\/cooperativetoudarte.com\/es\/wp-json\/wp\/v2\/product"}],"about":[{"href":"https:\/\/cooperativetoudarte.com\/es\/wp-json\/wp\/v2\/types\/product"}],"replies":[{"embeddable":true,"href":"https:\/\/cooperativetoudarte.com\/es\/wp-json\/wp\/v2\/comments?post=251"}],"wp:featuredmedia":[{"embeddable":true,"href":"https:\/\/cooperativetoudarte.com\/es\/wp-json\/wp\/v2\/media\/252"}],"wp:attachment":[{"href":"https:\/\/cooperativetoudarte.com\/es\/wp-json\/wp\/v2\/media?parent=251"}],"wp:term":[{"taxonomy":"product_brand","embeddable":true,"href":"https:\/\/cooperativetoudarte.com\/es\/wp-json\/wp\/v2\/product_brand?post=251"},{"taxonomy":"product_cat","embeddable":true,"href":"https:\/\/cooperativetoudarte.com\/es\/wp-json\/wp\/v2\/product_cat?post=251"},{"taxonomy":"product_tag","embeddable":true,"href":"https:\/\/cooperativetoudarte.com\/es\/wp-json\/wp\/v2\/product_tag?post=251"}],"curies":[{"name":"wp","href":"https:\/\/api.w.org\/{rel}","templated":true}]}}