{"id":1061,"date":"2024-10-17T19:54:35","date_gmt":"2024-10-17T19:54:35","guid":{"rendered":"https:\/\/cooperativetoudarte.com\/?post_type=product&#038;p=1061"},"modified":"2026-04-20T00:05:32","modified_gmt":"2026-04-20T00:05:32","slug":"propolis-powder-10gr","status":"publish","type":"product","link":"https:\/\/cooperativetoudarte.com\/es\/producto\/propolis-powder-10gr\/","title":{"rendered":"PROPOLEOS 10GR"},"content":{"rendered":"<div><strong>Beneficios del prop\u00f3leo<\/strong>:<br \/>\nEs beneficioso para el sistema inmunitario y ayuda a fortalecerlo. Aumenta la resistencia y proporciona protecci\u00f3n contra enfermedades que aparecen en invierno. Otros beneficios del prop\u00f3leo para el cuerpo humano incluyen:<br \/>\n*Es un antioxidante eficaz.<br \/>\n* Apoya la salud general del cuerpo.<br \/>\n* Previene la inflamaci\u00f3n.<br \/>\n* Efectiva contra virus, bacterias y hongos.<br \/>\n*Se utiliza en el tratamiento del eczema y el acn\u00e9.<br \/>\n*Tiene propiedades analg\u00e9sicas.<br \/>\n*\u00datil para dolores de garganta.<br \/>\n* \u00datil para afecciones estomacales e intestinales.<br \/>\n* Efectiva en el tratamiento de problemas de las enc\u00edas.<br \/>\n* Eficaz contra las infecciones que puedan producirse en el tracto urinario.<\/p>","protected":false},"excerpt":{"rendered":"<div><strong>Prop\u00f3leos<\/strong>Es una sustancia que las abejas recolectan de las yemas de los \u00e1rboles, la savia o de otras fuentes bot\u00e1nicas. Lo utilizan para sellar y proteger sus colmenas de pat\u00f3genos y factores ambientales. El prop\u00f3leo posee una rica composici\u00f3n de flavonoides, compuestos fen\u00f3licos y aceites esenciales, que se cree que contribuyen a sus propiedades antimicrobianas, antiinflamatorias y antioxidantes. En la salud humana, el prop\u00f3leo se utiliza a menudo en suplementos, ung\u00fcentos y tinturas por su potencial para fortalecer el sistema inmunitario, promover la cicatrizaci\u00f3n y reducir la inflamaci\u00f3n.<\/p>","protected":false},"featured_media":1062,"comment_status":"open","ping_status":"closed","template":"","meta":{"inline_featured_image":false},"product_brand":[],"product_cat":[51],"product_tag":[],"class_list":{"0":"post-1061","1":"product","2":"type-product","3":"status-publish","4":"has-post-thumbnail","6":"product_cat-propolis-cooperative","8":"first","9":"instock","10":"shipping-taxable","11":"purchasable","12":"product-type-simple"},"yoast_head":"<!-- This site is optimized with the Yoast SEO Premium plugin v21.5 (Yoast SEO v27.4) - https:\/\/yoast.com\/product\/yoast-seo-premium-wordpress\/ -->\n<title>Propolis-powder-toudarte<\/title>\n<meta name=\"description\" content=\"Propolis is a substance collected by bees from tree buds, sap flows, or other botanical sources. It is used by bees to seal and protect their hives from pathogens and environmental factors. Propolis has a rich composition of flavonoids, phenolic compounds, and essential oils, which are believed to contribute to its antimicrobial, anti-inflammatory, and antioxidant properties. In human health, propolis is often used in supplements, ointments, and tinctures for its potential to support the immune system, promote healing, and reduce inflammation.\" \/>\n<meta name=\"robots\" content=\"index, follow, max-snippet:-1, max-image-preview:large, max-video-preview:-1\" \/>\n<link rel=\"canonical\" href=\"https:\/\/cooperativetoudarte.com\/es\/producto\/propolis-powder-10gr\/\" \/>\n<meta property=\"og:locale\" content=\"es_ES\" \/>\n<meta property=\"og:type\" content=\"article\" \/>\n<meta property=\"og:title\" content=\"PROPOLIS POWDER 10GR\" \/>\n<meta property=\"og:description\" content=\"Propolis is a substance collected by bees from tree buds, sap flows, or other botanical sources. It is used by bees to seal and protect their hives from pathogens and environmental factors. Propolis has a rich composition of flavonoids, phenolic compounds, and essential oils, which are believed to contribute to its antimicrobial, anti-inflammatory, and antioxidant properties. In human health, propolis is often used in supplements, ointments, and tinctures for its potential to support the immune system, promote healing, and reduce inflammation.\" \/>\n<meta property=\"og:url\" content=\"https:\/\/cooperativetoudarte.com\/es\/producto\/propolis-powder-10gr\/\" \/>\n<meta property=\"og:site_name\" content=\"Toudarte\" \/>\n<meta property=\"article:publisher\" content=\"https:\/\/www.facebook.com\/cooperative.toudarte\/\" \/>\n<meta property=\"article:modified_time\" content=\"2026-04-20T00:05:32+00:00\" \/>\n<meta property=\"og:image\" content=\"https:\/\/cooperativetoudarte.com\/wp-content\/uploads\/2024\/10\/PROPOLIS.jpg\" \/>\n\t<meta property=\"og:image:width\" content=\"2160\" \/>\n\t<meta property=\"og:image:height\" content=\"2160\" \/>\n\t<meta property=\"og:image:type\" content=\"image\/jpeg\" \/>\n<meta name=\"twitter:card\" content=\"summary_large_image\" \/>\n<meta name=\"twitter:site\" content=\"@cooprativetouda\" \/>\n<meta name=\"twitter:label1\" content=\"Precio\" \/>\n\t<meta name=\"twitter:data1\" content=\"&#x62f;.&#x645;.50,00\" \/>\n\t<meta name=\"twitter:label2\" content=\"Availability\" \/>\n\t<meta name=\"twitter:data2\" content=\"In stock\" \/>\n<script type=\"application\/ld+json\" class=\"yoast-schema-graph\">{\"@context\":\"https:\\\/\\\/schema.org\",\"@graph\":[{\"@type\":\"WebPage\",\"@id\":\"https:\\\/\\\/cooperativetoudarte.com\\\/product\\\/propolis-powder-10gr\\\/\",\"url\":\"https:\\\/\\\/cooperativetoudarte.com\\\/product\\\/propolis-powder-10gr\\\/\",\"name\":\"Propolis-powder-toudarte\",\"isPartOf\":{\"@id\":\"https:\\\/\\\/cooperativetoudarte.com\\\/fr\\\/#website\"},\"primaryImageOfPage\":{\"@id\":\"https:\\\/\\\/cooperativetoudarte.com\\\/product\\\/propolis-powder-10gr\\\/#primaryimage\"},\"image\":{\"@id\":\"https:\\\/\\\/cooperativetoudarte.com\\\/product\\\/propolis-powder-10gr\\\/#primaryimage\"},\"thumbnailUrl\":\"https:\\\/\\\/cooperativetoudarte.com\\\/wp-content\\\/uploads\\\/2024\\\/10\\\/PROPOLIS.jpg\",\"datePublished\":\"2024-10-17T19:54:35+00:00\",\"dateModified\":\"2026-04-20T00:05:32+00:00\",\"description\":\"Propolis is a substance collected by bees from tree buds, sap flows, or other botanical sources. It is used by bees to seal and protect their hives from pathogens and environmental factors. Propolis has a rich composition of flavonoids, phenolic compounds, and essential oils, which are believed to contribute to its antimicrobial, anti-inflammatory, and antioxidant properties. In human health, propolis is often used in supplements, ointments, and tinctures for its potential to support the immune system, promote healing, and reduce inflammation.\",\"breadcrumb\":{\"@id\":\"https:\\\/\\\/cooperativetoudarte.com\\\/product\\\/propolis-powder-10gr\\\/#breadcrumb\"},\"inLanguage\":\"es\",\"potentialAction\":[{\"@type\":\"ReadAction\",\"target\":[\"https:\\\/\\\/cooperativetoudarte.com\\\/product\\\/propolis-powder-10gr\\\/\"]}]},{\"@type\":\"ImageObject\",\"inLanguage\":\"es\",\"@id\":\"https:\\\/\\\/cooperativetoudarte.com\\\/product\\\/propolis-powder-10gr\\\/#primaryimage\",\"url\":\"https:\\\/\\\/cooperativetoudarte.com\\\/wp-content\\\/uploads\\\/2024\\\/10\\\/PROPOLIS.jpg\",\"contentUrl\":\"https:\\\/\\\/cooperativetoudarte.com\\\/wp-content\\\/uploads\\\/2024\\\/10\\\/PROPOLIS.jpg\",\"width\":2160,\"height\":2160,\"caption\":\"PROPOLIS\"},{\"@type\":\"BreadcrumbList\",\"@id\":\"https:\\\/\\\/cooperativetoudarte.com\\\/product\\\/propolis-powder-10gr\\\/#breadcrumb\",\"itemListElement\":[{\"@type\":\"ListItem\",\"position\":1,\"name\":\"Home\",\"item\":\"https:\\\/\\\/cooperativetoudarte.com\\\/\"},{\"@type\":\"ListItem\",\"position\":2,\"name\":\"Shop\",\"item\":\"https:\\\/\\\/cooperativetoudarte.com\\\/fr\\\/shop\\\/\"},{\"@type\":\"ListItem\",\"position\":3,\"name\":\"PROPOLIS POWDER 10GR\"}]},{\"@type\":\"WebSite\",\"@id\":\"https:\\\/\\\/cooperativetoudarte.com\\\/fr\\\/#website\",\"url\":\"https:\\\/\\\/cooperativetoudarte.com\\\/fr\\\/\",\"name\":\"Toudarte Cooperative\",\"description\":\"High Quality Bio Products\",\"publisher\":{\"@id\":\"https:\\\/\\\/cooperativetoudarte.com\\\/fr\\\/#organization\"},\"alternateName\":\"Cooperative Toudarte\",\"potentialAction\":[{\"@type\":\"SearchAction\",\"target\":{\"@type\":\"EntryPoint\",\"urlTemplate\":\"https:\\\/\\\/cooperativetoudarte.com\\\/fr\\\/?s={search_term_string}\"},\"query-input\":{\"@type\":\"PropertyValueSpecification\",\"valueRequired\":true,\"valueName\":\"search_term_string\"}}],\"inLanguage\":\"es\"},{\"@type\":[\"Organization\",\"Place\"],\"@id\":\"https:\\\/\\\/cooperativetoudarte.com\\\/fr\\\/#organization\",\"name\":\"Toudarte Cooperative\",\"alternateName\":\"Cooperative Toudarte\",\"url\":\"https:\\\/\\\/cooperativetoudarte.com\\\/fr\\\/\",\"logo\":{\"@id\":\"https:\\\/\\\/cooperativetoudarte.com\\\/product\\\/propolis-powder-10gr\\\/#local-main-organization-logo\"},\"image\":{\"@id\":\"https:\\\/\\\/cooperativetoudarte.com\\\/product\\\/propolis-powder-10gr\\\/#local-main-organization-logo\"},\"sameAs\":[\"https:\\\/\\\/www.facebook.com\\\/cooperative.toudarte\\\/\",\"https:\\\/\\\/x.com\\\/cooprativetouda\",\"https:\\\/\\\/www.instagram.com\\\/cooperativetoudarte\",\"https:\\\/\\\/www.youtube.com\\\/c\\\/COOPERATIVETOUDARTE\"],\"openingHoursSpecification\":[{\"@type\":\"OpeningHoursSpecification\",\"dayOfWeek\":[\"Monday\",\"Tuesday\",\"Wednesday\",\"Thursday\",\"Friday\",\"Saturday\",\"Sunday\"],\"opens\":\"09:00\",\"closes\":\"17:00\"}]},{\"@type\":\"ImageObject\",\"inLanguage\":\"es\",\"@id\":\"https:\\\/\\\/cooperativetoudarte.com\\\/product\\\/propolis-powder-10gr\\\/#local-main-organization-logo\",\"url\":\"https:\\\/\\\/cooperativetoudarte.com\\\/wp-content\\\/uploads\\\/2023\\\/11\\\/PngLogo-1.png\",\"contentUrl\":\"https:\\\/\\\/cooperativetoudarte.com\\\/wp-content\\\/uploads\\\/2023\\\/11\\\/PngLogo-1.png\",\"width\":512,\"height\":512,\"caption\":\"Toudarte Cooperative\"}]}<\/script>\n<meta property=\"product:price:amount\" content=\"50.00\" \/>\n<meta property=\"product:price:currency\" content=\"MAD\" \/>\n<meta property=\"og:availability\" content=\"instock\" \/>\n<meta property=\"product:availability\" content=\"instock\" \/>\n<meta property=\"product:condition\" content=\"new\" \/>\n<!-- \/ Yoast SEO Premium plugin. -->","yoast_head_json":{"title":"Propolis-powder-toudarte","description":"Propolis is a substance collected by bees from tree buds, sap flows, or other botanical sources. It is used by bees to seal and protect their hives from pathogens and environmental factors. Propolis has a rich composition of flavonoids, phenolic compounds, and essential oils, which are believed to contribute to its antimicrobial, anti-inflammatory, and antioxidant properties. In human health, propolis is often used in supplements, ointments, and tinctures for its potential to support the immune system, promote healing, and reduce inflammation.","robots":{"index":"index","follow":"follow","max-snippet":"max-snippet:-1","max-image-preview":"max-image-preview:large","max-video-preview":"max-video-preview:-1"},"canonical":"https:\/\/cooperativetoudarte.com\/es\/producto\/propolis-powder-10gr\/","og_locale":"es_ES","og_type":"article","og_title":"PROPOLIS POWDER 10GR","og_description":"Propolis is a substance collected by bees from tree buds, sap flows, or other botanical sources. It is used by bees to seal and protect their hives from pathogens and environmental factors. Propolis has a rich composition of flavonoids, phenolic compounds, and essential oils, which are believed to contribute to its antimicrobial, anti-inflammatory, and antioxidant properties. In human health, propolis is often used in supplements, ointments, and tinctures for its potential to support the immune system, promote healing, and reduce inflammation.","og_url":"https:\/\/cooperativetoudarte.com\/es\/producto\/propolis-powder-10gr\/","og_site_name":"Toudarte","article_publisher":"https:\/\/www.facebook.com\/cooperative.toudarte\/","article_modified_time":"2026-04-20T00:05:32+00:00","og_image":[{"width":2160,"height":2160,"url":"https:\/\/cooperativetoudarte.com\/wp-content\/uploads\/2024\/10\/PROPOLIS.jpg","type":"image\/jpeg"}],"twitter_card":"summary_large_image","twitter_site":"@cooprativetouda","twitter_misc":{"Precio":"&#x62f;.&#x645;.50,00","Availability":"In stock"},"schema":{"@context":"https:\/\/schema.org","@graph":[{"@type":"WebPage","@id":"https:\/\/cooperativetoudarte.com\/product\/propolis-powder-10gr\/","url":"https:\/\/cooperativetoudarte.com\/product\/propolis-powder-10gr\/","name":"Propolis-powder-toudarte","isPartOf":{"@id":"https:\/\/cooperativetoudarte.com\/fr\/#website"},"primaryImageOfPage":{"@id":"https:\/\/cooperativetoudarte.com\/product\/propolis-powder-10gr\/#primaryimage"},"image":{"@id":"https:\/\/cooperativetoudarte.com\/product\/propolis-powder-10gr\/#primaryimage"},"thumbnailUrl":"https:\/\/cooperativetoudarte.com\/wp-content\/uploads\/2024\/10\/PROPOLIS.jpg","datePublished":"2024-10-17T19:54:35+00:00","dateModified":"2026-04-20T00:05:32+00:00","description":"Propolis is a substance collected by bees from tree buds, sap flows, or other botanical sources. It is used by bees to seal and protect their hives from pathogens and environmental factors. Propolis has a rich composition of flavonoids, phenolic compounds, and essential oils, which are believed to contribute to its antimicrobial, anti-inflammatory, and antioxidant properties. In human health, propolis is often used in supplements, ointments, and tinctures for its potential to support the immune system, promote healing, and reduce inflammation.","breadcrumb":{"@id":"https:\/\/cooperativetoudarte.com\/product\/propolis-powder-10gr\/#breadcrumb"},"inLanguage":"es","potentialAction":[{"@type":"ReadAction","target":["https:\/\/cooperativetoudarte.com\/product\/propolis-powder-10gr\/"]}]},{"@type":"ImageObject","inLanguage":"es","@id":"https:\/\/cooperativetoudarte.com\/product\/propolis-powder-10gr\/#primaryimage","url":"https:\/\/cooperativetoudarte.com\/wp-content\/uploads\/2024\/10\/PROPOLIS.jpg","contentUrl":"https:\/\/cooperativetoudarte.com\/wp-content\/uploads\/2024\/10\/PROPOLIS.jpg","width":2160,"height":2160,"caption":"PROPOLIS"},{"@type":"BreadcrumbList","@id":"https:\/\/cooperativetoudarte.com\/product\/propolis-powder-10gr\/#breadcrumb","itemListElement":[{"@type":"ListItem","position":1,"name":"Home","item":"https:\/\/cooperativetoudarte.com\/"},{"@type":"ListItem","position":2,"name":"Shop","item":"https:\/\/cooperativetoudarte.com\/fr\/shop\/"},{"@type":"ListItem","position":3,"name":"PROPOLIS POWDER 10GR"}]},{"@type":"WebSite","@id":"https:\/\/cooperativetoudarte.com\/fr\/#website","url":"https:\/\/cooperativetoudarte.com\/fr\/","name":"Cooperativa Toudarte","description":"High Quality Bio Products","publisher":{"@id":"https:\/\/cooperativetoudarte.com\/fr\/#organization"},"alternateName":"Cooperative Toudarte","potentialAction":[{"@type":"SearchAction","target":{"@type":"EntryPoint","urlTemplate":"https:\/\/cooperativetoudarte.com\/fr\/?s={search_term_string}"},"query-input":{"@type":"PropertyValueSpecification","valueRequired":true,"valueName":"search_term_string"}}],"inLanguage":"es"},{"@type":["Organization","Place"],"@id":"https:\/\/cooperativetoudarte.com\/fr\/#organization","name":"Cooperativa Toudarte","alternateName":"Cooperative Toudarte","url":"https:\/\/cooperativetoudarte.com\/fr\/","logo":{"@id":"https:\/\/cooperativetoudarte.com\/product\/propolis-powder-10gr\/#local-main-organization-logo"},"image":{"@id":"https:\/\/cooperativetoudarte.com\/product\/propolis-powder-10gr\/#local-main-organization-logo"},"sameAs":["https:\/\/www.facebook.com\/cooperative.toudarte\/","https:\/\/x.com\/cooprativetouda","https:\/\/www.instagram.com\/cooperativetoudarte","https:\/\/www.youtube.com\/c\/COOPERATIVETOUDARTE"],"openingHoursSpecification":[{"@type":"OpeningHoursSpecification","dayOfWeek":["Monday","Tuesday","Wednesday","Thursday","Friday","Saturday","Sunday"],"opens":"09:00","closes":"17:00"}]},{"@type":"ImageObject","inLanguage":"es","@id":"https:\/\/cooperativetoudarte.com\/product\/propolis-powder-10gr\/#local-main-organization-logo","url":"https:\/\/cooperativetoudarte.com\/wp-content\/uploads\/2023\/11\/PngLogo-1.png","contentUrl":"https:\/\/cooperativetoudarte.com\/wp-content\/uploads\/2023\/11\/PngLogo-1.png","width":512,"height":512,"caption":"Toudarte Cooperative"}]},"product_price_amount":"50.00","product_price_currency":"MAD","og_availability":"instock","product_availability":"instock","product_condition":"new"},"jetpack_sharing_enabled":true,"_links":{"self":[{"href":"https:\/\/cooperativetoudarte.com\/es\/wp-json\/wp\/v2\/product\/1061","targetHints":{"allow":["GET"]}}],"collection":[{"href":"https:\/\/cooperativetoudarte.com\/es\/wp-json\/wp\/v2\/product"}],"about":[{"href":"https:\/\/cooperativetoudarte.com\/es\/wp-json\/wp\/v2\/types\/product"}],"replies":[{"embeddable":true,"href":"https:\/\/cooperativetoudarte.com\/es\/wp-json\/wp\/v2\/comments?post=1061"}],"wp:featuredmedia":[{"embeddable":true,"href":"https:\/\/cooperativetoudarte.com\/es\/wp-json\/wp\/v2\/media\/1062"}],"wp:attachment":[{"href":"https:\/\/cooperativetoudarte.com\/es\/wp-json\/wp\/v2\/media?parent=1061"}],"wp:term":[{"taxonomy":"product_brand","embeddable":true,"href":"https:\/\/cooperativetoudarte.com\/es\/wp-json\/wp\/v2\/product_brand?post=1061"},{"taxonomy":"product_cat","embeddable":true,"href":"https:\/\/cooperativetoudarte.com\/es\/wp-json\/wp\/v2\/product_cat?post=1061"},{"taxonomy":"product_tag","embeddable":true,"href":"https:\/\/cooperativetoudarte.com\/es\/wp-json\/wp\/v2\/product_tag?post=1061"}],"curies":[{"name":"wp","href":"https:\/\/api.w.org\/{rel}","templated":true}]}}