{"id":76,"date":"2023-10-26T20:40:58","date_gmt":"2023-10-26T20:40:58","guid":{"rendered":"https:\/\/cooperativetoudarte.com\/?page_id=76"},"modified":"2025-04-19T22:30:51","modified_gmt":"2025-04-19T22:30:51","slug":"about-us","status":"publish","type":"page","link":"https:\/\/cooperativetoudarte.com\/es\/about-us\/","title":{"rendered":"Sobre"},"content":{"rendered":"<div id=\"page-header-538290900\" class=\"page-header-wrapper\">\n  <div class=\"page-title dark featured-title\">\n\n    \n    <div class=\"page-title-inner container align-center flex-row medium-flex-wrap\" >\n              <div class=\"title-wrapper flex-col text-left medium-text-center\">\n          <h1 class=\"entry-title mb-0\">\n            Sobre          <\/h1>\n        <\/div>\n                    <div class=\"title-content flex-col flex-right text-right medium-text-center\">\n              <\/div>\n    <\/div>\n\n       <\/div>\n    <\/div>\n  \n\n\t<section class=\"section\" id=\"section_965213431\">\n\t\t<div class=\"bg section-bg fill bg-fill bg-loaded bg-loaded\" >\n\n\t\t\t\n\t\t\t\n\t\t\t\n\t<div class=\"is-border\"\n\t\tstyle=\"border-color:rgb(235, 235, 235);border-width:1px 0px 0px 0px;\">\n\t<\/div>\n\n\t\t<\/div>\n\n\t\t\n\n\t\t<div class=\"section-content relative\">\n\t\t\t\n\n<div class=\"container section-title-container\" ><h2 class=\"section-title section-title-bold-center\"><b><\/b><span class=\"section-title-main\" ><i class=\"icon-expand\" ><\/i>Toudarte Project<\/span><b><\/b><\/h2><\/div>\n\n<div class=\"row row-large align-middle align-center\"  id=\"row-763682662\">\n\n\n\t<div id=\"col-1854251834\" class=\"col medium-6 small-12 large-6\"  >\n\t\t\t\t<div class=\"col-inner text-center\"  >\n\t\t\t\n\t\t\t\n\n\t<div id=\"text-2220574861\" class=\"text\">\n\t\t\n\n<p>Cooperativa Agr\u00edcola de Mujeres Toudarte que significa 'vida' en Amazighe, fue fundada en 2004. Se especializa en la producci\u00f3n de aceite de arg\u00e1n de alta calidad para uso cosm\u00e9tico y culinario. Se encuentra en el centro del bosque de arg\u00e1n en la regi\u00f3n de Imsouane a 85 km de Agadir y 85 km de Essaouira. El objetivo general de la cooperativa se centra en mejorar la situaci\u00f3n socioecon\u00f3mica de la mujer rural en la comuna de Imsouane y su participaci\u00f3n en el desarrollo sostenible.<\/p>\n<p>La cooperativa Toudarte acoge hoy a cien mujeres que encuentran una fuente de ingresos m\u00e1s all\u00e1 de los salarios b\u00e1sicos de Marruecos y quiere garantizar la mejor calidad. Se presta especial atenci\u00f3n a la cosecha y la selecci\u00f3n de granos de arg\u00e1n tambi\u00e9n llamados \"znine\".<\/p>\n\n\t\t\n<style>\n#text-2220574861 {\n  text-align: left;\n}\n<\/style>\n\t<\/div>\n\t\n\n\t\t<\/div>\n\t\t\t\t\t<\/div>\n\n\t\n\n\t<div id=\"col-232190849\" class=\"col medium-6 small-12 large-6\"  >\n\t\t\t\t<div class=\"col-inner box-shadow-2 box-shadow-5-hover\" style=\"background-color:rgb(255, 255, 255);\" >\n\t\t\t\n\t\t\t\n\n\t<div class=\"img has-hover x md-x lg-x y md-y lg-y\" id=\"image_1532736678\">\n\t\t\t\t\t\t\t\t<div class=\"img-inner dark\" >\n\t\t\t<img decoding=\"async\" width=\"1020\" height=\"574\" src=\"https:\/\/cooperativetoudarte.com\/wp-content\/uploads\/2023\/10\/DSC_0573-1024x576.jpg\" class=\"attachment-large size-large\" alt=\"\" srcset=\"https:\/\/cooperativetoudarte.com\/wp-content\/uploads\/2023\/10\/DSC_0573-1024x576.jpg 1024w, https:\/\/cooperativetoudarte.com\/wp-content\/uploads\/2023\/10\/DSC_0573-300x169.jpg 300w, https:\/\/cooperativetoudarte.com\/wp-content\/uploads\/2023\/10\/DSC_0573-768x432.jpg 768w, https:\/\/cooperativetoudarte.com\/wp-content\/uploads\/2023\/10\/DSC_0573-1536x864.jpg 1536w, https:\/\/cooperativetoudarte.com\/wp-content\/uploads\/2023\/10\/DSC_0573-2048x1152.jpg 2048w, https:\/\/cooperativetoudarte.com\/wp-content\/uploads\/2023\/10\/DSC_0573-600x338.jpg 600w\" sizes=\"(max-width: 1020px) 100vw, 1020px\" \/>\t\t\t\t\t\t\n\t\t\t\t\t<\/div>\n\t\t\t\t\t\t\t\t\n<style>\n#image_1532736678 {\n  width: 100%;\n}\n<\/style>\n\t<\/div>\n\t\n\n\n\t\t<\/div>\n\t\t\t\t\n<style>\n#col-232190849 > .col-inner {\n  padding: 15px 15px 15px 15px;\n}\n<\/style>\n\t<\/div>\n\n\t\n\n<\/div>\n<div class=\"row row-large align-middle align-center\"  id=\"row-1851889611\">\n\n\n\t<div id=\"col-979745508\" class=\"col medium-6 small-12 large-6\"  >\n\t\t\t\t<div class=\"col-inner box-shadow-2 box-shadow-5-hover\" style=\"background-color:rgb(255, 255, 255);\" >\n\t\t\t\n\t\t\t\n\n\t<div class=\"img has-hover x md-x lg-x y md-y lg-y\" id=\"image_226410511\">\n\t\t\t\t\t\t\t\t<div class=\"img-inner dark\" >\n\t\t\t<img decoding=\"async\" width=\"935\" height=\"622\" src=\"https:\/\/cooperativetoudarte.com\/wp-content\/uploads\/2023\/10\/7.jpg\" class=\"attachment-large size-large\" alt=\"\" srcset=\"https:\/\/cooperativetoudarte.com\/wp-content\/uploads\/2023\/10\/7.jpg 935w, https:\/\/cooperativetoudarte.com\/wp-content\/uploads\/2023\/10\/7-300x200.jpg 300w, https:\/\/cooperativetoudarte.com\/wp-content\/uploads\/2023\/10\/7-768x511.jpg 768w, https:\/\/cooperativetoudarte.com\/wp-content\/uploads\/2023\/10\/7-600x399.jpg 600w\" sizes=\"(max-width: 935px) 100vw, 935px\" \/>\t\t\t\t\t\t\n\t\t\t\t\t<\/div>\n\t\t\t\t\t\t\t\t\n<style>\n#image_226410511 {\n  width: 100%;\n}\n<\/style>\n\t<\/div>\n\t\n\n\n\t\t<\/div>\n\t\t\t\t\n<style>\n#col-979745508 > .col-inner {\n  padding: 15px 15px 15px 15px;\n}\n<\/style>\n\t<\/div>\n\n\t\n\n\t<div id=\"col-939608148\" class=\"col medium-6 small-12 large-6\"  >\n\t\t\t\t<div class=\"col-inner text-center\"  >\n\t\t\t\n\t\t\t\n\n\t<div id=\"text-2371162709\" class=\"text\">\n\t\t\n\n<p>Mediante el uso de aceite de arg\u00e1n que no solo se benefician a s\u00ed mismo. Tambi\u00e9n le ayuda a mejorar la condici\u00f3n social de las mujeres Amazighes, las ayuda a cuidar de su familia y las anima a trabajar para educar a sus hijos.<\/p>\n<p>El aceite de arg\u00e1n biol\u00f3gico que ofrecemos garantiza una alta calidad a los consumidores, en la m\u00e1s pura tradici\u00f3n Amazighe, respetando las mujeres y las condiciones de trabajo.<\/p>\n\n\t\t\n<style>\n#text-2371162709 {\n  text-align: left;\n}\n<\/style>\n\t<\/div>\n\t\n\n\t\t<\/div>\n\t\t\t\t\t<\/div>\n\n\t\n\n<\/div>\n<div class=\"row row-large align-middle align-center\"  id=\"row-857902456\">\n\n\n\t<div id=\"col-1825218950\" class=\"col medium-6 small-12 large-6\"  >\n\t\t\t\t<div class=\"col-inner text-center\"  >\n\t\t\t\n\t\t\t\n\n\t<div id=\"text-3749999031\" class=\"text\">\n\t\t\n\n<p>Cooperativa Toudarte es miembro del Grupo Targanine, en el que participan seis corporaciones. El aceite de arg\u00e1n producido por la Cooperativa Toudarte es utilizado por varias marcas cosm\u00e9ticas que abrazan el comercio justo, incluyendo BASF y L'Or\u00e9al, que es un socio oficial del Grupo Targanine.<\/p>\n\t\t\n<style>\n#text-3749999031 {\n  text-align: left;\n}\n<\/style>\n\t<\/div>\n\t\n\n\t\t<\/div>\n\t\t\t\t\t<\/div>\n\n\t\n\n\t<div id=\"col-210907932\" class=\"col medium-6 small-12 large-6\"  >\n\t\t\t\t<div class=\"col-inner box-shadow-2 box-shadow-5-hover\" style=\"background-color:rgb(255, 255, 255);\" >\n\t\t\t\n\t\t\t\n\n\t<div class=\"img has-hover x md-x lg-x y md-y lg-y\" id=\"image_631087925\">\n\t\t\t\t\t\t\t\t<div class=\"img-inner dark\" >\n\t\t\t<img decoding=\"async\" width=\"931\" height=\"620\" src=\"https:\/\/cooperativetoudarte.com\/wp-content\/uploads\/2023\/10\/4.jpg\" class=\"attachment-large size-large\" alt=\"\" srcset=\"https:\/\/cooperativetoudarte.com\/wp-content\/uploads\/2023\/10\/4.jpg 931w, https:\/\/cooperativetoudarte.com\/wp-content\/uploads\/2023\/10\/4-300x200.jpg 300w, https:\/\/cooperativetoudarte.com\/wp-content\/uploads\/2023\/10\/4-768x511.jpg 768w, https:\/\/cooperativetoudarte.com\/wp-content\/uploads\/2023\/10\/4-600x400.jpg 600w\" sizes=\"(max-width: 931px) 100vw, 931px\" \/>\t\t\t\t\t\t\n\t\t\t\t\t<\/div>\n\t\t\t\t\t\t\t\t\n<style>\n#image_631087925 {\n  width: 100%;\n}\n<\/style>\n\t<\/div>\n\t\n\n\n\t\t<\/div>\n\t\t\t\t\n<style>\n#col-210907932 > .col-inner {\n  padding: 15px 15px 15px 15px;\n}\n<\/style>\n\t<\/div>\n\n\t\n\n<\/div>\n\n\t\t<\/div>\n\n\t\t\n<style>\n#section_965213431 {\n  padding-top: 59px;\n  padding-bottom: 59px;\n  min-height: 300px;\n  background-color: rgb(228, 228, 228);\n}\n<\/style>\n\t<\/section>\n\t\n\t<section class=\"section\" id=\"section_1096942771\">\n\t\t<div class=\"bg section-bg fill bg-fill bg-loaded bg-loaded\" >\n\n\t\t\t\n\t\t\t\n\t\t\t\n\t<div class=\"is-border\"\n\t\tstyle=\"border-color:rgb(235, 235, 235);border-width:1px 0px 0px 0px;\">\n\t<\/div>\n\n\t\t<\/div>\n\n\t\t\n\n\t\t<div class=\"section-content relative\">\n\t\t\t\n\n<div class=\"container section-title-container\" ><h2 class=\"section-title section-title-bold-center\"><b><\/b><span class=\"section-title-main\" ><i class=\"icon-plus\" ><\/i>encuentro central<\/span><b><\/b><\/h2><\/div>\n\n<div class=\"row row-large align-middle align-center\"  id=\"row-261933886\">\n\n\n\t<div id=\"col-490328619\" class=\"col medium-6 small-12 large-6\"  >\n\t\t\t\t<div class=\"col-inner text-center\"  >\n\t\t\t\n\t\t\t\n\n\t<div id=\"text-2008516071\" class=\"text\">\n\t\t\n\n<div class=\"col-xs-12 col-sm-6\">\n<div class=\"cms-box\">\n<p>La cooperativa Toudarte es muy importante para el Akhsmou douar (peque\u00f1o pueblo) y los douars cercanos. La producci\u00f3n de aceite de arg\u00e1n trae nuevas actividades econ\u00f3micas en esta regi\u00f3n donde escasean los empleos. La cooperativa se ha convertido en el punto de encuentro central de alrededor de mil personas en 10 a 15 douars en la regi\u00f3n de Imsouane. la cooperativa cuenta con una zona de juegos infantiles, una guarder\u00eda, una peque\u00f1a tienda y una mezquita para mujeres. Los campesinos lo utilizan como un mercado y grandes celebraciones comunitarias como bodas o fiestas de Ramad\u00e1n tienen lugar en este lugar. La cooperativa organiza visitas guiadas y talleres para los turistas que se alojan en Imsouane o viajan de Agadir a Essaouira. La cooperativa Toudarte planea construir una \"posada\" para que los visitantes puedan pasar la noche en el bosque del \u00e1rbol de arg\u00e1n.<\/p>\n<\/div>\n<\/div>\n<div class=\"col-xs-12 col-sm-6\">\u00a0<\/div>\n\t\t\n<style>\n#text-2008516071 {\n  text-align: left;\n}\n<\/style>\n\t<\/div>\n\t\n\n\t\t<\/div>\n\t\t\t\t\t<\/div>\n\n\t\n\n\t<div id=\"col-1375749544\" class=\"col medium-6 small-12 large-6\"  >\n\t\t\t\t<div class=\"col-inner box-shadow-2 box-shadow-5-hover\" style=\"background-color:rgb(255, 255, 255);\" >\n\t\t\t\n\t\t\t\n\n\t<div class=\"img has-hover x md-x lg-x y md-y lg-y\" id=\"image_941047565\">\n\t\t\t\t\t\t\t\t<div class=\"img-inner dark\" >\n\t\t\t<img decoding=\"async\" width=\"570\" height=\"295\" src=\"https:\/\/cooperativetoudarte.com\/wp-content\/uploads\/2023\/10\/meeting_center1.jpg\" class=\"attachment-large size-large\" alt=\"\" srcset=\"https:\/\/cooperativetoudarte.com\/wp-content\/uploads\/2023\/10\/meeting_center1.jpg 570w, https:\/\/cooperativetoudarte.com\/wp-content\/uploads\/2023\/10\/meeting_center1-300x155.jpg 300w\" sizes=\"(max-width: 570px) 100vw, 570px\" \/>\t\t\t\t\t\t\n\t\t\t\t\t<\/div>\n\t\t\t\t\t\t\t\t\n<style>\n#image_941047565 {\n  width: 100%;\n}\n<\/style>\n\t<\/div>\n\t\n\n\n\t\t<\/div>\n\t\t\t\t\n<style>\n#col-1375749544 > .col-inner {\n  padding: 15px 15px 15px 15px;\n}\n<\/style>\n\t<\/div>\n\n\t\n\n<\/div>\n<div class=\"row row-large align-middle align-center\"  id=\"row-2072333385\">\n\n\n\t<div id=\"col-2063081439\" class=\"col medium-6 small-12 large-6\"  >\n\t\t\t\t<div class=\"col-inner box-shadow-2 box-shadow-5-hover\" style=\"background-color:rgb(255, 255, 255);\" >\n\t\t\t\n\t\t\t\n\n\t<div class=\"img has-hover x md-x lg-x y md-y lg-y\" id=\"image_1031747512\">\n\t\t\t\t\t\t\t\t<div class=\"img-inner dark\" >\n\t\t\t<img decoding=\"async\" width=\"570\" height=\"295\" src=\"https:\/\/cooperativetoudarte.com\/wp-content\/uploads\/2023\/10\/meeting_center2.jpg\" class=\"attachment-large size-large\" alt=\"\" srcset=\"https:\/\/cooperativetoudarte.com\/wp-content\/uploads\/2023\/10\/meeting_center2.jpg 570w, https:\/\/cooperativetoudarte.com\/wp-content\/uploads\/2023\/10\/meeting_center2-300x155.jpg 300w\" sizes=\"(max-width: 570px) 100vw, 570px\" \/>\t\t\t\t\t\t\n\t\t\t\t\t<\/div>\n\t\t\t\t\t\t\t\t\n<style>\n#image_1031747512 {\n  width: 100%;\n}\n<\/style>\n\t<\/div>\n\t\n\n\n\t\t<\/div>\n\t\t\t\t\n<style>\n#col-2063081439 > .col-inner {\n  padding: 15px 15px 15px 15px;\n}\n<\/style>\n\t<\/div>\n\n\t\n\n\t<div id=\"col-1768946644\" class=\"col medium-6 small-12 large-6\"  >\n\t\t\t\t<div class=\"col-inner box-shadow-2 box-shadow-5-hover\" style=\"background-color:rgb(255, 255, 255);\" >\n\t\t\t\n\t\t\t\n\n\t<div class=\"img has-hover x md-x lg-x y md-y lg-y\" id=\"image_304452161\">\n\t\t\t\t\t\t\t\t<div class=\"img-inner dark\" >\n\t\t\t<img decoding=\"async\" width=\"570\" height=\"295\" src=\"https:\/\/cooperativetoudarte.com\/wp-content\/uploads\/2023\/10\/meenting_center3.jpg\" class=\"attachment-large size-large\" alt=\"\" srcset=\"https:\/\/cooperativetoudarte.com\/wp-content\/uploads\/2023\/10\/meenting_center3.jpg 570w, https:\/\/cooperativetoudarte.com\/wp-content\/uploads\/2023\/10\/meenting_center3-300x155.jpg 300w\" sizes=\"(max-width: 570px) 100vw, 570px\" \/>\t\t\t\t\t\t\n\t\t\t\t\t<\/div>\n\t\t\t\t\t\t\t\t\n<style>\n#image_304452161 {\n  width: 100%;\n}\n<\/style>\n\t<\/div>\n\t\n\n\n\t\t<\/div>\n\t\t\t\t\n<style>\n#col-1768946644 > .col-inner {\n  padding: 15px 15px 15px 15px;\n}\n<\/style>\n\t<\/div>\n\n\t\n\n<\/div>\n<div class=\"container section-title-container\" ><h3 class=\"section-title section-title-center\"><b><\/b><span class=\"section-title-main\" ><i class=\"icon-youtube\" ><\/i>Los principales secretos detr\u00e1s del aceite de arg\u00e1n<\/span><b><\/b><\/h3><\/div>\n\n<div class=\"row row-collapse align-middle align-center row-dashed\"  id=\"row-1782898862\">\n\n\n\t<div id=\"col-11489228\" class=\"col medium-10 small-12 large-10\"  >\n\t\t\t\t<div class=\"col-inner\"  >\n\t\t\t\n\t\t\t\n\n<div class=\"video video-fit mb\" style=\"padding-top:0px;\"><iframe title=\"\u0623\u0633\u0631\u0627\u0631 \u0635\u0646\u0627\u0639\u0629 \u0632\u064a\u062a \u0627\u0644\u0623\u0631\u0643\u0627\u0646 The main secrets laying behind the Argan Oil\" width=\"1020\" height=\"574\" src=\"https:\/\/www.youtube.com\/embed\/qZM3KLT3eU8?feature=oembed\" frameborder=\"0\" allow=\"accelerometer; autoplay; clipboard-write; encrypted-media; gyroscope; picture-in-picture; web-share\" allowfullscreen><\/iframe><\/div>\n\n\n\t\t<\/div>\n\t\t\t\t\n<style>\n#col-11489228 > .col-inner {\n  padding: 0px 0px 50% 0px;\n}\n<\/style>\n\t<\/div>\n\n\t\n\n\n<style>\n#row-1782898862 > .col > .col-inner {\n  padding: 0px 0px 0px 0px;\n}\n<\/style>\n<\/div>\n\n\t\t<\/div>\n\n\t\t\n<style>\n#section_1096942771 {\n  padding-top: 59px;\n  padding-bottom: 59px;\n  min-height: 300px;\n  background-color: rgb(228, 228, 228);\n}\n<\/style>\n\t<\/section>","protected":false},"excerpt":{"rendered":"","protected":false},"author":1,"featured_media":0,"parent":0,"menu_order":0,"comment_status":"closed","ping_status":"closed","template":"page-blank.php","meta":{"inline_featured_image":false,"footnotes":""},"class_list":["post-76","page","type-page","status-publish","hentry"],"yoast_head":"<!-- This site is optimized with the Yoast SEO Premium plugin v21.5 (Yoast SEO v27.5) - https:\/\/yoast.com\/product\/yoast-seo-premium-wordpress\/ -->\n<title>About Us - Toudarte<\/title>\n<meta name=\"robots\" content=\"index, follow, max-snippet:-1, max-image-preview:large, max-video-preview:-1\" \/>\n<link rel=\"canonical\" href=\"https:\/\/cooperativetoudarte.com\/es\/about-us\/\" \/>\n<meta property=\"og:locale\" content=\"es_ES\" \/>\n<meta property=\"og:type\" content=\"article\" \/>\n<meta property=\"og:title\" content=\"About Us\" \/>\n<meta property=\"og:url\" content=\"https:\/\/cooperativetoudarte.com\/es\/about-us\/\" \/>\n<meta property=\"og:site_name\" content=\"Toudarte\" \/>\n<meta property=\"article:publisher\" content=\"https:\/\/www.facebook.com\/cooperative.toudarte\/\" \/>\n<meta property=\"article:modified_time\" content=\"2025-04-19T22:30:51+00:00\" \/>\n<meta property=\"og:image\" content=\"https:\/\/cooperativetoudarte.com\/wp-content\/uploads\/2023\/11\/banner.png\" \/>\n\t<meta property=\"og:image:width\" content=\"1200\" \/>\n\t<meta property=\"og:image:height\" content=\"675\" \/>\n\t<meta property=\"og:image:type\" content=\"image\/png\" \/>\n<meta name=\"twitter:card\" content=\"summary_large_image\" \/>\n<meta name=\"twitter:site\" content=\"@cooprativetouda\" \/>\n<meta name=\"twitter:label1\" content=\"Tiempo de lectura\" \/>\n\t<meta name=\"twitter:data1\" content=\"4 minutos\" \/>\n<script type=\"application\/ld+json\" class=\"yoast-schema-graph\">{\"@context\":\"https:\\\/\\\/schema.org\",\"@graph\":[{\"@type\":\"WebPage\",\"@id\":\"https:\\\/\\\/cooperativetoudarte.com\\\/about-us\\\/\",\"url\":\"https:\\\/\\\/cooperativetoudarte.com\\\/about-us\\\/\",\"name\":\"About Us - Toudarte\",\"isPartOf\":{\"@id\":\"https:\\\/\\\/cooperativetoudarte.com\\\/fr\\\/#website\"},\"datePublished\":\"2023-10-26T20:40:58+00:00\",\"dateModified\":\"2025-04-19T22:30:51+00:00\",\"breadcrumb\":{\"@id\":\"https:\\\/\\\/cooperativetoudarte.com\\\/about-us\\\/#breadcrumb\"},\"inLanguage\":\"es\",\"potentialAction\":[{\"@type\":\"ReadAction\",\"target\":[\"https:\\\/\\\/cooperativetoudarte.com\\\/about-us\\\/\"]}]},{\"@type\":\"BreadcrumbList\",\"@id\":\"https:\\\/\\\/cooperativetoudarte.com\\\/about-us\\\/#breadcrumb\",\"itemListElement\":[{\"@type\":\"ListItem\",\"position\":1,\"name\":\"Home\",\"item\":\"https:\\\/\\\/cooperativetoudarte.com\\\/\"},{\"@type\":\"ListItem\",\"position\":2,\"name\":\"About Us\"}]},{\"@type\":\"WebSite\",\"@id\":\"https:\\\/\\\/cooperativetoudarte.com\\\/fr\\\/#website\",\"url\":\"https:\\\/\\\/cooperativetoudarte.com\\\/fr\\\/\",\"name\":\"Toudarte Cooperative\",\"description\":\"High Quality Bio Products\",\"publisher\":{\"@id\":\"https:\\\/\\\/cooperativetoudarte.com\\\/fr\\\/#organization\"},\"alternateName\":\"Cooperative Toudarte\",\"potentialAction\":[{\"@type\":\"SearchAction\",\"target\":{\"@type\":\"EntryPoint\",\"urlTemplate\":\"https:\\\/\\\/cooperativetoudarte.com\\\/fr\\\/?s={search_term_string}\"},\"query-input\":{\"@type\":\"PropertyValueSpecification\",\"valueRequired\":true,\"valueName\":\"search_term_string\"}}],\"inLanguage\":\"es\"},{\"@type\":[\"Organization\",\"Place\"],\"@id\":\"https:\\\/\\\/cooperativetoudarte.com\\\/fr\\\/#organization\",\"name\":\"Toudarte Cooperative\",\"alternateName\":\"Cooperative Toudarte\",\"url\":\"https:\\\/\\\/cooperativetoudarte.com\\\/fr\\\/\",\"logo\":{\"@id\":\"https:\\\/\\\/cooperativetoudarte.com\\\/about-us\\\/#local-main-organization-logo\"},\"image\":{\"@id\":\"https:\\\/\\\/cooperativetoudarte.com\\\/about-us\\\/#local-main-organization-logo\"},\"sameAs\":[\"https:\\\/\\\/www.facebook.com\\\/cooperative.toudarte\\\/\",\"https:\\\/\\\/x.com\\\/cooprativetouda\",\"https:\\\/\\\/www.instagram.com\\\/cooperativetoudarte\",\"https:\\\/\\\/www.youtube.com\\\/c\\\/COOPERATIVETOUDARTE\"],\"openingHoursSpecification\":[{\"@type\":\"OpeningHoursSpecification\",\"dayOfWeek\":[\"Monday\",\"Tuesday\",\"Wednesday\",\"Thursday\",\"Friday\",\"Saturday\",\"Sunday\"],\"opens\":\"09:00\",\"closes\":\"17:00\"}]},{\"@type\":\"ImageObject\",\"inLanguage\":\"es\",\"@id\":\"https:\\\/\\\/cooperativetoudarte.com\\\/about-us\\\/#local-main-organization-logo\",\"url\":\"https:\\\/\\\/cooperativetoudarte.com\\\/wp-content\\\/uploads\\\/2023\\\/11\\\/PngLogo-1.png\",\"contentUrl\":\"https:\\\/\\\/cooperativetoudarte.com\\\/wp-content\\\/uploads\\\/2023\\\/11\\\/PngLogo-1.png\",\"width\":512,\"height\":512,\"caption\":\"Toudarte Cooperative\"}]}<\/script>\n<!-- \/ Yoast SEO Premium plugin. -->","yoast_head_json":{"title":"About Us - Toudarte","robots":{"index":"index","follow":"follow","max-snippet":"max-snippet:-1","max-image-preview":"max-image-preview:large","max-video-preview":"max-video-preview:-1"},"canonical":"https:\/\/cooperativetoudarte.com\/es\/about-us\/","og_locale":"es_ES","og_type":"article","og_title":"About Us","og_url":"https:\/\/cooperativetoudarte.com\/es\/about-us\/","og_site_name":"Toudarte","article_publisher":"https:\/\/www.facebook.com\/cooperative.toudarte\/","article_modified_time":"2025-04-19T22:30:51+00:00","og_image":[{"width":1200,"height":675,"url":"https:\/\/cooperativetoudarte.com\/wp-content\/uploads\/2023\/11\/banner.png","type":"image\/png"}],"twitter_card":"summary_large_image","twitter_site":"@cooprativetouda","twitter_misc":{"Tiempo de lectura":"4 minutos"},"schema":{"@context":"https:\/\/schema.org","@graph":[{"@type":"WebPage","@id":"https:\/\/cooperativetoudarte.com\/about-us\/","url":"https:\/\/cooperativetoudarte.com\/about-us\/","name":"About Us - Toudarte","isPartOf":{"@id":"https:\/\/cooperativetoudarte.com\/fr\/#website"},"datePublished":"2023-10-26T20:40:58+00:00","dateModified":"2025-04-19T22:30:51+00:00","breadcrumb":{"@id":"https:\/\/cooperativetoudarte.com\/about-us\/#breadcrumb"},"inLanguage":"es","potentialAction":[{"@type":"ReadAction","target":["https:\/\/cooperativetoudarte.com\/about-us\/"]}]},{"@type":"BreadcrumbList","@id":"https:\/\/cooperativetoudarte.com\/about-us\/#breadcrumb","itemListElement":[{"@type":"ListItem","position":1,"name":"Home","item":"https:\/\/cooperativetoudarte.com\/"},{"@type":"ListItem","position":2,"name":"About Us"}]},{"@type":"WebSite","@id":"https:\/\/cooperativetoudarte.com\/fr\/#website","url":"https:\/\/cooperativetoudarte.com\/fr\/","name":"Cooperativa Toudarte","description":"High Quality Bio Products","publisher":{"@id":"https:\/\/cooperativetoudarte.com\/fr\/#organization"},"alternateName":"Cooperative Toudarte","potentialAction":[{"@type":"SearchAction","target":{"@type":"EntryPoint","urlTemplate":"https:\/\/cooperativetoudarte.com\/fr\/?s={search_term_string}"},"query-input":{"@type":"PropertyValueSpecification","valueRequired":true,"valueName":"search_term_string"}}],"inLanguage":"es"},{"@type":["Organization","Place"],"@id":"https:\/\/cooperativetoudarte.com\/fr\/#organization","name":"Cooperativa Toudarte","alternateName":"Cooperative Toudarte","url":"https:\/\/cooperativetoudarte.com\/fr\/","logo":{"@id":"https:\/\/cooperativetoudarte.com\/about-us\/#local-main-organization-logo"},"image":{"@id":"https:\/\/cooperativetoudarte.com\/about-us\/#local-main-organization-logo"},"sameAs":["https:\/\/www.facebook.com\/cooperative.toudarte\/","https:\/\/x.com\/cooprativetouda","https:\/\/www.instagram.com\/cooperativetoudarte","https:\/\/www.youtube.com\/c\/COOPERATIVETOUDARTE"],"openingHoursSpecification":[{"@type":"OpeningHoursSpecification","dayOfWeek":["Monday","Tuesday","Wednesday","Thursday","Friday","Saturday","Sunday"],"opens":"09:00","closes":"17:00"}]},{"@type":"ImageObject","inLanguage":"es","@id":"https:\/\/cooperativetoudarte.com\/about-us\/#local-main-organization-logo","url":"https:\/\/cooperativetoudarte.com\/wp-content\/uploads\/2023\/11\/PngLogo-1.png","contentUrl":"https:\/\/cooperativetoudarte.com\/wp-content\/uploads\/2023\/11\/PngLogo-1.png","width":512,"height":512,"caption":"Toudarte Cooperative"}]}},"jetpack_sharing_enabled":true,"_links":{"self":[{"href":"https:\/\/cooperativetoudarte.com\/es\/wp-json\/wp\/v2\/pages\/76","targetHints":{"allow":["GET"]}}],"collection":[{"href":"https:\/\/cooperativetoudarte.com\/es\/wp-json\/wp\/v2\/pages"}],"about":[{"href":"https:\/\/cooperativetoudarte.com\/es\/wp-json\/wp\/v2\/types\/page"}],"author":[{"embeddable":true,"href":"https:\/\/cooperativetoudarte.com\/es\/wp-json\/wp\/v2\/users\/1"}],"replies":[{"embeddable":true,"href":"https:\/\/cooperativetoudarte.com\/es\/wp-json\/wp\/v2\/comments?post=76"}],"version-history":[{"count":0,"href":"https:\/\/cooperativetoudarte.com\/es\/wp-json\/wp\/v2\/pages\/76\/revisions"}],"wp:attachment":[{"href":"https:\/\/cooperativetoudarte.com\/es\/wp-json\/wp\/v2\/media?parent=76"}],"curies":[{"name":"wp","href":"https:\/\/api.w.org\/{rel}","templated":true}]}}