{"id":22,"date":"2023-10-24T20:20:40","date_gmt":"2023-10-24T20:20:40","guid":{"rendered":"https:\/\/cooperativetoudarte.com\/my-account\/"},"modified":"2023-10-30T13:32:47","modified_gmt":"2023-10-30T13:32:47","slug":"my-account","status":"publish","type":"page","link":"https:\/\/cooperativetoudarte.com\/es\/my-account\/","title":{"rendered":"My account"},"content":{"rendered":"<div class=\"woocommerce\"><div class=\"woocommerce-notices-wrapper\"><\/div>\r\n\r\n<div class=\"xoo-el-form-container xoo-el-form-inline\" data-active=\"login\">\r\n\r\n\t\r\n\t\r\n\t\r\n<div class=\"xoo-el-header\">\r\n\t<ul class=\"xoo-el-tabs\">\r\n\t\t\r\n        \t\t  <li data-tab=\"login\" class=\"xoo-el-login-tgr\" style=\"order: 0 \">Login<\/li>\r\n        \r\n\t\t \r\n\t\t\t<li data-tab=\"register\" class=\"xoo-el-reg-tgr\" style=\"order: 1\">Sign Up<\/li>\r\n\t\t\r\n\t<\/ul>\r\n<\/div>\r\n\t\r\n\t\r\n\t\t\r\n\t\t\t\r\n\t\t<div data-section=\"login\" class=\"xoo-el-section\">\r\n\r\n\t\t\t<div class=\"xoo-el-fields\">\r\n\r\n\t\t\t\t<div class=\"xoo-el-notice\"><\/div>\r\n\t\t\t\t<form class=\"xoo-el-action-form xoo-el-form-login\" action=\"\">\r\n\r\n\t\t\t\t\t\r\n\t\t\t\t\t<div class=\"xoo-el-fields-cont\"><div class=\"xoo-aff-group xoo-aff-cont-text one xoo-aff-cont-required xoo-el-username_cont\"><div class=\"xoo-aff-input-group\"><span class=\"xoo-aff-input-icon fas fa-user-plus\"><\/span><input type=\"text\" class=\"xoo-aff-required xoo-aff-text xoo-aff-field\" name=\"xoo-el-username\" placeholder=\"Username \/ Email\"  value=\"\" required=\"\t\" autocomplete=\"username\"\/><\/div><\/div><div class=\"xoo-aff-group xoo-aff-cont-password one xoo-aff-cont-required xoo-el-password_cont\"><div class=\"xoo-aff-input-group\"><span class=\"xoo-aff-input-icon fas fa-key\"><\/span><input type=\"password\" class=\"xoo-aff-required xoo-aff-password xoo-aff-field\" name=\"xoo-el-password\" placeholder=\"Password\"  value=\"\" required=\"\t\" autocomplete=\"current-password\"\/><div class=\"xoo-aff-pw-toggle\">\r\n\t\t\t\t\t<span class=\"xoo-aff-pwtog-show\"><i class=\"far fa-eye\"><\/i><\/span>\r\n\t\t\t\t\t<span class=\"xoo-aff-pwtog-hide\"><i class=\"far fa-eye-slash\"><\/i><\/span>\r\n\t\t\t\t\t<\/div><\/div><\/div><\/div>\r\n<div class=\"xoo-aff-group xoo-el-login-btm-fields\">\r\n\t<label class=\"xoo-el-form-label\">\r\n\t\t<input type=\"checkbox\" name=\"xoo-el-rememberme\" value=\"forever\" \/>\r\n\t\t<span>Recu\u00e9rdame<\/span>\r\n\t<\/label>\r\n\t<a class=\"xoo-el-lostpw-tgr\" rel=\"nofollow\" href=\"#\">\u00bfHas olvidado la contrase\u00f1a?<\/a>\r\n<\/div>\r\n\r\n\r\n<input type=\"hidden\" name=\"_xoo_el_form\" value=\"login\">\r\n\r\n<button type=\"submit\" class=\"button btn xoo-el-action-btn xoo-el-login-btn\" >Sign in<\/button>\r\n\r\n<input type=\"hidden\" name=\"xoo_el_redirect\" value=\"\/es\/wp-json\/wp\/v2\/pages\/22\">\r\n\t\t\t\t\t\r\n\t\t\t\t<input type=\"hidden\" name=\"trp-form-language\" value=\"es\"\/><\/form>\r\n\r\n\t\t\t\t\r\n\t\r\n\t\r\n\r\n\t\r\n\t\r\n\t\t\t<\/div>\r\n\r\n\t\t<\/div>\r\n\r\n\t\r\n\t\t\t\r\n\t\t<div data-section=\"register\" class=\"xoo-el-section\">\r\n\r\n\t\t\t<div class=\"xoo-el-fields\">\r\n\r\n\t\t\t\t<div class=\"xoo-el-notice\"><\/div>\r\n\t\t\t\t<form class=\"xoo-el-action-form xoo-el-form-register\" action=\"\">\r\n\r\n\t\t\t\t\t\r\n\t\t\t\t\t<div class=\"xoo-el-fields-cont\"><div class=\"xoo-aff-group xoo-aff-cont-email one xoo-aff-cont-required xoo_el_reg_email_cont\"><div class=\"xoo-aff-input-group\"><span class=\"xoo-aff-input-icon fas fa-at\"><\/span><input type=\"email\" class=\"xoo-aff-required xoo-aff-email xoo-aff-field\" name=\"xoo_el_reg_email\" placeholder=\"Email\"  value=\"\" required=\"\t\" autocomplete=\"email\"\/><\/div><\/div><div class=\"xoo-aff-group xoo-aff-cont-text onehalf xoo-aff-cont-required xoo_el_reg_fname_cont\"><div class=\"xoo-aff-input-group\"><span class=\"xoo-aff-input-icon far fa-user\"><\/span><input type=\"text\" class=\"xoo-aff-required xoo-aff-text xoo-aff-field\" name=\"xoo_el_reg_fname\" placeholder=\"First Name\"  value=\"\" required=\"\t\"\/><\/div><\/div><div class=\"xoo-aff-group xoo-aff-cont-text onehalf xoo-aff-cont-required xoo_el_reg_lname_cont\"><div class=\"xoo-aff-input-group\"><span class=\"xoo-aff-input-icon far fa-user\"><\/span><input type=\"text\" class=\"xoo-aff-required xoo-aff-text xoo-aff-field\" name=\"xoo_el_reg_lname\" placeholder=\"Last Name\"  value=\"\" required=\"\t\"\/><\/div><\/div><div class=\"xoo-aff-group xoo-aff-cont-password one xoo-aff-cont-required xoo_el_reg_pass_cont\"><div class=\"xoo-aff-input-group\"><span class=\"xoo-aff-input-icon fas fa-key\"><\/span><input type=\"password\" class=\"xoo-aff-required xoo-aff-password xoo-aff-field\" name=\"xoo_el_reg_pass\" placeholder=\"Password\"  value=\"\" maxlength=\"20\" minlength=\"6\" required=\"\t\" autocomplete=\"new-password\"\/><div class=\"xoo-aff-pw-toggle\">\r\n\t\t\t\t\t<span class=\"xoo-aff-pwtog-show\"><i class=\"far fa-eye\"><\/i><\/span>\r\n\t\t\t\t\t<span class=\"xoo-aff-pwtog-hide\"><i class=\"far fa-eye-slash\"><\/i><\/span>\r\n\t\t\t\t\t<\/div><\/div><\/div><div class=\"xoo-aff-group xoo-aff-cont-password one xoo-aff-cont-required xoo_el_reg_pass_again_cont\"><div class=\"xoo-aff-input-group\"><span class=\"xoo-aff-input-icon fas fa-key\"><\/span><input type=\"password\" class=\"xoo-aff-required xoo-aff-password xoo-aff-field\" name=\"xoo_el_reg_pass_again\" placeholder=\"Confirm Password\"  value=\"\" required=\"\t\" autocomplete=\"new-password\"\/><div class=\"xoo-aff-pw-toggle\">\r\n\t\t\t\t\t<span class=\"xoo-aff-pwtog-show\"><i class=\"far fa-eye\"><\/i><\/span>\r\n\t\t\t\t\t<span class=\"xoo-aff-pwtog-hide\"><i class=\"far fa-eye-slash\"><\/i><\/span>\r\n\t\t\t\t\t<\/div><\/div><\/div><div class=\"xoo-aff-group xoo-aff-cont-checkbox_single one xoo-aff-cont-required xoo_el_reg_terms_cont\"><div class=\"xoo-aff-required xoo-aff-checkbox_single xoo-aff-field\"><label><input type=\"checkbox\" name=\"xoo_el_reg_terms\" class=\"xoo-aff-required xoo-aff-checkbox_single xoo-aff-field\" value=\"yes\" >I accept the <a href=\"https:\/\/cooperativetoudarte.com\/es\/?page_id=\" target=\"_blank\"> Terms of Service and Privacy Policy <\/a><\/label><\/div><\/div><\/div>\r\n<input type=\"hidden\" name=\"_xoo_el_form\" value=\"register\">\r\n\r\n\r\n<button type=\"submit\" class=\"button btn xoo-el-action-btn xoo-el-register-btn\">Sign Up<\/button>\r\n\r\n<input type=\"hidden\" name=\"xoo_el_redirect\" value=\"\/es\/wp-json\/wp\/v2\/pages\/22\">\r\n\t\t\t\t\t\r\n\t\t\t\t<input type=\"hidden\" name=\"trp-form-language\" value=\"es\"\/><\/form>\r\n\r\n\t\t\t\t\r\n\t\r\n\t\r\n\r\n\t\r\n\t\r\n\t\t\t<\/div>\r\n\r\n\t\t<\/div>\r\n\r\n\t\r\n\t\t\t\r\n\t\t<div data-section=\"lostpw\" class=\"xoo-el-section\">\r\n\r\n\t\t\t<div class=\"xoo-el-fields\">\r\n\r\n\t\t\t\t<div class=\"xoo-el-notice\"><\/div>\r\n\t\t\t\t<form class=\"xoo-el-action-form xoo-el-form-lostpw\" action=\"\">\r\n\r\n\t\t\t\t\t\r\n\t\t\t\t\t\r\n\r\n<span class=\"xoo-el-form-txt\">\u00bfHas perdido tu contrase\u00f1a? Por favor, introduce tu nombre de usuario o direcci\u00f3n de correo electr\u00f3nico. Recibir\u00e1s por correo electr\u00f3nico un enlace para crear una nueva contrase\u00f1a.<\/span>\r\n\r\n<div class=\"xoo-el-fields-cont\"><div class=\"xoo-aff-group xoo-aff-cont-text one xoo-aff-cont-required user_login_cont\"><div class=\"xoo-aff-input-group\"><span class=\"xoo-aff-input-icon fas fa-user-plus\"><\/span><input type=\"text\" class=\"xoo-aff-required xoo-aff-text xoo-aff-field\" name=\"user_login\" placeholder=\"Username \/ Email\"  value=\"\" required=\"\t\"\/><\/div><\/div><\/div>\r\n\r\n<input type=\"hidden\" name=\"_xoo_el_form\" value=\"lostPassword\">\r\n\r\n<input type=\"hidden\" name=\"_wp_http_referer\" value=\"\/es\/wp-json\/wp\/v2\/pages\/22\" \/>\r\n<button type=\"submit\" class=\"button btn xoo-el-action-btn xoo-el-lostpw-btn\">Email Reset Link<\/button>\r\n\t\t\t\t\t\r\n\t\t\t\t<input type=\"hidden\" name=\"trp-form-language\" value=\"es\"\/><\/form>\r\n\r\n\t\t\t\t\r\n\t\r\n\t\r\n\r\n\t\r\n\t\r\n\t\t\t<\/div>\r\n\r\n\t\t<\/div>\r\n\r\n\t\r\n\t\r\n<\/div>\t\t\r\n<\/div>","protected":false},"excerpt":{"rendered":"","protected":false},"author":1,"featured_media":0,"parent":0,"menu_order":0,"comment_status":"closed","ping_status":"closed","template":"","meta":{"inline_featured_image":false,"footnotes":""},"class_list":["post-22","page","type-page","status-publish","hentry"],"yoast_head":"<!-- This site is optimized with the Yoast SEO Premium plugin v21.5 (Yoast SEO v27.3) - https:\/\/yoast.com\/product\/yoast-seo-premium-wordpress\/ -->\n<title>My account - Toudarte<\/title>\n<meta name=\"robots\" content=\"index, follow, max-snippet:-1, max-image-preview:large, max-video-preview:-1\" \/>\n<link rel=\"canonical\" href=\"https:\/\/cooperativetoudarte.com\/es\/my-account\/\" \/>\n<meta property=\"og:locale\" content=\"es_ES\" \/>\n<meta property=\"og:type\" content=\"article\" \/>\n<meta property=\"og:title\" content=\"My account\" \/>\n<meta property=\"og:url\" content=\"https:\/\/cooperativetoudarte.com\/es\/my-account\/\" \/>\n<meta property=\"og:site_name\" content=\"Toudarte\" \/>\n<meta property=\"article:publisher\" content=\"https:\/\/www.facebook.com\/cooperative.toudarte\/\" \/>\n<meta property=\"article:modified_time\" content=\"2023-10-30T13:32:47+00:00\" \/>\n<meta property=\"og:image\" content=\"https:\/\/cooperativetoudarte.com\/wp-content\/uploads\/2023\/11\/banner.png\" \/>\n\t<meta property=\"og:image:width\" content=\"1200\" \/>\n\t<meta property=\"og:image:height\" content=\"675\" \/>\n\t<meta property=\"og:image:type\" content=\"image\/png\" \/>\n<meta name=\"twitter:card\" content=\"summary_large_image\" \/>\n<meta name=\"twitter:site\" content=\"@cooprativetouda\" \/>\n<script type=\"application\/ld+json\" class=\"yoast-schema-graph\">{\"@context\":\"https:\\\/\\\/schema.org\",\"@graph\":[{\"@type\":\"WebPage\",\"@id\":\"https:\\\/\\\/cooperativetoudarte.com\\\/my-account\\\/\",\"url\":\"https:\\\/\\\/cooperativetoudarte.com\\\/my-account\\\/\",\"name\":\"My account - Toudarte\",\"isPartOf\":{\"@id\":\"https:\\\/\\\/cooperativetoudarte.com\\\/fr\\\/#website\"},\"datePublished\":\"2023-10-24T20:20:40+00:00\",\"dateModified\":\"2023-10-30T13:32:47+00:00\",\"breadcrumb\":{\"@id\":\"https:\\\/\\\/cooperativetoudarte.com\\\/my-account\\\/#breadcrumb\"},\"inLanguage\":\"es\",\"potentialAction\":[{\"@type\":\"ReadAction\",\"target\":[\"https:\\\/\\\/cooperativetoudarte.com\\\/my-account\\\/\"]}]},{\"@type\":\"BreadcrumbList\",\"@id\":\"https:\\\/\\\/cooperativetoudarte.com\\\/my-account\\\/#breadcrumb\",\"itemListElement\":[{\"@type\":\"ListItem\",\"position\":1,\"name\":\"Home\",\"item\":\"https:\\\/\\\/cooperativetoudarte.com\\\/\"},{\"@type\":\"ListItem\",\"position\":2,\"name\":\"My account\"}]},{\"@type\":\"WebSite\",\"@id\":\"https:\\\/\\\/cooperativetoudarte.com\\\/fr\\\/#website\",\"url\":\"https:\\\/\\\/cooperativetoudarte.com\\\/fr\\\/\",\"name\":\"Toudarte Cooperative\",\"description\":\"High Quality Bio Products\",\"publisher\":{\"@id\":\"https:\\\/\\\/cooperativetoudarte.com\\\/fr\\\/#organization\"},\"alternateName\":\"Cooperative Toudarte\",\"potentialAction\":[{\"@type\":\"SearchAction\",\"target\":{\"@type\":\"EntryPoint\",\"urlTemplate\":\"https:\\\/\\\/cooperativetoudarte.com\\\/fr\\\/?s={search_term_string}\"},\"query-input\":{\"@type\":\"PropertyValueSpecification\",\"valueRequired\":true,\"valueName\":\"search_term_string\"}}],\"inLanguage\":\"es\"},{\"@type\":[\"Organization\",\"Place\"],\"@id\":\"https:\\\/\\\/cooperativetoudarte.com\\\/fr\\\/#organization\",\"name\":\"Toudarte Cooperative\",\"alternateName\":\"Cooperative Toudarte\",\"url\":\"https:\\\/\\\/cooperativetoudarte.com\\\/fr\\\/\",\"logo\":{\"@id\":\"https:\\\/\\\/cooperativetoudarte.com\\\/my-account\\\/#local-main-organization-logo\"},\"image\":{\"@id\":\"https:\\\/\\\/cooperativetoudarte.com\\\/my-account\\\/#local-main-organization-logo\"},\"sameAs\":[\"https:\\\/\\\/www.facebook.com\\\/cooperative.toudarte\\\/\",\"https:\\\/\\\/x.com\\\/cooprativetouda\",\"https:\\\/\\\/www.instagram.com\\\/cooperativetoudarte\",\"https:\\\/\\\/www.youtube.com\\\/c\\\/COOPERATIVETOUDARTE\"],\"openingHoursSpecification\":[{\"@type\":\"OpeningHoursSpecification\",\"dayOfWeek\":[\"Monday\",\"Tuesday\",\"Wednesday\",\"Thursday\",\"Friday\",\"Saturday\",\"Sunday\"],\"opens\":\"09:00\",\"closes\":\"17:00\"}]},{\"@type\":\"ImageObject\",\"inLanguage\":\"es\",\"@id\":\"https:\\\/\\\/cooperativetoudarte.com\\\/my-account\\\/#local-main-organization-logo\",\"url\":\"https:\\\/\\\/cooperativetoudarte.com\\\/wp-content\\\/uploads\\\/2023\\\/11\\\/PngLogo-1.png\",\"contentUrl\":\"https:\\\/\\\/cooperativetoudarte.com\\\/wp-content\\\/uploads\\\/2023\\\/11\\\/PngLogo-1.png\",\"width\":512,\"height\":512,\"caption\":\"Toudarte Cooperative\"}]}<\/script>\n<!-- \/ Yoast SEO Premium plugin. -->","yoast_head_json":{"title":"My account - Toudarte","robots":{"index":"index","follow":"follow","max-snippet":"max-snippet:-1","max-image-preview":"max-image-preview:large","max-video-preview":"max-video-preview:-1"},"canonical":"https:\/\/cooperativetoudarte.com\/es\/my-account\/","og_locale":"es_ES","og_type":"article","og_title":"My account","og_url":"https:\/\/cooperativetoudarte.com\/es\/my-account\/","og_site_name":"Toudarte","article_publisher":"https:\/\/www.facebook.com\/cooperative.toudarte\/","article_modified_time":"2023-10-30T13:32:47+00:00","og_image":[{"width":1200,"height":675,"url":"https:\/\/cooperativetoudarte.com\/wp-content\/uploads\/2023\/11\/banner.png","type":"image\/png"}],"twitter_card":"summary_large_image","twitter_site":"@cooprativetouda","schema":{"@context":"https:\/\/schema.org","@graph":[{"@type":"WebPage","@id":"https:\/\/cooperativetoudarte.com\/my-account\/","url":"https:\/\/cooperativetoudarte.com\/my-account\/","name":"My account - Toudarte","isPartOf":{"@id":"https:\/\/cooperativetoudarte.com\/fr\/#website"},"datePublished":"2023-10-24T20:20:40+00:00","dateModified":"2023-10-30T13:32:47+00:00","breadcrumb":{"@id":"https:\/\/cooperativetoudarte.com\/my-account\/#breadcrumb"},"inLanguage":"es","potentialAction":[{"@type":"ReadAction","target":["https:\/\/cooperativetoudarte.com\/my-account\/"]}]},{"@type":"BreadcrumbList","@id":"https:\/\/cooperativetoudarte.com\/my-account\/#breadcrumb","itemListElement":[{"@type":"ListItem","position":1,"name":"Home","item":"https:\/\/cooperativetoudarte.com\/"},{"@type":"ListItem","position":2,"name":"My account"}]},{"@type":"WebSite","@id":"https:\/\/cooperativetoudarte.com\/fr\/#website","url":"https:\/\/cooperativetoudarte.com\/fr\/","name":"Cooperativa Toudarte","description":"High Quality Bio Products","publisher":{"@id":"https:\/\/cooperativetoudarte.com\/fr\/#organization"},"alternateName":"Cooperative Toudarte","potentialAction":[{"@type":"SearchAction","target":{"@type":"EntryPoint","urlTemplate":"https:\/\/cooperativetoudarte.com\/fr\/?s={search_term_string}"},"query-input":{"@type":"PropertyValueSpecification","valueRequired":true,"valueName":"search_term_string"}}],"inLanguage":"es"},{"@type":["Organization","Place"],"@id":"https:\/\/cooperativetoudarte.com\/fr\/#organization","name":"Cooperativa Toudarte","alternateName":"Cooperative Toudarte","url":"https:\/\/cooperativetoudarte.com\/fr\/","logo":{"@id":"https:\/\/cooperativetoudarte.com\/my-account\/#local-main-organization-logo"},"image":{"@id":"https:\/\/cooperativetoudarte.com\/my-account\/#local-main-organization-logo"},"sameAs":["https:\/\/www.facebook.com\/cooperative.toudarte\/","https:\/\/x.com\/cooprativetouda","https:\/\/www.instagram.com\/cooperativetoudarte","https:\/\/www.youtube.com\/c\/COOPERATIVETOUDARTE"],"openingHoursSpecification":[{"@type":"OpeningHoursSpecification","dayOfWeek":["Monday","Tuesday","Wednesday","Thursday","Friday","Saturday","Sunday"],"opens":"09:00","closes":"17:00"}]},{"@type":"ImageObject","inLanguage":"es","@id":"https:\/\/cooperativetoudarte.com\/my-account\/#local-main-organization-logo","url":"https:\/\/cooperativetoudarte.com\/wp-content\/uploads\/2023\/11\/PngLogo-1.png","contentUrl":"https:\/\/cooperativetoudarte.com\/wp-content\/uploads\/2023\/11\/PngLogo-1.png","width":512,"height":512,"caption":"Toudarte Cooperative"}]}},"jetpack_sharing_enabled":true,"_links":{"self":[{"href":"https:\/\/cooperativetoudarte.com\/es\/wp-json\/wp\/v2\/pages\/22","targetHints":{"allow":["GET"]}}],"collection":[{"href":"https:\/\/cooperativetoudarte.com\/es\/wp-json\/wp\/v2\/pages"}],"about":[{"href":"https:\/\/cooperativetoudarte.com\/es\/wp-json\/wp\/v2\/types\/page"}],"author":[{"embeddable":true,"href":"https:\/\/cooperativetoudarte.com\/es\/wp-json\/wp\/v2\/users\/1"}],"replies":[{"embeddable":true,"href":"https:\/\/cooperativetoudarte.com\/es\/wp-json\/wp\/v2\/comments?post=22"}],"version-history":[{"count":0,"href":"https:\/\/cooperativetoudarte.com\/es\/wp-json\/wp\/v2\/pages\/22\/revisions"}],"wp:attachment":[{"href":"https:\/\/cooperativetoudarte.com\/es\/wp-json\/wp\/v2\/media?parent=22"}],"curies":[{"name":"wp","href":"https:\/\/api.w.org\/{rel}","templated":true}]}}